{"id":8003,"date":"2026-04-14T11:58:06","date_gmt":"2026-04-14T14:58:06","guid":{"rendered":"https:\/\/summit-agro.com\/py\/es\/?post_type=product&#038;p=8003"},"modified":"2026-04-21T11:44:08","modified_gmt":"2026-04-21T14:44:08","slug":"yoroi","status":"publish","type":"product","link":"https:\/\/summit-agro.com\/py\/es\/producto\/yoroi\/","title":{"rendered":"Yoroi"},"content":{"rendered":"<p>Es un herbicida no selectivo. Control post-emergente de malezas anuales y perennes. De contacto y con cierta acci\u00f3n sist\u00e9mica.<\/p>\n","protected":false},"excerpt":{"rendered":"<p><span style=\"font-weight: 400;\"><strong>Cultivos:<\/strong> Soja, Ma\u00edz, Trigo<\/span><br \/>\n<span style=\"font-weight: 400;\"><strong>Ingredientes activos:<\/strong> L-Glufosinato de amonio (20%)<\/span><br \/>\n<span style=\"font-weight: 400;\"><strong>Formulaci\u00f3n:<\/strong> Concentrado Soluble (SL)<\/span><br \/>\n<span style=\"font-weight: 400;\"><strong>Presentaci\u00f3n:<\/strong> 20 litros<\/span><br \/>\n<span style=\"font-weight: 400;\"><strong>Clasificaci\u00f3n toxicol\u00f3gica:<\/strong> Clase II<\/span><\/p>\n","protected":false},"featured_media":8001,"template":"","meta":{"site-sidebar-layout":"default","site-content-layout":"","ast-site-content-layout":"default","site-content-style":"default","site-sidebar-style":"default","ast-global-header-display":"","ast-banner-title-visibility":"","ast-main-header-display":"","ast-hfb-above-header-display":"","ast-hfb-below-header-display":"","ast-hfb-mobile-header-display":"","site-post-title":"","ast-breadcrumbs-content":"","ast-featured-img":"","footer-sml-layout":"","ast-disable-related-posts":"","theme-transparent-header-meta":"default","adv-header-id-meta":"","stick-header-meta":"","header-above-stick-meta":"","header-main-stick-meta":"","header-below-stick-meta":"","astra-migrate-meta-layouts":"set","ast-page-background-enabled":"default","ast-page-background-meta":{"desktop":{"background-color":"var(--ast-global-color-4)","background-image":"","background-repeat":"repeat","background-position":"center center","background-size":"auto","background-attachment":"scroll","background-type":"","background-media":"","overlay-type":"","overlay-color":"","overlay-opacity":"","overlay-gradient":""},"tablet":{"background-color":"","background-image":"","background-repeat":"repeat","background-position":"center center","background-size":"auto","background-attachment":"scroll","background-type":"","background-media":"","overlay-type":"","overlay-color":"","overlay-opacity":"","overlay-gradient":""},"mobile":{"background-color":"","background-image":"","background-repeat":"repeat","background-position":"center center","background-size":"auto","background-attachment":"scroll","background-type":"","background-media":"","overlay-type":"","overlay-color":"","overlay-opacity":"","overlay-gradient":""}},"ast-content-background-meta":{"desktop":{"background-color":"var(--ast-global-color-5)","background-image":"","background-repeat":"repeat","background-position":"center center","background-size":"auto","background-attachment":"scroll","background-type":"","background-media":"","overlay-type":"","overlay-color":"","overlay-opacity":"","overlay-gradient":""},"tablet":{"background-color":"var(--ast-global-color-5)","background-image":"","background-repeat":"repeat","background-position":"center center","background-size":"auto","background-attachment":"scroll","background-type":"","background-media":"","overlay-type":"","overlay-color":"","overlay-opacity":"","overlay-gradient":""},"mobile":{"background-color":"var(--ast-global-color-5)","background-image":"","background-repeat":"repeat","background-position":"center center","background-size":"auto","background-attachment":"scroll","background-type":"","background-media":"","overlay-type":"","overlay-color":"","overlay-opacity":"","overlay-gradient":""}}},"product_brand":[],"product_cat":[20],"product_tag":[],"ingrediente_activo":[453],"class_list":{"0":"post-8003","1":"product","2":"type-product","3":"status-publish","4":"has-post-thumbnail","6":"product_cat-herbicidas","7":"ingrediente_activo-l-glufosinato-de-amonio","8":"cultivo-maiz","9":"cultivo-soja","10":"cultivo-trigo","11":"desktop-align-left","12":"tablet-align-left","13":"mobile-align-left","15":"first","16":"instock","17":"shipping-taxable","18":"product-type-simple"},"yoast_head":"<!-- This site is optimized with the Yoast SEO plugin v27.5 - https:\/\/yoast.com\/product\/yoast-seo-wordpress\/ -->\n<title>Yoroi - Summit Agro Paraguay<\/title>\n<meta name=\"robots\" content=\"index, follow, max-snippet:-1, max-image-preview:large, max-video-preview:-1\" \/>\n<link rel=\"canonical\" href=\"https:\/\/summit-agro.com\/py\/es\/producto\/yoroi\/\" \/>\n<meta property=\"og:locale\" content=\"es_ES\" \/>\n<meta property=\"og:type\" content=\"article\" \/>\n<meta property=\"og:title\" content=\"Yoroi - Summit Agro Paraguay\" \/>\n<meta property=\"og:description\" content=\"Cultivos: Soja, Ma\u00edz, Trigo Ingredientes activos: L-Glufosinato de amonio (20%) Formulaci\u00f3n: Concentrado Soluble (SL) Presentaci\u00f3n: 20 litros Clasificaci\u00f3n toxicol\u00f3gica: Clase II\" \/>\n<meta property=\"og:url\" content=\"https:\/\/summit-agro.com\/py\/es\/producto\/yoroi\/\" \/>\n<meta property=\"og:site_name\" content=\"Summit Agro Paraguay\" \/>\n<meta property=\"article:modified_time\" content=\"2026-04-21T14:44:08+00:00\" \/>\n<meta property=\"og:image\" content=\"https:\/\/summit-agro.com\/py\/es\/wp-content\/uploads\/2026\/04\/Yoroi.png\" \/>\n\t<meta property=\"og:image:width\" content=\"500\" \/>\n\t<meta property=\"og:image:height\" content=\"500\" \/>\n\t<meta property=\"og:image:type\" content=\"image\/png\" \/>\n<meta name=\"twitter:card\" content=\"summary_large_image\" \/>\n<meta name=\"twitter:label1\" content=\"Tiempo de lectura\" \/>\n\t<meta name=\"twitter:data1\" content=\"1 minuto\" \/>\n<script type=\"application\/ld+json\" class=\"yoast-schema-graph\">{\"@context\":\"https:\\\/\\\/schema.org\",\"@graph\":[{\"@type\":\"WebPage\",\"@id\":\"https:\\\/\\\/summit-agro.com\\\/py\\\/es\\\/producto\\\/yoroi\\\/\",\"url\":\"https:\\\/\\\/summit-agro.com\\\/py\\\/es\\\/producto\\\/yoroi\\\/\",\"name\":\"Yoroi - Summit Agro Paraguay\",\"isPartOf\":{\"@id\":\"https:\\\/\\\/summit-agro.com\\\/py\\\/es\\\/#website\"},\"primaryImageOfPage\":{\"@id\":\"https:\\\/\\\/summit-agro.com\\\/py\\\/es\\\/producto\\\/yoroi\\\/#primaryimage\"},\"image\":{\"@id\":\"https:\\\/\\\/summit-agro.com\\\/py\\\/es\\\/producto\\\/yoroi\\\/#primaryimage\"},\"thumbnailUrl\":\"https:\\\/\\\/summit-agro.com\\\/py\\\/es\\\/wp-content\\\/uploads\\\/2026\\\/04\\\/Yoroi.png\",\"datePublished\":\"2026-04-14T14:58:06+00:00\",\"dateModified\":\"2026-04-21T14:44:08+00:00\",\"breadcrumb\":{\"@id\":\"https:\\\/\\\/summit-agro.com\\\/py\\\/es\\\/producto\\\/yoroi\\\/#breadcrumb\"},\"inLanguage\":\"es-AR\",\"potentialAction\":[{\"@type\":\"ReadAction\",\"target\":[\"https:\\\/\\\/summit-agro.com\\\/py\\\/es\\\/producto\\\/yoroi\\\/\"]}]},{\"@type\":\"ImageObject\",\"inLanguage\":\"es-AR\",\"@id\":\"https:\\\/\\\/summit-agro.com\\\/py\\\/es\\\/producto\\\/yoroi\\\/#primaryimage\",\"url\":\"https:\\\/\\\/summit-agro.com\\\/py\\\/es\\\/wp-content\\\/uploads\\\/2026\\\/04\\\/Yoroi.png\",\"contentUrl\":\"https:\\\/\\\/summit-agro.com\\\/py\\\/es\\\/wp-content\\\/uploads\\\/2026\\\/04\\\/Yoroi.png\",\"width\":500,\"height\":500},{\"@type\":\"BreadcrumbList\",\"@id\":\"https:\\\/\\\/summit-agro.com\\\/py\\\/es\\\/producto\\\/yoroi\\\/#breadcrumb\",\"itemListElement\":[{\"@type\":\"ListItem\",\"position\":1,\"name\":\"Portada\",\"item\":\"https:\\\/\\\/summit-agro.com\\\/py\\\/es\\\/\"},{\"@type\":\"ListItem\",\"position\":2,\"name\":\"Soluciones\",\"item\":\"https:\\\/\\\/summit-agro.com\\\/py\\\/es\\\/?page_id=344\"},{\"@type\":\"ListItem\",\"position\":3,\"name\":\"Yoroi\"}]},{\"@type\":\"WebSite\",\"@id\":\"https:\\\/\\\/summit-agro.com\\\/py\\\/es\\\/#website\",\"url\":\"https:\\\/\\\/summit-agro.com\\\/py\\\/es\\\/\",\"name\":\"Summit Agro - Argentina\",\"description\":\"\",\"publisher\":{\"@id\":\"https:\\\/\\\/summit-agro.com\\\/py\\\/es\\\/#organization\"},\"potentialAction\":[{\"@type\":\"SearchAction\",\"target\":{\"@type\":\"EntryPoint\",\"urlTemplate\":\"https:\\\/\\\/summit-agro.com\\\/py\\\/es\\\/?s={search_term_string}\"},\"query-input\":{\"@type\":\"PropertyValueSpecification\",\"valueRequired\":true,\"valueName\":\"search_term_string\"}}],\"inLanguage\":\"es-AR\"},{\"@type\":\"Organization\",\"@id\":\"https:\\\/\\\/summit-agro.com\\\/py\\\/es\\\/#organization\",\"name\":\"Summit Agro - Argentina\",\"url\":\"https:\\\/\\\/summit-agro.com\\\/py\\\/es\\\/\",\"logo\":{\"@type\":\"ImageObject\",\"inLanguage\":\"es-AR\",\"@id\":\"https:\\\/\\\/summit-agro.com\\\/py\\\/es\\\/#\\\/schema\\\/logo\\\/image\\\/\",\"url\":\"https:\\\/\\\/summit-agro.com\\\/py\\\/es\\\/wp-content\\\/uploads\\\/2021\\\/12\\\/summitlogo.png\",\"contentUrl\":\"https:\\\/\\\/summit-agro.com\\\/py\\\/es\\\/wp-content\\\/uploads\\\/2021\\\/12\\\/summitlogo.png\",\"width\":192,\"height\":76,\"caption\":\"Summit Agro - Argentina\"},\"image\":{\"@id\":\"https:\\\/\\\/summit-agro.com\\\/py\\\/es\\\/#\\\/schema\\\/logo\\\/image\\\/\"}}]}<\/script>\n<!-- \/ Yoast SEO plugin. -->","yoast_head_json":{"title":"Yoroi - Summit Agro Paraguay","robots":{"index":"index","follow":"follow","max-snippet":"max-snippet:-1","max-image-preview":"max-image-preview:large","max-video-preview":"max-video-preview:-1"},"canonical":"https:\/\/summit-agro.com\/py\/es\/producto\/yoroi\/","og_locale":"es_ES","og_type":"article","og_title":"Yoroi - Summit Agro Paraguay","og_description":"Cultivos: Soja, Ma\u00edz, Trigo Ingredientes activos: L-Glufosinato de amonio (20%) Formulaci\u00f3n: Concentrado Soluble (SL) Presentaci\u00f3n: 20 litros Clasificaci\u00f3n toxicol\u00f3gica: Clase II","og_url":"https:\/\/summit-agro.com\/py\/es\/producto\/yoroi\/","og_site_name":"Summit Agro Paraguay","article_modified_time":"2026-04-21T14:44:08+00:00","og_image":[{"width":500,"height":500,"url":"https:\/\/summit-agro.com\/py\/es\/wp-content\/uploads\/2026\/04\/Yoroi.png","type":"image\/png"}],"twitter_card":"summary_large_image","twitter_misc":{"Tiempo de lectura":"1 minuto"},"schema":{"@context":"https:\/\/schema.org","@graph":[{"@type":"WebPage","@id":"https:\/\/summit-agro.com\/py\/es\/producto\/yoroi\/","url":"https:\/\/summit-agro.com\/py\/es\/producto\/yoroi\/","name":"Yoroi - Summit Agro Paraguay","isPartOf":{"@id":"https:\/\/summit-agro.com\/py\/es\/#website"},"primaryImageOfPage":{"@id":"https:\/\/summit-agro.com\/py\/es\/producto\/yoroi\/#primaryimage"},"image":{"@id":"https:\/\/summit-agro.com\/py\/es\/producto\/yoroi\/#primaryimage"},"thumbnailUrl":"https:\/\/summit-agro.com\/py\/es\/wp-content\/uploads\/2026\/04\/Yoroi.png","datePublished":"2026-04-14T14:58:06+00:00","dateModified":"2026-04-21T14:44:08+00:00","breadcrumb":{"@id":"https:\/\/summit-agro.com\/py\/es\/producto\/yoroi\/#breadcrumb"},"inLanguage":"es-AR","potentialAction":[{"@type":"ReadAction","target":["https:\/\/summit-agro.com\/py\/es\/producto\/yoroi\/"]}]},{"@type":"ImageObject","inLanguage":"es-AR","@id":"https:\/\/summit-agro.com\/py\/es\/producto\/yoroi\/#primaryimage","url":"https:\/\/summit-agro.com\/py\/es\/wp-content\/uploads\/2026\/04\/Yoroi.png","contentUrl":"https:\/\/summit-agro.com\/py\/es\/wp-content\/uploads\/2026\/04\/Yoroi.png","width":500,"height":500},{"@type":"BreadcrumbList","@id":"https:\/\/summit-agro.com\/py\/es\/producto\/yoroi\/#breadcrumb","itemListElement":[{"@type":"ListItem","position":1,"name":"Portada","item":"https:\/\/summit-agro.com\/py\/es\/"},{"@type":"ListItem","position":2,"name":"Soluciones","item":"https:\/\/summit-agro.com\/py\/es\/?page_id=344"},{"@type":"ListItem","position":3,"name":"Yoroi"}]},{"@type":"WebSite","@id":"https:\/\/summit-agro.com\/py\/es\/#website","url":"https:\/\/summit-agro.com\/py\/es\/","name":"Summit Agro - Argentina","description":"","publisher":{"@id":"https:\/\/summit-agro.com\/py\/es\/#organization"},"potentialAction":[{"@type":"SearchAction","target":{"@type":"EntryPoint","urlTemplate":"https:\/\/summit-agro.com\/py\/es\/?s={search_term_string}"},"query-input":{"@type":"PropertyValueSpecification","valueRequired":true,"valueName":"search_term_string"}}],"inLanguage":"es-AR"},{"@type":"Organization","@id":"https:\/\/summit-agro.com\/py\/es\/#organization","name":"Summit Agro - Argentina","url":"https:\/\/summit-agro.com\/py\/es\/","logo":{"@type":"ImageObject","inLanguage":"es-AR","@id":"https:\/\/summit-agro.com\/py\/es\/#\/schema\/logo\/image\/","url":"https:\/\/summit-agro.com\/py\/es\/wp-content\/uploads\/2021\/12\/summitlogo.png","contentUrl":"https:\/\/summit-agro.com\/py\/es\/wp-content\/uploads\/2021\/12\/summitlogo.png","width":192,"height":76,"caption":"Summit Agro - Argentina"},"image":{"@id":"https:\/\/summit-agro.com\/py\/es\/#\/schema\/logo\/image\/"}}]}},"_links":{"self":[{"href":"https:\/\/summit-agro.com\/py\/es\/wp-json\/wp\/v2\/product\/8003","targetHints":{"allow":["GET"]}}],"collection":[{"href":"https:\/\/summit-agro.com\/py\/es\/wp-json\/wp\/v2\/product"}],"about":[{"href":"https:\/\/summit-agro.com\/py\/es\/wp-json\/wp\/v2\/types\/product"}],"wp:featuredmedia":[{"embeddable":true,"href":"https:\/\/summit-agro.com\/py\/es\/wp-json\/wp\/v2\/media\/8001"}],"wp:attachment":[{"href":"https:\/\/summit-agro.com\/py\/es\/wp-json\/wp\/v2\/media?parent=8003"}],"wp:term":[{"taxonomy":"product_brand","embeddable":true,"href":"https:\/\/summit-agro.com\/py\/es\/wp-json\/wp\/v2\/product_brand?post=8003"},{"taxonomy":"product_cat","embeddable":true,"href":"https:\/\/summit-agro.com\/py\/es\/wp-json\/wp\/v2\/product_cat?post=8003"},{"taxonomy":"product_tag","embeddable":true,"href":"https:\/\/summit-agro.com\/py\/es\/wp-json\/wp\/v2\/product_tag?post=8003"},{"taxonomy":"ingrediente_activo","embeddable":true,"href":"https:\/\/summit-agro.com\/py\/es\/wp-json\/wp\/v2\/ingrediente_activo?post=8003"}],"curies":[{"name":"wp","href":"https:\/\/api.w.org\/{rel}","templated":true}]}}