{"id":7725,"date":"2025-11-13T17:55:58","date_gmt":"2025-11-13T20:55:58","guid":{"rendered":"https:\/\/roigdigital.dynv6.net\/summitpy\/?post_type=product&#038;p=7725"},"modified":"2026-04-21T15:17:45","modified_gmt":"2026-04-21T18:17:45","slug":"seiv","status":"publish","type":"product","link":"https:\/\/summit-agro.com\/py\/es\/producto\/seiv\/","title":{"rendered":"SEIV"},"content":{"rendered":"<p>Gran control de enfermedades en soja, ideal para primeras aplicaciones, complejo de manchas, EFC y Roya de la soja. Fungicida con acci\u00f3n sist\u00e9mica de r\u00e1pida absorci\u00f3n.<\/p>\n","protected":false},"excerpt":{"rendered":"<h2 style=\"font-weight: 400; font-size: 20px;\"><strong>La mol\u00e9cula m\u00e1s sist\u00e9mica<\/strong><\/h2>\n<p><span style=\"font-weight: 400;\"><strong>Cultivos:<\/strong> Soja<\/span><br \/>\n<span style=\"font-weight: 400;\"><strong>Ingredientes activos:<\/strong> Metominostrobina 20% Protioconazol 30%<\/span><br \/>\n<span style=\"font-weight: 400;\"><strong>Formulaci\u00f3n:<\/strong> Suspensi\u00f3n Concentrada (SC)<\/span><br \/>\n<span style=\"font-weight: 400;\"><strong>Presentaci\u00f3n:<\/strong> 10 litros<\/span><br \/>\n<span style=\"font-weight: 400;\"><strong>Clasificaci\u00f3n toxicol\u00f3gica:<\/strong> Clase II<\/span><\/p>\n","protected":false},"featured_media":8018,"template":"","meta":{"site-sidebar-layout":"default","site-content-layout":"","ast-site-content-layout":"default","site-content-style":"default","site-sidebar-style":"default","ast-global-header-display":"","ast-banner-title-visibility":"","ast-main-header-display":"","ast-hfb-above-header-display":"","ast-hfb-below-header-display":"","ast-hfb-mobile-header-display":"","site-post-title":"","ast-breadcrumbs-content":"","ast-featured-img":"","footer-sml-layout":"","ast-disable-related-posts":"","theme-transparent-header-meta":"default","adv-header-id-meta":"","stick-header-meta":"","header-above-stick-meta":"","header-main-stick-meta":"","header-below-stick-meta":"","astra-migrate-meta-layouts":"set","ast-page-background-enabled":"default","ast-page-background-meta":{"desktop":{"background-color":"var(--ast-global-color-4)","background-image":"","background-repeat":"repeat","background-position":"center center","background-size":"auto","background-attachment":"scroll","background-type":"","background-media":"","overlay-type":"","overlay-color":"","overlay-opacity":"","overlay-gradient":""},"tablet":{"background-color":"","background-image":"","background-repeat":"repeat","background-position":"center center","background-size":"auto","background-attachment":"scroll","background-type":"","background-media":"","overlay-type":"","overlay-color":"","overlay-opacity":"","overlay-gradient":""},"mobile":{"background-color":"","background-image":"","background-repeat":"repeat","background-position":"center center","background-size":"auto","background-attachment":"scroll","background-type":"","background-media":"","overlay-type":"","overlay-color":"","overlay-opacity":"","overlay-gradient":""}},"ast-content-background-meta":{"desktop":{"background-color":"var(--ast-global-color-5)","background-image":"","background-repeat":"repeat","background-position":"center center","background-size":"auto","background-attachment":"scroll","background-type":"","background-media":"","overlay-type":"","overlay-color":"","overlay-opacity":"","overlay-gradient":""},"tablet":{"background-color":"var(--ast-global-color-5)","background-image":"","background-repeat":"repeat","background-position":"center center","background-size":"auto","background-attachment":"scroll","background-type":"","background-media":"","overlay-type":"","overlay-color":"","overlay-opacity":"","overlay-gradient":""},"mobile":{"background-color":"var(--ast-global-color-5)","background-image":"","background-repeat":"repeat","background-position":"center center","background-size":"auto","background-attachment":"scroll","background-type":"","background-media":"","overlay-type":"","overlay-color":"","overlay-opacity":"","overlay-gradient":""}}},"product_brand":[],"product_cat":[19],"product_tag":[],"ingrediente_activo":[449,456],"class_list":{"0":"post-7725","1":"product","2":"type-product","3":"status-publish","4":"has-post-thumbnail","6":"product_cat-fungicidas","7":"ingrediente_activo-metominostrobina","8":"ingrediente_activo-protioconazol","9":"cultivo-soja","10":"desktop-align-left","11":"tablet-align-left","12":"mobile-align-left","14":"first","15":"instock","16":"shipping-taxable","17":"product-type-simple"},"yoast_head":"<!-- This site is optimized with the Yoast SEO plugin v27.5 - https:\/\/yoast.com\/product\/yoast-seo-wordpress\/ -->\n<title>SEIV - Summit Agro Paraguay<\/title>\n<meta name=\"robots\" content=\"index, follow, max-snippet:-1, max-image-preview:large, max-video-preview:-1\" \/>\n<link rel=\"canonical\" href=\"https:\/\/summit-agro.com\/py\/es\/producto\/seiv\/\" \/>\n<meta property=\"og:locale\" content=\"es_ES\" \/>\n<meta property=\"og:type\" content=\"article\" \/>\n<meta property=\"og:title\" content=\"SEIV - Summit Agro Paraguay\" \/>\n<meta property=\"og:description\" content=\"La mol\u00e9cula m\u00e1s sist\u00e9mica  Cultivos: Soja Ingredientes activos: Metominostrobina 20% Protioconazol 30% Formulaci\u00f3n: Suspensi\u00f3n Concentrada (SC) Presentaci\u00f3n: 10 litros Clasificaci\u00f3n toxicol\u00f3gica: Clase II\" \/>\n<meta property=\"og:url\" content=\"https:\/\/summit-agro.com\/py\/es\/producto\/seiv\/\" \/>\n<meta property=\"og:site_name\" content=\"Summit Agro Paraguay\" \/>\n<meta property=\"article:modified_time\" content=\"2026-04-21T18:17:45+00:00\" \/>\n<meta property=\"og:image\" content=\"https:\/\/summit-agro.com\/py\/es\/wp-content\/uploads\/2025\/11\/seiv2.jpg\" \/>\n\t<meta property=\"og:image:width\" content=\"500\" \/>\n\t<meta property=\"og:image:height\" content=\"500\" \/>\n\t<meta property=\"og:image:type\" content=\"image\/jpeg\" \/>\n<meta name=\"twitter:card\" content=\"summary_large_image\" \/>\n<meta name=\"twitter:label1\" content=\"Tiempo de lectura\" \/>\n\t<meta name=\"twitter:data1\" content=\"1 minuto\" \/>\n<script type=\"application\/ld+json\" class=\"yoast-schema-graph\">{\"@context\":\"https:\\\/\\\/schema.org\",\"@graph\":[{\"@type\":\"WebPage\",\"@id\":\"https:\\\/\\\/summit-agro.com\\\/py\\\/es\\\/producto\\\/seiv\\\/\",\"url\":\"https:\\\/\\\/summit-agro.com\\\/py\\\/es\\\/producto\\\/seiv\\\/\",\"name\":\"SEIV - Summit Agro Paraguay\",\"isPartOf\":{\"@id\":\"https:\\\/\\\/summit-agro.com\\\/py\\\/es\\\/#website\"},\"primaryImageOfPage\":{\"@id\":\"https:\\\/\\\/summit-agro.com\\\/py\\\/es\\\/producto\\\/seiv\\\/#primaryimage\"},\"image\":{\"@id\":\"https:\\\/\\\/summit-agro.com\\\/py\\\/es\\\/producto\\\/seiv\\\/#primaryimage\"},\"thumbnailUrl\":\"https:\\\/\\\/summit-agro.com\\\/py\\\/es\\\/wp-content\\\/uploads\\\/2025\\\/11\\\/seiv2.jpg\",\"datePublished\":\"2025-11-13T20:55:58+00:00\",\"dateModified\":\"2026-04-21T18:17:45+00:00\",\"breadcrumb\":{\"@id\":\"https:\\\/\\\/summit-agro.com\\\/py\\\/es\\\/producto\\\/seiv\\\/#breadcrumb\"},\"inLanguage\":\"es-AR\",\"potentialAction\":[{\"@type\":\"ReadAction\",\"target\":[\"https:\\\/\\\/summit-agro.com\\\/py\\\/es\\\/producto\\\/seiv\\\/\"]}]},{\"@type\":\"ImageObject\",\"inLanguage\":\"es-AR\",\"@id\":\"https:\\\/\\\/summit-agro.com\\\/py\\\/es\\\/producto\\\/seiv\\\/#primaryimage\",\"url\":\"https:\\\/\\\/summit-agro.com\\\/py\\\/es\\\/wp-content\\\/uploads\\\/2025\\\/11\\\/seiv2.jpg\",\"contentUrl\":\"https:\\\/\\\/summit-agro.com\\\/py\\\/es\\\/wp-content\\\/uploads\\\/2025\\\/11\\\/seiv2.jpg\",\"width\":500,\"height\":500},{\"@type\":\"BreadcrumbList\",\"@id\":\"https:\\\/\\\/summit-agro.com\\\/py\\\/es\\\/producto\\\/seiv\\\/#breadcrumb\",\"itemListElement\":[{\"@type\":\"ListItem\",\"position\":1,\"name\":\"Portada\",\"item\":\"https:\\\/\\\/summit-agro.com\\\/py\\\/es\\\/\"},{\"@type\":\"ListItem\",\"position\":2,\"name\":\"Soluciones\",\"item\":\"https:\\\/\\\/summit-agro.com\\\/py\\\/es\\\/?page_id=344\"},{\"@type\":\"ListItem\",\"position\":3,\"name\":\"SEIV\"}]},{\"@type\":\"WebSite\",\"@id\":\"https:\\\/\\\/summit-agro.com\\\/py\\\/es\\\/#website\",\"url\":\"https:\\\/\\\/summit-agro.com\\\/py\\\/es\\\/\",\"name\":\"Summit Agro - Argentina\",\"description\":\"\",\"publisher\":{\"@id\":\"https:\\\/\\\/summit-agro.com\\\/py\\\/es\\\/#organization\"},\"potentialAction\":[{\"@type\":\"SearchAction\",\"target\":{\"@type\":\"EntryPoint\",\"urlTemplate\":\"https:\\\/\\\/summit-agro.com\\\/py\\\/es\\\/?s={search_term_string}\"},\"query-input\":{\"@type\":\"PropertyValueSpecification\",\"valueRequired\":true,\"valueName\":\"search_term_string\"}}],\"inLanguage\":\"es-AR\"},{\"@type\":\"Organization\",\"@id\":\"https:\\\/\\\/summit-agro.com\\\/py\\\/es\\\/#organization\",\"name\":\"Summit Agro - Argentina\",\"url\":\"https:\\\/\\\/summit-agro.com\\\/py\\\/es\\\/\",\"logo\":{\"@type\":\"ImageObject\",\"inLanguage\":\"es-AR\",\"@id\":\"https:\\\/\\\/summit-agro.com\\\/py\\\/es\\\/#\\\/schema\\\/logo\\\/image\\\/\",\"url\":\"https:\\\/\\\/summit-agro.com\\\/py\\\/es\\\/wp-content\\\/uploads\\\/2021\\\/12\\\/summitlogo.png\",\"contentUrl\":\"https:\\\/\\\/summit-agro.com\\\/py\\\/es\\\/wp-content\\\/uploads\\\/2021\\\/12\\\/summitlogo.png\",\"width\":192,\"height\":76,\"caption\":\"Summit Agro - Argentina\"},\"image\":{\"@id\":\"https:\\\/\\\/summit-agro.com\\\/py\\\/es\\\/#\\\/schema\\\/logo\\\/image\\\/\"}}]}<\/script>\n<!-- \/ Yoast SEO plugin. -->","yoast_head_json":{"title":"SEIV - Summit Agro Paraguay","robots":{"index":"index","follow":"follow","max-snippet":"max-snippet:-1","max-image-preview":"max-image-preview:large","max-video-preview":"max-video-preview:-1"},"canonical":"https:\/\/summit-agro.com\/py\/es\/producto\/seiv\/","og_locale":"es_ES","og_type":"article","og_title":"SEIV - Summit Agro Paraguay","og_description":"La mol\u00e9cula m\u00e1s sist\u00e9mica  Cultivos: Soja Ingredientes activos: Metominostrobina 20% Protioconazol 30% Formulaci\u00f3n: Suspensi\u00f3n Concentrada (SC) Presentaci\u00f3n: 10 litros Clasificaci\u00f3n toxicol\u00f3gica: Clase II","og_url":"https:\/\/summit-agro.com\/py\/es\/producto\/seiv\/","og_site_name":"Summit Agro Paraguay","article_modified_time":"2026-04-21T18:17:45+00:00","og_image":[{"width":500,"height":500,"url":"https:\/\/summit-agro.com\/py\/es\/wp-content\/uploads\/2025\/11\/seiv2.jpg","type":"image\/jpeg"}],"twitter_card":"summary_large_image","twitter_misc":{"Tiempo de lectura":"1 minuto"},"schema":{"@context":"https:\/\/schema.org","@graph":[{"@type":"WebPage","@id":"https:\/\/summit-agro.com\/py\/es\/producto\/seiv\/","url":"https:\/\/summit-agro.com\/py\/es\/producto\/seiv\/","name":"SEIV - Summit Agro Paraguay","isPartOf":{"@id":"https:\/\/summit-agro.com\/py\/es\/#website"},"primaryImageOfPage":{"@id":"https:\/\/summit-agro.com\/py\/es\/producto\/seiv\/#primaryimage"},"image":{"@id":"https:\/\/summit-agro.com\/py\/es\/producto\/seiv\/#primaryimage"},"thumbnailUrl":"https:\/\/summit-agro.com\/py\/es\/wp-content\/uploads\/2025\/11\/seiv2.jpg","datePublished":"2025-11-13T20:55:58+00:00","dateModified":"2026-04-21T18:17:45+00:00","breadcrumb":{"@id":"https:\/\/summit-agro.com\/py\/es\/producto\/seiv\/#breadcrumb"},"inLanguage":"es-AR","potentialAction":[{"@type":"ReadAction","target":["https:\/\/summit-agro.com\/py\/es\/producto\/seiv\/"]}]},{"@type":"ImageObject","inLanguage":"es-AR","@id":"https:\/\/summit-agro.com\/py\/es\/producto\/seiv\/#primaryimage","url":"https:\/\/summit-agro.com\/py\/es\/wp-content\/uploads\/2025\/11\/seiv2.jpg","contentUrl":"https:\/\/summit-agro.com\/py\/es\/wp-content\/uploads\/2025\/11\/seiv2.jpg","width":500,"height":500},{"@type":"BreadcrumbList","@id":"https:\/\/summit-agro.com\/py\/es\/producto\/seiv\/#breadcrumb","itemListElement":[{"@type":"ListItem","position":1,"name":"Portada","item":"https:\/\/summit-agro.com\/py\/es\/"},{"@type":"ListItem","position":2,"name":"Soluciones","item":"https:\/\/summit-agro.com\/py\/es\/?page_id=344"},{"@type":"ListItem","position":3,"name":"SEIV"}]},{"@type":"WebSite","@id":"https:\/\/summit-agro.com\/py\/es\/#website","url":"https:\/\/summit-agro.com\/py\/es\/","name":"Summit Agro - Argentina","description":"","publisher":{"@id":"https:\/\/summit-agro.com\/py\/es\/#organization"},"potentialAction":[{"@type":"SearchAction","target":{"@type":"EntryPoint","urlTemplate":"https:\/\/summit-agro.com\/py\/es\/?s={search_term_string}"},"query-input":{"@type":"PropertyValueSpecification","valueRequired":true,"valueName":"search_term_string"}}],"inLanguage":"es-AR"},{"@type":"Organization","@id":"https:\/\/summit-agro.com\/py\/es\/#organization","name":"Summit Agro - Argentina","url":"https:\/\/summit-agro.com\/py\/es\/","logo":{"@type":"ImageObject","inLanguage":"es-AR","@id":"https:\/\/summit-agro.com\/py\/es\/#\/schema\/logo\/image\/","url":"https:\/\/summit-agro.com\/py\/es\/wp-content\/uploads\/2021\/12\/summitlogo.png","contentUrl":"https:\/\/summit-agro.com\/py\/es\/wp-content\/uploads\/2021\/12\/summitlogo.png","width":192,"height":76,"caption":"Summit Agro - Argentina"},"image":{"@id":"https:\/\/summit-agro.com\/py\/es\/#\/schema\/logo\/image\/"}}]}},"_links":{"self":[{"href":"https:\/\/summit-agro.com\/py\/es\/wp-json\/wp\/v2\/product\/7725","targetHints":{"allow":["GET"]}}],"collection":[{"href":"https:\/\/summit-agro.com\/py\/es\/wp-json\/wp\/v2\/product"}],"about":[{"href":"https:\/\/summit-agro.com\/py\/es\/wp-json\/wp\/v2\/types\/product"}],"wp:featuredmedia":[{"embeddable":true,"href":"https:\/\/summit-agro.com\/py\/es\/wp-json\/wp\/v2\/media\/8018"}],"wp:attachment":[{"href":"https:\/\/summit-agro.com\/py\/es\/wp-json\/wp\/v2\/media?parent=7725"}],"wp:term":[{"taxonomy":"product_brand","embeddable":true,"href":"https:\/\/summit-agro.com\/py\/es\/wp-json\/wp\/v2\/product_brand?post=7725"},{"taxonomy":"product_cat","embeddable":true,"href":"https:\/\/summit-agro.com\/py\/es\/wp-json\/wp\/v2\/product_cat?post=7725"},{"taxonomy":"product_tag","embeddable":true,"href":"https:\/\/summit-agro.com\/py\/es\/wp-json\/wp\/v2\/product_tag?post=7725"},{"taxonomy":"ingrediente_activo","embeddable":true,"href":"https:\/\/summit-agro.com\/py\/es\/wp-json\/wp\/v2\/ingrediente_activo?post=7725"}],"curies":[{"name":"wp","href":"https:\/\/api.w.org\/{rel}","templated":true}]}}