{"id":4340,"date":"2022-06-26T20:55:30","date_gmt":"2022-06-26T23:55:30","guid":{"rendered":"https:\/\/summit-agro.com\/pe\/es\/producto\/tachigaren\/"},"modified":"2025-09-15T15:01:39","modified_gmt":"2025-09-15T20:01:39","slug":"tachigaren","status":"publish","type":"product","link":"https:\/\/summit-agro.com\/pe\/es\/producto\/tachigaren\/","title":{"rendered":"Tachigaren"},"content":{"rendered":"<p>Fungicida sist\u00e9mico para el control de enfermedades de suelo, es tomado por las ra\u00edces de las<br \/>\npl\u00e1ntulas y por su acci\u00f3n sist\u00e9mica acrop\u00e9tala es distribuido en los tallos y hojas. Posee una<br \/>\nelevada actividad como promotor de crecimiento, aumenta la masa radicular de las plantas<br \/>\ntratadas, lo cual favorece el desarrollo general del cultivo, incluso en suelos con una elevada<br \/>\npoblaci\u00f3n de hongos pat\u00f3genos.<\/p>\n<p data-start=\"181\" data-end=\"395\"><strong data-start=\"181\" data-end=\"196\">Tachigaren\u00ae<\/strong> es un <strong data-start=\"203\" data-end=\"224\">fungicida japon\u00e9s<\/strong> de alta eficacia, formulado a base de <strong data-start=\"263\" data-end=\"276\">Hymexazol<\/strong>, dise\u00f1ado para el control de <strong data-start=\"306\" data-end=\"334\">hongos de madera y suelo<\/strong> que afectan la productividad y la sanidad de los cultivos.<\/p>\n<p data-start=\"397\" data-end=\"589\">Su formulaci\u00f3n como <strong data-start=\"417\" data-end=\"438\">fungicida soluble<\/strong> garantiza una r\u00e1pida asimilaci\u00f3n, logrando una acci\u00f3n directa contra los pat\u00f3genos y ofreciendo una excelente persistencia en el ambiente radicular.<\/p>\n<p data-start=\"591\" data-end=\"900\">Est\u00e1 especialmente recomendado para el manejo de <strong data-start=\"640\" data-end=\"672\">hongos de madera en frutales<\/strong>, protegiendo los \u00e1rboles de enfermedades que comprometen su longevidad y rendimiento. Adem\u00e1s, contribuye a un mejor <strong data-start=\"789\" data-end=\"813\">desarrollo radicular<\/strong>, fortaleciendo el sistema de ra\u00edces y favoreciendo cultivos m\u00e1s sanos y productivos.<\/p>\n<p data-start=\"902\" data-end=\"1103\">Gracias a su tecnolog\u00eda de origen japon\u00e9s, <strong data-start=\"945\" data-end=\"960\">Tachigaren\u00ae<\/strong> se posiciona como una herramienta innovadora y confiable para productores que buscan proteger sus cultivos de manera eficiente y sostenible.<\/p>\n","protected":false},"excerpt":{"rendered":"<p><strong>Ingrediente Activo:<\/strong> Hymexazol<br \/>\n<strong>Concentraci\u00f3n: <\/strong>Hymexazol 360g\/l o Hymexazol 36%<br \/>\n<strong>Formulaci\u00f3n:<\/strong> Concentrado Soluble (SL)<br \/>\n<strong>Tipo de Productos:<\/strong> Fungicida Agr\u00edcola &#8211; Regulador de Crecimiento de Plantas<br \/>\n<b>Clasificaci\u00f3n FRAC:<\/b> A3: S\u00edntesis ADN\/ARN &#8211; #32heteroarom\u00e1ticos<br \/>\n<strong>Categor\u00eda Toxicol\u00f3gica:\u00a0<\/strong>LIGERAMENTE PELIGROSO &#8211; CUDADO<br \/>\n<strong>No. Registro:<\/strong> PQUA N\u00ba 1507-SENASA<\/p>\n<p>[njwa_button id=\u00bb4890&#8243;]<\/p>\n","protected":false},"featured_media":4979,"template":"","meta":{"site-sidebar-layout":"default","site-content-layout":"default","ast-site-content-layout":"default","site-content-style":"default","site-sidebar-style":"default","ast-global-header-display":"","ast-banner-title-visibility":"","ast-main-header-display":"","ast-hfb-above-header-display":"","ast-hfb-below-header-display":"","ast-hfb-mobile-header-display":"","site-post-title":"","ast-breadcrumbs-content":"","ast-featured-img":"","footer-sml-layout":"","ast-disable-related-posts":"","theme-transparent-header-meta":"default","adv-header-id-meta":"","stick-header-meta":"","header-above-stick-meta":"","header-main-stick-meta":"","header-below-stick-meta":"","astra-migrate-meta-layouts":"set","ast-page-background-enabled":"default","ast-page-background-meta":{"desktop":{"background-color":"var(--ast-global-color-4)","background-image":"","background-repeat":"repeat","background-position":"center center","background-size":"auto","background-attachment":"scroll","background-type":"","background-media":"","overlay-type":"","overlay-color":"","overlay-opacity":"","overlay-gradient":""},"tablet":{"background-color":"","background-image":"","background-repeat":"repeat","background-position":"center center","background-size":"auto","background-attachment":"scroll","background-type":"","background-media":"","overlay-type":"","overlay-color":"","overlay-opacity":"","overlay-gradient":""},"mobile":{"background-color":"","background-image":"","background-repeat":"repeat","background-position":"center center","background-size":"auto","background-attachment":"scroll","background-type":"","background-media":"","overlay-type":"","overlay-color":"","overlay-opacity":"","overlay-gradient":""}},"ast-content-background-meta":{"desktop":{"background-color":"var(--ast-global-color-5)","background-image":"","background-repeat":"repeat","background-position":"center center","background-size":"auto","background-attachment":"scroll","background-type":"","background-media":"","overlay-type":"","overlay-color":"","overlay-opacity":"","overlay-gradient":""},"tablet":{"background-color":"var(--ast-global-color-5)","background-image":"","background-repeat":"repeat","background-position":"center center","background-size":"auto","background-attachment":"scroll","background-type":"","background-media":"","overlay-type":"","overlay-color":"","overlay-opacity":"","overlay-gradient":""},"mobile":{"background-color":"var(--ast-global-color-5)","background-image":"","background-repeat":"repeat","background-position":"center center","background-size":"auto","background-attachment":"scroll","background-type":"","background-media":"","overlay-type":"","overlay-color":"","overlay-opacity":"","overlay-gradient":""}}},"product_brand":[],"product_cat":[19],"product_tag":[],"class_list":{"0":"post-4340","1":"product","2":"type-product","3":"status-publish","4":"has-post-thumbnail","6":"product_cat-fungicidas","7":"desktop-align-left","8":"tablet-align-left","9":"mobile-align-left","11":"first","12":"instock","13":"shipping-taxable","14":"product-type-simple"},"yoast_head":"<!-- This site is optimized with the Yoast SEO plugin v27.4 - https:\/\/yoast.com\/product\/yoast-seo-wordpress\/ -->\n<title>Tachigaren - Summit Agro<\/title>\n<meta name=\"robots\" content=\"index, follow, max-snippet:-1, max-image-preview:large, max-video-preview:-1\" \/>\n<link rel=\"canonical\" href=\"https:\/\/summit-agro.com\/pe\/es\/producto\/tachigaren\/\" \/>\n<meta property=\"og:locale\" content=\"es_ES\" \/>\n<meta property=\"og:type\" content=\"article\" \/>\n<meta property=\"og:title\" content=\"Tachigaren - Summit Agro\" \/>\n<meta property=\"og:description\" content=\"Ingrediente Activo: Hymexazol Concentraci\u00f3n: Hymexazol 360g\/l o Hymexazol 36% Formulaci\u00f3n: Concentrado Soluble (SL) Tipo de Productos: Fungicida Agr\u00edcola - Regulador de Crecimiento de Plantas Clasificaci\u00f3n FRAC: A3: S\u00edntesis ADN\/ARN - #32heteroarom\u00e1ticos Categor\u00eda Toxicol\u00f3gica:\u00a0LIGERAMENTE PELIGROSO - CUDADO No. Registro: PQUA N\u00ba 1507-SENASA  [njwa_button id=&quot;4890&quot;]\" \/>\n<meta property=\"og:url\" content=\"https:\/\/summit-agro.com\/pe\/es\/producto\/tachigaren\/\" \/>\n<meta property=\"og:site_name\" content=\"Summit Agro\" \/>\n<meta property=\"article:publisher\" content=\"https:\/\/www.facebook.com\/SummitAgroPeru\" \/>\n<meta property=\"article:modified_time\" content=\"2025-09-15T20:01:39+00:00\" \/>\n<meta property=\"og:image\" content=\"https:\/\/summit-agro.com\/pe\/es\/wp-content\/uploads\/2022\/06\/tachigaren-fungicida.jpg\" \/>\n\t<meta property=\"og:image:width\" content=\"680\" \/>\n\t<meta property=\"og:image:height\" content=\"680\" \/>\n\t<meta property=\"og:image:type\" content=\"image\/jpeg\" \/>\n<meta name=\"twitter:card\" content=\"summary_large_image\" \/>\n<meta name=\"twitter:label1\" content=\"Tiempo de lectura\" \/>\n\t<meta name=\"twitter:data1\" content=\"2 minutos\" \/>\n<script type=\"application\/ld+json\" class=\"yoast-schema-graph\">{\"@context\":\"https:\\\/\\\/schema.org\",\"@graph\":[{\"@type\":\"WebPage\",\"@id\":\"https:\\\/\\\/summit-agro.com\\\/pe\\\/es\\\/producto\\\/tachigaren\\\/\",\"url\":\"https:\\\/\\\/summit-agro.com\\\/pe\\\/es\\\/producto\\\/tachigaren\\\/\",\"name\":\"Tachigaren - Summit Agro\",\"isPartOf\":{\"@id\":\"https:\\\/\\\/summit-agro.com\\\/pe\\\/es\\\/#website\"},\"primaryImageOfPage\":{\"@id\":\"https:\\\/\\\/summit-agro.com\\\/pe\\\/es\\\/producto\\\/tachigaren\\\/#primaryimage\"},\"image\":{\"@id\":\"https:\\\/\\\/summit-agro.com\\\/pe\\\/es\\\/producto\\\/tachigaren\\\/#primaryimage\"},\"thumbnailUrl\":\"https:\\\/\\\/summit-agro.com\\\/pe\\\/es\\\/wp-content\\\/uploads\\\/2022\\\/06\\\/tachigaren-fungicida.jpg\",\"datePublished\":\"2022-06-26T23:55:30+00:00\",\"dateModified\":\"2025-09-15T20:01:39+00:00\",\"breadcrumb\":{\"@id\":\"https:\\\/\\\/summit-agro.com\\\/pe\\\/es\\\/producto\\\/tachigaren\\\/#breadcrumb\"},\"inLanguage\":\"es\",\"potentialAction\":[{\"@type\":\"ReadAction\",\"target\":[\"https:\\\/\\\/summit-agro.com\\\/pe\\\/es\\\/producto\\\/tachigaren\\\/\"]}]},{\"@type\":\"ImageObject\",\"inLanguage\":\"es\",\"@id\":\"https:\\\/\\\/summit-agro.com\\\/pe\\\/es\\\/producto\\\/tachigaren\\\/#primaryimage\",\"url\":\"https:\\\/\\\/summit-agro.com\\\/pe\\\/es\\\/wp-content\\\/uploads\\\/2022\\\/06\\\/tachigaren-fungicida.jpg\",\"contentUrl\":\"https:\\\/\\\/summit-agro.com\\\/pe\\\/es\\\/wp-content\\\/uploads\\\/2022\\\/06\\\/tachigaren-fungicida.jpg\",\"width\":680,\"height\":680},{\"@type\":\"BreadcrumbList\",\"@id\":\"https:\\\/\\\/summit-agro.com\\\/pe\\\/es\\\/producto\\\/tachigaren\\\/#breadcrumb\",\"itemListElement\":[{\"@type\":\"ListItem\",\"position\":1,\"name\":\"Portada\",\"item\":\"https:\\\/\\\/summit-agro.com\\\/pe\\\/es\\\/\"},{\"@type\":\"ListItem\",\"position\":2,\"name\":\"Soluciones\",\"item\":\"https:\\\/\\\/summit-agro.com\\\/pe\\\/es\\\/productos\\\/\"},{\"@type\":\"ListItem\",\"position\":3,\"name\":\"Tachigaren\"}]},{\"@type\":\"WebSite\",\"@id\":\"https:\\\/\\\/summit-agro.com\\\/pe\\\/es\\\/#website\",\"url\":\"https:\\\/\\\/summit-agro.com\\\/pe\\\/es\\\/\",\"name\":\"Summit Agro Per\u00fa\",\"description\":\"\",\"publisher\":{\"@id\":\"https:\\\/\\\/summit-agro.com\\\/pe\\\/es\\\/#organization\"},\"potentialAction\":[{\"@type\":\"SearchAction\",\"target\":{\"@type\":\"EntryPoint\",\"urlTemplate\":\"https:\\\/\\\/summit-agro.com\\\/pe\\\/es\\\/?s={search_term_string}\"},\"query-input\":{\"@type\":\"PropertyValueSpecification\",\"valueRequired\":true,\"valueName\":\"search_term_string\"}}],\"inLanguage\":\"es\"},{\"@type\":\"Organization\",\"@id\":\"https:\\\/\\\/summit-agro.com\\\/pe\\\/es\\\/#organization\",\"name\":\"Summit Agro Per\u00fa\",\"url\":\"https:\\\/\\\/summit-agro.com\\\/pe\\\/es\\\/\",\"logo\":{\"@type\":\"ImageObject\",\"inLanguage\":\"es\",\"@id\":\"https:\\\/\\\/summit-agro.com\\\/pe\\\/es\\\/#\\\/schema\\\/logo\\\/image\\\/\",\"url\":\"https:\\\/\\\/summit-agro.com\\\/pe\\\/es\\\/wp-content\\\/uploads\\\/2021\\\/12\\\/summitlogo.png\",\"contentUrl\":\"https:\\\/\\\/summit-agro.com\\\/pe\\\/es\\\/wp-content\\\/uploads\\\/2021\\\/12\\\/summitlogo.png\",\"width\":192,\"height\":76,\"caption\":\"Summit Agro Per\u00fa\"},\"image\":{\"@id\":\"https:\\\/\\\/summit-agro.com\\\/pe\\\/es\\\/#\\\/schema\\\/logo\\\/image\\\/\"},\"sameAs\":[\"https:\\\/\\\/www.facebook.com\\\/SummitAgroPeru\"]}]}<\/script>\n<!-- \/ Yoast SEO plugin. -->","yoast_head_json":{"title":"Tachigaren - Summit Agro","robots":{"index":"index","follow":"follow","max-snippet":"max-snippet:-1","max-image-preview":"max-image-preview:large","max-video-preview":"max-video-preview:-1"},"canonical":"https:\/\/summit-agro.com\/pe\/es\/producto\/tachigaren\/","og_locale":"es_ES","og_type":"article","og_title":"Tachigaren - Summit Agro","og_description":"Ingrediente Activo: Hymexazol Concentraci\u00f3n: Hymexazol 360g\/l o Hymexazol 36% Formulaci\u00f3n: Concentrado Soluble (SL) Tipo de Productos: Fungicida Agr\u00edcola - Regulador de Crecimiento de Plantas Clasificaci\u00f3n FRAC: A3: S\u00edntesis ADN\/ARN - #32heteroarom\u00e1ticos Categor\u00eda Toxicol\u00f3gica:\u00a0LIGERAMENTE PELIGROSO - CUDADO No. Registro: PQUA N\u00ba 1507-SENASA  [njwa_button id=\"4890\"]","og_url":"https:\/\/summit-agro.com\/pe\/es\/producto\/tachigaren\/","og_site_name":"Summit Agro","article_publisher":"https:\/\/www.facebook.com\/SummitAgroPeru","article_modified_time":"2025-09-15T20:01:39+00:00","og_image":[{"width":680,"height":680,"url":"https:\/\/summit-agro.com\/pe\/es\/wp-content\/uploads\/2022\/06\/tachigaren-fungicida.jpg","type":"image\/jpeg"}],"twitter_card":"summary_large_image","twitter_misc":{"Tiempo de lectura":"2 minutos"},"schema":{"@context":"https:\/\/schema.org","@graph":[{"@type":"WebPage","@id":"https:\/\/summit-agro.com\/pe\/es\/producto\/tachigaren\/","url":"https:\/\/summit-agro.com\/pe\/es\/producto\/tachigaren\/","name":"Tachigaren - Summit Agro","isPartOf":{"@id":"https:\/\/summit-agro.com\/pe\/es\/#website"},"primaryImageOfPage":{"@id":"https:\/\/summit-agro.com\/pe\/es\/producto\/tachigaren\/#primaryimage"},"image":{"@id":"https:\/\/summit-agro.com\/pe\/es\/producto\/tachigaren\/#primaryimage"},"thumbnailUrl":"https:\/\/summit-agro.com\/pe\/es\/wp-content\/uploads\/2022\/06\/tachigaren-fungicida.jpg","datePublished":"2022-06-26T23:55:30+00:00","dateModified":"2025-09-15T20:01:39+00:00","breadcrumb":{"@id":"https:\/\/summit-agro.com\/pe\/es\/producto\/tachigaren\/#breadcrumb"},"inLanguage":"es","potentialAction":[{"@type":"ReadAction","target":["https:\/\/summit-agro.com\/pe\/es\/producto\/tachigaren\/"]}]},{"@type":"ImageObject","inLanguage":"es","@id":"https:\/\/summit-agro.com\/pe\/es\/producto\/tachigaren\/#primaryimage","url":"https:\/\/summit-agro.com\/pe\/es\/wp-content\/uploads\/2022\/06\/tachigaren-fungicida.jpg","contentUrl":"https:\/\/summit-agro.com\/pe\/es\/wp-content\/uploads\/2022\/06\/tachigaren-fungicida.jpg","width":680,"height":680},{"@type":"BreadcrumbList","@id":"https:\/\/summit-agro.com\/pe\/es\/producto\/tachigaren\/#breadcrumb","itemListElement":[{"@type":"ListItem","position":1,"name":"Portada","item":"https:\/\/summit-agro.com\/pe\/es\/"},{"@type":"ListItem","position":2,"name":"Soluciones","item":"https:\/\/summit-agro.com\/pe\/es\/productos\/"},{"@type":"ListItem","position":3,"name":"Tachigaren"}]},{"@type":"WebSite","@id":"https:\/\/summit-agro.com\/pe\/es\/#website","url":"https:\/\/summit-agro.com\/pe\/es\/","name":"Summit Agro Per\u00fa","description":"","publisher":{"@id":"https:\/\/summit-agro.com\/pe\/es\/#organization"},"potentialAction":[{"@type":"SearchAction","target":{"@type":"EntryPoint","urlTemplate":"https:\/\/summit-agro.com\/pe\/es\/?s={search_term_string}"},"query-input":{"@type":"PropertyValueSpecification","valueRequired":true,"valueName":"search_term_string"}}],"inLanguage":"es"},{"@type":"Organization","@id":"https:\/\/summit-agro.com\/pe\/es\/#organization","name":"Summit Agro Per\u00fa","url":"https:\/\/summit-agro.com\/pe\/es\/","logo":{"@type":"ImageObject","inLanguage":"es","@id":"https:\/\/summit-agro.com\/pe\/es\/#\/schema\/logo\/image\/","url":"https:\/\/summit-agro.com\/pe\/es\/wp-content\/uploads\/2021\/12\/summitlogo.png","contentUrl":"https:\/\/summit-agro.com\/pe\/es\/wp-content\/uploads\/2021\/12\/summitlogo.png","width":192,"height":76,"caption":"Summit Agro Per\u00fa"},"image":{"@id":"https:\/\/summit-agro.com\/pe\/es\/#\/schema\/logo\/image\/"},"sameAs":["https:\/\/www.facebook.com\/SummitAgroPeru"]}]}},"_links":{"self":[{"href":"https:\/\/summit-agro.com\/pe\/es\/wp-json\/wp\/v2\/product\/4340","targetHints":{"allow":["GET"]}}],"collection":[{"href":"https:\/\/summit-agro.com\/pe\/es\/wp-json\/wp\/v2\/product"}],"about":[{"href":"https:\/\/summit-agro.com\/pe\/es\/wp-json\/wp\/v2\/types\/product"}],"wp:featuredmedia":[{"embeddable":true,"href":"https:\/\/summit-agro.com\/pe\/es\/wp-json\/wp\/v2\/media\/4979"}],"wp:attachment":[{"href":"https:\/\/summit-agro.com\/pe\/es\/wp-json\/wp\/v2\/media?parent=4340"}],"wp:term":[{"taxonomy":"product_brand","embeddable":true,"href":"https:\/\/summit-agro.com\/pe\/es\/wp-json\/wp\/v2\/product_brand?post=4340"},{"taxonomy":"product_cat","embeddable":true,"href":"https:\/\/summit-agro.com\/pe\/es\/wp-json\/wp\/v2\/product_cat?post=4340"},{"taxonomy":"product_tag","embeddable":true,"href":"https:\/\/summit-agro.com\/pe\/es\/wp-json\/wp\/v2\/product_tag?post=4340"}],"curies":[{"name":"wp","href":"https:\/\/api.w.org\/{rel}","templated":true}]}}