{"id":4331,"date":"2022-06-26T20:55:27","date_gmt":"2022-06-26T23:55:27","guid":{"rendered":"https:\/\/summit-agro.com\/pe\/es\/producto\/milbeknock\/"},"modified":"2026-04-16T09:09:16","modified_gmt":"2026-04-16T14:09:16","slug":"milbeknock","status":"publish","type":"product","link":"https:\/\/summit-agro.com\/pe\/es\/producto\/milbeknock\/","title":{"rendered":"Milbeknock"},"content":{"rendered":"<p>Acaricida que act\u00faa por contacto, ingesti\u00f3n y con acci\u00f3n translaminar. Por su potente efecto knock down y debido a sus caracter\u00edsticas fisicoqu\u00edmicas es altamente efectivo contra todos los estadios de \u00e1caros (huevo, larva, ninfas y adultos)<\/p>\n","protected":false},"excerpt":{"rendered":"<p><strong>Ingrediente Activo:<\/strong> Milbemectin<br \/>\n<strong>Concentraci\u00f3n:<\/strong> Milbemectin 9,3 g\/l<br \/>\n<strong>Formulaci\u00f3n:<\/strong> Concentrado Emulsionable\u00a0 (EC)<br \/>\n<strong>Tipo de Productos:<\/strong> Acaricida Agr\u00edcola<br \/>\n<strong>Clasificaci\u00f3n IRAC: <\/strong>Grupo 6 Activadores del canal de cloro &#8211; Milbemycine<br \/>\n<strong>Categor\u00eda Toxicol\u00f3gica:<\/strong> LIGERAMENTE PELIGROSO &#8211; CUIDADO<br \/>\n<strong>No. Registro:<\/strong> PQUA N\u00ba 1745-SENASA<br \/>\n<strong>Presentaciones comercial : <\/strong>1 L<\/p>\n<p>[njwa_button id=\u00bb4890&#8243;]<\/p>\n","protected":false},"featured_media":4934,"template":"","meta":{"site-sidebar-layout":"default","site-content-layout":"default","ast-site-content-layout":"default","site-content-style":"default","site-sidebar-style":"default","ast-global-header-display":"","ast-banner-title-visibility":"","ast-main-header-display":"","ast-hfb-above-header-display":"","ast-hfb-below-header-display":"","ast-hfb-mobile-header-display":"","site-post-title":"","ast-breadcrumbs-content":"","ast-featured-img":"","footer-sml-layout":"","ast-disable-related-posts":"","theme-transparent-header-meta":"default","adv-header-id-meta":"","stick-header-meta":"","header-above-stick-meta":"","header-main-stick-meta":"","header-below-stick-meta":"","astra-migrate-meta-layouts":"set","ast-page-background-enabled":"default","ast-page-background-meta":{"desktop":{"background-color":"var(--ast-global-color-4)","background-image":"","background-repeat":"repeat","background-position":"center center","background-size":"auto","background-attachment":"scroll","background-type":"","background-media":"","overlay-type":"","overlay-color":"","overlay-opacity":"","overlay-gradient":""},"tablet":{"background-color":"","background-image":"","background-repeat":"repeat","background-position":"center center","background-size":"auto","background-attachment":"scroll","background-type":"","background-media":"","overlay-type":"","overlay-color":"","overlay-opacity":"","overlay-gradient":""},"mobile":{"background-color":"","background-image":"","background-repeat":"repeat","background-position":"center center","background-size":"auto","background-attachment":"scroll","background-type":"","background-media":"","overlay-type":"","overlay-color":"","overlay-opacity":"","overlay-gradient":""}},"ast-content-background-meta":{"desktop":{"background-color":"var(--ast-global-color-5)","background-image":"","background-repeat":"repeat","background-position":"center center","background-size":"auto","background-attachment":"scroll","background-type":"","background-media":"","overlay-type":"","overlay-color":"","overlay-opacity":"","overlay-gradient":""},"tablet":{"background-color":"var(--ast-global-color-5)","background-image":"","background-repeat":"repeat","background-position":"center center","background-size":"auto","background-attachment":"scroll","background-type":"","background-media":"","overlay-type":"","overlay-color":"","overlay-opacity":"","overlay-gradient":""},"mobile":{"background-color":"var(--ast-global-color-5)","background-image":"","background-repeat":"repeat","background-position":"center center","background-size":"auto","background-attachment":"scroll","background-type":"","background-media":"","overlay-type":"","overlay-color":"","overlay-opacity":"","overlay-gradient":""}}},"product_brand":[],"product_cat":[17],"product_tag":[],"class_list":{"0":"post-4331","1":"product","2":"type-product","3":"status-publish","4":"has-post-thumbnail","6":"product_cat-acaricidas","7":"desktop-align-left","8":"tablet-align-left","9":"mobile-align-left","11":"first","12":"instock","13":"shipping-taxable","14":"product-type-simple"},"yoast_head":"<!-- This site is optimized with the Yoast SEO plugin v27.4 - https:\/\/yoast.com\/product\/yoast-seo-wordpress\/ -->\n<title>Milbeknock - Summit Agro<\/title>\n<meta name=\"robots\" content=\"index, follow, max-snippet:-1, max-image-preview:large, max-video-preview:-1\" \/>\n<link rel=\"canonical\" href=\"https:\/\/summit-agro.com\/pe\/es\/producto\/milbeknock\/\" \/>\n<meta property=\"og:locale\" content=\"es_ES\" \/>\n<meta property=\"og:type\" content=\"article\" \/>\n<meta property=\"og:title\" content=\"Milbeknock - Summit Agro\" \/>\n<meta property=\"og:description\" content=\"Ingrediente Activo: Milbemectin Concentraci\u00f3n: Milbemectin 9,3 g\/l Formulaci\u00f3n: Concentrado Emulsionable\u00a0 (EC) Tipo de Productos: Acaricida Agr\u00edcola Clasificaci\u00f3n IRAC: Grupo 6 Activadores del canal de cloro - Milbemycine Categor\u00eda Toxicol\u00f3gica: LIGERAMENTE PELIGROSO - CUIDADO No. Registro: PQUA N\u00ba 1745-SENASA Presentaciones comercial : 1 L  [njwa_button id=&quot;4890&quot;]\" \/>\n<meta property=\"og:url\" content=\"https:\/\/summit-agro.com\/pe\/es\/producto\/milbeknock\/\" \/>\n<meta property=\"og:site_name\" content=\"Summit Agro\" \/>\n<meta property=\"article:publisher\" content=\"https:\/\/www.facebook.com\/SummitAgroPeru\" \/>\n<meta property=\"article:modified_time\" content=\"2026-04-16T14:09:16+00:00\" \/>\n<meta property=\"og:image\" content=\"https:\/\/summit-agro.com\/pe\/es\/wp-content\/uploads\/2022\/06\/milbeknock_acaricida_summitagro-min.jpg\" \/>\n\t<meta property=\"og:image:width\" content=\"680\" \/>\n\t<meta property=\"og:image:height\" content=\"680\" \/>\n\t<meta property=\"og:image:type\" content=\"image\/jpeg\" \/>\n<meta name=\"twitter:card\" content=\"summary_large_image\" \/>\n<meta name=\"twitter:label1\" content=\"Tiempo de lectura\" \/>\n\t<meta name=\"twitter:data1\" content=\"1 minuto\" \/>\n<script type=\"application\/ld+json\" class=\"yoast-schema-graph\">{\"@context\":\"https:\\\/\\\/schema.org\",\"@graph\":[{\"@type\":\"WebPage\",\"@id\":\"https:\\\/\\\/summit-agro.com\\\/pe\\\/es\\\/producto\\\/milbeknock\\\/\",\"url\":\"https:\\\/\\\/summit-agro.com\\\/pe\\\/es\\\/producto\\\/milbeknock\\\/\",\"name\":\"Milbeknock - Summit Agro\",\"isPartOf\":{\"@id\":\"https:\\\/\\\/summit-agro.com\\\/pe\\\/es\\\/#website\"},\"primaryImageOfPage\":{\"@id\":\"https:\\\/\\\/summit-agro.com\\\/pe\\\/es\\\/producto\\\/milbeknock\\\/#primaryimage\"},\"image\":{\"@id\":\"https:\\\/\\\/summit-agro.com\\\/pe\\\/es\\\/producto\\\/milbeknock\\\/#primaryimage\"},\"thumbnailUrl\":\"https:\\\/\\\/summit-agro.com\\\/pe\\\/es\\\/wp-content\\\/uploads\\\/2022\\\/06\\\/milbeknock_acaricida_summitagro-min.jpg\",\"datePublished\":\"2022-06-26T23:55:27+00:00\",\"dateModified\":\"2026-04-16T14:09:16+00:00\",\"breadcrumb\":{\"@id\":\"https:\\\/\\\/summit-agro.com\\\/pe\\\/es\\\/producto\\\/milbeknock\\\/#breadcrumb\"},\"inLanguage\":\"es\",\"potentialAction\":[{\"@type\":\"ReadAction\",\"target\":[\"https:\\\/\\\/summit-agro.com\\\/pe\\\/es\\\/producto\\\/milbeknock\\\/\"]}]},{\"@type\":\"ImageObject\",\"inLanguage\":\"es\",\"@id\":\"https:\\\/\\\/summit-agro.com\\\/pe\\\/es\\\/producto\\\/milbeknock\\\/#primaryimage\",\"url\":\"https:\\\/\\\/summit-agro.com\\\/pe\\\/es\\\/wp-content\\\/uploads\\\/2022\\\/06\\\/milbeknock_acaricida_summitagro-min.jpg\",\"contentUrl\":\"https:\\\/\\\/summit-agro.com\\\/pe\\\/es\\\/wp-content\\\/uploads\\\/2022\\\/06\\\/milbeknock_acaricida_summitagro-min.jpg\",\"width\":680,\"height\":680},{\"@type\":\"BreadcrumbList\",\"@id\":\"https:\\\/\\\/summit-agro.com\\\/pe\\\/es\\\/producto\\\/milbeknock\\\/#breadcrumb\",\"itemListElement\":[{\"@type\":\"ListItem\",\"position\":1,\"name\":\"Portada\",\"item\":\"https:\\\/\\\/summit-agro.com\\\/pe\\\/es\\\/\"},{\"@type\":\"ListItem\",\"position\":2,\"name\":\"Soluciones\",\"item\":\"https:\\\/\\\/summit-agro.com\\\/pe\\\/es\\\/productos\\\/\"},{\"@type\":\"ListItem\",\"position\":3,\"name\":\"Milbeknock\"}]},{\"@type\":\"WebSite\",\"@id\":\"https:\\\/\\\/summit-agro.com\\\/pe\\\/es\\\/#website\",\"url\":\"https:\\\/\\\/summit-agro.com\\\/pe\\\/es\\\/\",\"name\":\"Summit Agro Per\u00fa\",\"description\":\"\",\"publisher\":{\"@id\":\"https:\\\/\\\/summit-agro.com\\\/pe\\\/es\\\/#organization\"},\"potentialAction\":[{\"@type\":\"SearchAction\",\"target\":{\"@type\":\"EntryPoint\",\"urlTemplate\":\"https:\\\/\\\/summit-agro.com\\\/pe\\\/es\\\/?s={search_term_string}\"},\"query-input\":{\"@type\":\"PropertyValueSpecification\",\"valueRequired\":true,\"valueName\":\"search_term_string\"}}],\"inLanguage\":\"es\"},{\"@type\":\"Organization\",\"@id\":\"https:\\\/\\\/summit-agro.com\\\/pe\\\/es\\\/#organization\",\"name\":\"Summit Agro Per\u00fa\",\"url\":\"https:\\\/\\\/summit-agro.com\\\/pe\\\/es\\\/\",\"logo\":{\"@type\":\"ImageObject\",\"inLanguage\":\"es\",\"@id\":\"https:\\\/\\\/summit-agro.com\\\/pe\\\/es\\\/#\\\/schema\\\/logo\\\/image\\\/\",\"url\":\"https:\\\/\\\/summit-agro.com\\\/pe\\\/es\\\/wp-content\\\/uploads\\\/2021\\\/12\\\/summitlogo.png\",\"contentUrl\":\"https:\\\/\\\/summit-agro.com\\\/pe\\\/es\\\/wp-content\\\/uploads\\\/2021\\\/12\\\/summitlogo.png\",\"width\":192,\"height\":76,\"caption\":\"Summit Agro Per\u00fa\"},\"image\":{\"@id\":\"https:\\\/\\\/summit-agro.com\\\/pe\\\/es\\\/#\\\/schema\\\/logo\\\/image\\\/\"},\"sameAs\":[\"https:\\\/\\\/www.facebook.com\\\/SummitAgroPeru\"]}]}<\/script>\n<!-- \/ Yoast SEO plugin. -->","yoast_head_json":{"title":"Milbeknock - Summit Agro","robots":{"index":"index","follow":"follow","max-snippet":"max-snippet:-1","max-image-preview":"max-image-preview:large","max-video-preview":"max-video-preview:-1"},"canonical":"https:\/\/summit-agro.com\/pe\/es\/producto\/milbeknock\/","og_locale":"es_ES","og_type":"article","og_title":"Milbeknock - Summit Agro","og_description":"Ingrediente Activo: Milbemectin Concentraci\u00f3n: Milbemectin 9,3 g\/l Formulaci\u00f3n: Concentrado Emulsionable\u00a0 (EC) Tipo de Productos: Acaricida Agr\u00edcola Clasificaci\u00f3n IRAC: Grupo 6 Activadores del canal de cloro - Milbemycine Categor\u00eda Toxicol\u00f3gica: LIGERAMENTE PELIGROSO - CUIDADO No. Registro: PQUA N\u00ba 1745-SENASA Presentaciones comercial : 1 L  [njwa_button id=\"4890\"]","og_url":"https:\/\/summit-agro.com\/pe\/es\/producto\/milbeknock\/","og_site_name":"Summit Agro","article_publisher":"https:\/\/www.facebook.com\/SummitAgroPeru","article_modified_time":"2026-04-16T14:09:16+00:00","og_image":[{"width":680,"height":680,"url":"https:\/\/summit-agro.com\/pe\/es\/wp-content\/uploads\/2022\/06\/milbeknock_acaricida_summitagro-min.jpg","type":"image\/jpeg"}],"twitter_card":"summary_large_image","twitter_misc":{"Tiempo de lectura":"1 minuto"},"schema":{"@context":"https:\/\/schema.org","@graph":[{"@type":"WebPage","@id":"https:\/\/summit-agro.com\/pe\/es\/producto\/milbeknock\/","url":"https:\/\/summit-agro.com\/pe\/es\/producto\/milbeknock\/","name":"Milbeknock - Summit Agro","isPartOf":{"@id":"https:\/\/summit-agro.com\/pe\/es\/#website"},"primaryImageOfPage":{"@id":"https:\/\/summit-agro.com\/pe\/es\/producto\/milbeknock\/#primaryimage"},"image":{"@id":"https:\/\/summit-agro.com\/pe\/es\/producto\/milbeknock\/#primaryimage"},"thumbnailUrl":"https:\/\/summit-agro.com\/pe\/es\/wp-content\/uploads\/2022\/06\/milbeknock_acaricida_summitagro-min.jpg","datePublished":"2022-06-26T23:55:27+00:00","dateModified":"2026-04-16T14:09:16+00:00","breadcrumb":{"@id":"https:\/\/summit-agro.com\/pe\/es\/producto\/milbeknock\/#breadcrumb"},"inLanguage":"es","potentialAction":[{"@type":"ReadAction","target":["https:\/\/summit-agro.com\/pe\/es\/producto\/milbeknock\/"]}]},{"@type":"ImageObject","inLanguage":"es","@id":"https:\/\/summit-agro.com\/pe\/es\/producto\/milbeknock\/#primaryimage","url":"https:\/\/summit-agro.com\/pe\/es\/wp-content\/uploads\/2022\/06\/milbeknock_acaricida_summitagro-min.jpg","contentUrl":"https:\/\/summit-agro.com\/pe\/es\/wp-content\/uploads\/2022\/06\/milbeknock_acaricida_summitagro-min.jpg","width":680,"height":680},{"@type":"BreadcrumbList","@id":"https:\/\/summit-agro.com\/pe\/es\/producto\/milbeknock\/#breadcrumb","itemListElement":[{"@type":"ListItem","position":1,"name":"Portada","item":"https:\/\/summit-agro.com\/pe\/es\/"},{"@type":"ListItem","position":2,"name":"Soluciones","item":"https:\/\/summit-agro.com\/pe\/es\/productos\/"},{"@type":"ListItem","position":3,"name":"Milbeknock"}]},{"@type":"WebSite","@id":"https:\/\/summit-agro.com\/pe\/es\/#website","url":"https:\/\/summit-agro.com\/pe\/es\/","name":"Summit Agro Per\u00fa","description":"","publisher":{"@id":"https:\/\/summit-agro.com\/pe\/es\/#organization"},"potentialAction":[{"@type":"SearchAction","target":{"@type":"EntryPoint","urlTemplate":"https:\/\/summit-agro.com\/pe\/es\/?s={search_term_string}"},"query-input":{"@type":"PropertyValueSpecification","valueRequired":true,"valueName":"search_term_string"}}],"inLanguage":"es"},{"@type":"Organization","@id":"https:\/\/summit-agro.com\/pe\/es\/#organization","name":"Summit Agro Per\u00fa","url":"https:\/\/summit-agro.com\/pe\/es\/","logo":{"@type":"ImageObject","inLanguage":"es","@id":"https:\/\/summit-agro.com\/pe\/es\/#\/schema\/logo\/image\/","url":"https:\/\/summit-agro.com\/pe\/es\/wp-content\/uploads\/2021\/12\/summitlogo.png","contentUrl":"https:\/\/summit-agro.com\/pe\/es\/wp-content\/uploads\/2021\/12\/summitlogo.png","width":192,"height":76,"caption":"Summit Agro Per\u00fa"},"image":{"@id":"https:\/\/summit-agro.com\/pe\/es\/#\/schema\/logo\/image\/"},"sameAs":["https:\/\/www.facebook.com\/SummitAgroPeru"]}]}},"_links":{"self":[{"href":"https:\/\/summit-agro.com\/pe\/es\/wp-json\/wp\/v2\/product\/4331","targetHints":{"allow":["GET"]}}],"collection":[{"href":"https:\/\/summit-agro.com\/pe\/es\/wp-json\/wp\/v2\/product"}],"about":[{"href":"https:\/\/summit-agro.com\/pe\/es\/wp-json\/wp\/v2\/types\/product"}],"wp:featuredmedia":[{"embeddable":true,"href":"https:\/\/summit-agro.com\/pe\/es\/wp-json\/wp\/v2\/media\/4934"}],"wp:attachment":[{"href":"https:\/\/summit-agro.com\/pe\/es\/wp-json\/wp\/v2\/media?parent=4331"}],"wp:term":[{"taxonomy":"product_brand","embeddable":true,"href":"https:\/\/summit-agro.com\/pe\/es\/wp-json\/wp\/v2\/product_brand?post=4331"},{"taxonomy":"product_cat","embeddable":true,"href":"https:\/\/summit-agro.com\/pe\/es\/wp-json\/wp\/v2\/product_cat?post=4331"},{"taxonomy":"product_tag","embeddable":true,"href":"https:\/\/summit-agro.com\/pe\/es\/wp-json\/wp\/v2\/product_tag?post=4331"}],"curies":[{"name":"wp","href":"https:\/\/api.w.org\/{rel}","templated":true}]}}