{"id":5050,"date":"2026-03-26T14:19:36","date_gmt":"2026-03-26T17:19:36","guid":{"rendered":"https:\/\/summit-agro.com\/cl\/?page_id=5050"},"modified":"2026-03-26T15:01:41","modified_gmt":"2026-03-26T18:01:41","slug":"trabaja-con-nosotros","status":"publish","type":"page","link":"https:\/\/summit-agro.com\/cl\/trabaja-con-nosotros\/","title":{"rendered":"Trabaja con nosotros"},"content":{"rendered":"\t\t<div data-elementor-type=\"wp-page\" data-elementor-id=\"5050\" class=\"elementor elementor-5050\" data-elementor-post-type=\"page\">\n\t\t\t\t<div class=\"elementor-element elementor-element-7d6bf86 e-flex e-con-boxed e-con e-parent\" data-id=\"7d6bf86\" data-element_type=\"container\" data-e-type=\"container\" data-settings=\"{&quot;background_background&quot;:&quot;classic&quot;}\">\n\t\t\t\t\t<div class=\"e-con-inner\">\n\t\t\t\t\t<\/div>\n\t\t\t\t<\/div>\n\t\t<div class=\"elementor-element elementor-element-9fc7fed e-flex e-con-boxed e-con e-parent\" data-id=\"9fc7fed\" data-element_type=\"container\" data-e-type=\"container\">\n\t\t\t\t\t<div class=\"e-con-inner\">\n\t\t\t\t<div class=\"elementor-element elementor-element-e5e4105 elementor-widget elementor-widget-heading\" data-id=\"e5e4105\" data-element_type=\"widget\" data-e-type=\"widget\" data-widget_type=\"heading.default\">\n\t\t\t\t\t<h2 class=\"elementor-heading-title elementor-size-default\">\u00a1Tu pr\u00f3ximo desaf\u00edo est\u00e1 aqu\u00ed!<\/h2>\t\t\t\t<\/div>\n\t\t\t\t<div class=\"elementor-element elementor-element-8719b90 elementor-widget elementor-widget-heading\" data-id=\"8719b90\" data-element_type=\"widget\" data-e-type=\"widget\" data-widget_type=\"heading.default\">\n\t\t\t\t\t<h4 class=\"elementor-heading-title elementor-size-default\">Si quieres crecer, innovar y aportar a una agricultura m\u00e1s sustentable, este es tu lugar. \u00danete a un equipo que transforma ideas en impacto real.<\/h4>\t\t\t\t<\/div>\n\t\t\t\t<div class=\"elementor-element elementor-element-061e021 elementor-widget elementor-widget-text-editor\" data-id=\"061e021\" data-element_type=\"widget\" data-e-type=\"widget\" data-widget_type=\"text-editor.default\">\n\t\t\t\t\t\t\t\t\t<h4><strong>Completa el formulario o env\u00eda tu CV a<\/strong> <span style=\"color: #ff9e1c;\"><strong>seleccion@summit-agro.com<\/strong><\/span><\/h4>\t\t\t\t\t\t\t\t<\/div>\n\t\t\t\t<div class=\"elementor-element elementor-element-e9b4365 elementor-widget-divider--view-line elementor-widget elementor-widget-divider\" data-id=\"e9b4365\" data-element_type=\"widget\" data-e-type=\"widget\" data-widget_type=\"divider.default\">\n\t\t\t\t\t\t\t<div class=\"elementor-divider\">\n\t\t\t<span class=\"elementor-divider-separator\">\n\t\t\t\t\t\t<\/span>\n\t\t<\/div>\n\t\t\t\t\t\t<\/div>\n\t\t\t\t\t<\/div>\n\t\t\t\t<\/div>\n\t\t\t\t<section class=\"elementor-section elementor-top-section elementor-element elementor-element-2b0e9602 elementor-section-boxed elementor-section-height-default elementor-section-height-default\" data-id=\"2b0e9602\" data-element_type=\"section\" data-e-type=\"section\">\n\t\t\t\t\t\t<div class=\"elementor-container elementor-column-gap-default\">\n\t\t\t\t\t<div class=\"elementor-column elementor-col-100 elementor-top-column elementor-element elementor-element-78cb847f\" data-id=\"78cb847f\" data-element_type=\"column\" data-e-type=\"column\">\n\t\t\t<div class=\"elementor-widget-wrap elementor-element-populated\">\n\t\t\t\t\t\t<div class=\"elementor-element elementor-element-58774f22 elementor-widget elementor-widget-heading\" data-id=\"58774f22\" data-element_type=\"widget\" data-e-type=\"widget\" data-widget_type=\"heading.default\">\n\t\t\t\t\t<h3 class=\"elementor-heading-title elementor-size-default\">Te invitamos a ser parte de nuestro equipo.<\/h3>\t\t\t\t<\/div>\n\t\t\t\t<div class=\"elementor-element elementor-element-6d7c2cdb elementor-button-align-stretch elementor-widget elementor-widget-form\" data-id=\"6d7c2cdb\" data-element_type=\"widget\" data-e-type=\"widget\" data-settings=\"{&quot;step_next_label&quot;:&quot;Siguiente&quot;,&quot;step_previous_label&quot;:&quot;Anterior&quot;,&quot;button_width&quot;:&quot;100&quot;,&quot;step_type&quot;:&quot;number_text&quot;,&quot;step_icon_shape&quot;:&quot;circle&quot;}\" data-widget_type=\"form.default\">\n\t\t\t\t\t\t\t<form class=\"elementor-form\" method=\"post\" name=\"trabaja-con-nosotros\" aria-label=\"trabaja-con-nosotros\">\n\t\t\t<input type=\"hidden\" name=\"post_id\" value=\"5050\"\/>\n\t\t\t<input type=\"hidden\" name=\"form_id\" value=\"6d7c2cdb\"\/>\n\t\t\t<input type=\"hidden\" name=\"referer_title\" value=\"Trabaja con nosotros - Summit Agro - Venta y comercializaci\u00f3n de insumos agr\u00edcolas\" \/>\n\n\t\t\t\t\t\t\t<input type=\"hidden\" name=\"queried_id\" value=\"5050\"\/>\n\t\t\t\n\t\t\t<div class=\"elementor-form-fields-wrapper elementor-labels-above\">\n\t\t\t\t\t\t\t\t<div class=\"elementor-field-type-text elementor-field-group elementor-column elementor-field-group-nombre elementor-col-50 elementor-field-required elementor-mark-required\">\n\t\t\t\t\t\t\t\t\t\t\t\t<label for=\"form-field-nombre\" class=\"elementor-field-label\">\n\t\t\t\t\t\t\t\tNombre\t\t\t\t\t\t\t<\/label>\n\t\t\t\t\t\t\t\t\t\t\t\t\t\t<input size=\"1\" type=\"text\" name=\"form_fields[nombre]\" id=\"form-field-nombre\" class=\"elementor-field elementor-size-sm  elementor-field-textual\" placeholder=\"Ingresa tu Nombre \" required=\"required\">\n\t\t\t\t\t\t\t\t\t\t\t<\/div>\n\t\t\t\t\t\t\t\t<div class=\"elementor-field-type-text elementor-field-group elementor-column elementor-field-group-apellidos elementor-col-50 elementor-field-required elementor-mark-required\">\n\t\t\t\t\t\t\t\t\t\t\t\t<label for=\"form-field-apellidos\" class=\"elementor-field-label\">\n\t\t\t\t\t\t\t\tApellidos\t\t\t\t\t\t\t<\/label>\n\t\t\t\t\t\t\t\t\t\t\t\t\t\t<input size=\"1\" type=\"text\" name=\"form_fields[apellidos]\" id=\"form-field-apellidos\" class=\"elementor-field elementor-size-sm  elementor-field-textual\" placeholder=\"Ingresa tus Apellidos \" required=\"required\">\n\t\t\t\t\t\t\t\t\t\t\t<\/div>\n\t\t\t\t\t\t\t\t<div class=\"elementor-field-type-email elementor-field-group elementor-column elementor-field-group-email elementor-col-50 elementor-field-required elementor-mark-required\">\n\t\t\t\t\t\t\t\t\t\t\t\t<label for=\"form-field-email\" class=\"elementor-field-label\">\n\t\t\t\t\t\t\t\tCorreo Electr\u00f3nico\t\t\t\t\t\t\t<\/label>\n\t\t\t\t\t\t\t\t\t\t\t\t\t\t<input size=\"1\" type=\"email\" name=\"form_fields[email]\" id=\"form-field-email\" class=\"elementor-field elementor-size-sm  elementor-field-textual\" placeholder=\"Ingresa tu Correo\" required=\"required\">\n\t\t\t\t\t\t\t\t\t\t\t<\/div>\n\t\t\t\t\t\t\t\t<div class=\"elementor-field-type-tel elementor-field-group elementor-column elementor-field-group-telefono elementor-col-50 elementor-field-required elementor-mark-required\">\n\t\t\t\t\t\t\t\t\t\t\t\t<label for=\"form-field-telefono\" class=\"elementor-field-label\">\n\t\t\t\t\t\t\t\tTel\u00e9fono\t\t\t\t\t\t\t<\/label>\n\t\t\t\t\t\t\t\t<input size=\"1\" type=\"tel\" name=\"form_fields[telefono]\" id=\"form-field-telefono\" class=\"elementor-field elementor-size-sm  elementor-field-textual\" placeholder=\"Ingresa el n\u00famero de tel\u00e9fono\" required=\"required\" pattern=\"[0-9()#&amp;+*-=.]+\" title=\"Solo se aceptan n\u00fameros y caracteres de tel\u00e9fono (#,-,*,etc).\">\n\n\t\t\t\t\t\t<\/div>\n\t\t\t\t\t\t\t\t<div class=\"elementor-field-type-select elementor-field-group elementor-column elementor-field-group-region elementor-col-100 elementor-field-required elementor-mark-required\">\n\t\t\t\t\t\t\t\t\t\t\t\t<label for=\"form-field-region\" class=\"elementor-field-label\">\n\t\t\t\t\t\t\t\tRegi\u00f3n\t\t\t\t\t\t\t<\/label>\n\t\t\t\t\t\t\t\t<div class=\"elementor-field elementor-select-wrapper remove-before \">\n\t\t\t<div class=\"select-caret-down-wrapper\">\n\t\t\t\t<svg aria-hidden=\"true\" class=\"e-font-icon-svg e-eicon-caret-down\" viewBox=\"0 0 571.4 571.4\" xmlns=\"http:\/\/www.w3.org\/2000\/svg\"><path d=\"M571 393Q571 407 561 418L311 668Q300 679 286 679T261 668L11 418Q0 407 0 393T11 368 36 357H536Q550 357 561 368T571 393Z\"><\/path><\/svg>\t\t\t<\/div>\n\t\t\t<select name=\"form_fields[region]\" id=\"form-field-region\" class=\"elementor-field-textual elementor-size-sm\" required=\"required\">\n\t\t\t\t\t\t\t\t\t<option value=\"Regi\u00f3n de Arica y Parinacota\">Regi\u00f3n de Arica y Parinacota<\/option>\n\t\t\t\t\t\t\t\t\t<option value=\"Regi\u00f3n de Tarapac\u00e1\">Regi\u00f3n de Tarapac\u00e1<\/option>\n\t\t\t\t\t\t\t\t\t<option value=\"Regi\u00f3n de Antofagasta\">Regi\u00f3n de Antofagasta<\/option>\n\t\t\t\t\t\t\t\t\t<option value=\"Regi\u00f3n de Atacama\">Regi\u00f3n de Atacama<\/option>\n\t\t\t\t\t\t\t\t\t<option value=\"Regi\u00f3n de Coquimbo\">Regi\u00f3n de Coquimbo<\/option>\n\t\t\t\t\t\t\t\t\t<option value=\"Regi\u00f3n de Valpara\u00edso\">Regi\u00f3n de Valpara\u00edso<\/option>\n\t\t\t\t\t\t\t\t\t<option value=\"Regi\u00f3n Metropolitana\">Regi\u00f3n Metropolitana<\/option>\n\t\t\t\t\t\t\t\t\t<option value=\"Regi\u00f3n de O\u2019Higgins\">Regi\u00f3n de O\u2019Higgins<\/option>\n\t\t\t\t\t\t\t\t\t<option value=\"Regi\u00f3n del Maule\">Regi\u00f3n del Maule<\/option>\n\t\t\t\t\t\t\t\t\t<option value=\"Regi\u00f3n del \u00d1uble\">Regi\u00f3n del \u00d1uble<\/option>\n\t\t\t\t\t\t\t\t\t<option value=\"Regi\u00f3n del Biob\u00edo\">Regi\u00f3n del Biob\u00edo<\/option>\n\t\t\t\t\t\t\t\t\t<option value=\"Regi\u00f3n de La Araucan\u00eda\">Regi\u00f3n de La Araucan\u00eda<\/option>\n\t\t\t\t\t\t\t\t\t<option value=\"Regi\u00f3n de Los R\u00edos\">Regi\u00f3n de Los R\u00edos<\/option>\n\t\t\t\t\t\t\t\t\t<option value=\"Regi\u00f3n de Los Lagos\">Regi\u00f3n de Los Lagos<\/option>\n\t\t\t\t\t\t\t\t\t<option value=\"Regi\u00f3n de Ays\u00e9n\">Regi\u00f3n de Ays\u00e9n<\/option>\n\t\t\t\t\t\t\t\t\t<option value=\"Regi\u00f3n de Magallanes\">Regi\u00f3n de Magallanes<\/option>\n\t\t\t\t\t\t\t<\/select>\n\t\t<\/div>\n\t\t\t\t\t\t<\/div>\n\t\t\t\t\t\t\t\t<div class=\"elementor-field-type-textarea elementor-field-group elementor-column elementor-field-group-mensaje elementor-col-50 elementor-field-required elementor-mark-required\">\n\t\t\t\t\t\t\t\t\t\t\t\t<label for=\"form-field-mensaje\" class=\"elementor-field-label\">\n\t\t\t\t\t\t\t\tMensaje\t\t\t\t\t\t\t<\/label>\n\t\t\t\t\t\t<textarea class=\"elementor-field-textual elementor-field  elementor-size-sm\" name=\"form_fields[mensaje]\" id=\"form-field-mensaje\" rows=\"4\" placeholder=\"Mensaje\" required=\"required\"><\/textarea>\t\t\t\t<\/div>\n\t\t\t\t\t\t\t\t<div class=\"elementor-field-type-upload elementor-field-group elementor-column elementor-field-group-link_adjunto elementor-col-50 elementor-field-required elementor-mark-required\">\n\t\t\t\t\t\t\t\t\t\t\t\t<label for=\"form-field-link_adjunto\" class=\"elementor-field-label\">\n\t\t\t\t\t\t\t\tSubir Curr\u00edculum CV\t\t\t\t\t\t\t<\/label>\n\t\t\t\t\t\t\t\t<input type=\"file\" name=\"form_fields[link_adjunto]\" id=\"form-field-link_adjunto\" class=\"elementor-field elementor-size-sm  elementor-upload-field\" required=\"required\" data-maxsize=\"5\" data-maxsize-message=\"Este archivo excede el tama\u00f1o m\u00e1ximo permitido.\">\n\n\t\t\t\t\t\t<\/div>\n\t\t\t\t\t\t\t\t<div class=\"elementor-field-group elementor-column elementor-field-type-submit elementor-col-100 e-form__buttons\">\n\t\t\t\t\t<button class=\"elementor-button elementor-size-sm\" type=\"submit\">\n\t\t\t\t\t\t<span class=\"elementor-button-content-wrapper\">\n\t\t\t\t\t\t\t\t\t\t\t\t\t\t\t\t\t\t\t\t\t\t<span class=\"elementor-button-text\">Enviar<\/span>\n\t\t\t\t\t\t\t\t\t\t\t\t\t<\/span>\n\t\t\t\t\t<\/button>\n\t\t\t\t<\/div>\n\t\t\t<\/div>\n\t\t<\/form>\n\t\t\t\t\t\t<\/div>\n\t\t\t\t\t<\/div>\n\t\t<\/div>\n\t\t\t\t\t<\/div>\n\t\t<\/section>\n\t\t\t\t<\/div>\n\t\t","protected":false},"excerpt":{"rendered":"<p>\u00a1Tu pr\u00f3ximo desaf\u00edo est\u00e1 aqu\u00ed! Si quieres crecer, innovar y aportar a una agricultura m\u00e1s sustentable, este es tu lugar. \u00danete a un equipo que transforma ideas en impacto real. Completa el formulario o env\u00eda tu CV a seleccion@summit-agro.com Te invitamos a ser parte de nuestro equipo.<\/p>\n","protected":false},"author":4,"featured_media":0,"parent":0,"menu_order":0,"comment_status":"closed","ping_status":"closed","template":"","meta":{"_acf_changed":false,"_joinchat":[],"footnotes":""},"class_list":["post-5050","page","type-page","status-publish","hentry"],"acf":[],"yoast_head":"<!-- This site is optimized with the Yoast SEO plugin v27.3 - https:\/\/yoast.com\/product\/yoast-seo-wordpress\/ -->\n<title>Trabaja con nosotros - Summit Agro - Venta y comercializaci\u00f3n de insumos agr\u00edcolas<\/title>\n<meta name=\"description\" content=\"Trabaja con nosotros - Summit Agro - Venta y comercializaci\u00f3n de insumos agr\u00edcolas - Descubre soluciones innovadoras para maximizar el rendimiento de tus cultivos en Chile.\" \/>\n<meta name=\"robots\" content=\"noindex, nofollow\" \/>\n<meta property=\"og:locale\" content=\"es_ES\" \/>\n<meta property=\"og:type\" content=\"article\" \/>\n<meta property=\"og:title\" content=\"Trabaja con nosotros - Summit Agro - Venta y comercializaci\u00f3n de insumos agr\u00edcolas\" \/>\n<meta property=\"og:description\" content=\"Trabaja con nosotros - Summit Agro - Venta y comercializaci\u00f3n de insumos agr\u00edcolas - Descubre soluciones innovadoras para maximizar el rendimiento de tus cultivos en Chile.\" \/>\n<meta property=\"og:url\" content=\"https:\/\/summit-agro.com\/cl\/trabaja-con-nosotros\/\" \/>\n<meta property=\"og:site_name\" content=\"Summit Agro - Venta y comercializaci\u00f3n de insumos agr\u00edcolas\" \/>\n<meta property=\"article:modified_time\" content=\"2026-03-26T18:01:41+00:00\" \/>\n<meta property=\"og:image\" content=\"https:\/\/summit-agro.com\/cl\/wp-content\/uploads\/2025\/10\/SummitAgro-logo-favicon.png\" \/>\n\t<meta property=\"og:image:width\" content=\"512\" \/>\n\t<meta property=\"og:image:height\" content=\"512\" \/>\n\t<meta property=\"og:image:type\" content=\"image\/png\" \/>\n<meta name=\"twitter:card\" content=\"summary_large_image\" \/>\n<meta name=\"twitter:label1\" content=\"Tiempo de lectura\" \/>\n\t<meta name=\"twitter:data1\" content=\"1 minuto\" \/>\n<script type=\"application\/ld+json\" class=\"yoast-schema-graph\">{\"@context\":\"https:\\\/\\\/schema.org\",\"@graph\":[{\"@type\":\"WebPage\",\"@id\":\"https:\\\/\\\/summit-agro.com\\\/cl\\\/trabaja-con-nosotros\\\/\",\"url\":\"https:\\\/\\\/summit-agro.com\\\/cl\\\/trabaja-con-nosotros\\\/\",\"name\":\"Trabaja con nosotros - Summit Agro - Venta y comercializaci\u00f3n de insumos agr\u00edcolas\",\"isPartOf\":{\"@id\":\"https:\\\/\\\/summit-agro.com\\\/cl\\\/#website\"},\"datePublished\":\"2026-03-26T17:19:36+00:00\",\"dateModified\":\"2026-03-26T18:01:41+00:00\",\"description\":\"Trabaja con nosotros - Summit Agro - Venta y comercializaci\u00f3n de insumos agr\u00edcolas - Descubre soluciones innovadoras para maximizar el rendimiento de tus cultivos en Chile.\",\"breadcrumb\":{\"@id\":\"https:\\\/\\\/summit-agro.com\\\/cl\\\/trabaja-con-nosotros\\\/#breadcrumb\"},\"inLanguage\":\"es\",\"potentialAction\":[{\"@type\":\"ReadAction\",\"target\":[\"https:\\\/\\\/summit-agro.com\\\/cl\\\/trabaja-con-nosotros\\\/\"]}]},{\"@type\":\"BreadcrumbList\",\"@id\":\"https:\\\/\\\/summit-agro.com\\\/cl\\\/trabaja-con-nosotros\\\/#breadcrumb\",\"itemListElement\":[{\"@type\":\"ListItem\",\"position\":1,\"name\":\"Portada\",\"item\":\"https:\\\/\\\/summit-agro.com\\\/cl\\\/\"},{\"@type\":\"ListItem\",\"position\":2,\"name\":\"Trabaja con nosotros\"}]},{\"@type\":\"WebSite\",\"@id\":\"https:\\\/\\\/summit-agro.com\\\/cl\\\/#website\",\"url\":\"https:\\\/\\\/summit-agro.com\\\/cl\\\/\",\"name\":\"Summit Agro Chile - Venta y comercializaci\u00f3n de insumos agr\u00edcolas\",\"description\":\"Venta y comercializaci\u00f3n de insumos agr\u00edcolas\",\"publisher\":{\"@id\":\"https:\\\/\\\/summit-agro.com\\\/cl\\\/#organization\"},\"alternateName\":\"Summit Agro Chile\",\"potentialAction\":[{\"@type\":\"SearchAction\",\"target\":{\"@type\":\"EntryPoint\",\"urlTemplate\":\"https:\\\/\\\/summit-agro.com\\\/cl\\\/?s={search_term_string}\"},\"query-input\":{\"@type\":\"PropertyValueSpecification\",\"valueRequired\":true,\"valueName\":\"search_term_string\"}}],\"inLanguage\":\"es\"},{\"@type\":\"Organization\",\"@id\":\"https:\\\/\\\/summit-agro.com\\\/cl\\\/#organization\",\"name\":\"Summit Agro Chile - Venta y comercializaci\u00f3n de insumos agr\u00edcolas\",\"alternateName\":\"Summit Agro Chile\",\"url\":\"https:\\\/\\\/summit-agro.com\\\/cl\\\/\",\"logo\":{\"@type\":\"ImageObject\",\"inLanguage\":\"es\",\"@id\":\"https:\\\/\\\/summit-agro.com\\\/cl\\\/#\\\/schema\\\/logo\\\/image\\\/\",\"url\":\"https:\\\/\\\/summit-agro.com\\\/cl\\\/wp-content\\\/uploads\\\/2025\\\/10\\\/SummitAgro-logo-favicon.png\",\"contentUrl\":\"https:\\\/\\\/summit-agro.com\\\/cl\\\/wp-content\\\/uploads\\\/2025\\\/10\\\/SummitAgro-logo-favicon.png\",\"width\":512,\"height\":512,\"caption\":\"Summit Agro Chile - Venta y comercializaci\u00f3n de insumos agr\u00edcolas\"},\"image\":{\"@id\":\"https:\\\/\\\/summit-agro.com\\\/cl\\\/#\\\/schema\\\/logo\\\/image\\\/\"}}]}<\/script>\n<!-- \/ Yoast SEO plugin. -->","yoast_head_json":{"title":"Trabaja con nosotros - Summit Agro - Venta y comercializaci\u00f3n de insumos agr\u00edcolas","description":"Trabaja con nosotros - Summit Agro - Venta y comercializaci\u00f3n de insumos agr\u00edcolas - Descubre soluciones innovadoras para maximizar el rendimiento de tus cultivos en Chile.","robots":{"index":"noindex","follow":"nofollow"},"og_locale":"es_ES","og_type":"article","og_title":"Trabaja con nosotros - Summit Agro - Venta y comercializaci\u00f3n de insumos agr\u00edcolas","og_description":"Trabaja con nosotros - Summit Agro - Venta y comercializaci\u00f3n de insumos agr\u00edcolas - Descubre soluciones innovadoras para maximizar el rendimiento de tus cultivos en Chile.","og_url":"https:\/\/summit-agro.com\/cl\/trabaja-con-nosotros\/","og_site_name":"Summit Agro - Venta y comercializaci\u00f3n de insumos agr\u00edcolas","article_modified_time":"2026-03-26T18:01:41+00:00","og_image":[{"width":512,"height":512,"url":"https:\/\/summit-agro.com\/cl\/wp-content\/uploads\/2025\/10\/SummitAgro-logo-favicon.png","type":"image\/png"}],"twitter_card":"summary_large_image","twitter_misc":{"Tiempo de lectura":"1 minuto"},"schema":{"@context":"https:\/\/schema.org","@graph":[{"@type":"WebPage","@id":"https:\/\/summit-agro.com\/cl\/trabaja-con-nosotros\/","url":"https:\/\/summit-agro.com\/cl\/trabaja-con-nosotros\/","name":"Trabaja con nosotros - Summit Agro - Venta y comercializaci\u00f3n de insumos agr\u00edcolas","isPartOf":{"@id":"https:\/\/summit-agro.com\/cl\/#website"},"datePublished":"2026-03-26T17:19:36+00:00","dateModified":"2026-03-26T18:01:41+00:00","description":"Trabaja con nosotros - Summit Agro - Venta y comercializaci\u00f3n de insumos agr\u00edcolas - Descubre soluciones innovadoras para maximizar el rendimiento de tus cultivos en Chile.","breadcrumb":{"@id":"https:\/\/summit-agro.com\/cl\/trabaja-con-nosotros\/#breadcrumb"},"inLanguage":"es","potentialAction":[{"@type":"ReadAction","target":["https:\/\/summit-agro.com\/cl\/trabaja-con-nosotros\/"]}]},{"@type":"BreadcrumbList","@id":"https:\/\/summit-agro.com\/cl\/trabaja-con-nosotros\/#breadcrumb","itemListElement":[{"@type":"ListItem","position":1,"name":"Portada","item":"https:\/\/summit-agro.com\/cl\/"},{"@type":"ListItem","position":2,"name":"Trabaja con nosotros"}]},{"@type":"WebSite","@id":"https:\/\/summit-agro.com\/cl\/#website","url":"https:\/\/summit-agro.com\/cl\/","name":"Summit Agro Chile - Venta y comercializaci\u00f3n de insumos agr\u00edcolas","description":"Venta y comercializaci\u00f3n de insumos agr\u00edcolas","publisher":{"@id":"https:\/\/summit-agro.com\/cl\/#organization"},"alternateName":"Summit Agro Chile","potentialAction":[{"@type":"SearchAction","target":{"@type":"EntryPoint","urlTemplate":"https:\/\/summit-agro.com\/cl\/?s={search_term_string}"},"query-input":{"@type":"PropertyValueSpecification","valueRequired":true,"valueName":"search_term_string"}}],"inLanguage":"es"},{"@type":"Organization","@id":"https:\/\/summit-agro.com\/cl\/#organization","name":"Summit Agro Chile - Venta y comercializaci\u00f3n de insumos agr\u00edcolas","alternateName":"Summit Agro Chile","url":"https:\/\/summit-agro.com\/cl\/","logo":{"@type":"ImageObject","inLanguage":"es","@id":"https:\/\/summit-agro.com\/cl\/#\/schema\/logo\/image\/","url":"https:\/\/summit-agro.com\/cl\/wp-content\/uploads\/2025\/10\/SummitAgro-logo-favicon.png","contentUrl":"https:\/\/summit-agro.com\/cl\/wp-content\/uploads\/2025\/10\/SummitAgro-logo-favicon.png","width":512,"height":512,"caption":"Summit Agro Chile - Venta y comercializaci\u00f3n de insumos agr\u00edcolas"},"image":{"@id":"https:\/\/summit-agro.com\/cl\/#\/schema\/logo\/image\/"}}]}},"_links":{"self":[{"href":"https:\/\/summit-agro.com\/cl\/wp-json\/wp\/v2\/pages\/5050","targetHints":{"allow":["GET"]}}],"collection":[{"href":"https:\/\/summit-agro.com\/cl\/wp-json\/wp\/v2\/pages"}],"about":[{"href":"https:\/\/summit-agro.com\/cl\/wp-json\/wp\/v2\/types\/page"}],"author":[{"embeddable":true,"href":"https:\/\/summit-agro.com\/cl\/wp-json\/wp\/v2\/users\/4"}],"replies":[{"embeddable":true,"href":"https:\/\/summit-agro.com\/cl\/wp-json\/wp\/v2\/comments?post=5050"}],"version-history":[{"count":74,"href":"https:\/\/summit-agro.com\/cl\/wp-json\/wp\/v2\/pages\/5050\/revisions"}],"predecessor-version":[{"id":5143,"href":"https:\/\/summit-agro.com\/cl\/wp-json\/wp\/v2\/pages\/5050\/revisions\/5143"}],"wp:attachment":[{"href":"https:\/\/summit-agro.com\/cl\/wp-json\/wp\/v2\/media?parent=5050"}],"curies":[{"name":"wp","href":"https:\/\/api.w.org\/{rel}","templated":true}]}}