{"id":4994,"date":"2026-03-16T18:56:03","date_gmt":"2026-03-16T21:56:03","guid":{"rendered":"https:\/\/summit-agro.com\/cl\/?page_id=4994"},"modified":"2026-03-26T15:06:35","modified_gmt":"2026-03-26T18:06:35","slug":"canal-de-denuncias","status":"publish","type":"page","link":"https:\/\/summit-agro.com\/cl\/canal-de-denuncias\/","title":{"rendered":"Canal de denuncias"},"content":{"rendered":"\t\t<div data-elementor-type=\"wp-page\" data-elementor-id=\"4994\" class=\"elementor elementor-4994\" data-elementor-post-type=\"page\">\n\t\t\t\t<div class=\"elementor-element elementor-element-7d6bf86 e-flex e-con-boxed e-con e-parent\" data-id=\"7d6bf86\" data-element_type=\"container\" data-e-type=\"container\" data-settings=\"{&quot;background_background&quot;:&quot;classic&quot;}\">\n\t\t\t\t\t<div class=\"e-con-inner\">\n\t\t\t\t\t<\/div>\n\t\t\t\t<\/div>\n\t\t<div class=\"elementor-element elementor-element-9fc7fed e-flex e-con-boxed e-con e-parent\" data-id=\"9fc7fed\" data-element_type=\"container\" data-e-type=\"container\">\n\t\t\t\t\t<div class=\"e-con-inner\">\n\t\t\t\t<div class=\"elementor-element elementor-element-e5e4105 elementor-widget elementor-widget-heading\" data-id=\"e5e4105\" data-element_type=\"widget\" data-e-type=\"widget\" data-widget_type=\"heading.default\">\n\t\t\t\t\t<h2 class=\"elementor-heading-title elementor-size-default\">Summit Agro Chile, nos comprometemos con un ambiente laboral seguro, respetuoso.<\/h2>\t\t\t\t<\/div>\n\t\t\t\t<div class=\"elementor-element elementor-element-ca77808 elementor-widget elementor-widget-heading\" data-id=\"ca77808\" data-element_type=\"widget\" data-e-type=\"widget\" data-widget_type=\"heading.default\">\n\t\t\t\t\t<h2 class=\"elementor-heading-title elementor-size-default\">Por ello, hemos habilitado un nuevo canal de denuncias para que puedas reportar cualquier irregularidad de forma segura y confidencial. <\/h2>\t\t\t\t<\/div>\n\t\t\t\t<div class=\"elementor-element elementor-element-ba48c27 elementor-widget elementor-widget-heading\" data-id=\"ba48c27\" data-element_type=\"widget\" data-e-type=\"widget\" data-widget_type=\"heading.default\">\n\t\t\t\t\t<h3 class=\"elementor-heading-title elementor-size-default\">\u00bfQu\u00e9 puedes reportar?<\/h3>\t\t\t\t<\/div>\n\t\t\t\t<div class=\"elementor-element elementor-element-a99f38c elementor-icon-list--layout-traditional elementor-list-item-link-full_width elementor-widget elementor-widget-icon-list\" data-id=\"a99f38c\" data-element_type=\"widget\" data-e-type=\"widget\" data-widget_type=\"icon-list.default\">\n\t\t\t\t\t\t\t<ul class=\"elementor-icon-list-items\">\n\t\t\t\t\t\t\t<li class=\"elementor-icon-list-item\">\n\t\t\t\t\t\t\t\t\t\t\t<span class=\"elementor-icon-list-icon\">\n\t\t\t\t\t\t\t<svg aria-hidden=\"true\" class=\"e-font-icon-svg e-far-dot-circle\" viewBox=\"0 0 512 512\" xmlns=\"http:\/\/www.w3.org\/2000\/svg\"><path d=\"M256 56c110.532 0 200 89.451 200 200 0 110.532-89.451 200-200 200-110.532 0-200-89.451-200-200 0-110.532 89.451-200 200-200m0-48C119.033 8 8 119.033 8 256s111.033 248 248 248 248-111.033 248-248S392.967 8 256 8zm0 168c-44.183 0-80 35.817-80 80s35.817 80 80 80 80-35.817 80-80-35.817-80-80-80z\"><\/path><\/svg>\t\t\t\t\t\t<\/span>\n\t\t\t\t\t\t\t\t\t\t<span class=\"elementor-icon-list-text\">Ley Karin: Casos de acoso laboral, acoso sexual y situaciones de discriminaci\u00f3n o violencia en el trabajo.<\/span>\n\t\t\t\t\t\t\t\t\t<\/li>\n\t\t\t\t\t\t\t\t<li class=\"elementor-icon-list-item\">\n\t\t\t\t\t\t\t\t\t\t\t<span class=\"elementor-icon-list-icon\">\n\t\t\t\t\t\t\t<svg aria-hidden=\"true\" class=\"e-font-icon-svg e-far-dot-circle\" viewBox=\"0 0 512 512\" xmlns=\"http:\/\/www.w3.org\/2000\/svg\"><path d=\"M256 56c110.532 0 200 89.451 200 200 0 110.532-89.451 200-200 200-110.532 0-200-89.451-200-200 0-110.532 89.451-200 200-200m0-48C119.033 8 8 119.033 8 256s111.033 248 248 248 248-111.033 248-248S392.967 8 256 8zm0 168c-44.183 0-80 35.817-80 80s35.817 80 80 80 80-35.817 80-80-35.817-80-80-80z\"><\/path><\/svg>\t\t\t\t\t\t<\/span>\n\t\t\t\t\t\t\t\t\t\t<span class=\"elementor-icon-list-text\">Prevenci\u00f3n de Delitos: Hechos relacionados con corrupci\u00f3n, cohecho, lavado de activos, administraci\u00f3n desleal, delitos ambientales, entre otros.<\/span>\n\t\t\t\t\t\t\t\t\t<\/li>\n\t\t\t\t\t\t<\/ul>\n\t\t\t\t\t\t<\/div>\n\t\t\t\t<div class=\"elementor-element elementor-element-37e3314 elementor-widget elementor-widget-heading\" data-id=\"37e3314\" data-element_type=\"widget\" data-e-type=\"widget\" data-widget_type=\"heading.default\">\n\t\t\t\t\t<h3 class=\"elementor-heading-title elementor-size-default\">\u00bfC\u00f3mo funciona?<\/h3>\t\t\t\t<\/div>\n\t\t\t\t<div class=\"elementor-element elementor-element-804b585 elementor-widget elementor-widget-text-editor\" data-id=\"804b585\" data-element_type=\"widget\" data-e-type=\"widget\" data-widget_type=\"text-editor.default\">\n\t\t\t\t\t\t\t\t\t<p>1. Accede al canal escaneando el siguiente c\u00f3digo QR o ingresando al link:<br \/><a href=\"https:\/\/sach.buk.cl\/cul_partner_complaint\/tickets\/new\" target=\"_blank\" rel=\"noopener\"><span style=\"color: #ff9e1c;\"><strong>sach.buk.cl\/cul_partner_complaint\/tickets\/new<\/strong><\/span><\/a><\/p>\t\t\t\t\t\t\t\t<\/div>\n\t\t\t\t<div class=\"elementor-element elementor-element-df5c0b3 elementor-widget elementor-widget-heading\" data-id=\"df5c0b3\" data-element_type=\"widget\" data-e-type=\"widget\" data-widget_type=\"heading.default\">\n\t\t\t\t\t<h2 class=\"elementor-heading-title elementor-size-default\">2. Puedes denunciar de forma an\u00f3nima o identific\u00e1ndote.<\/h2>\t\t\t\t<\/div>\n\t\t\t\t<div class=\"elementor-element elementor-element-4f8437c elementor-widget elementor-widget-heading\" data-id=\"4f8437c\" data-element_type=\"widget\" data-e-type=\"widget\" data-widget_type=\"heading.default\">\n\t\t\t\t\t<h2 class=\"elementor-heading-title elementor-size-default\">3. Tu denuncia ser\u00e1 gestionada con confidencialidad absoluta.<\/h2>\t\t\t\t<\/div>\n\t\t\t\t<div class=\"elementor-element elementor-element-e9b4365 elementor-widget-divider--view-line elementor-widget elementor-widget-divider\" data-id=\"e9b4365\" data-element_type=\"widget\" data-e-type=\"widget\" data-widget_type=\"divider.default\">\n\t\t\t\t\t\t\t<div class=\"elementor-divider\">\n\t\t\t<span class=\"elementor-divider-separator\">\n\t\t\t\t\t\t<\/span>\n\t\t<\/div>\n\t\t\t\t\t\t<\/div>\n\t\t\t\t\t<\/div>\n\t\t\t\t<\/div>\n\t\t<div class=\"elementor-element elementor-element-4c60cb4 e-flex e-con-boxed e-con e-parent\" data-id=\"4c60cb4\" data-element_type=\"container\" data-e-type=\"container\">\n\t\t\t\t\t<div class=\"e-con-inner\">\n\t\t<div class=\"elementor-element elementor-element-9e0ecfd e-con-full e-flex e-con e-child\" data-id=\"9e0ecfd\" data-element_type=\"container\" data-e-type=\"container\">\n\t\t\t\t<div class=\"elementor-element elementor-element-948dd77 elementor-widget elementor-widget-heading\" data-id=\"948dd77\" data-element_type=\"widget\" data-e-type=\"widget\" data-widget_type=\"heading.default\">\n\t\t\t\t\t<h3 class=\"elementor-heading-title elementor-size-default\">\u00a1Tu voz es importante!<\/h3>\t\t\t\t<\/div>\n\t\t\t\t<div class=\"elementor-element elementor-element-733b7e6 elementor-widget elementor-widget-heading\" data-id=\"733b7e6\" data-element_type=\"widget\" data-e-type=\"widget\" data-widget_type=\"heading.default\">\n\t\t\t\t\t<h2 class=\"elementor-heading-title elementor-size-default\">Denunciar no solo protege tus derechos,\nsino que ayuda a construir una empresa\nm\u00e1s justa y segura para todos<\/h2>\t\t\t\t<\/div>\n\t\t\t\t<div class=\"elementor-element elementor-element-1a95b33 elementor-icon-list--layout-traditional elementor-list-item-link-full_width elementor-widget elementor-widget-icon-list\" data-id=\"1a95b33\" data-element_type=\"widget\" data-e-type=\"widget\" data-widget_type=\"icon-list.default\">\n\t\t\t\t\t\t\t<ul class=\"elementor-icon-list-items\">\n\t\t\t\t\t\t\t<li class=\"elementor-icon-list-item\">\n\t\t\t\t\t\t\t\t\t\t\t<a href=\"https:\/\/summit-agro.com\/cl\/canal-de-denuncias\/\" target=\"_blank\">\n\n\t\t\t\t\t\t\t\t\t\t\t\t<span class=\"elementor-icon-list-icon\">\n\t\t\t\t\t\t\t<svg aria-hidden=\"true\" class=\"e-font-icon-svg e-fas-qrcode\" viewBox=\"0 0 448 512\" xmlns=\"http:\/\/www.w3.org\/2000\/svg\"><path d=\"M0 224h192V32H0v192zM64 96h64v64H64V96zm192-64v192h192V32H256zm128 128h-64V96h64v64zM0 480h192V288H0v192zm64-128h64v64H64v-64zm352-64h32v128h-96v-32h-32v96h-64V288h96v32h64v-32zm0 160h32v32h-32v-32zm-64 0h32v32h-32v-32z\"><\/path><\/svg>\t\t\t\t\t\t<\/span>\n\t\t\t\t\t\t\t\t\t\t<span class=\"elementor-icon-list-text\">Escanea aqu\u00ed para acceder al canal \u2192<\/span>\n\t\t\t\t\t\t\t\t\t\t\t<\/a>\n\t\t\t\t\t\t\t\t\t<\/li>\n\t\t\t\t\t\t\t\t<li class=\"elementor-icon-list-item\">\n\t\t\t\t\t\t\t\t\t\t\t<a href=\"https:\/\/sach.buk.cl\/cul_partner_complaint\/tickets\/new\" target=\"_blank\" rel=\"nofollow\">\n\n\t\t\t\t\t\t\t\t\t\t\t\t<span class=\"elementor-icon-list-icon\">\n\t\t\t\t\t\t\t<svg aria-hidden=\"true\" class=\"e-font-icon-svg e-fas-external-link-alt\" viewBox=\"0 0 512 512\" xmlns=\"http:\/\/www.w3.org\/2000\/svg\"><path d=\"M432,320H400a16,16,0,0,0-16,16V448H64V128H208a16,16,0,0,0,16-16V80a16,16,0,0,0-16-16H48A48,48,0,0,0,0,112V464a48,48,0,0,0,48,48H400a48,48,0,0,0,48-48V336A16,16,0,0,0,432,320ZM488,0h-128c-21.37,0-32.05,25.91-17,41l35.73,35.73L135,320.37a24,24,0,0,0,0,34L157.67,377a24,24,0,0,0,34,0L435.28,133.32,471,169c15,15,41,4.5,41-17V24A24,24,0,0,0,488,0Z\"><\/path><\/svg>\t\t\t\t\t\t<\/span>\n\t\t\t\t\t\t\t\t\t\t<span class=\"elementor-icon-list-text\">O haz click aqu\u00ed para acceder al formulario<\/span>\n\t\t\t\t\t\t\t\t\t\t\t<\/a>\n\t\t\t\t\t\t\t\t\t<\/li>\n\t\t\t\t\t\t<\/ul>\n\t\t\t\t\t\t<\/div>\n\t\t\t\t<div class=\"elementor-element elementor-element-686d798 elementor-widget elementor-widget-heading\" data-id=\"686d798\" data-element_type=\"widget\" data-e-type=\"widget\" data-widget_type=\"heading.default\">\n\t\t\t\t\t<h2 class=\"elementor-heading-title elementor-size-default\">\u00a1Contamos contigo!<\/h2>\t\t\t\t<\/div>\n\t\t\t\t<\/div>\n\t\t<div class=\"elementor-element elementor-element-a2e8d2e e-con-full e-flex e-con e-child\" data-id=\"a2e8d2e\" data-element_type=\"container\" data-e-type=\"container\">\n\t\t\t\t<div class=\"elementor-element elementor-element-52d3e4a elementor-widget elementor-widget-image\" data-id=\"52d3e4a\" data-element_type=\"widget\" data-e-type=\"widget\" data-widget_type=\"image.default\">\n\t\t\t\t\t\t\t\t\t\t\t\t\t\t\t\t<a href=\"https:\/\/summit-agro.com\/cl\/canal-de-denuncias\/\">\n\t\t\t\t\t\t\t<img fetchpriority=\"high\" decoding=\"async\" width=\"800\" height=\"800\" src=\"https:\/\/summit-agro.com\/cl\/wp-content\/uploads\/2026\/03\/Captura-de-pantalla-2026-03-17-a-las-10.12.21-1024x1024.jpg\" class=\"attachment-large size-large wp-image-5006\" alt=\"\" srcset=\"https:\/\/summit-agro.com\/cl\/wp-content\/uploads\/2026\/03\/Captura-de-pantalla-2026-03-17-a-las-10.12.21-1024x1024.jpg 1024w, https:\/\/summit-agro.com\/cl\/wp-content\/uploads\/2026\/03\/Captura-de-pantalla-2026-03-17-a-las-10.12.21-300x300.jpg 300w, https:\/\/summit-agro.com\/cl\/wp-content\/uploads\/2026\/03\/Captura-de-pantalla-2026-03-17-a-las-10.12.21-150x150.jpg 150w, https:\/\/summit-agro.com\/cl\/wp-content\/uploads\/2026\/03\/Captura-de-pantalla-2026-03-17-a-las-10.12.21-768x769.jpg 768w, https:\/\/summit-agro.com\/cl\/wp-content\/uploads\/2026\/03\/Captura-de-pantalla-2026-03-17-a-las-10.12.21-1534x1536.jpg 1534w, https:\/\/summit-agro.com\/cl\/wp-content\/uploads\/2026\/03\/Captura-de-pantalla-2026-03-17-a-las-10.12.21.jpg 1652w\" sizes=\"(max-width: 800px) 100vw, 800px\" \/>\t\t\t\t\t\t\t\t<\/a>\n\t\t\t\t\t\t\t\t\t\t\t\t\t\t\t<\/div>\n\t\t\t\t<\/div>\n\t\t\t\t\t<\/div>\n\t\t\t\t<\/div>\n\t\t\t\t<\/div>\n\t\t","protected":false},"excerpt":{"rendered":"<p>Summit Agro Chile, nos comprometemos con un ambiente laboral seguro, respetuoso. Por ello, hemos habilitado un nuevo canal de denuncias para que puedas reportar cualquier irregularidad de forma segura y confidencial. \u00bfQu\u00e9 puedes reportar? Ley Karin: Casos de acoso laboral, acoso sexual y situaciones de discriminaci\u00f3n o violencia en el trabajo. Prevenci\u00f3n de Delitos: Hechos [&hellip;]<\/p>\n","protected":false},"author":4,"featured_media":0,"parent":0,"menu_order":0,"comment_status":"closed","ping_status":"closed","template":"","meta":{"_acf_changed":false,"_joinchat":[],"footnotes":""},"class_list":["post-4994","page","type-page","status-publish","hentry"],"acf":[],"yoast_head":"<!-- This site is optimized with the Yoast SEO plugin v27.3 - https:\/\/yoast.com\/product\/yoast-seo-wordpress\/ -->\n<title>Canal de denuncias - Summit Agro - Venta y comercializaci\u00f3n de insumos agr\u00edcolas<\/title>\n<meta name=\"description\" content=\"Canal de denuncias - Summit Agro - Venta y comercializaci\u00f3n de insumos agr\u00edcolas - Descubre soluciones innovadoras para maximizar el rendimiento de tus cultivos en Chile.\" \/>\n<meta name=\"robots\" content=\"noindex, nofollow\" \/>\n<meta property=\"og:locale\" content=\"es_ES\" \/>\n<meta property=\"og:type\" content=\"article\" \/>\n<meta property=\"og:title\" content=\"Canal de denuncias - Summit Agro - Venta y comercializaci\u00f3n de insumos agr\u00edcolas\" \/>\n<meta property=\"og:description\" content=\"Canal de denuncias - Summit Agro - Venta y comercializaci\u00f3n de insumos agr\u00edcolas - Descubre soluciones innovadoras para maximizar el rendimiento de tus cultivos en Chile.\" \/>\n<meta property=\"og:url\" content=\"https:\/\/summit-agro.com\/cl\/canal-de-denuncias\/\" \/>\n<meta property=\"og:site_name\" content=\"Summit Agro - Venta y comercializaci\u00f3n de insumos agr\u00edcolas\" \/>\n<meta property=\"article:modified_time\" content=\"2026-03-26T18:06:35+00:00\" \/>\n<meta property=\"og:image\" content=\"https:\/\/summit-agro.com\/cl\/wp-content\/uploads\/2026\/03\/Captura-de-pantalla-2026-03-17-a-las-10.12.21.jpg\" \/>\n\t<meta property=\"og:image:width\" content=\"1652\" \/>\n\t<meta property=\"og:image:height\" content=\"1654\" \/>\n\t<meta property=\"og:image:type\" content=\"image\/jpeg\" \/>\n<meta name=\"twitter:card\" content=\"summary_large_image\" \/>\n<meta name=\"twitter:label1\" content=\"Tiempo de lectura\" \/>\n\t<meta name=\"twitter:data1\" content=\"1 minuto\" \/>\n<script type=\"application\/ld+json\" class=\"yoast-schema-graph\">{\"@context\":\"https:\\\/\\\/schema.org\",\"@graph\":[{\"@type\":\"WebPage\",\"@id\":\"https:\\\/\\\/summit-agro.com\\\/cl\\\/canal-de-denuncias\\\/\",\"url\":\"https:\\\/\\\/summit-agro.com\\\/cl\\\/canal-de-denuncias\\\/\",\"name\":\"Canal de denuncias - Summit Agro - Venta y comercializaci\u00f3n de insumos agr\u00edcolas\",\"isPartOf\":{\"@id\":\"https:\\\/\\\/summit-agro.com\\\/cl\\\/#website\"},\"primaryImageOfPage\":{\"@id\":\"https:\\\/\\\/summit-agro.com\\\/cl\\\/canal-de-denuncias\\\/#primaryimage\"},\"image\":{\"@id\":\"https:\\\/\\\/summit-agro.com\\\/cl\\\/canal-de-denuncias\\\/#primaryimage\"},\"thumbnailUrl\":\"https:\\\/\\\/summit-agro.com\\\/cl\\\/wp-content\\\/uploads\\\/2026\\\/03\\\/Captura-de-pantalla-2026-03-17-a-las-10.12.21-1024x1024.jpg\",\"datePublished\":\"2026-03-16T21:56:03+00:00\",\"dateModified\":\"2026-03-26T18:06:35+00:00\",\"description\":\"Canal de denuncias - Summit Agro - Venta y comercializaci\u00f3n de insumos agr\u00edcolas - Descubre soluciones innovadoras para maximizar el rendimiento de tus cultivos en Chile.\",\"breadcrumb\":{\"@id\":\"https:\\\/\\\/summit-agro.com\\\/cl\\\/canal-de-denuncias\\\/#breadcrumb\"},\"inLanguage\":\"es\",\"potentialAction\":[{\"@type\":\"ReadAction\",\"target\":[\"https:\\\/\\\/summit-agro.com\\\/cl\\\/canal-de-denuncias\\\/\"]}]},{\"@type\":\"ImageObject\",\"inLanguage\":\"es\",\"@id\":\"https:\\\/\\\/summit-agro.com\\\/cl\\\/canal-de-denuncias\\\/#primaryimage\",\"url\":\"https:\\\/\\\/summit-agro.com\\\/cl\\\/wp-content\\\/uploads\\\/2026\\\/03\\\/Captura-de-pantalla-2026-03-17-a-las-10.12.21.jpg\",\"contentUrl\":\"https:\\\/\\\/summit-agro.com\\\/cl\\\/wp-content\\\/uploads\\\/2026\\\/03\\\/Captura-de-pantalla-2026-03-17-a-las-10.12.21.jpg\",\"width\":1652,\"height\":1654,\"caption\":\"Screenshot\"},{\"@type\":\"BreadcrumbList\",\"@id\":\"https:\\\/\\\/summit-agro.com\\\/cl\\\/canal-de-denuncias\\\/#breadcrumb\",\"itemListElement\":[{\"@type\":\"ListItem\",\"position\":1,\"name\":\"Portada\",\"item\":\"https:\\\/\\\/summit-agro.com\\\/cl\\\/\"},{\"@type\":\"ListItem\",\"position\":2,\"name\":\"Canal de denuncias\"}]},{\"@type\":\"WebSite\",\"@id\":\"https:\\\/\\\/summit-agro.com\\\/cl\\\/#website\",\"url\":\"https:\\\/\\\/summit-agro.com\\\/cl\\\/\",\"name\":\"Summit Agro Chile - Venta y comercializaci\u00f3n de insumos agr\u00edcolas\",\"description\":\"Venta y comercializaci\u00f3n de insumos agr\u00edcolas\",\"publisher\":{\"@id\":\"https:\\\/\\\/summit-agro.com\\\/cl\\\/#organization\"},\"alternateName\":\"Summit Agro Chile\",\"potentialAction\":[{\"@type\":\"SearchAction\",\"target\":{\"@type\":\"EntryPoint\",\"urlTemplate\":\"https:\\\/\\\/summit-agro.com\\\/cl\\\/?s={search_term_string}\"},\"query-input\":{\"@type\":\"PropertyValueSpecification\",\"valueRequired\":true,\"valueName\":\"search_term_string\"}}],\"inLanguage\":\"es\"},{\"@type\":\"Organization\",\"@id\":\"https:\\\/\\\/summit-agro.com\\\/cl\\\/#organization\",\"name\":\"Summit Agro Chile - Venta y comercializaci\u00f3n de insumos agr\u00edcolas\",\"alternateName\":\"Summit Agro Chile\",\"url\":\"https:\\\/\\\/summit-agro.com\\\/cl\\\/\",\"logo\":{\"@type\":\"ImageObject\",\"inLanguage\":\"es\",\"@id\":\"https:\\\/\\\/summit-agro.com\\\/cl\\\/#\\\/schema\\\/logo\\\/image\\\/\",\"url\":\"https:\\\/\\\/summit-agro.com\\\/cl\\\/wp-content\\\/uploads\\\/2025\\\/10\\\/SummitAgro-logo-favicon.png\",\"contentUrl\":\"https:\\\/\\\/summit-agro.com\\\/cl\\\/wp-content\\\/uploads\\\/2025\\\/10\\\/SummitAgro-logo-favicon.png\",\"width\":512,\"height\":512,\"caption\":\"Summit Agro Chile - Venta y comercializaci\u00f3n de insumos agr\u00edcolas\"},\"image\":{\"@id\":\"https:\\\/\\\/summit-agro.com\\\/cl\\\/#\\\/schema\\\/logo\\\/image\\\/\"}}]}<\/script>\n<!-- \/ Yoast SEO plugin. -->","yoast_head_json":{"title":"Canal de denuncias - Summit Agro - Venta y comercializaci\u00f3n de insumos agr\u00edcolas","description":"Canal de denuncias - Summit Agro - Venta y comercializaci\u00f3n de insumos agr\u00edcolas - Descubre soluciones innovadoras para maximizar el rendimiento de tus cultivos en Chile.","robots":{"index":"noindex","follow":"nofollow"},"og_locale":"es_ES","og_type":"article","og_title":"Canal de denuncias - Summit Agro - Venta y comercializaci\u00f3n de insumos agr\u00edcolas","og_description":"Canal de denuncias - Summit Agro - Venta y comercializaci\u00f3n de insumos agr\u00edcolas - Descubre soluciones innovadoras para maximizar el rendimiento de tus cultivos en Chile.","og_url":"https:\/\/summit-agro.com\/cl\/canal-de-denuncias\/","og_site_name":"Summit Agro - Venta y comercializaci\u00f3n de insumos agr\u00edcolas","article_modified_time":"2026-03-26T18:06:35+00:00","og_image":[{"width":1652,"height":1654,"url":"https:\/\/summit-agro.com\/cl\/wp-content\/uploads\/2026\/03\/Captura-de-pantalla-2026-03-17-a-las-10.12.21.jpg","type":"image\/jpeg"}],"twitter_card":"summary_large_image","twitter_misc":{"Tiempo de lectura":"1 minuto"},"schema":{"@context":"https:\/\/schema.org","@graph":[{"@type":"WebPage","@id":"https:\/\/summit-agro.com\/cl\/canal-de-denuncias\/","url":"https:\/\/summit-agro.com\/cl\/canal-de-denuncias\/","name":"Canal de denuncias - Summit Agro - Venta y comercializaci\u00f3n de insumos agr\u00edcolas","isPartOf":{"@id":"https:\/\/summit-agro.com\/cl\/#website"},"primaryImageOfPage":{"@id":"https:\/\/summit-agro.com\/cl\/canal-de-denuncias\/#primaryimage"},"image":{"@id":"https:\/\/summit-agro.com\/cl\/canal-de-denuncias\/#primaryimage"},"thumbnailUrl":"https:\/\/summit-agro.com\/cl\/wp-content\/uploads\/2026\/03\/Captura-de-pantalla-2026-03-17-a-las-10.12.21-1024x1024.jpg","datePublished":"2026-03-16T21:56:03+00:00","dateModified":"2026-03-26T18:06:35+00:00","description":"Canal de denuncias - Summit Agro - Venta y comercializaci\u00f3n de insumos agr\u00edcolas - Descubre soluciones innovadoras para maximizar el rendimiento de tus cultivos en Chile.","breadcrumb":{"@id":"https:\/\/summit-agro.com\/cl\/canal-de-denuncias\/#breadcrumb"},"inLanguage":"es","potentialAction":[{"@type":"ReadAction","target":["https:\/\/summit-agro.com\/cl\/canal-de-denuncias\/"]}]},{"@type":"ImageObject","inLanguage":"es","@id":"https:\/\/summit-agro.com\/cl\/canal-de-denuncias\/#primaryimage","url":"https:\/\/summit-agro.com\/cl\/wp-content\/uploads\/2026\/03\/Captura-de-pantalla-2026-03-17-a-las-10.12.21.jpg","contentUrl":"https:\/\/summit-agro.com\/cl\/wp-content\/uploads\/2026\/03\/Captura-de-pantalla-2026-03-17-a-las-10.12.21.jpg","width":1652,"height":1654,"caption":"Screenshot"},{"@type":"BreadcrumbList","@id":"https:\/\/summit-agro.com\/cl\/canal-de-denuncias\/#breadcrumb","itemListElement":[{"@type":"ListItem","position":1,"name":"Portada","item":"https:\/\/summit-agro.com\/cl\/"},{"@type":"ListItem","position":2,"name":"Canal de denuncias"}]},{"@type":"WebSite","@id":"https:\/\/summit-agro.com\/cl\/#website","url":"https:\/\/summit-agro.com\/cl\/","name":"Summit Agro Chile - Venta y comercializaci\u00f3n de insumos agr\u00edcolas","description":"Venta y comercializaci\u00f3n de insumos agr\u00edcolas","publisher":{"@id":"https:\/\/summit-agro.com\/cl\/#organization"},"alternateName":"Summit Agro Chile","potentialAction":[{"@type":"SearchAction","target":{"@type":"EntryPoint","urlTemplate":"https:\/\/summit-agro.com\/cl\/?s={search_term_string}"},"query-input":{"@type":"PropertyValueSpecification","valueRequired":true,"valueName":"search_term_string"}}],"inLanguage":"es"},{"@type":"Organization","@id":"https:\/\/summit-agro.com\/cl\/#organization","name":"Summit Agro Chile - Venta y comercializaci\u00f3n de insumos agr\u00edcolas","alternateName":"Summit Agro Chile","url":"https:\/\/summit-agro.com\/cl\/","logo":{"@type":"ImageObject","inLanguage":"es","@id":"https:\/\/summit-agro.com\/cl\/#\/schema\/logo\/image\/","url":"https:\/\/summit-agro.com\/cl\/wp-content\/uploads\/2025\/10\/SummitAgro-logo-favicon.png","contentUrl":"https:\/\/summit-agro.com\/cl\/wp-content\/uploads\/2025\/10\/SummitAgro-logo-favicon.png","width":512,"height":512,"caption":"Summit Agro Chile - Venta y comercializaci\u00f3n de insumos agr\u00edcolas"},"image":{"@id":"https:\/\/summit-agro.com\/cl\/#\/schema\/logo\/image\/"}}]}},"_links":{"self":[{"href":"https:\/\/summit-agro.com\/cl\/wp-json\/wp\/v2\/pages\/4994","targetHints":{"allow":["GET"]}}],"collection":[{"href":"https:\/\/summit-agro.com\/cl\/wp-json\/wp\/v2\/pages"}],"about":[{"href":"https:\/\/summit-agro.com\/cl\/wp-json\/wp\/v2\/types\/page"}],"author":[{"embeddable":true,"href":"https:\/\/summit-agro.com\/cl\/wp-json\/wp\/v2\/users\/4"}],"replies":[{"embeddable":true,"href":"https:\/\/summit-agro.com\/cl\/wp-json\/wp\/v2\/comments?post=4994"}],"version-history":[{"count":61,"href":"https:\/\/summit-agro.com\/cl\/wp-json\/wp\/v2\/pages\/4994\/revisions"}],"predecessor-version":[{"id":5155,"href":"https:\/\/summit-agro.com\/cl\/wp-json\/wp\/v2\/pages\/4994\/revisions\/5155"}],"wp:attachment":[{"href":"https:\/\/summit-agro.com\/cl\/wp-json\/wp\/v2\/media?parent=4994"}],"curies":[{"name":"wp","href":"https:\/\/api.w.org\/{rel}","templated":true}]}}