{"id":9152,"date":"2026-03-27T08:34:00","date_gmt":"2026-03-27T11:34:00","guid":{"rendered":"https:\/\/summit-agro.com\/ar\/es\/?post_type=product&#038;p=9152"},"modified":"2026-03-30T15:13:38","modified_gmt":"2026-03-30T18:13:38","slug":"sencorex","status":"publish","type":"product","link":"https:\/\/summit-agro.com\/ar\/es\/producto\/sencorex\/","title":{"rendered":"SENCOREX"},"content":{"rendered":"<p style=\"text-align: justify;\"><b>SENCOREX\u00a0<\/b> e<span data-olk-copy-source=\"MessageBody\">s un herbicida selectivo a base de metribuzin, formulado como suspensi\u00f3n concentrada, dise\u00f1ado para el control eficaz de malezas gram\u00edneas y latifoliadas en diversos cultivos. <\/span>Act\u00faa inhibiendo la fotos\u00edntesis a nivel del fotosistema II, interrumpiendo el transporte de electrones y provocando la muerte de las malezas tratadas. Puede aplicarse tanto en preemergencia como en postemergencia temprana, brindando flexibilidad de uso y adapt\u00e1ndose a distintas estrategias de manejo.<\/p>\n<p class=\"x_MsoNormal\">Se caracteriza por su amplio espectro de control, eficacia sobre malezas clave y buena selectividad en cultivos como soja, trigo, papa, tomate y ca\u00f1a de az\u00facar. Su formulaci\u00f3n de alta calidad asegura estabilidad, excelente dispersi\u00f3n y uniformidad de aplicaci\u00f3n, lo que se traduce en resultados consistentes a campo. Adem\u00e1s, presenta acci\u00f3n residual en suelo, contribuyendo al control de nuevas emergencias.<\/p>\n<ul>\n<li><strong>Aplicaci\u00f3n<\/strong>: Pre-emergencia y post-emergencia temprana<\/li>\n<li><strong>Formulaci\u00f3n<\/strong>: Suspensi\u00f3n concentrada (SC) 48%<\/li>\n<li><strong>Cultivos<\/strong>: Arveja, ca\u00f1a de az\u00facar, garbanzo, lenteja, papa, soja, tomate, trigo<\/li>\n<li><strong>Dosis<\/strong>: Variable seg\u00fan cultivo<\/li>\n<li><strong>Presentaci\u00f3n<\/strong>: Bid\u00f3n de 1 L\/ Bid\u00f3n de 10 L<\/li>\n<\/ul>\n<hr \/>\n<p><a href=\"https:\/\/summit-agro.com\/ar\/es\/wp-content\/uploads\/2024\/09\/Guia-de-Malezas-Summit-Agro-y-UNR-b.pdf\">Gu\u00eda de malezas<\/a> elaborada por Summit Agro Argentina en conjunto con la <a href=\"https:\/\/fcagr.unr.edu.ar\/\">Universidad Nacional de Rosario<\/a>.<\/p>\n","protected":false},"excerpt":{"rendered":"<hr \/>\n<p style=\"line-height: 2;\"><strong>INGREDIENTE ACTIVO:<\/strong> <span data-olk-copy-source=\"MessageBody\">Metribuzin 48 %.<\/span><br \/>\n<strong>CLASIFICACI\u00d3N DEL GRUPO DE FAMILIA:<\/strong> Grupo C1 (HRAC)<br \/>\n<strong>MODO DE ACCI\u00d3N:<\/strong> <span data-olk-copy-source=\"MessageBody\"> Inhibidor de la activaci\u00f3n lum\u00ednica de ROS<\/span><br \/>\n<strong>SITIO DE ACCI\u00d3N: <\/strong>Inhibidor de la fotos\u00edntesis en el fotosistema II<br \/>\n<strong>CLASIFICACI\u00d3N TOXICOL\u00d3GICA:<\/strong> <span style=\"color: #3366ff;\">Clase III<\/span><\/p>\n<hr \/>\n<p style=\"line-height: 2;\">\n","protected":false},"featured_media":9153,"template":"","meta":{"site-sidebar-layout":"default","site-content-layout":"default","ast-site-content-layout":"default","site-content-style":"default","site-sidebar-style":"default","ast-global-header-display":"","ast-banner-title-visibility":"","ast-main-header-display":"","ast-hfb-above-header-display":"","ast-hfb-below-header-display":"","ast-hfb-mobile-header-display":"","site-post-title":"","ast-breadcrumbs-content":"","ast-featured-img":"","footer-sml-layout":"","ast-disable-related-posts":"","theme-transparent-header-meta":"default","adv-header-id-meta":"","stick-header-meta":"","header-above-stick-meta":"","header-main-stick-meta":"","header-below-stick-meta":"","astra-migrate-meta-layouts":"set","ast-page-background-enabled":"default","ast-page-background-meta":{"desktop":{"background-color":"var(--ast-global-color-4)","background-image":"","background-repeat":"repeat","background-position":"center center","background-size":"auto","background-attachment":"scroll","background-type":"","background-media":"","overlay-type":"","overlay-color":"","overlay-opacity":"","overlay-gradient":""},"tablet":{"background-color":"","background-image":"","background-repeat":"repeat","background-position":"center center","background-size":"auto","background-attachment":"scroll","background-type":"","background-media":"","overlay-type":"","overlay-color":"","overlay-opacity":"","overlay-gradient":""},"mobile":{"background-color":"","background-image":"","background-repeat":"repeat","background-position":"center center","background-size":"auto","background-attachment":"scroll","background-type":"","background-media":"","overlay-type":"","overlay-color":"","overlay-opacity":"","overlay-gradient":""}},"ast-content-background-meta":{"desktop":{"background-color":"var(--ast-global-color-5)","background-image":"","background-repeat":"repeat","background-position":"center center","background-size":"auto","background-attachment":"scroll","background-type":"","background-media":"","overlay-type":"","overlay-color":"","overlay-opacity":"","overlay-gradient":""},"tablet":{"background-color":"var(--ast-global-color-5)","background-image":"","background-repeat":"repeat","background-position":"center center","background-size":"auto","background-attachment":"scroll","background-type":"","background-media":"","overlay-type":"","overlay-color":"","overlay-opacity":"","overlay-gradient":""},"mobile":{"background-color":"var(--ast-global-color-5)","background-image":"","background-repeat":"repeat","background-position":"center center","background-size":"auto","background-attachment":"scroll","background-type":"","background-media":"","overlay-type":"","overlay-color":"","overlay-opacity":"","overlay-gradient":""}}},"product_brand":[],"product_cat":[20],"product_tag":[],"class_list":{"0":"post-9152","1":"product","2":"type-product","3":"status-publish","4":"has-post-thumbnail","6":"product_cat-herbicidas","7":"cultivo-arveja","8":"cultivo-batata","9":"cultivo-cana-de-azucar","10":"cultivo-esparragos","11":"cultivo-garbanzo","12":"cultivo-lenteja","13":"cultivo-papa","14":"cultivo-soja","15":"cultivo-tomate","16":"cultivo-trigo","17":"cultivo-zanahoria","18":"problematica-alopecurus-mysurioides","19":"problematica-amaranthus-quitensis","20":"problematica-ammi-majus","21":"problematica-anoda-cristata","22":"problematica-anthemis-cotula","23":"problematica-brassica-campestris","24":"problematica-bromus-spp","25":"problematica-capsella-bursa-pastoris","26":"problematica-carduus-spp","27":"problematica-chenopodium-album","28":"problematica-coronopus-didymus","29":"problematica-cucurbita-andreana","30":"problematica-datura-ferox","31":"problematica-digitaria-sanguinalis","32":"problematica-echinochloa-crus-galli","33":"problematica-eleusine-indica","34":"problematica-fumaria-officinalis","35":"problematica-galinsoga-parviflora","36":"problematica-lamium-amplexicaule","37":"problematica-lepidium-spp","38":"problematica-malezas","39":"problematica-matricaria-chamomilla","40":"problematica-parietaria-debilis","41":"problematica-polygonum-aviculare","42":"problematica-polygonum-convolvulus","43":"problematica-portulaca-oleracea","44":"problematica-raphanus-raphanistrum","45":"problematica-raphanus-sativus","46":"problematica-sonchus-oleraceus","47":"problematica-sorghum-halepense","48":"problematica-stellaria-media","49":"problematica-tagetes-minuta","50":"problematica-taraxacum-officinale","51":"problematica-urtica-urens","52":"desktop-align-left","53":"tablet-align-left","54":"mobile-align-left","56":"first","57":"instock","58":"shipping-taxable","59":"purchasable","60":"product-type-simple"},"yoast_head":"<!-- This site is optimized with the Yoast SEO plugin v27.3 - https:\/\/yoast.com\/product\/yoast-seo-wordpress\/ -->\n<title>SENCOREX - HERBICIDA SELECTIVO<\/title>\n<meta name=\"description\" content=\"SENCOREX \u2013 Herbicida selectivo: Pre y postemergente temprano, formulado a base de metribuzin para el control eficaz de malezas gram\u00edneas y latifoliadas.\" \/>\n<meta name=\"robots\" content=\"index, follow, max-snippet:-1, max-image-preview:large, max-video-preview:-1\" \/>\n<link rel=\"canonical\" href=\"https:\/\/summit-agro.com\/ar\/es\/producto\/sencorex\/\" \/>\n<meta property=\"og:locale\" content=\"es_ES\" \/>\n<meta property=\"og:type\" content=\"article\" \/>\n<meta property=\"og:title\" content=\"SENCOREX - HERBICIDA SELECTIVO\" \/>\n<meta property=\"og:description\" content=\"SENCOREX \u2013 Herbicida selectivo: Pre y postemergente temprano, formulado a base de metribuzin para el control eficaz de malezas gram\u00edneas y latifoliadas.\" \/>\n<meta property=\"og:url\" content=\"https:\/\/summit-agro.com\/ar\/es\/producto\/sencorex\/\" \/>\n<meta property=\"og:site_name\" content=\"Summit Agro - Argentina\" \/>\n<meta property=\"article:modified_time\" content=\"2026-03-30T18:13:38+00:00\" \/>\n<meta property=\"og:image\" content=\"https:\/\/summit-agro.com\/ar\/es\/wp-content\/uploads\/2026\/03\/SENCOREX-Logo-web.png\" \/>\n\t<meta property=\"og:image:width\" content=\"1000\" \/>\n\t<meta property=\"og:image:height\" content=\"1000\" \/>\n\t<meta property=\"og:image:type\" content=\"image\/png\" \/>\n<meta name=\"twitter:card\" content=\"summary_large_image\" \/>\n<meta name=\"twitter:label1\" content=\"Tiempo de lectura\" \/>\n\t<meta name=\"twitter:data1\" content=\"2 minutos\" \/>\n<script type=\"application\/ld+json\" class=\"yoast-schema-graph\">{\"@context\":\"https:\\\/\\\/schema.org\",\"@graph\":[{\"@type\":\"WebPage\",\"@id\":\"https:\\\/\\\/summit-agro.com\\\/ar\\\/es\\\/producto\\\/sencorex\\\/\",\"url\":\"https:\\\/\\\/summit-agro.com\\\/ar\\\/es\\\/producto\\\/sencorex\\\/\",\"name\":\"SENCOREX - HERBICIDA SELECTIVO\",\"isPartOf\":{\"@id\":\"https:\\\/\\\/summit-agro.com\\\/ar\\\/es\\\/#website\"},\"primaryImageOfPage\":{\"@id\":\"https:\\\/\\\/summit-agro.com\\\/ar\\\/es\\\/producto\\\/sencorex\\\/#primaryimage\"},\"image\":{\"@id\":\"https:\\\/\\\/summit-agro.com\\\/ar\\\/es\\\/producto\\\/sencorex\\\/#primaryimage\"},\"thumbnailUrl\":\"https:\\\/\\\/summit-agro.com\\\/ar\\\/es\\\/wp-content\\\/uploads\\\/2026\\\/03\\\/SENCOREX-Logo-web.png\",\"datePublished\":\"2026-03-27T11:34:00+00:00\",\"dateModified\":\"2026-03-30T18:13:38+00:00\",\"description\":\"SENCOREX \u2013 Herbicida selectivo: Pre y postemergente temprano, formulado a base de metribuzin para el control eficaz de malezas gram\u00edneas y latifoliadas.\",\"breadcrumb\":{\"@id\":\"https:\\\/\\\/summit-agro.com\\\/ar\\\/es\\\/producto\\\/sencorex\\\/#breadcrumb\"},\"inLanguage\":\"es-AR\",\"potentialAction\":[{\"@type\":\"ReadAction\",\"target\":[\"https:\\\/\\\/summit-agro.com\\\/ar\\\/es\\\/producto\\\/sencorex\\\/\"]}]},{\"@type\":\"ImageObject\",\"inLanguage\":\"es-AR\",\"@id\":\"https:\\\/\\\/summit-agro.com\\\/ar\\\/es\\\/producto\\\/sencorex\\\/#primaryimage\",\"url\":\"https:\\\/\\\/summit-agro.com\\\/ar\\\/es\\\/wp-content\\\/uploads\\\/2026\\\/03\\\/SENCOREX-Logo-web.png\",\"contentUrl\":\"https:\\\/\\\/summit-agro.com\\\/ar\\\/es\\\/wp-content\\\/uploads\\\/2026\\\/03\\\/SENCOREX-Logo-web.png\",\"width\":1000,\"height\":1000},{\"@type\":\"BreadcrumbList\",\"@id\":\"https:\\\/\\\/summit-agro.com\\\/ar\\\/es\\\/producto\\\/sencorex\\\/#breadcrumb\",\"itemListElement\":[{\"@type\":\"ListItem\",\"position\":1,\"name\":\"Portada\",\"item\":\"https:\\\/\\\/summit-agro.com\\\/ar\\\/es\\\/\"},{\"@type\":\"ListItem\",\"position\":2,\"name\":\"Soluciones\",\"item\":\"https:\\\/\\\/summit-agro.com\\\/ar\\\/es\\\/productos\\\/\"},{\"@type\":\"ListItem\",\"position\":3,\"name\":\"SENCOREX\"}]},{\"@type\":\"WebSite\",\"@id\":\"https:\\\/\\\/summit-agro.com\\\/ar\\\/es\\\/#website\",\"url\":\"https:\\\/\\\/summit-agro.com\\\/ar\\\/es\\\/\",\"name\":\"Summit Agro - Argentina\",\"description\":\"\",\"publisher\":{\"@id\":\"https:\\\/\\\/summit-agro.com\\\/ar\\\/es\\\/#organization\"},\"potentialAction\":[{\"@type\":\"SearchAction\",\"target\":{\"@type\":\"EntryPoint\",\"urlTemplate\":\"https:\\\/\\\/summit-agro.com\\\/ar\\\/es\\\/?s={search_term_string}\"},\"query-input\":{\"@type\":\"PropertyValueSpecification\",\"valueRequired\":true,\"valueName\":\"search_term_string\"}}],\"inLanguage\":\"es-AR\"},{\"@type\":\"Organization\",\"@id\":\"https:\\\/\\\/summit-agro.com\\\/ar\\\/es\\\/#organization\",\"name\":\"Summit Agro - Argentina\",\"url\":\"https:\\\/\\\/summit-agro.com\\\/ar\\\/es\\\/\",\"logo\":{\"@type\":\"ImageObject\",\"inLanguage\":\"es-AR\",\"@id\":\"https:\\\/\\\/summit-agro.com\\\/ar\\\/es\\\/#\\\/schema\\\/logo\\\/image\\\/\",\"url\":\"https:\\\/\\\/summit-agro.com\\\/ar\\\/es\\\/wp-content\\\/uploads\\\/2021\\\/12\\\/summitlogo.png\",\"contentUrl\":\"https:\\\/\\\/summit-agro.com\\\/ar\\\/es\\\/wp-content\\\/uploads\\\/2021\\\/12\\\/summitlogo.png\",\"width\":192,\"height\":76,\"caption\":\"Summit Agro - Argentina\"},\"image\":{\"@id\":\"https:\\\/\\\/summit-agro.com\\\/ar\\\/es\\\/#\\\/schema\\\/logo\\\/image\\\/\"}}]}<\/script>\n<!-- \/ Yoast SEO plugin. -->","yoast_head_json":{"title":"SENCOREX - HERBICIDA SELECTIVO","description":"SENCOREX \u2013 Herbicida selectivo: Pre y postemergente temprano, formulado a base de metribuzin para el control eficaz de malezas gram\u00edneas y latifoliadas.","robots":{"index":"index","follow":"follow","max-snippet":"max-snippet:-1","max-image-preview":"max-image-preview:large","max-video-preview":"max-video-preview:-1"},"canonical":"https:\/\/summit-agro.com\/ar\/es\/producto\/sencorex\/","og_locale":"es_ES","og_type":"article","og_title":"SENCOREX - HERBICIDA SELECTIVO","og_description":"SENCOREX \u2013 Herbicida selectivo: Pre y postemergente temprano, formulado a base de metribuzin para el control eficaz de malezas gram\u00edneas y latifoliadas.","og_url":"https:\/\/summit-agro.com\/ar\/es\/producto\/sencorex\/","og_site_name":"Summit Agro - Argentina","article_modified_time":"2026-03-30T18:13:38+00:00","og_image":[{"width":1000,"height":1000,"url":"https:\/\/summit-agro.com\/ar\/es\/wp-content\/uploads\/2026\/03\/SENCOREX-Logo-web.png","type":"image\/png"}],"twitter_card":"summary_large_image","twitter_misc":{"Tiempo de lectura":"2 minutos"},"schema":{"@context":"https:\/\/schema.org","@graph":[{"@type":"WebPage","@id":"https:\/\/summit-agro.com\/ar\/es\/producto\/sencorex\/","url":"https:\/\/summit-agro.com\/ar\/es\/producto\/sencorex\/","name":"SENCOREX - HERBICIDA SELECTIVO","isPartOf":{"@id":"https:\/\/summit-agro.com\/ar\/es\/#website"},"primaryImageOfPage":{"@id":"https:\/\/summit-agro.com\/ar\/es\/producto\/sencorex\/#primaryimage"},"image":{"@id":"https:\/\/summit-agro.com\/ar\/es\/producto\/sencorex\/#primaryimage"},"thumbnailUrl":"https:\/\/summit-agro.com\/ar\/es\/wp-content\/uploads\/2026\/03\/SENCOREX-Logo-web.png","datePublished":"2026-03-27T11:34:00+00:00","dateModified":"2026-03-30T18:13:38+00:00","description":"SENCOREX \u2013 Herbicida selectivo: Pre y postemergente temprano, formulado a base de metribuzin para el control eficaz de malezas gram\u00edneas y latifoliadas.","breadcrumb":{"@id":"https:\/\/summit-agro.com\/ar\/es\/producto\/sencorex\/#breadcrumb"},"inLanguage":"es-AR","potentialAction":[{"@type":"ReadAction","target":["https:\/\/summit-agro.com\/ar\/es\/producto\/sencorex\/"]}]},{"@type":"ImageObject","inLanguage":"es-AR","@id":"https:\/\/summit-agro.com\/ar\/es\/producto\/sencorex\/#primaryimage","url":"https:\/\/summit-agro.com\/ar\/es\/wp-content\/uploads\/2026\/03\/SENCOREX-Logo-web.png","contentUrl":"https:\/\/summit-agro.com\/ar\/es\/wp-content\/uploads\/2026\/03\/SENCOREX-Logo-web.png","width":1000,"height":1000},{"@type":"BreadcrumbList","@id":"https:\/\/summit-agro.com\/ar\/es\/producto\/sencorex\/#breadcrumb","itemListElement":[{"@type":"ListItem","position":1,"name":"Portada","item":"https:\/\/summit-agro.com\/ar\/es\/"},{"@type":"ListItem","position":2,"name":"Soluciones","item":"https:\/\/summit-agro.com\/ar\/es\/productos\/"},{"@type":"ListItem","position":3,"name":"SENCOREX"}]},{"@type":"WebSite","@id":"https:\/\/summit-agro.com\/ar\/es\/#website","url":"https:\/\/summit-agro.com\/ar\/es\/","name":"Summit Agro - Argentina","description":"","publisher":{"@id":"https:\/\/summit-agro.com\/ar\/es\/#organization"},"potentialAction":[{"@type":"SearchAction","target":{"@type":"EntryPoint","urlTemplate":"https:\/\/summit-agro.com\/ar\/es\/?s={search_term_string}"},"query-input":{"@type":"PropertyValueSpecification","valueRequired":true,"valueName":"search_term_string"}}],"inLanguage":"es-AR"},{"@type":"Organization","@id":"https:\/\/summit-agro.com\/ar\/es\/#organization","name":"Summit Agro - Argentina","url":"https:\/\/summit-agro.com\/ar\/es\/","logo":{"@type":"ImageObject","inLanguage":"es-AR","@id":"https:\/\/summit-agro.com\/ar\/es\/#\/schema\/logo\/image\/","url":"https:\/\/summit-agro.com\/ar\/es\/wp-content\/uploads\/2021\/12\/summitlogo.png","contentUrl":"https:\/\/summit-agro.com\/ar\/es\/wp-content\/uploads\/2021\/12\/summitlogo.png","width":192,"height":76,"caption":"Summit Agro - Argentina"},"image":{"@id":"https:\/\/summit-agro.com\/ar\/es\/#\/schema\/logo\/image\/"}}]}},"_links":{"self":[{"href":"https:\/\/summit-agro.com\/ar\/es\/wp-json\/wp\/v2\/product\/9152","targetHints":{"allow":["GET"]}}],"collection":[{"href":"https:\/\/summit-agro.com\/ar\/es\/wp-json\/wp\/v2\/product"}],"about":[{"href":"https:\/\/summit-agro.com\/ar\/es\/wp-json\/wp\/v2\/types\/product"}],"wp:featuredmedia":[{"embeddable":true,"href":"https:\/\/summit-agro.com\/ar\/es\/wp-json\/wp\/v2\/media\/9153"}],"wp:attachment":[{"href":"https:\/\/summit-agro.com\/ar\/es\/wp-json\/wp\/v2\/media?parent=9152"}],"wp:term":[{"taxonomy":"product_brand","embeddable":true,"href":"https:\/\/summit-agro.com\/ar\/es\/wp-json\/wp\/v2\/product_brand?post=9152"},{"taxonomy":"product_cat","embeddable":true,"href":"https:\/\/summit-agro.com\/ar\/es\/wp-json\/wp\/v2\/product_cat?post=9152"},{"taxonomy":"product_tag","embeddable":true,"href":"https:\/\/summit-agro.com\/ar\/es\/wp-json\/wp\/v2\/product_tag?post=9152"}],"curies":[{"name":"wp","href":"https:\/\/api.w.org\/{rel}","templated":true}]}}