{"id":7578,"date":"2025-11-03T22:37:36","date_gmt":"2025-11-04T01:37:36","guid":{"rendered":"https:\/\/summit-agro.com\/ar\/es\/?post_type=product&#038;p=7578"},"modified":"2025-11-05T15:07:48","modified_gmt":"2025-11-05T18:07:48","slug":"moka-bioestimulante-levadura","status":"publish","type":"product","link":"https:\/\/summit-agro.com\/ar\/es\/producto\/moka-bioestimulante-levadura\/","title":{"rendered":"MOKA<div class=\"seipro\"><\/div>"},"content":{"rendered":"<p style=\"text-align: justify;\"><span data-olk-copy-source=\"MessageBody\"><strong>MOKA<\/strong> es un bioestimulante a base de extracto de levadura, obtenido por autolisis de una cepa seleccionada de Saccharomyces cerevisiae. Su composici\u00f3n, rica en minerales y una amplia variedad de amino\u00e1cidos libres estimulan la toma de color de los frutos, divisi\u00f3n y expansi\u00f3n celular de la planta y la bios\u00edntesis de antocianinas. Su aplicaci\u00f3n mejora el crecimiento de la planta durante la fase reproductiva y aumenta su rendimiento. Promueve el desarrollo de la fruta durante las etapas del cuajado, engorde y maduraci\u00f3n. Aporta beneficios a la planta asegurando una cosecha homog\u00e9nea.<\/span><\/p>\n<ul>\n<li><strong>Formulaci\u00f3n<\/strong>: <span data-olk-copy-source=\"MessageBody\">Liquido Soluble (SL)<\/span><\/li>\n<li><strong>Cultivos<\/strong>: Manzana<\/li>\n<li><strong>Dosis<\/strong>: 2 L\/ha<\/li>\n<li><strong>Presentaci\u00f3n<\/strong>: <span data-olk-copy-source=\"MessageBody\">Bid\u00f3n de 10 L<\/span><\/li>\n<\/ul>\n","protected":false},"excerpt":{"rendered":"<hr \/>\n<p style=\"line-height: 2;\"><strong>INGREDIENTE ACTIVO:<\/strong> <span data-olk-copy-source=\"MessageBody\">Nitr\u00f3geno Total (N) \u2013F\u00f3sforo<\/span>(P<sub>2<\/sub>O<sub>5<\/sub>)\u2013 Potasio(K<sub>2<\/sub>O)\u00a0\u2013 Amino\u00e1cidos Libres<br \/>\n<strong>MODO DE ACCI\u00d3N:<\/strong> Bioestimulante.<br \/>\n<strong>CLASIFICACI\u00d3N TOXICOL\u00d3GICA: <\/strong>No aplicable.<\/p>\n<hr \/>\n","protected":false},"featured_media":7579,"template":"","meta":{"site-sidebar-layout":"default","site-content-layout":"default","ast-site-content-layout":"default","site-content-style":"default","site-sidebar-style":"default","ast-global-header-display":"","ast-banner-title-visibility":"","ast-main-header-display":"","ast-hfb-above-header-display":"","ast-hfb-below-header-display":"","ast-hfb-mobile-header-display":"","site-post-title":"","ast-breadcrumbs-content":"","ast-featured-img":"","footer-sml-layout":"","ast-disable-related-posts":"","theme-transparent-header-meta":"default","adv-header-id-meta":"","stick-header-meta":"","header-above-stick-meta":"","header-main-stick-meta":"","header-below-stick-meta":"","astra-migrate-meta-layouts":"set","ast-page-background-enabled":"default","ast-page-background-meta":{"desktop":{"background-color":"var(--ast-global-color-4)","background-image":"","background-repeat":"repeat","background-position":"center center","background-size":"auto","background-attachment":"scroll","background-type":"","background-media":"","overlay-type":"","overlay-color":"","overlay-opacity":"","overlay-gradient":""},"tablet":{"background-color":"","background-image":"","background-repeat":"repeat","background-position":"center center","background-size":"auto","background-attachment":"scroll","background-type":"","background-media":"","overlay-type":"","overlay-color":"","overlay-opacity":"","overlay-gradient":""},"mobile":{"background-color":"","background-image":"","background-repeat":"repeat","background-position":"center center","background-size":"auto","background-attachment":"scroll","background-type":"","background-media":"","overlay-type":"","overlay-color":"","overlay-opacity":"","overlay-gradient":""}},"ast-content-background-meta":{"desktop":{"background-color":"var(--ast-global-color-5)","background-image":"","background-repeat":"repeat","background-position":"center center","background-size":"auto","background-attachment":"scroll","background-type":"","background-media":"","overlay-type":"","overlay-color":"","overlay-opacity":"","overlay-gradient":""},"tablet":{"background-color":"var(--ast-global-color-5)","background-image":"","background-repeat":"repeat","background-position":"center center","background-size":"auto","background-attachment":"scroll","background-type":"","background-media":"","overlay-type":"","overlay-color":"","overlay-opacity":"","overlay-gradient":""},"mobile":{"background-color":"var(--ast-global-color-5)","background-image":"","background-repeat":"repeat","background-position":"center center","background-size":"auto","background-attachment":"scroll","background-type":"","background-media":"","overlay-type":"","overlay-color":"","overlay-opacity":"","overlay-gradient":""}}},"product_brand":[],"product_cat":[345],"product_tag":[],"class_list":{"0":"post-7578","1":"product","2":"type-product","3":"status-publish","4":"has-post-thumbnail","6":"product_cat-biologicos-seipro","7":"cultivo-manzano","8":"desktop-align-left","9":"tablet-align-left","10":"mobile-align-left","12":"first","13":"instock","14":"shipping-taxable","15":"purchasable","16":"product-type-simple"},"yoast_head":"<!-- This site is optimized with the Yoast SEO plugin v27.3 - https:\/\/yoast.com\/product\/yoast-seo-wordpress\/ -->\n<title>MOKA - BIOESTIMULANTE DE LEVADURA<\/title>\n<meta name=\"description\" content=\"MOKA - Bioestimulante a base de extracto de levadura. Estimula el desarrollo y la toma de color de los frutos, asegurando una cosecha homog\u00e9nea.\" \/>\n<meta name=\"robots\" content=\"index, follow, max-snippet:-1, max-image-preview:large, max-video-preview:-1\" \/>\n<link rel=\"canonical\" href=\"https:\/\/summit-agro.com\/ar\/es\/producto\/moka-bioestimulante-levadura\/\" \/>\n<meta property=\"og:locale\" content=\"es_ES\" \/>\n<meta property=\"og:type\" content=\"article\" \/>\n<meta property=\"og:title\" content=\"MOKA - BIOESTIMULANTE DE LEVADURA\" \/>\n<meta property=\"og:description\" content=\"MOKA - Bioestimulante a base de extracto de levadura. Estimula el desarrollo y la toma de color de los frutos, asegurando una cosecha homog\u00e9nea.\" \/>\n<meta property=\"og:url\" content=\"https:\/\/summit-agro.com\/ar\/es\/producto\/moka-bioestimulante-levadura\/\" \/>\n<meta property=\"og:site_name\" content=\"Summit Agro - Argentina\" \/>\n<meta property=\"article:modified_time\" content=\"2025-11-05T18:07:48+00:00\" \/>\n<meta property=\"og:image\" content=\"https:\/\/summit-agro.com\/ar\/es\/wp-content\/uploads\/2025\/11\/Moka-para-la-web.png\" \/>\n\t<meta property=\"og:image:width\" content=\"1000\" \/>\n\t<meta property=\"og:image:height\" content=\"1000\" \/>\n\t<meta property=\"og:image:type\" content=\"image\/png\" \/>\n<meta name=\"twitter:card\" content=\"summary_large_image\" \/>\n<meta name=\"twitter:label1\" content=\"Tiempo de lectura\" \/>\n\t<meta name=\"twitter:data1\" content=\"1 minuto\" \/>\n<script type=\"application\/ld+json\" class=\"yoast-schema-graph\">{\"@context\":\"https:\\\/\\\/schema.org\",\"@graph\":[{\"@type\":\"WebPage\",\"@id\":\"https:\\\/\\\/summit-agro.com\\\/ar\\\/es\\\/producto\\\/moka-bioestimulante-levadura\\\/\",\"url\":\"https:\\\/\\\/summit-agro.com\\\/ar\\\/es\\\/producto\\\/moka-bioestimulante-levadura\\\/\",\"name\":\"MOKA - BIOESTIMULANTE DE LEVADURA\",\"isPartOf\":{\"@id\":\"https:\\\/\\\/summit-agro.com\\\/ar\\\/es\\\/#website\"},\"primaryImageOfPage\":{\"@id\":\"https:\\\/\\\/summit-agro.com\\\/ar\\\/es\\\/producto\\\/moka-bioestimulante-levadura\\\/#primaryimage\"},\"image\":{\"@id\":\"https:\\\/\\\/summit-agro.com\\\/ar\\\/es\\\/producto\\\/moka-bioestimulante-levadura\\\/#primaryimage\"},\"thumbnailUrl\":\"https:\\\/\\\/summit-agro.com\\\/ar\\\/es\\\/wp-content\\\/uploads\\\/2025\\\/11\\\/Moka-para-la-web.png\",\"datePublished\":\"2025-11-04T01:37:36+00:00\",\"dateModified\":\"2025-11-05T18:07:48+00:00\",\"description\":\"MOKA - Bioestimulante a base de extracto de levadura. Estimula el desarrollo y la toma de color de los frutos, asegurando una cosecha homog\u00e9nea.\",\"breadcrumb\":{\"@id\":\"https:\\\/\\\/summit-agro.com\\\/ar\\\/es\\\/producto\\\/moka-bioestimulante-levadura\\\/#breadcrumb\"},\"inLanguage\":\"es-AR\",\"potentialAction\":[{\"@type\":\"ReadAction\",\"target\":[\"https:\\\/\\\/summit-agro.com\\\/ar\\\/es\\\/producto\\\/moka-bioestimulante-levadura\\\/\"]}]},{\"@type\":\"ImageObject\",\"inLanguage\":\"es-AR\",\"@id\":\"https:\\\/\\\/summit-agro.com\\\/ar\\\/es\\\/producto\\\/moka-bioestimulante-levadura\\\/#primaryimage\",\"url\":\"https:\\\/\\\/summit-agro.com\\\/ar\\\/es\\\/wp-content\\\/uploads\\\/2025\\\/11\\\/Moka-para-la-web.png\",\"contentUrl\":\"https:\\\/\\\/summit-agro.com\\\/ar\\\/es\\\/wp-content\\\/uploads\\\/2025\\\/11\\\/Moka-para-la-web.png\",\"width\":1000,\"height\":1000},{\"@type\":\"BreadcrumbList\",\"@id\":\"https:\\\/\\\/summit-agro.com\\\/ar\\\/es\\\/producto\\\/moka-bioestimulante-levadura\\\/#breadcrumb\",\"itemListElement\":[{\"@type\":\"ListItem\",\"position\":1,\"name\":\"Portada\",\"item\":\"https:\\\/\\\/summit-agro.com\\\/ar\\\/es\\\/\"},{\"@type\":\"ListItem\",\"position\":2,\"name\":\"Soluciones\",\"item\":\"https:\\\/\\\/summit-agro.com\\\/ar\\\/es\\\/productos\\\/\"},{\"@type\":\"ListItem\",\"position\":3,\"name\":\"MOKA\"}]},{\"@type\":\"WebSite\",\"@id\":\"https:\\\/\\\/summit-agro.com\\\/ar\\\/es\\\/#website\",\"url\":\"https:\\\/\\\/summit-agro.com\\\/ar\\\/es\\\/\",\"name\":\"Summit Agro - Argentina\",\"description\":\"\",\"publisher\":{\"@id\":\"https:\\\/\\\/summit-agro.com\\\/ar\\\/es\\\/#organization\"},\"potentialAction\":[{\"@type\":\"SearchAction\",\"target\":{\"@type\":\"EntryPoint\",\"urlTemplate\":\"https:\\\/\\\/summit-agro.com\\\/ar\\\/es\\\/?s={search_term_string}\"},\"query-input\":{\"@type\":\"PropertyValueSpecification\",\"valueRequired\":true,\"valueName\":\"search_term_string\"}}],\"inLanguage\":\"es-AR\"},{\"@type\":\"Organization\",\"@id\":\"https:\\\/\\\/summit-agro.com\\\/ar\\\/es\\\/#organization\",\"name\":\"Summit Agro - Argentina\",\"url\":\"https:\\\/\\\/summit-agro.com\\\/ar\\\/es\\\/\",\"logo\":{\"@type\":\"ImageObject\",\"inLanguage\":\"es-AR\",\"@id\":\"https:\\\/\\\/summit-agro.com\\\/ar\\\/es\\\/#\\\/schema\\\/logo\\\/image\\\/\",\"url\":\"https:\\\/\\\/summit-agro.com\\\/ar\\\/es\\\/wp-content\\\/uploads\\\/2021\\\/12\\\/summitlogo.png\",\"contentUrl\":\"https:\\\/\\\/summit-agro.com\\\/ar\\\/es\\\/wp-content\\\/uploads\\\/2021\\\/12\\\/summitlogo.png\",\"width\":192,\"height\":76,\"caption\":\"Summit Agro - Argentina\"},\"image\":{\"@id\":\"https:\\\/\\\/summit-agro.com\\\/ar\\\/es\\\/#\\\/schema\\\/logo\\\/image\\\/\"}}]}<\/script>\n<!-- \/ Yoast SEO plugin. -->","yoast_head_json":{"title":"MOKA - BIOESTIMULANTE DE LEVADURA","description":"MOKA - Bioestimulante a base de extracto de levadura. Estimula el desarrollo y la toma de color de los frutos, asegurando una cosecha homog\u00e9nea.","robots":{"index":"index","follow":"follow","max-snippet":"max-snippet:-1","max-image-preview":"max-image-preview:large","max-video-preview":"max-video-preview:-1"},"canonical":"https:\/\/summit-agro.com\/ar\/es\/producto\/moka-bioestimulante-levadura\/","og_locale":"es_ES","og_type":"article","og_title":"MOKA - BIOESTIMULANTE DE LEVADURA","og_description":"MOKA - Bioestimulante a base de extracto de levadura. Estimula el desarrollo y la toma de color de los frutos, asegurando una cosecha homog\u00e9nea.","og_url":"https:\/\/summit-agro.com\/ar\/es\/producto\/moka-bioestimulante-levadura\/","og_site_name":"Summit Agro - Argentina","article_modified_time":"2025-11-05T18:07:48+00:00","og_image":[{"width":1000,"height":1000,"url":"https:\/\/summit-agro.com\/ar\/es\/wp-content\/uploads\/2025\/11\/Moka-para-la-web.png","type":"image\/png"}],"twitter_card":"summary_large_image","twitter_misc":{"Tiempo de lectura":"1 minuto"},"schema":{"@context":"https:\/\/schema.org","@graph":[{"@type":"WebPage","@id":"https:\/\/summit-agro.com\/ar\/es\/producto\/moka-bioestimulante-levadura\/","url":"https:\/\/summit-agro.com\/ar\/es\/producto\/moka-bioestimulante-levadura\/","name":"MOKA - BIOESTIMULANTE DE LEVADURA","isPartOf":{"@id":"https:\/\/summit-agro.com\/ar\/es\/#website"},"primaryImageOfPage":{"@id":"https:\/\/summit-agro.com\/ar\/es\/producto\/moka-bioestimulante-levadura\/#primaryimage"},"image":{"@id":"https:\/\/summit-agro.com\/ar\/es\/producto\/moka-bioestimulante-levadura\/#primaryimage"},"thumbnailUrl":"https:\/\/summit-agro.com\/ar\/es\/wp-content\/uploads\/2025\/11\/Moka-para-la-web.png","datePublished":"2025-11-04T01:37:36+00:00","dateModified":"2025-11-05T18:07:48+00:00","description":"MOKA - Bioestimulante a base de extracto de levadura. Estimula el desarrollo y la toma de color de los frutos, asegurando una cosecha homog\u00e9nea.","breadcrumb":{"@id":"https:\/\/summit-agro.com\/ar\/es\/producto\/moka-bioestimulante-levadura\/#breadcrumb"},"inLanguage":"es-AR","potentialAction":[{"@type":"ReadAction","target":["https:\/\/summit-agro.com\/ar\/es\/producto\/moka-bioestimulante-levadura\/"]}]},{"@type":"ImageObject","inLanguage":"es-AR","@id":"https:\/\/summit-agro.com\/ar\/es\/producto\/moka-bioestimulante-levadura\/#primaryimage","url":"https:\/\/summit-agro.com\/ar\/es\/wp-content\/uploads\/2025\/11\/Moka-para-la-web.png","contentUrl":"https:\/\/summit-agro.com\/ar\/es\/wp-content\/uploads\/2025\/11\/Moka-para-la-web.png","width":1000,"height":1000},{"@type":"BreadcrumbList","@id":"https:\/\/summit-agro.com\/ar\/es\/producto\/moka-bioestimulante-levadura\/#breadcrumb","itemListElement":[{"@type":"ListItem","position":1,"name":"Portada","item":"https:\/\/summit-agro.com\/ar\/es\/"},{"@type":"ListItem","position":2,"name":"Soluciones","item":"https:\/\/summit-agro.com\/ar\/es\/productos\/"},{"@type":"ListItem","position":3,"name":"MOKA"}]},{"@type":"WebSite","@id":"https:\/\/summit-agro.com\/ar\/es\/#website","url":"https:\/\/summit-agro.com\/ar\/es\/","name":"Summit Agro - Argentina","description":"","publisher":{"@id":"https:\/\/summit-agro.com\/ar\/es\/#organization"},"potentialAction":[{"@type":"SearchAction","target":{"@type":"EntryPoint","urlTemplate":"https:\/\/summit-agro.com\/ar\/es\/?s={search_term_string}"},"query-input":{"@type":"PropertyValueSpecification","valueRequired":true,"valueName":"search_term_string"}}],"inLanguage":"es-AR"},{"@type":"Organization","@id":"https:\/\/summit-agro.com\/ar\/es\/#organization","name":"Summit Agro - Argentina","url":"https:\/\/summit-agro.com\/ar\/es\/","logo":{"@type":"ImageObject","inLanguage":"es-AR","@id":"https:\/\/summit-agro.com\/ar\/es\/#\/schema\/logo\/image\/","url":"https:\/\/summit-agro.com\/ar\/es\/wp-content\/uploads\/2021\/12\/summitlogo.png","contentUrl":"https:\/\/summit-agro.com\/ar\/es\/wp-content\/uploads\/2021\/12\/summitlogo.png","width":192,"height":76,"caption":"Summit Agro - Argentina"},"image":{"@id":"https:\/\/summit-agro.com\/ar\/es\/#\/schema\/logo\/image\/"}}]}},"_links":{"self":[{"href":"https:\/\/summit-agro.com\/ar\/es\/wp-json\/wp\/v2\/product\/7578","targetHints":{"allow":["GET"]}}],"collection":[{"href":"https:\/\/summit-agro.com\/ar\/es\/wp-json\/wp\/v2\/product"}],"about":[{"href":"https:\/\/summit-agro.com\/ar\/es\/wp-json\/wp\/v2\/types\/product"}],"wp:featuredmedia":[{"embeddable":true,"href":"https:\/\/summit-agro.com\/ar\/es\/wp-json\/wp\/v2\/media\/7579"}],"wp:attachment":[{"href":"https:\/\/summit-agro.com\/ar\/es\/wp-json\/wp\/v2\/media?parent=7578"}],"wp:term":[{"taxonomy":"product_brand","embeddable":true,"href":"https:\/\/summit-agro.com\/ar\/es\/wp-json\/wp\/v2\/product_brand?post=7578"},{"taxonomy":"product_cat","embeddable":true,"href":"https:\/\/summit-agro.com\/ar\/es\/wp-json\/wp\/v2\/product_cat?post=7578"},{"taxonomy":"product_tag","embeddable":true,"href":"https:\/\/summit-agro.com\/ar\/es\/wp-json\/wp\/v2\/product_tag?post=7578"}],"curies":[{"name":"wp","href":"https:\/\/api.w.org\/{rel}","templated":true}]}}