{"id":7558,"date":"2025-10-20T22:35:33","date_gmt":"2025-10-21T01:35:33","guid":{"rendered":"https:\/\/summit-agro.com\/ar\/es\/?post_type=product&#038;p=7558"},"modified":"2026-03-30T14:01:07","modified_gmt":"2026-03-30T17:01:07","slug":"zenshin","status":"publish","type":"product","link":"https:\/\/summit-agro.com\/ar\/es\/producto\/zenshin\/","title":{"rendered":"ZENSHIN"},"content":{"rendered":"<p style=\"text-align: justify;\"><strong>ZENSHIN <\/strong>es un herbicida post-emergente no selectivo, con cierta acci\u00f3n sist\u00e9mica. Se encuentra especialmente dise\u00f1ado para el control post-emergente de malezas de hoja ancha y gram\u00edneas.<\/p>\n<ul>\n<li><strong>Aplicaci\u00f3n<\/strong>: Post-emergencia sobre malezas activas (contacto).<\/li>\n<li><strong>Formulaci\u00f3n<\/strong>: Concentrado Soluble (SL).<\/li>\n<li><strong>Cultivos<\/strong>: Ma\u00edz LL, soja tolerante a glufosinato, \u00e1reas sin cultivo (barbechos) y frutales.<\/li>\n<li><strong>Dosis<\/strong>: 1,5 \u2013 2 L\/ha (malezas anuales) \/ 2,5 L\/ha &#8211; 3,5 L\/ha (malezas perennes o Sorghum halepense).<\/li>\n<li><strong>Presentaci\u00f3n<\/strong>: Bid\u00f3n de 20 L.<\/li>\n<\/ul>\n<hr \/>\n<p><a href=\"https:\/\/summit-agro.com\/ar\/es\/wp-content\/uploads\/2024\/09\/Guia-de-Malezas-Summit-Agro-y-UNR-b.pdf\">Gu\u00eda de malezas<\/a> elaborada por Summit Agro Argentina en conjunto con la <a href=\"https:\/\/fcagr.unr.edu.ar\/\">Universidad Nacional de Rosario<\/a>.<\/p>\n","protected":false},"excerpt":{"rendered":"<hr \/>\n<p style=\"line-height: 2;\"><strong>INGREDIENTE ACTIVO:<\/strong> Glufosinato de amonio 20% SL<br \/>\n<strong>CLASIFICACI\u00d3N DEL GRUPO DE FAMILIA:<\/strong> Grupo 10 (HRAC)<br \/>\n<strong>MODO DE ACCI\u00d3N:<\/strong> Inhibidor de la s\u00edntesis de glutamina<br \/>\n<strong>SITIO DE ACCI\u00d3N: <\/strong>Inhibidor de la Glutamina Sintetasa (GS).<br \/>\n<strong>CLASIFICACI\u00d3N TOXICOL\u00d3GICA:<\/strong> <span style=\"color: #3366ff;\">Clase III<\/span><\/p>\n<hr \/>\n<p style=\"line-height: 2;\">\n","protected":false},"featured_media":7559,"template":"","meta":{"site-sidebar-layout":"default","site-content-layout":"default","ast-site-content-layout":"default","site-content-style":"default","site-sidebar-style":"default","ast-global-header-display":"","ast-banner-title-visibility":"","ast-main-header-display":"","ast-hfb-above-header-display":"","ast-hfb-below-header-display":"","ast-hfb-mobile-header-display":"","site-post-title":"","ast-breadcrumbs-content":"","ast-featured-img":"","footer-sml-layout":"","ast-disable-related-posts":"","theme-transparent-header-meta":"default","adv-header-id-meta":"","stick-header-meta":"","header-above-stick-meta":"","header-main-stick-meta":"","header-below-stick-meta":"","astra-migrate-meta-layouts":"set","ast-page-background-enabled":"default","ast-page-background-meta":{"desktop":{"background-color":"var(--ast-global-color-4)","background-image":"","background-repeat":"repeat","background-position":"center center","background-size":"auto","background-attachment":"scroll","background-type":"","background-media":"","overlay-type":"","overlay-color":"","overlay-opacity":"","overlay-gradient":""},"tablet":{"background-color":"","background-image":"","background-repeat":"repeat","background-position":"center center","background-size":"auto","background-attachment":"scroll","background-type":"","background-media":"","overlay-type":"","overlay-color":"","overlay-opacity":"","overlay-gradient":""},"mobile":{"background-color":"","background-image":"","background-repeat":"repeat","background-position":"center center","background-size":"auto","background-attachment":"scroll","background-type":"","background-media":"","overlay-type":"","overlay-color":"","overlay-opacity":"","overlay-gradient":""}},"ast-content-background-meta":{"desktop":{"background-color":"var(--ast-global-color-5)","background-image":"","background-repeat":"repeat","background-position":"center center","background-size":"auto","background-attachment":"scroll","background-type":"","background-media":"","overlay-type":"","overlay-color":"","overlay-opacity":"","overlay-gradient":""},"tablet":{"background-color":"var(--ast-global-color-5)","background-image":"","background-repeat":"repeat","background-position":"center center","background-size":"auto","background-attachment":"scroll","background-type":"","background-media":"","overlay-type":"","overlay-color":"","overlay-opacity":"","overlay-gradient":""},"mobile":{"background-color":"var(--ast-global-color-5)","background-image":"","background-repeat":"repeat","background-position":"center center","background-size":"auto","background-attachment":"scroll","background-type":"","background-media":"","overlay-type":"","overlay-color":"","overlay-opacity":"","overlay-gradient":""}}},"product_brand":[],"product_cat":[20],"product_tag":[],"class_list":{"0":"post-7558","1":"product","2":"type-product","3":"status-publish","4":"has-post-thumbnail","6":"product_cat-herbicidas","7":"cultivo-barbecho","8":"cultivo-maiz","9":"cultivo-soja","10":"problematica-alternanthera-philoxeroides","11":"problematica-amaranthus-albus","12":"problematica-amaranthus-hybridus","13":"problematica-amaranthus-quitensis","14":"problematica-anoda-cristata","15":"problematica-anthemis-cotula","16":"problematica-avena-fatua","17":"problematica-bidens-pilosa","18":"problematica-brachiaria-extensa","19":"problematica-brassica-spp","20":"problematica-bromus-auleticus","21":"problematica-bromus-catharticus","22":"problematica-bromus-mollis","23":"problematica-bromus-spp","24":"problematica-capsella-bursa-pastoris","25":"problematica-chenopodium-album","26":"problematica-convolvulus-arvensis","27":"problematica-conyza-sumatrensis","28":"problematica-cynodon-dactylon","29":"problematica-cyperus-esculentus","30":"problematica-cyperus-rotundus","31":"problematica-datura-ferox","32":"problematica-digitaria-sanguinalis","33":"problematica-echinochloa-crus-galli","34":"problematica-eleusine-indica","35":"problematica-elytrigia-repens","36":"problematica-flaveria-bidentis","37":"problematica-fumaria-agraria","38":"problematica-galinsoga-parviflora","39":"problematica-hoffmannseggia-glauca","40":"problematica-ipomoea-spp","41":"problematica-kochia-scoparia","42":"problematica-lolium-multiflorum","43":"problematica-malezas","44":"problematica-matricaria-chamomilla","45":"problematica-melilotus-albus","46":"problematica-paspalum-distichum","47":"problematica-poa-annua","48":"problematica-polygonum-convolvulus","49":"problematica-portulaca-oleracea","50":"problematica-raphanus-sativus","51":"problematica-rumex-crispus","52":"problematica-salsola-kali","53":"problematica-senecio-vulgaris","54":"problematica-setaria-viridis","55":"problematica-sonchus-oleraceus","56":"problematica-sorghum-halepense","57":"problematica-stellaria-media","58":"problematica-tagetes-bonariensis","59":"problematica-trifolium-repens","60":"problematica-triticum-spp","61":"problematica-urtica-urens","62":"problematica-xanthium-cavanillesii","63":"problematica-zea-mays","64":"desktop-align-left","65":"tablet-align-left","66":"mobile-align-left","68":"first","69":"instock","70":"shipping-taxable","71":"purchasable","72":"product-type-simple"},"yoast_head":"<!-- This site is optimized with the Yoast SEO plugin v27.3 - https:\/\/yoast.com\/product\/yoast-seo-wordpress\/ -->\n<title>ZENSHIN - HERBICIDA NO SELECTIVO<\/title>\n<meta name=\"description\" content=\"ZENSHIN - Herbicida no selectivo: Post-emergente con cierta acci\u00f3n sist\u00e9mica, dise\u00f1ado para el control de malezas de hoja ancha y gram\u00edneas.\" \/>\n<meta name=\"robots\" content=\"index, follow, max-snippet:-1, max-image-preview:large, max-video-preview:-1\" \/>\n<link rel=\"canonical\" href=\"https:\/\/summit-agro.com\/ar\/es\/producto\/zenshin\/\" \/>\n<meta property=\"og:locale\" content=\"es_ES\" \/>\n<meta property=\"og:type\" content=\"article\" \/>\n<meta property=\"og:title\" content=\"ZENSHIN - HERBICIDA NO SELECTIVO\" \/>\n<meta property=\"og:description\" content=\"ZENSHIN - Herbicida no selectivo: Post-emergente con cierta acci\u00f3n sist\u00e9mica, dise\u00f1ado para el control de malezas de hoja ancha y gram\u00edneas.\" \/>\n<meta property=\"og:url\" content=\"https:\/\/summit-agro.com\/ar\/es\/producto\/zenshin\/\" \/>\n<meta property=\"og:site_name\" content=\"Summit Agro - Argentina\" \/>\n<meta property=\"article:modified_time\" content=\"2026-03-30T17:01:07+00:00\" \/>\n<meta property=\"og:image\" content=\"https:\/\/summit-agro.com\/ar\/es\/wp-content\/uploads\/2025\/10\/Zenshin-Logo-Web.png\" \/>\n\t<meta property=\"og:image:width\" content=\"1000\" \/>\n\t<meta property=\"og:image:height\" content=\"1000\" \/>\n\t<meta property=\"og:image:type\" content=\"image\/png\" \/>\n<meta name=\"twitter:card\" content=\"summary_large_image\" \/>\n<meta name=\"twitter:label1\" content=\"Tiempo de lectura\" \/>\n\t<meta name=\"twitter:data1\" content=\"1 minuto\" \/>\n<script type=\"application\/ld+json\" class=\"yoast-schema-graph\">{\"@context\":\"https:\\\/\\\/schema.org\",\"@graph\":[{\"@type\":\"WebPage\",\"@id\":\"https:\\\/\\\/summit-agro.com\\\/ar\\\/es\\\/producto\\\/zenshin\\\/\",\"url\":\"https:\\\/\\\/summit-agro.com\\\/ar\\\/es\\\/producto\\\/zenshin\\\/\",\"name\":\"ZENSHIN - HERBICIDA NO SELECTIVO\",\"isPartOf\":{\"@id\":\"https:\\\/\\\/summit-agro.com\\\/ar\\\/es\\\/#website\"},\"primaryImageOfPage\":{\"@id\":\"https:\\\/\\\/summit-agro.com\\\/ar\\\/es\\\/producto\\\/zenshin\\\/#primaryimage\"},\"image\":{\"@id\":\"https:\\\/\\\/summit-agro.com\\\/ar\\\/es\\\/producto\\\/zenshin\\\/#primaryimage\"},\"thumbnailUrl\":\"https:\\\/\\\/summit-agro.com\\\/ar\\\/es\\\/wp-content\\\/uploads\\\/2025\\\/10\\\/Zenshin-Logo-Web.png\",\"datePublished\":\"2025-10-21T01:35:33+00:00\",\"dateModified\":\"2026-03-30T17:01:07+00:00\",\"description\":\"ZENSHIN - Herbicida no selectivo: Post-emergente con cierta acci\u00f3n sist\u00e9mica, dise\u00f1ado para el control de malezas de hoja ancha y gram\u00edneas.\",\"breadcrumb\":{\"@id\":\"https:\\\/\\\/summit-agro.com\\\/ar\\\/es\\\/producto\\\/zenshin\\\/#breadcrumb\"},\"inLanguage\":\"es-AR\",\"potentialAction\":[{\"@type\":\"ReadAction\",\"target\":[\"https:\\\/\\\/summit-agro.com\\\/ar\\\/es\\\/producto\\\/zenshin\\\/\"]}]},{\"@type\":\"ImageObject\",\"inLanguage\":\"es-AR\",\"@id\":\"https:\\\/\\\/summit-agro.com\\\/ar\\\/es\\\/producto\\\/zenshin\\\/#primaryimage\",\"url\":\"https:\\\/\\\/summit-agro.com\\\/ar\\\/es\\\/wp-content\\\/uploads\\\/2025\\\/10\\\/Zenshin-Logo-Web.png\",\"contentUrl\":\"https:\\\/\\\/summit-agro.com\\\/ar\\\/es\\\/wp-content\\\/uploads\\\/2025\\\/10\\\/Zenshin-Logo-Web.png\",\"width\":1000,\"height\":1000},{\"@type\":\"BreadcrumbList\",\"@id\":\"https:\\\/\\\/summit-agro.com\\\/ar\\\/es\\\/producto\\\/zenshin\\\/#breadcrumb\",\"itemListElement\":[{\"@type\":\"ListItem\",\"position\":1,\"name\":\"Portada\",\"item\":\"https:\\\/\\\/summit-agro.com\\\/ar\\\/es\\\/\"},{\"@type\":\"ListItem\",\"position\":2,\"name\":\"Soluciones\",\"item\":\"https:\\\/\\\/summit-agro.com\\\/ar\\\/es\\\/productos\\\/\"},{\"@type\":\"ListItem\",\"position\":3,\"name\":\"ZENSHIN\"}]},{\"@type\":\"WebSite\",\"@id\":\"https:\\\/\\\/summit-agro.com\\\/ar\\\/es\\\/#website\",\"url\":\"https:\\\/\\\/summit-agro.com\\\/ar\\\/es\\\/\",\"name\":\"Summit Agro - Argentina\",\"description\":\"\",\"publisher\":{\"@id\":\"https:\\\/\\\/summit-agro.com\\\/ar\\\/es\\\/#organization\"},\"potentialAction\":[{\"@type\":\"SearchAction\",\"target\":{\"@type\":\"EntryPoint\",\"urlTemplate\":\"https:\\\/\\\/summit-agro.com\\\/ar\\\/es\\\/?s={search_term_string}\"},\"query-input\":{\"@type\":\"PropertyValueSpecification\",\"valueRequired\":true,\"valueName\":\"search_term_string\"}}],\"inLanguage\":\"es-AR\"},{\"@type\":\"Organization\",\"@id\":\"https:\\\/\\\/summit-agro.com\\\/ar\\\/es\\\/#organization\",\"name\":\"Summit Agro - Argentina\",\"url\":\"https:\\\/\\\/summit-agro.com\\\/ar\\\/es\\\/\",\"logo\":{\"@type\":\"ImageObject\",\"inLanguage\":\"es-AR\",\"@id\":\"https:\\\/\\\/summit-agro.com\\\/ar\\\/es\\\/#\\\/schema\\\/logo\\\/image\\\/\",\"url\":\"https:\\\/\\\/summit-agro.com\\\/ar\\\/es\\\/wp-content\\\/uploads\\\/2021\\\/12\\\/summitlogo.png\",\"contentUrl\":\"https:\\\/\\\/summit-agro.com\\\/ar\\\/es\\\/wp-content\\\/uploads\\\/2021\\\/12\\\/summitlogo.png\",\"width\":192,\"height\":76,\"caption\":\"Summit Agro - Argentina\"},\"image\":{\"@id\":\"https:\\\/\\\/summit-agro.com\\\/ar\\\/es\\\/#\\\/schema\\\/logo\\\/image\\\/\"}}]}<\/script>\n<!-- \/ Yoast SEO plugin. -->","yoast_head_json":{"title":"ZENSHIN - HERBICIDA NO SELECTIVO","description":"ZENSHIN - Herbicida no selectivo: Post-emergente con cierta acci\u00f3n sist\u00e9mica, dise\u00f1ado para el control de malezas de hoja ancha y gram\u00edneas.","robots":{"index":"index","follow":"follow","max-snippet":"max-snippet:-1","max-image-preview":"max-image-preview:large","max-video-preview":"max-video-preview:-1"},"canonical":"https:\/\/summit-agro.com\/ar\/es\/producto\/zenshin\/","og_locale":"es_ES","og_type":"article","og_title":"ZENSHIN - HERBICIDA NO SELECTIVO","og_description":"ZENSHIN - Herbicida no selectivo: Post-emergente con cierta acci\u00f3n sist\u00e9mica, dise\u00f1ado para el control de malezas de hoja ancha y gram\u00edneas.","og_url":"https:\/\/summit-agro.com\/ar\/es\/producto\/zenshin\/","og_site_name":"Summit Agro - Argentina","article_modified_time":"2026-03-30T17:01:07+00:00","og_image":[{"width":1000,"height":1000,"url":"https:\/\/summit-agro.com\/ar\/es\/wp-content\/uploads\/2025\/10\/Zenshin-Logo-Web.png","type":"image\/png"}],"twitter_card":"summary_large_image","twitter_misc":{"Tiempo de lectura":"1 minuto"},"schema":{"@context":"https:\/\/schema.org","@graph":[{"@type":"WebPage","@id":"https:\/\/summit-agro.com\/ar\/es\/producto\/zenshin\/","url":"https:\/\/summit-agro.com\/ar\/es\/producto\/zenshin\/","name":"ZENSHIN - HERBICIDA NO SELECTIVO","isPartOf":{"@id":"https:\/\/summit-agro.com\/ar\/es\/#website"},"primaryImageOfPage":{"@id":"https:\/\/summit-agro.com\/ar\/es\/producto\/zenshin\/#primaryimage"},"image":{"@id":"https:\/\/summit-agro.com\/ar\/es\/producto\/zenshin\/#primaryimage"},"thumbnailUrl":"https:\/\/summit-agro.com\/ar\/es\/wp-content\/uploads\/2025\/10\/Zenshin-Logo-Web.png","datePublished":"2025-10-21T01:35:33+00:00","dateModified":"2026-03-30T17:01:07+00:00","description":"ZENSHIN - Herbicida no selectivo: Post-emergente con cierta acci\u00f3n sist\u00e9mica, dise\u00f1ado para el control de malezas de hoja ancha y gram\u00edneas.","breadcrumb":{"@id":"https:\/\/summit-agro.com\/ar\/es\/producto\/zenshin\/#breadcrumb"},"inLanguage":"es-AR","potentialAction":[{"@type":"ReadAction","target":["https:\/\/summit-agro.com\/ar\/es\/producto\/zenshin\/"]}]},{"@type":"ImageObject","inLanguage":"es-AR","@id":"https:\/\/summit-agro.com\/ar\/es\/producto\/zenshin\/#primaryimage","url":"https:\/\/summit-agro.com\/ar\/es\/wp-content\/uploads\/2025\/10\/Zenshin-Logo-Web.png","contentUrl":"https:\/\/summit-agro.com\/ar\/es\/wp-content\/uploads\/2025\/10\/Zenshin-Logo-Web.png","width":1000,"height":1000},{"@type":"BreadcrumbList","@id":"https:\/\/summit-agro.com\/ar\/es\/producto\/zenshin\/#breadcrumb","itemListElement":[{"@type":"ListItem","position":1,"name":"Portada","item":"https:\/\/summit-agro.com\/ar\/es\/"},{"@type":"ListItem","position":2,"name":"Soluciones","item":"https:\/\/summit-agro.com\/ar\/es\/productos\/"},{"@type":"ListItem","position":3,"name":"ZENSHIN"}]},{"@type":"WebSite","@id":"https:\/\/summit-agro.com\/ar\/es\/#website","url":"https:\/\/summit-agro.com\/ar\/es\/","name":"Summit Agro - Argentina","description":"","publisher":{"@id":"https:\/\/summit-agro.com\/ar\/es\/#organization"},"potentialAction":[{"@type":"SearchAction","target":{"@type":"EntryPoint","urlTemplate":"https:\/\/summit-agro.com\/ar\/es\/?s={search_term_string}"},"query-input":{"@type":"PropertyValueSpecification","valueRequired":true,"valueName":"search_term_string"}}],"inLanguage":"es-AR"},{"@type":"Organization","@id":"https:\/\/summit-agro.com\/ar\/es\/#organization","name":"Summit Agro - Argentina","url":"https:\/\/summit-agro.com\/ar\/es\/","logo":{"@type":"ImageObject","inLanguage":"es-AR","@id":"https:\/\/summit-agro.com\/ar\/es\/#\/schema\/logo\/image\/","url":"https:\/\/summit-agro.com\/ar\/es\/wp-content\/uploads\/2021\/12\/summitlogo.png","contentUrl":"https:\/\/summit-agro.com\/ar\/es\/wp-content\/uploads\/2021\/12\/summitlogo.png","width":192,"height":76,"caption":"Summit Agro - Argentina"},"image":{"@id":"https:\/\/summit-agro.com\/ar\/es\/#\/schema\/logo\/image\/"}}]}},"_links":{"self":[{"href":"https:\/\/summit-agro.com\/ar\/es\/wp-json\/wp\/v2\/product\/7558","targetHints":{"allow":["GET"]}}],"collection":[{"href":"https:\/\/summit-agro.com\/ar\/es\/wp-json\/wp\/v2\/product"}],"about":[{"href":"https:\/\/summit-agro.com\/ar\/es\/wp-json\/wp\/v2\/types\/product"}],"wp:featuredmedia":[{"embeddable":true,"href":"https:\/\/summit-agro.com\/ar\/es\/wp-json\/wp\/v2\/media\/7559"}],"wp:attachment":[{"href":"https:\/\/summit-agro.com\/ar\/es\/wp-json\/wp\/v2\/media?parent=7558"}],"wp:term":[{"taxonomy":"product_brand","embeddable":true,"href":"https:\/\/summit-agro.com\/ar\/es\/wp-json\/wp\/v2\/product_brand?post=7558"},{"taxonomy":"product_cat","embeddable":true,"href":"https:\/\/summit-agro.com\/ar\/es\/wp-json\/wp\/v2\/product_cat?post=7558"},{"taxonomy":"product_tag","embeddable":true,"href":"https:\/\/summit-agro.com\/ar\/es\/wp-json\/wp\/v2\/product_tag?post=7558"}],"curies":[{"name":"wp","href":"https:\/\/api.w.org\/{rel}","templated":true}]}}