{"id":5602,"date":"2024-06-10T14:49:19","date_gmt":"2024-06-10T17:49:19","guid":{"rendered":"https:\/\/summit-agro.com\/ar\/es\/?post_type=product&#038;p=5602"},"modified":"2025-10-31T09:49:47","modified_gmt":"2025-10-31T12:49:47","slug":"aptivis-triple-pack-fungicida","status":"publish","type":"product","link":"https:\/\/summit-agro.com\/ar\/es\/producto\/aptivis-triple-pack-fungicida\/","title":{"rendered":"APTIVIS TRIPLE PACK"},"content":{"rendered":"<p style=\"text-align: justify;\"><strong>APTIVIS TRIPLE PACK<\/strong> es un fungicida sist\u00e9mico con un contundente control de enfermedades foliares en los cultivos de trigo y cebada. Posee acci\u00f3n preventiva, curativa y residual tanto en royas como en manchas. Su eficacia radica en la combinaci\u00f3n de tres principios activos: dos carboxamidas y un triazol.<\/p>\n<p style=\"text-align: justify;\">Ofrece una prolongada persistencia, asegurando la protecci\u00f3n de las hojas y permitiendo que el cultivo complete su ciclo en condiciones \u00f3ptimas. Este fungicida permite al cultivo expresar su m\u00e1ximo potencial, incrementando la productividad y la calidad del grano. Adem\u00e1s, combina dos modos de acci\u00f3n diferentes que reducen el riesgo de aparici\u00f3n de resistencias.<\/p>\n<ul>\n<li><strong>Aplicaci\u00f3n: <\/strong>Tratamientos preventivos, curativos o residuales<\/li>\n<li><strong>Formulaci\u00f3n:<\/strong> Suspensi\u00f3n Concentrada (SC) + Concentrado Emulsionable (EC)<\/li>\n<li><strong>Cultivos<\/strong>: Trigo y cebada<\/li>\n<li><strong>Presentaci\u00f3n<\/strong>: Twin Pack para 9 hect\u00e1reas<\/li>\n<\/ul>\n","protected":false},"excerpt":{"rendered":"<hr \/>\n<p style=\"text-align: justify;\"><strong>INGREDIENTES ACTIVOS:<\/strong><br \/>\n<em>SOLATENOL<\/em>: Propiconazole 25% EC + Benzovindiflupyr 4% EC<br \/>\n<em>ADEPIDYN<\/em>: Pydiflumetofen 20% SC<br \/>\n<strong>CLASIFICACI\u00d3N DEL GRUPO DE FAMILIA:<\/strong><br \/>\n<em>SOLATENOL<\/em>: Grupo 7 (FRAC) + Grupo 3 (FRAC)<br \/>\n<em>ADEPIDYN<\/em>: Grupo 7 (FRAC)<br \/>\n<strong>MODO DE ACCI\u00d3N:<\/strong> Inhibidor de la succinato deshidrogenasa (SDHI) y de la bios\u00edntesis de esteroles de membrana (DMI)<br \/>\n<strong>CLASIFICACI\u00d3N TOXICOL\u00d3GICA:<\/strong> <span style=\"color: #ffcc00;\">Clase II<\/span><\/p>\n<hr \/>\n","protected":false},"featured_media":5603,"template":"","meta":{"site-sidebar-layout":"default","site-content-layout":"default","ast-site-content-layout":"default","site-content-style":"default","site-sidebar-style":"default","ast-global-header-display":"","ast-banner-title-visibility":"","ast-main-header-display":"","ast-hfb-above-header-display":"","ast-hfb-below-header-display":"","ast-hfb-mobile-header-display":"","site-post-title":"","ast-breadcrumbs-content":"","ast-featured-img":"","footer-sml-layout":"","ast-disable-related-posts":"","theme-transparent-header-meta":"default","adv-header-id-meta":"","stick-header-meta":"","header-above-stick-meta":"","header-main-stick-meta":"","header-below-stick-meta":"","astra-migrate-meta-layouts":"set","ast-page-background-enabled":"default","ast-page-background-meta":{"desktop":{"background-color":"var(--ast-global-color-4)","background-image":"","background-repeat":"repeat","background-position":"center center","background-size":"auto","background-attachment":"scroll","background-type":"","background-media":"","overlay-type":"","overlay-color":"","overlay-opacity":"","overlay-gradient":""},"tablet":{"background-color":"","background-image":"","background-repeat":"repeat","background-position":"center center","background-size":"auto","background-attachment":"scroll","background-type":"","background-media":"","overlay-type":"","overlay-color":"","overlay-opacity":"","overlay-gradient":""},"mobile":{"background-color":"","background-image":"","background-repeat":"repeat","background-position":"center center","background-size":"auto","background-attachment":"scroll","background-type":"","background-media":"","overlay-type":"","overlay-color":"","overlay-opacity":"","overlay-gradient":""}},"ast-content-background-meta":{"desktop":{"background-color":"var(--ast-global-color-5)","background-image":"","background-repeat":"repeat","background-position":"center center","background-size":"auto","background-attachment":"scroll","background-type":"","background-media":"","overlay-type":"","overlay-color":"","overlay-opacity":"","overlay-gradient":""},"tablet":{"background-color":"var(--ast-global-color-5)","background-image":"","background-repeat":"repeat","background-position":"center center","background-size":"auto","background-attachment":"scroll","background-type":"","background-media":"","overlay-type":"","overlay-color":"","overlay-opacity":"","overlay-gradient":""},"mobile":{"background-color":"var(--ast-global-color-5)","background-image":"","background-repeat":"repeat","background-position":"center center","background-size":"auto","background-attachment":"scroll","background-type":"","background-media":"","overlay-type":"","overlay-color":"","overlay-opacity":"","overlay-gradient":""}}},"product_brand":[],"product_cat":[19],"product_tag":[],"class_list":{"0":"post-5602","1":"product","2":"type-product","3":"status-publish","4":"has-post-thumbnail","6":"product_cat-fungicidas","7":"cultivo-cebada","8":"cultivo-trigo","9":"problematica-bipolaris-sorokiniana","10":"problematica-cochliobolus-sativus","11":"problematica-drechslera-teres","12":"problematica-drechslera-tritici-repentis","13":"problematica-puccinia-graminis","14":"problematica-puccinia-striiformis-f-sp-tritici","15":"problematica-puccinia-triticina","16":"problematica-pyrenophora-teres","17":"problematica-ramularia-collo-cygni","18":"problematica-rhynchosporium-secalis","19":"problematica-septoria-spp","20":"desktop-align-left","21":"tablet-align-left","22":"mobile-align-left","24":"first","25":"instock","26":"shipping-taxable","27":"purchasable","28":"product-type-simple"},"yoast_head":"<!-- This site is optimized with the Yoast SEO plugin v27.3 - https:\/\/yoast.com\/product\/yoast-seo-wordpress\/ -->\n<title>APTIVIS TRIPLE PACK - FUNGICIDA EN TRIGO Y CEBADA<\/title>\n<meta name=\"description\" content=\"APTIVIS TRIPLE PACK - Fungicida: Triple acci\u00f3n contra enfermedades en trigo y cebada, combinando carboxamidas y triazoles para una protecci\u00f3n prolongada.\" \/>\n<meta name=\"robots\" content=\"index, follow, max-snippet:-1, max-image-preview:large, max-video-preview:-1\" \/>\n<link rel=\"canonical\" href=\"https:\/\/summit-agro.com\/ar\/es\/producto\/aptivis-triple-pack-fungicida\/\" \/>\n<meta property=\"og:locale\" content=\"es_ES\" \/>\n<meta property=\"og:type\" content=\"article\" \/>\n<meta property=\"og:title\" content=\"APTIVIS TRIPLE PACK - FUNGICIDA EN TRIGO Y CEBADA\" \/>\n<meta property=\"og:description\" content=\"APTIVIS TRIPLE PACK - Fungicida: Triple acci\u00f3n contra enfermedades en trigo y cebada, combinando carboxamidas y triazoles para una protecci\u00f3n prolongada.\" \/>\n<meta property=\"og:url\" content=\"https:\/\/summit-agro.com\/ar\/es\/producto\/aptivis-triple-pack-fungicida\/\" \/>\n<meta property=\"og:site_name\" content=\"Summit Agro - Argentina\" \/>\n<meta property=\"article:modified_time\" content=\"2025-10-31T12:49:47+00:00\" \/>\n<meta property=\"og:image\" content=\"https:\/\/summit-agro.com\/ar\/es\/wp-content\/uploads\/2024\/06\/Logo-para-Web-Aptivis.png\" \/>\n\t<meta property=\"og:image:width\" content=\"1000\" \/>\n\t<meta property=\"og:image:height\" content=\"1000\" \/>\n\t<meta property=\"og:image:type\" content=\"image\/png\" \/>\n<meta name=\"twitter:card\" content=\"summary_large_image\" \/>\n<meta name=\"twitter:label1\" content=\"Tiempo de lectura\" \/>\n\t<meta name=\"twitter:data1\" content=\"1 minuto\" \/>\n<script type=\"application\/ld+json\" class=\"yoast-schema-graph\">{\"@context\":\"https:\\\/\\\/schema.org\",\"@graph\":[{\"@type\":\"WebPage\",\"@id\":\"https:\\\/\\\/summit-agro.com\\\/ar\\\/es\\\/producto\\\/aptivis-triple-pack-fungicida\\\/\",\"url\":\"https:\\\/\\\/summit-agro.com\\\/ar\\\/es\\\/producto\\\/aptivis-triple-pack-fungicida\\\/\",\"name\":\"APTIVIS TRIPLE PACK - FUNGICIDA EN TRIGO Y CEBADA\",\"isPartOf\":{\"@id\":\"https:\\\/\\\/summit-agro.com\\\/ar\\\/es\\\/#website\"},\"primaryImageOfPage\":{\"@id\":\"https:\\\/\\\/summit-agro.com\\\/ar\\\/es\\\/producto\\\/aptivis-triple-pack-fungicida\\\/#primaryimage\"},\"image\":{\"@id\":\"https:\\\/\\\/summit-agro.com\\\/ar\\\/es\\\/producto\\\/aptivis-triple-pack-fungicida\\\/#primaryimage\"},\"thumbnailUrl\":\"https:\\\/\\\/summit-agro.com\\\/ar\\\/es\\\/wp-content\\\/uploads\\\/2024\\\/06\\\/Logo-para-Web-Aptivis.png\",\"datePublished\":\"2024-06-10T17:49:19+00:00\",\"dateModified\":\"2025-10-31T12:49:47+00:00\",\"description\":\"APTIVIS TRIPLE PACK - Fungicida: Triple acci\u00f3n contra enfermedades en trigo y cebada, combinando carboxamidas y triazoles para una protecci\u00f3n prolongada.\",\"breadcrumb\":{\"@id\":\"https:\\\/\\\/summit-agro.com\\\/ar\\\/es\\\/producto\\\/aptivis-triple-pack-fungicida\\\/#breadcrumb\"},\"inLanguage\":\"es-AR\",\"potentialAction\":[{\"@type\":\"ReadAction\",\"target\":[\"https:\\\/\\\/summit-agro.com\\\/ar\\\/es\\\/producto\\\/aptivis-triple-pack-fungicida\\\/\"]}]},{\"@type\":\"ImageObject\",\"inLanguage\":\"es-AR\",\"@id\":\"https:\\\/\\\/summit-agro.com\\\/ar\\\/es\\\/producto\\\/aptivis-triple-pack-fungicida\\\/#primaryimage\",\"url\":\"https:\\\/\\\/summit-agro.com\\\/ar\\\/es\\\/wp-content\\\/uploads\\\/2024\\\/06\\\/Logo-para-Web-Aptivis.png\",\"contentUrl\":\"https:\\\/\\\/summit-agro.com\\\/ar\\\/es\\\/wp-content\\\/uploads\\\/2024\\\/06\\\/Logo-para-Web-Aptivis.png\",\"width\":1000,\"height\":1000,\"caption\":\"Logo de APTIVIS TRIPLE PACK. Fungicida.\"},{\"@type\":\"BreadcrumbList\",\"@id\":\"https:\\\/\\\/summit-agro.com\\\/ar\\\/es\\\/producto\\\/aptivis-triple-pack-fungicida\\\/#breadcrumb\",\"itemListElement\":[{\"@type\":\"ListItem\",\"position\":1,\"name\":\"Portada\",\"item\":\"https:\\\/\\\/summit-agro.com\\\/ar\\\/es\\\/\"},{\"@type\":\"ListItem\",\"position\":2,\"name\":\"Soluciones\",\"item\":\"https:\\\/\\\/summit-agro.com\\\/ar\\\/es\\\/productos\\\/\"},{\"@type\":\"ListItem\",\"position\":3,\"name\":\"APTIVIS TRIPLE PACK\"}]},{\"@type\":\"WebSite\",\"@id\":\"https:\\\/\\\/summit-agro.com\\\/ar\\\/es\\\/#website\",\"url\":\"https:\\\/\\\/summit-agro.com\\\/ar\\\/es\\\/\",\"name\":\"Summit Agro - Argentina\",\"description\":\"\",\"publisher\":{\"@id\":\"https:\\\/\\\/summit-agro.com\\\/ar\\\/es\\\/#organization\"},\"potentialAction\":[{\"@type\":\"SearchAction\",\"target\":{\"@type\":\"EntryPoint\",\"urlTemplate\":\"https:\\\/\\\/summit-agro.com\\\/ar\\\/es\\\/?s={search_term_string}\"},\"query-input\":{\"@type\":\"PropertyValueSpecification\",\"valueRequired\":true,\"valueName\":\"search_term_string\"}}],\"inLanguage\":\"es-AR\"},{\"@type\":\"Organization\",\"@id\":\"https:\\\/\\\/summit-agro.com\\\/ar\\\/es\\\/#organization\",\"name\":\"Summit Agro - Argentina\",\"url\":\"https:\\\/\\\/summit-agro.com\\\/ar\\\/es\\\/\",\"logo\":{\"@type\":\"ImageObject\",\"inLanguage\":\"es-AR\",\"@id\":\"https:\\\/\\\/summit-agro.com\\\/ar\\\/es\\\/#\\\/schema\\\/logo\\\/image\\\/\",\"url\":\"https:\\\/\\\/summit-agro.com\\\/ar\\\/es\\\/wp-content\\\/uploads\\\/2021\\\/12\\\/summitlogo.png\",\"contentUrl\":\"https:\\\/\\\/summit-agro.com\\\/ar\\\/es\\\/wp-content\\\/uploads\\\/2021\\\/12\\\/summitlogo.png\",\"width\":192,\"height\":76,\"caption\":\"Summit Agro - Argentina\"},\"image\":{\"@id\":\"https:\\\/\\\/summit-agro.com\\\/ar\\\/es\\\/#\\\/schema\\\/logo\\\/image\\\/\"}}]}<\/script>\n<!-- \/ Yoast SEO plugin. -->","yoast_head_json":{"title":"APTIVIS TRIPLE PACK - FUNGICIDA EN TRIGO Y CEBADA","description":"APTIVIS TRIPLE PACK - Fungicida: Triple acci\u00f3n contra enfermedades en trigo y cebada, combinando carboxamidas y triazoles para una protecci\u00f3n prolongada.","robots":{"index":"index","follow":"follow","max-snippet":"max-snippet:-1","max-image-preview":"max-image-preview:large","max-video-preview":"max-video-preview:-1"},"canonical":"https:\/\/summit-agro.com\/ar\/es\/producto\/aptivis-triple-pack-fungicida\/","og_locale":"es_ES","og_type":"article","og_title":"APTIVIS TRIPLE PACK - FUNGICIDA EN TRIGO Y CEBADA","og_description":"APTIVIS TRIPLE PACK - Fungicida: Triple acci\u00f3n contra enfermedades en trigo y cebada, combinando carboxamidas y triazoles para una protecci\u00f3n prolongada.","og_url":"https:\/\/summit-agro.com\/ar\/es\/producto\/aptivis-triple-pack-fungicida\/","og_site_name":"Summit Agro - Argentina","article_modified_time":"2025-10-31T12:49:47+00:00","og_image":[{"width":1000,"height":1000,"url":"https:\/\/summit-agro.com\/ar\/es\/wp-content\/uploads\/2024\/06\/Logo-para-Web-Aptivis.png","type":"image\/png"}],"twitter_card":"summary_large_image","twitter_misc":{"Tiempo de lectura":"1 minuto"},"schema":{"@context":"https:\/\/schema.org","@graph":[{"@type":"WebPage","@id":"https:\/\/summit-agro.com\/ar\/es\/producto\/aptivis-triple-pack-fungicida\/","url":"https:\/\/summit-agro.com\/ar\/es\/producto\/aptivis-triple-pack-fungicida\/","name":"APTIVIS TRIPLE PACK - FUNGICIDA EN TRIGO Y CEBADA","isPartOf":{"@id":"https:\/\/summit-agro.com\/ar\/es\/#website"},"primaryImageOfPage":{"@id":"https:\/\/summit-agro.com\/ar\/es\/producto\/aptivis-triple-pack-fungicida\/#primaryimage"},"image":{"@id":"https:\/\/summit-agro.com\/ar\/es\/producto\/aptivis-triple-pack-fungicida\/#primaryimage"},"thumbnailUrl":"https:\/\/summit-agro.com\/ar\/es\/wp-content\/uploads\/2024\/06\/Logo-para-Web-Aptivis.png","datePublished":"2024-06-10T17:49:19+00:00","dateModified":"2025-10-31T12:49:47+00:00","description":"APTIVIS TRIPLE PACK - Fungicida: Triple acci\u00f3n contra enfermedades en trigo y cebada, combinando carboxamidas y triazoles para una protecci\u00f3n prolongada.","breadcrumb":{"@id":"https:\/\/summit-agro.com\/ar\/es\/producto\/aptivis-triple-pack-fungicida\/#breadcrumb"},"inLanguage":"es-AR","potentialAction":[{"@type":"ReadAction","target":["https:\/\/summit-agro.com\/ar\/es\/producto\/aptivis-triple-pack-fungicida\/"]}]},{"@type":"ImageObject","inLanguage":"es-AR","@id":"https:\/\/summit-agro.com\/ar\/es\/producto\/aptivis-triple-pack-fungicida\/#primaryimage","url":"https:\/\/summit-agro.com\/ar\/es\/wp-content\/uploads\/2024\/06\/Logo-para-Web-Aptivis.png","contentUrl":"https:\/\/summit-agro.com\/ar\/es\/wp-content\/uploads\/2024\/06\/Logo-para-Web-Aptivis.png","width":1000,"height":1000,"caption":"Logo de APTIVIS TRIPLE PACK. Fungicida."},{"@type":"BreadcrumbList","@id":"https:\/\/summit-agro.com\/ar\/es\/producto\/aptivis-triple-pack-fungicida\/#breadcrumb","itemListElement":[{"@type":"ListItem","position":1,"name":"Portada","item":"https:\/\/summit-agro.com\/ar\/es\/"},{"@type":"ListItem","position":2,"name":"Soluciones","item":"https:\/\/summit-agro.com\/ar\/es\/productos\/"},{"@type":"ListItem","position":3,"name":"APTIVIS TRIPLE PACK"}]},{"@type":"WebSite","@id":"https:\/\/summit-agro.com\/ar\/es\/#website","url":"https:\/\/summit-agro.com\/ar\/es\/","name":"Summit Agro - Argentina","description":"","publisher":{"@id":"https:\/\/summit-agro.com\/ar\/es\/#organization"},"potentialAction":[{"@type":"SearchAction","target":{"@type":"EntryPoint","urlTemplate":"https:\/\/summit-agro.com\/ar\/es\/?s={search_term_string}"},"query-input":{"@type":"PropertyValueSpecification","valueRequired":true,"valueName":"search_term_string"}}],"inLanguage":"es-AR"},{"@type":"Organization","@id":"https:\/\/summit-agro.com\/ar\/es\/#organization","name":"Summit Agro - Argentina","url":"https:\/\/summit-agro.com\/ar\/es\/","logo":{"@type":"ImageObject","inLanguage":"es-AR","@id":"https:\/\/summit-agro.com\/ar\/es\/#\/schema\/logo\/image\/","url":"https:\/\/summit-agro.com\/ar\/es\/wp-content\/uploads\/2021\/12\/summitlogo.png","contentUrl":"https:\/\/summit-agro.com\/ar\/es\/wp-content\/uploads\/2021\/12\/summitlogo.png","width":192,"height":76,"caption":"Summit Agro - Argentina"},"image":{"@id":"https:\/\/summit-agro.com\/ar\/es\/#\/schema\/logo\/image\/"}}]}},"_links":{"self":[{"href":"https:\/\/summit-agro.com\/ar\/es\/wp-json\/wp\/v2\/product\/5602","targetHints":{"allow":["GET"]}}],"collection":[{"href":"https:\/\/summit-agro.com\/ar\/es\/wp-json\/wp\/v2\/product"}],"about":[{"href":"https:\/\/summit-agro.com\/ar\/es\/wp-json\/wp\/v2\/types\/product"}],"wp:featuredmedia":[{"embeddable":true,"href":"https:\/\/summit-agro.com\/ar\/es\/wp-json\/wp\/v2\/media\/5603"}],"wp:attachment":[{"href":"https:\/\/summit-agro.com\/ar\/es\/wp-json\/wp\/v2\/media?parent=5602"}],"wp:term":[{"taxonomy":"product_brand","embeddable":true,"href":"https:\/\/summit-agro.com\/ar\/es\/wp-json\/wp\/v2\/product_brand?post=5602"},{"taxonomy":"product_cat","embeddable":true,"href":"https:\/\/summit-agro.com\/ar\/es\/wp-json\/wp\/v2\/product_cat?post=5602"},{"taxonomy":"product_tag","embeddable":true,"href":"https:\/\/summit-agro.com\/ar\/es\/wp-json\/wp\/v2\/product_tag?post=5602"}],"curies":[{"name":"wp","href":"https:\/\/api.w.org\/{rel}","templated":true}]}}