{"id":4789,"date":"2023-08-03T09:08:09","date_gmt":"2023-08-03T12:08:09","guid":{"rendered":"https:\/\/summit-agro.com\/ar\/es\/?post_type=product&#038;p=4789"},"modified":"2025-11-05T14:48:56","modified_gmt":"2025-11-05T17:48:56","slug":"taisei-bioinductor-vegetal-concentrado","status":"publish","type":"product","link":"https:\/\/summit-agro.com\/ar\/es\/producto\/taisei-bioinductor-vegetal-concentrado\/","title":{"rendered":"TAISEI<div class=\"seipro\"><\/div>"},"content":{"rendered":"<p style=\"text-align: justify;\"><strong>TAISEI<\/strong> es un producto formulado con prote\u00ednas naturales que induce el Sistema de Defensa Vegetal (ISDV). Al aplicarlo, la planta reconoce la prote\u00edna componente de la formulaci\u00f3n y activa una cascada de eventos de defensa que se inician en el lugar de la aplicaci\u00f3n y luego se transmiten sist\u00e9micamente al resto de la planta. Esto induce a las plantas a expresar su m\u00e1ximo potencial de defensa.<\/p>\n<p style=\"text-align: justify;\">Mejora el estado general de la planta, prepar\u00e1ndola mejor para defenderse contra enfermedades f\u00fangicas y estreses abi\u00f3ticos. Adem\u00e1s, permite reducir el uso de fitosanitarios qu\u00edmicos, posee una excelente relaci\u00f3n costo-beneficio y es compatible con otros productos. Su baja dosis de uso, por su formulaci\u00f3n concentrada, brinda mejor log\u00edstica y practicidad de uso.<\/p>\n<ul>\n<li><strong>Cultivos<\/strong>: Soja, trigo, cebada y ma\u00edz.<\/li>\n<li><strong>Dosis<\/strong>: 200 cc\/ha<\/li>\n<li><strong>Presentaci\u00f3n<\/strong>: Caja de 5 Vejigas de 2 L c\/u<\/li>\n<\/ul>\n","protected":false},"excerpt":{"rendered":"<hr \/>\n<p style=\"line-height: 2;\"><strong>INGREDIENTE ACTIVO:<\/strong> Prote\u00ednas Solubles de <em>Acremonium strictum<\/em> SS71<br \/>\n<strong>MODO DE ACCI\u00d3N:<\/strong> Activaci\u00f3n de las v\u00edas de se\u00f1alizaci\u00f3n hormonales de la defensa<br \/>\n<strong>CLASIFICACI\u00d3N TOXICOL\u00d3GICA: <\/strong>No aplicable.<\/p>\n<hr \/>\n","protected":false},"featured_media":4792,"template":"","meta":{"site-sidebar-layout":"default","site-content-layout":"default","ast-site-content-layout":"default","site-content-style":"default","site-sidebar-style":"default","ast-global-header-display":"","ast-banner-title-visibility":"","ast-main-header-display":"","ast-hfb-above-header-display":"","ast-hfb-below-header-display":"","ast-hfb-mobile-header-display":"","site-post-title":"","ast-breadcrumbs-content":"","ast-featured-img":"","footer-sml-layout":"","ast-disable-related-posts":"","theme-transparent-header-meta":"default","adv-header-id-meta":"","stick-header-meta":"","header-above-stick-meta":"","header-main-stick-meta":"","header-below-stick-meta":"","astra-migrate-meta-layouts":"set","ast-page-background-enabled":"default","ast-page-background-meta":{"desktop":{"background-color":"var(--ast-global-color-4)","background-image":"","background-repeat":"repeat","background-position":"center center","background-size":"auto","background-attachment":"scroll","background-type":"","background-media":"","overlay-type":"","overlay-color":"","overlay-opacity":"","overlay-gradient":""},"tablet":{"background-color":"","background-image":"","background-repeat":"repeat","background-position":"center center","background-size":"auto","background-attachment":"scroll","background-type":"","background-media":"","overlay-type":"","overlay-color":"","overlay-opacity":"","overlay-gradient":""},"mobile":{"background-color":"","background-image":"","background-repeat":"repeat","background-position":"center center","background-size":"auto","background-attachment":"scroll","background-type":"","background-media":"","overlay-type":"","overlay-color":"","overlay-opacity":"","overlay-gradient":""}},"ast-content-background-meta":{"desktop":{"background-color":"var(--ast-global-color-5)","background-image":"","background-repeat":"repeat","background-position":"center center","background-size":"auto","background-attachment":"scroll","background-type":"","background-media":"","overlay-type":"","overlay-color":"","overlay-opacity":"","overlay-gradient":""},"tablet":{"background-color":"var(--ast-global-color-5)","background-image":"","background-repeat":"repeat","background-position":"center center","background-size":"auto","background-attachment":"scroll","background-type":"","background-media":"","overlay-type":"","overlay-color":"","overlay-opacity":"","overlay-gradient":""},"mobile":{"background-color":"var(--ast-global-color-5)","background-image":"","background-repeat":"repeat","background-position":"center center","background-size":"auto","background-attachment":"scroll","background-type":"","background-media":"","overlay-type":"","overlay-color":"","overlay-opacity":"","overlay-gradient":""}}},"product_brand":[],"product_cat":[345],"product_tag":[],"class_list":{"0":"post-4789","1":"product","2":"type-product","3":"status-publish","4":"has-post-thumbnail","6":"product_cat-biologicos-seipro","7":"cultivo-cebada","8":"cultivo-maiz","9":"cultivo-soja","10":"cultivo-trigo","11":"desktop-align-left","12":"tablet-align-left","13":"mobile-align-left","15":"first","16":"instock","17":"shipping-taxable","18":"purchasable","19":"product-type-simple"},"yoast_head":"<!-- This site is optimized with the Yoast SEO plugin v27.3 - https:\/\/yoast.com\/product\/yoast-seo-wordpress\/ -->\n<title>TAISEI - BIOINDUCTOR VEGETAL CONCENTRADO<\/title>\n<meta name=\"description\" content=\"TAISEI - Bioinductor vegetal concentrado: Activa el Sistema de Defensa Vegetal (ISDV) para fortalecer las plantas contra enfermedades y estreses.\" \/>\n<meta name=\"robots\" content=\"index, follow, max-snippet:-1, max-image-preview:large, max-video-preview:-1\" \/>\n<link rel=\"canonical\" href=\"https:\/\/summit-agro.com\/ar\/es\/producto\/taisei-bioinductor-vegetal-concentrado\/\" \/>\n<meta property=\"og:locale\" content=\"es_ES\" \/>\n<meta property=\"og:type\" content=\"article\" \/>\n<meta property=\"og:title\" content=\"TAISEI - BIOINDUCTOR VEGETAL CONCENTRADO\" \/>\n<meta property=\"og:description\" content=\"TAISEI - Bioinductor vegetal concentrado: Activa el Sistema de Defensa Vegetal (ISDV) para fortalecer las plantas contra enfermedades y estreses.\" \/>\n<meta property=\"og:url\" content=\"https:\/\/summit-agro.com\/ar\/es\/producto\/taisei-bioinductor-vegetal-concentrado\/\" \/>\n<meta property=\"og:site_name\" content=\"Summit Agro - Argentina\" \/>\n<meta property=\"article:modified_time\" content=\"2025-11-05T17:48:56+00:00\" \/>\n<meta property=\"og:image\" content=\"https:\/\/summit-agro.com\/ar\/es\/wp-content\/uploads\/2023\/07\/Logo-Taisei-Para-la-web.png\" \/>\n\t<meta property=\"og:image:width\" content=\"1000\" \/>\n\t<meta property=\"og:image:height\" content=\"1000\" \/>\n\t<meta property=\"og:image:type\" content=\"image\/png\" \/>\n<meta name=\"twitter:card\" content=\"summary_large_image\" \/>\n<meta name=\"twitter:label1\" content=\"Tiempo de lectura\" \/>\n\t<meta name=\"twitter:data1\" content=\"1 minuto\" \/>\n<script type=\"application\/ld+json\" class=\"yoast-schema-graph\">{\"@context\":\"https:\\\/\\\/schema.org\",\"@graph\":[{\"@type\":\"WebPage\",\"@id\":\"https:\\\/\\\/summit-agro.com\\\/ar\\\/es\\\/producto\\\/taisei-bioinductor-vegetal-concentrado\\\/\",\"url\":\"https:\\\/\\\/summit-agro.com\\\/ar\\\/es\\\/producto\\\/taisei-bioinductor-vegetal-concentrado\\\/\",\"name\":\"TAISEI - BIOINDUCTOR VEGETAL CONCENTRADO\",\"isPartOf\":{\"@id\":\"https:\\\/\\\/summit-agro.com\\\/ar\\\/es\\\/#website\"},\"primaryImageOfPage\":{\"@id\":\"https:\\\/\\\/summit-agro.com\\\/ar\\\/es\\\/producto\\\/taisei-bioinductor-vegetal-concentrado\\\/#primaryimage\"},\"image\":{\"@id\":\"https:\\\/\\\/summit-agro.com\\\/ar\\\/es\\\/producto\\\/taisei-bioinductor-vegetal-concentrado\\\/#primaryimage\"},\"thumbnailUrl\":\"https:\\\/\\\/summit-agro.com\\\/ar\\\/es\\\/wp-content\\\/uploads\\\/2023\\\/07\\\/Logo-Taisei-Para-la-web.png\",\"datePublished\":\"2023-08-03T12:08:09+00:00\",\"dateModified\":\"2025-11-05T17:48:56+00:00\",\"description\":\"TAISEI - Bioinductor vegetal concentrado: Activa el Sistema de Defensa Vegetal (ISDV) para fortalecer las plantas contra enfermedades y estreses.\",\"breadcrumb\":{\"@id\":\"https:\\\/\\\/summit-agro.com\\\/ar\\\/es\\\/producto\\\/taisei-bioinductor-vegetal-concentrado\\\/#breadcrumb\"},\"inLanguage\":\"es-AR\",\"potentialAction\":[{\"@type\":\"ReadAction\",\"target\":[\"https:\\\/\\\/summit-agro.com\\\/ar\\\/es\\\/producto\\\/taisei-bioinductor-vegetal-concentrado\\\/\"]}]},{\"@type\":\"ImageObject\",\"inLanguage\":\"es-AR\",\"@id\":\"https:\\\/\\\/summit-agro.com\\\/ar\\\/es\\\/producto\\\/taisei-bioinductor-vegetal-concentrado\\\/#primaryimage\",\"url\":\"https:\\\/\\\/summit-agro.com\\\/ar\\\/es\\\/wp-content\\\/uploads\\\/2023\\\/07\\\/Logo-Taisei-Para-la-web.png\",\"contentUrl\":\"https:\\\/\\\/summit-agro.com\\\/ar\\\/es\\\/wp-content\\\/uploads\\\/2023\\\/07\\\/Logo-Taisei-Para-la-web.png\",\"width\":1000,\"height\":1000,\"caption\":\"Logo de TAISEI. Bioinductor vegetal concentrado.\"},{\"@type\":\"BreadcrumbList\",\"@id\":\"https:\\\/\\\/summit-agro.com\\\/ar\\\/es\\\/producto\\\/taisei-bioinductor-vegetal-concentrado\\\/#breadcrumb\",\"itemListElement\":[{\"@type\":\"ListItem\",\"position\":1,\"name\":\"Portada\",\"item\":\"https:\\\/\\\/summit-agro.com\\\/ar\\\/es\\\/\"},{\"@type\":\"ListItem\",\"position\":2,\"name\":\"Soluciones\",\"item\":\"https:\\\/\\\/summit-agro.com\\\/ar\\\/es\\\/productos\\\/\"},{\"@type\":\"ListItem\",\"position\":3,\"name\":\"TAISEI\"}]},{\"@type\":\"WebSite\",\"@id\":\"https:\\\/\\\/summit-agro.com\\\/ar\\\/es\\\/#website\",\"url\":\"https:\\\/\\\/summit-agro.com\\\/ar\\\/es\\\/\",\"name\":\"Summit Agro - Argentina\",\"description\":\"\",\"publisher\":{\"@id\":\"https:\\\/\\\/summit-agro.com\\\/ar\\\/es\\\/#organization\"},\"potentialAction\":[{\"@type\":\"SearchAction\",\"target\":{\"@type\":\"EntryPoint\",\"urlTemplate\":\"https:\\\/\\\/summit-agro.com\\\/ar\\\/es\\\/?s={search_term_string}\"},\"query-input\":{\"@type\":\"PropertyValueSpecification\",\"valueRequired\":true,\"valueName\":\"search_term_string\"}}],\"inLanguage\":\"es-AR\"},{\"@type\":\"Organization\",\"@id\":\"https:\\\/\\\/summit-agro.com\\\/ar\\\/es\\\/#organization\",\"name\":\"Summit Agro - Argentina\",\"url\":\"https:\\\/\\\/summit-agro.com\\\/ar\\\/es\\\/\",\"logo\":{\"@type\":\"ImageObject\",\"inLanguage\":\"es-AR\",\"@id\":\"https:\\\/\\\/summit-agro.com\\\/ar\\\/es\\\/#\\\/schema\\\/logo\\\/image\\\/\",\"url\":\"https:\\\/\\\/summit-agro.com\\\/ar\\\/es\\\/wp-content\\\/uploads\\\/2021\\\/12\\\/summitlogo.png\",\"contentUrl\":\"https:\\\/\\\/summit-agro.com\\\/ar\\\/es\\\/wp-content\\\/uploads\\\/2021\\\/12\\\/summitlogo.png\",\"width\":192,\"height\":76,\"caption\":\"Summit Agro - Argentina\"},\"image\":{\"@id\":\"https:\\\/\\\/summit-agro.com\\\/ar\\\/es\\\/#\\\/schema\\\/logo\\\/image\\\/\"}}]}<\/script>\n<!-- \/ Yoast SEO plugin. -->","yoast_head_json":{"title":"TAISEI - BIOINDUCTOR VEGETAL CONCENTRADO","description":"TAISEI - Bioinductor vegetal concentrado: Activa el Sistema de Defensa Vegetal (ISDV) para fortalecer las plantas contra enfermedades y estreses.","robots":{"index":"index","follow":"follow","max-snippet":"max-snippet:-1","max-image-preview":"max-image-preview:large","max-video-preview":"max-video-preview:-1"},"canonical":"https:\/\/summit-agro.com\/ar\/es\/producto\/taisei-bioinductor-vegetal-concentrado\/","og_locale":"es_ES","og_type":"article","og_title":"TAISEI - BIOINDUCTOR VEGETAL CONCENTRADO","og_description":"TAISEI - Bioinductor vegetal concentrado: Activa el Sistema de Defensa Vegetal (ISDV) para fortalecer las plantas contra enfermedades y estreses.","og_url":"https:\/\/summit-agro.com\/ar\/es\/producto\/taisei-bioinductor-vegetal-concentrado\/","og_site_name":"Summit Agro - Argentina","article_modified_time":"2025-11-05T17:48:56+00:00","og_image":[{"width":1000,"height":1000,"url":"https:\/\/summit-agro.com\/ar\/es\/wp-content\/uploads\/2023\/07\/Logo-Taisei-Para-la-web.png","type":"image\/png"}],"twitter_card":"summary_large_image","twitter_misc":{"Tiempo de lectura":"1 minuto"},"schema":{"@context":"https:\/\/schema.org","@graph":[{"@type":"WebPage","@id":"https:\/\/summit-agro.com\/ar\/es\/producto\/taisei-bioinductor-vegetal-concentrado\/","url":"https:\/\/summit-agro.com\/ar\/es\/producto\/taisei-bioinductor-vegetal-concentrado\/","name":"TAISEI - BIOINDUCTOR VEGETAL CONCENTRADO","isPartOf":{"@id":"https:\/\/summit-agro.com\/ar\/es\/#website"},"primaryImageOfPage":{"@id":"https:\/\/summit-agro.com\/ar\/es\/producto\/taisei-bioinductor-vegetal-concentrado\/#primaryimage"},"image":{"@id":"https:\/\/summit-agro.com\/ar\/es\/producto\/taisei-bioinductor-vegetal-concentrado\/#primaryimage"},"thumbnailUrl":"https:\/\/summit-agro.com\/ar\/es\/wp-content\/uploads\/2023\/07\/Logo-Taisei-Para-la-web.png","datePublished":"2023-08-03T12:08:09+00:00","dateModified":"2025-11-05T17:48:56+00:00","description":"TAISEI - Bioinductor vegetal concentrado: Activa el Sistema de Defensa Vegetal (ISDV) para fortalecer las plantas contra enfermedades y estreses.","breadcrumb":{"@id":"https:\/\/summit-agro.com\/ar\/es\/producto\/taisei-bioinductor-vegetal-concentrado\/#breadcrumb"},"inLanguage":"es-AR","potentialAction":[{"@type":"ReadAction","target":["https:\/\/summit-agro.com\/ar\/es\/producto\/taisei-bioinductor-vegetal-concentrado\/"]}]},{"@type":"ImageObject","inLanguage":"es-AR","@id":"https:\/\/summit-agro.com\/ar\/es\/producto\/taisei-bioinductor-vegetal-concentrado\/#primaryimage","url":"https:\/\/summit-agro.com\/ar\/es\/wp-content\/uploads\/2023\/07\/Logo-Taisei-Para-la-web.png","contentUrl":"https:\/\/summit-agro.com\/ar\/es\/wp-content\/uploads\/2023\/07\/Logo-Taisei-Para-la-web.png","width":1000,"height":1000,"caption":"Logo de TAISEI. Bioinductor vegetal concentrado."},{"@type":"BreadcrumbList","@id":"https:\/\/summit-agro.com\/ar\/es\/producto\/taisei-bioinductor-vegetal-concentrado\/#breadcrumb","itemListElement":[{"@type":"ListItem","position":1,"name":"Portada","item":"https:\/\/summit-agro.com\/ar\/es\/"},{"@type":"ListItem","position":2,"name":"Soluciones","item":"https:\/\/summit-agro.com\/ar\/es\/productos\/"},{"@type":"ListItem","position":3,"name":"TAISEI"}]},{"@type":"WebSite","@id":"https:\/\/summit-agro.com\/ar\/es\/#website","url":"https:\/\/summit-agro.com\/ar\/es\/","name":"Summit Agro - Argentina","description":"","publisher":{"@id":"https:\/\/summit-agro.com\/ar\/es\/#organization"},"potentialAction":[{"@type":"SearchAction","target":{"@type":"EntryPoint","urlTemplate":"https:\/\/summit-agro.com\/ar\/es\/?s={search_term_string}"},"query-input":{"@type":"PropertyValueSpecification","valueRequired":true,"valueName":"search_term_string"}}],"inLanguage":"es-AR"},{"@type":"Organization","@id":"https:\/\/summit-agro.com\/ar\/es\/#organization","name":"Summit Agro - Argentina","url":"https:\/\/summit-agro.com\/ar\/es\/","logo":{"@type":"ImageObject","inLanguage":"es-AR","@id":"https:\/\/summit-agro.com\/ar\/es\/#\/schema\/logo\/image\/","url":"https:\/\/summit-agro.com\/ar\/es\/wp-content\/uploads\/2021\/12\/summitlogo.png","contentUrl":"https:\/\/summit-agro.com\/ar\/es\/wp-content\/uploads\/2021\/12\/summitlogo.png","width":192,"height":76,"caption":"Summit Agro - Argentina"},"image":{"@id":"https:\/\/summit-agro.com\/ar\/es\/#\/schema\/logo\/image\/"}}]}},"_links":{"self":[{"href":"https:\/\/summit-agro.com\/ar\/es\/wp-json\/wp\/v2\/product\/4789","targetHints":{"allow":["GET"]}}],"collection":[{"href":"https:\/\/summit-agro.com\/ar\/es\/wp-json\/wp\/v2\/product"}],"about":[{"href":"https:\/\/summit-agro.com\/ar\/es\/wp-json\/wp\/v2\/types\/product"}],"wp:featuredmedia":[{"embeddable":true,"href":"https:\/\/summit-agro.com\/ar\/es\/wp-json\/wp\/v2\/media\/4792"}],"wp:attachment":[{"href":"https:\/\/summit-agro.com\/ar\/es\/wp-json\/wp\/v2\/media?parent=4789"}],"wp:term":[{"taxonomy":"product_brand","embeddable":true,"href":"https:\/\/summit-agro.com\/ar\/es\/wp-json\/wp\/v2\/product_brand?post=4789"},{"taxonomy":"product_cat","embeddable":true,"href":"https:\/\/summit-agro.com\/ar\/es\/wp-json\/wp\/v2\/product_cat?post=4789"},{"taxonomy":"product_tag","embeddable":true,"href":"https:\/\/summit-agro.com\/ar\/es\/wp-json\/wp\/v2\/product_tag?post=4789"}],"curies":[{"name":"wp","href":"https:\/\/api.w.org\/{rel}","templated":true}]}}