{"id":4654,"date":"2023-05-29T09:57:57","date_gmt":"2023-05-29T12:57:57","guid":{"rendered":"https:\/\/summit-agro.com\/ar\/es\/?post_type=product&#038;p=4654"},"modified":"2025-07-24T09:04:01","modified_gmt":"2025-07-24T12:04:01","slug":"assail-xlt-rm-insecticida","status":"publish","type":"product","link":"https:\/\/summit-agro.com\/ar\/es\/producto\/assail-xlt-rm-insecticida\/","title":{"rendered":"ASSAIL XLT RM"},"content":{"rendered":"<p style=\"text-align: justify;\"><strong>ASSAIL XLT RM<\/strong>\u00a0es un insecticida avanzado que combina la acci\u00f3n de un neonicotinoide y un juvenoide, ofreciendo el espectro m\u00e1s amplio de control de plagas en cultivos de manzanos y perales. Esta combinaci\u00f3n \u00fanica de ingredientes activos resuelve de manera efectiva los problemas causados por la Carpocapsa y otras plagas secundarias.<\/p>\n<p style=\"text-align: justify;\">Destaca por su acci\u00f3n r\u00e1pida y un efecto residual prolongado, asegurando una protecci\u00f3n continua contra las plagas. Adem\u00e1s, muestra una marcada acci\u00f3n ovicida y una notable estabilidad de control bajo diversas condiciones clim\u00e1ticas. Controla todo el ciclo de vida de las plagas y se distingue por su excelente selectividad hacia los insectos target, minimizando el imp acto sobre insectos no target.<\/p>\n<p style=\"text-align: justify;\">El producto est\u00e1 formulado como una Emulsi\u00f3n de Aceite en Agua (EW), donde cada part\u00edcula de insecticida se encuentra envuelta en microgotas de aceite. Esta formulaci\u00f3n asegura una uniformidad \u00f3ptima de ambos activos en el caldo de pulverizaci\u00f3n, garantizando as\u00ed un excelente contacto, penetraci\u00f3n y estabilidad de la gota pulverizada. Adem\u00e1s, la log\u00edstica se simplifica notablemente: un solo producto, una botella por tanque (1 L\/2.000 L).<\/p>\n<ul>\n<li><strong>Acci\u00f3n<\/strong>: Ingesti\u00f3n y contacto<\/li>\n<li><strong>Formulaci\u00f3n<\/strong>: Emulsi\u00f3n de Aceite en Agua (EW)<\/li>\n<li><strong>Cultivo<\/strong>: Manzano y peral<\/li>\n<li><strong>Presentaci\u00f3n<\/strong>: Caja de 6 L (6 botellas de 1 L c\/u)<\/li>\n<\/ul>\n","protected":false},"excerpt":{"rendered":"<hr \/>\n<p style=\"line-height: 2;\"><strong>INGREDIENTES ACTIVOS:<\/strong> Acetamiprid 7% + Piriproxifen 6% EW<br \/>\n<strong>CLASIFICACI\u00d3N DEL GRUPO DE FAMILIA: <\/strong>Grupo 4 (IRAC) + Grupo 7 (IRAC)<br \/>\n<strong>MODO DE ACCI\u00d3N:<\/strong> Modulador competitivo de receptores de acetilcolina nicot\u00ednicos y modulador del receptor de la hormona juvenil<br \/>\n<strong>CLASIFICACI\u00d3N TOXICOL\u00d3GICA:<\/strong> <span style=\"color: #3366ff;\">Clase III<\/span><\/p>\n<hr \/>\n<p>&nbsp;<\/p>\n","protected":false},"featured_media":6918,"template":"","meta":{"site-sidebar-layout":"default","site-content-layout":"default","ast-site-content-layout":"default","site-content-style":"default","site-sidebar-style":"default","ast-global-header-display":"","ast-banner-title-visibility":"","ast-main-header-display":"","ast-hfb-above-header-display":"","ast-hfb-below-header-display":"","ast-hfb-mobile-header-display":"","site-post-title":"","ast-breadcrumbs-content":"","ast-featured-img":"","footer-sml-layout":"","ast-disable-related-posts":"","theme-transparent-header-meta":"default","adv-header-id-meta":"","stick-header-meta":"","header-above-stick-meta":"","header-main-stick-meta":"","header-below-stick-meta":"","astra-migrate-meta-layouts":"set","ast-page-background-enabled":"default","ast-page-background-meta":{"desktop":{"background-color":"var(--ast-global-color-4)","background-image":"","background-repeat":"repeat","background-position":"center center","background-size":"auto","background-attachment":"scroll","background-type":"","background-media":"","overlay-type":"","overlay-color":"","overlay-opacity":"","overlay-gradient":""},"tablet":{"background-color":"","background-image":"","background-repeat":"repeat","background-position":"center center","background-size":"auto","background-attachment":"scroll","background-type":"","background-media":"","overlay-type":"","overlay-color":"","overlay-opacity":"","overlay-gradient":""},"mobile":{"background-color":"","background-image":"","background-repeat":"repeat","background-position":"center center","background-size":"auto","background-attachment":"scroll","background-type":"","background-media":"","overlay-type":"","overlay-color":"","overlay-opacity":"","overlay-gradient":""}},"ast-content-background-meta":{"desktop":{"background-color":"var(--ast-global-color-5)","background-image":"","background-repeat":"repeat","background-position":"center center","background-size":"auto","background-attachment":"scroll","background-type":"","background-media":"","overlay-type":"","overlay-color":"","overlay-opacity":"","overlay-gradient":""},"tablet":{"background-color":"var(--ast-global-color-5)","background-image":"","background-repeat":"repeat","background-position":"center center","background-size":"auto","background-attachment":"scroll","background-type":"","background-media":"","overlay-type":"","overlay-color":"","overlay-opacity":"","overlay-gradient":""},"mobile":{"background-color":"var(--ast-global-color-5)","background-image":"","background-repeat":"repeat","background-position":"center center","background-size":"auto","background-attachment":"scroll","background-type":"","background-media":"","overlay-type":"","overlay-color":"","overlay-opacity":"","overlay-gradient":""}}},"product_brand":[],"product_cat":[21],"product_tag":[],"class_list":{"0":"post-4654","1":"product","2":"type-product","3":"status-publish","4":"has-post-thumbnail","6":"product_cat-insecticidas","7":"cultivo-manzano","8":"cultivo-peral","9":"problematica-cacopsylla-pyricola","10":"problematica-cydia-pomonella","11":"problematica-edwardsiana-crataegui","12":"problematica-quadraspidiotus-perniciosus","13":"desktop-align-left","14":"tablet-align-left","15":"mobile-align-left","17":"first","18":"instock","19":"shipping-taxable","20":"purchasable","21":"product-type-simple"},"yoast_head":"<!-- This site is optimized with the Yoast SEO plugin v27.3 - https:\/\/yoast.com\/product\/yoast-seo-wordpress\/ -->\n<title>ASSAIL XLT RM - INSECTICIDA<\/title>\n<meta name=\"description\" content=\"ASSAIL XLT RM - Insecticida: Con avanzada tecnolog\u00eda, ofreciendo el espectro m\u00e1s amplio de control de plagas en cultivos de manzanos y perales.\" \/>\n<meta name=\"robots\" content=\"index, follow, max-snippet:-1, max-image-preview:large, max-video-preview:-1\" \/>\n<link rel=\"canonical\" href=\"https:\/\/summit-agro.com\/ar\/es\/producto\/assail-xlt-rm-insecticida\/\" \/>\n<meta property=\"og:locale\" content=\"es_ES\" \/>\n<meta property=\"og:type\" content=\"article\" \/>\n<meta property=\"og:title\" content=\"ASSAIL XLT RM - INSECTICIDA\" \/>\n<meta property=\"og:description\" content=\"ASSAIL XLT RM - Insecticida: Con avanzada tecnolog\u00eda, ofreciendo el espectro m\u00e1s amplio de control de plagas en cultivos de manzanos y perales.\" \/>\n<meta property=\"og:url\" content=\"https:\/\/summit-agro.com\/ar\/es\/producto\/assail-xlt-rm-insecticida\/\" \/>\n<meta property=\"og:site_name\" content=\"Summit Agro - Argentina\" \/>\n<meta property=\"article:modified_time\" content=\"2025-07-24T12:04:01+00:00\" \/>\n<meta property=\"og:image\" content=\"https:\/\/summit-agro.com\/ar\/es\/wp-content\/uploads\/2025\/07\/Assail-XLT-RM-Trademark-Web.png\" \/>\n\t<meta property=\"og:image:width\" content=\"1000\" \/>\n\t<meta property=\"og:image:height\" content=\"1000\" \/>\n\t<meta property=\"og:image:type\" content=\"image\/png\" \/>\n<meta name=\"twitter:card\" content=\"summary_large_image\" \/>\n<meta name=\"twitter:label1\" content=\"Tiempo de lectura\" \/>\n\t<meta name=\"twitter:data1\" content=\"2 minutos\" \/>\n<script type=\"application\/ld+json\" class=\"yoast-schema-graph\">{\"@context\":\"https:\\\/\\\/schema.org\",\"@graph\":[{\"@type\":\"WebPage\",\"@id\":\"https:\\\/\\\/summit-agro.com\\\/ar\\\/es\\\/producto\\\/assail-xlt-rm-insecticida\\\/\",\"url\":\"https:\\\/\\\/summit-agro.com\\\/ar\\\/es\\\/producto\\\/assail-xlt-rm-insecticida\\\/\",\"name\":\"ASSAIL XLT RM - INSECTICIDA\",\"isPartOf\":{\"@id\":\"https:\\\/\\\/summit-agro.com\\\/ar\\\/es\\\/#website\"},\"primaryImageOfPage\":{\"@id\":\"https:\\\/\\\/summit-agro.com\\\/ar\\\/es\\\/producto\\\/assail-xlt-rm-insecticida\\\/#primaryimage\"},\"image\":{\"@id\":\"https:\\\/\\\/summit-agro.com\\\/ar\\\/es\\\/producto\\\/assail-xlt-rm-insecticida\\\/#primaryimage\"},\"thumbnailUrl\":\"https:\\\/\\\/summit-agro.com\\\/ar\\\/es\\\/wp-content\\\/uploads\\\/2025\\\/07\\\/Assail-XLT-RM-Trademark-Web.png\",\"datePublished\":\"2023-05-29T12:57:57+00:00\",\"dateModified\":\"2025-07-24T12:04:01+00:00\",\"description\":\"ASSAIL XLT RM - Insecticida: Con avanzada tecnolog\u00eda, ofreciendo el espectro m\u00e1s amplio de control de plagas en cultivos de manzanos y perales.\",\"breadcrumb\":{\"@id\":\"https:\\\/\\\/summit-agro.com\\\/ar\\\/es\\\/producto\\\/assail-xlt-rm-insecticida\\\/#breadcrumb\"},\"inLanguage\":\"es-AR\",\"potentialAction\":[{\"@type\":\"ReadAction\",\"target\":[\"https:\\\/\\\/summit-agro.com\\\/ar\\\/es\\\/producto\\\/assail-xlt-rm-insecticida\\\/\"]}]},{\"@type\":\"ImageObject\",\"inLanguage\":\"es-AR\",\"@id\":\"https:\\\/\\\/summit-agro.com\\\/ar\\\/es\\\/producto\\\/assail-xlt-rm-insecticida\\\/#primaryimage\",\"url\":\"https:\\\/\\\/summit-agro.com\\\/ar\\\/es\\\/wp-content\\\/uploads\\\/2025\\\/07\\\/Assail-XLT-RM-Trademark-Web.png\",\"contentUrl\":\"https:\\\/\\\/summit-agro.com\\\/ar\\\/es\\\/wp-content\\\/uploads\\\/2025\\\/07\\\/Assail-XLT-RM-Trademark-Web.png\",\"width\":1000,\"height\":1000},{\"@type\":\"BreadcrumbList\",\"@id\":\"https:\\\/\\\/summit-agro.com\\\/ar\\\/es\\\/producto\\\/assail-xlt-rm-insecticida\\\/#breadcrumb\",\"itemListElement\":[{\"@type\":\"ListItem\",\"position\":1,\"name\":\"Portada\",\"item\":\"https:\\\/\\\/summit-agro.com\\\/ar\\\/es\\\/\"},{\"@type\":\"ListItem\",\"position\":2,\"name\":\"Soluciones\",\"item\":\"https:\\\/\\\/summit-agro.com\\\/ar\\\/es\\\/productos\\\/\"},{\"@type\":\"ListItem\",\"position\":3,\"name\":\"ASSAIL XLT RM\"}]},{\"@type\":\"WebSite\",\"@id\":\"https:\\\/\\\/summit-agro.com\\\/ar\\\/es\\\/#website\",\"url\":\"https:\\\/\\\/summit-agro.com\\\/ar\\\/es\\\/\",\"name\":\"Summit Agro - Argentina\",\"description\":\"\",\"publisher\":{\"@id\":\"https:\\\/\\\/summit-agro.com\\\/ar\\\/es\\\/#organization\"},\"potentialAction\":[{\"@type\":\"SearchAction\",\"target\":{\"@type\":\"EntryPoint\",\"urlTemplate\":\"https:\\\/\\\/summit-agro.com\\\/ar\\\/es\\\/?s={search_term_string}\"},\"query-input\":{\"@type\":\"PropertyValueSpecification\",\"valueRequired\":true,\"valueName\":\"search_term_string\"}}],\"inLanguage\":\"es-AR\"},{\"@type\":\"Organization\",\"@id\":\"https:\\\/\\\/summit-agro.com\\\/ar\\\/es\\\/#organization\",\"name\":\"Summit Agro - Argentina\",\"url\":\"https:\\\/\\\/summit-agro.com\\\/ar\\\/es\\\/\",\"logo\":{\"@type\":\"ImageObject\",\"inLanguage\":\"es-AR\",\"@id\":\"https:\\\/\\\/summit-agro.com\\\/ar\\\/es\\\/#\\\/schema\\\/logo\\\/image\\\/\",\"url\":\"https:\\\/\\\/summit-agro.com\\\/ar\\\/es\\\/wp-content\\\/uploads\\\/2021\\\/12\\\/summitlogo.png\",\"contentUrl\":\"https:\\\/\\\/summit-agro.com\\\/ar\\\/es\\\/wp-content\\\/uploads\\\/2021\\\/12\\\/summitlogo.png\",\"width\":192,\"height\":76,\"caption\":\"Summit Agro - Argentina\"},\"image\":{\"@id\":\"https:\\\/\\\/summit-agro.com\\\/ar\\\/es\\\/#\\\/schema\\\/logo\\\/image\\\/\"}}]}<\/script>\n<!-- \/ Yoast SEO plugin. -->","yoast_head_json":{"title":"ASSAIL XLT RM - INSECTICIDA","description":"ASSAIL XLT RM - Insecticida: Con avanzada tecnolog\u00eda, ofreciendo el espectro m\u00e1s amplio de control de plagas en cultivos de manzanos y perales.","robots":{"index":"index","follow":"follow","max-snippet":"max-snippet:-1","max-image-preview":"max-image-preview:large","max-video-preview":"max-video-preview:-1"},"canonical":"https:\/\/summit-agro.com\/ar\/es\/producto\/assail-xlt-rm-insecticida\/","og_locale":"es_ES","og_type":"article","og_title":"ASSAIL XLT RM - INSECTICIDA","og_description":"ASSAIL XLT RM - Insecticida: Con avanzada tecnolog\u00eda, ofreciendo el espectro m\u00e1s amplio de control de plagas en cultivos de manzanos y perales.","og_url":"https:\/\/summit-agro.com\/ar\/es\/producto\/assail-xlt-rm-insecticida\/","og_site_name":"Summit Agro - Argentina","article_modified_time":"2025-07-24T12:04:01+00:00","og_image":[{"width":1000,"height":1000,"url":"https:\/\/summit-agro.com\/ar\/es\/wp-content\/uploads\/2025\/07\/Assail-XLT-RM-Trademark-Web.png","type":"image\/png"}],"twitter_card":"summary_large_image","twitter_misc":{"Tiempo de lectura":"2 minutos"},"schema":{"@context":"https:\/\/schema.org","@graph":[{"@type":"WebPage","@id":"https:\/\/summit-agro.com\/ar\/es\/producto\/assail-xlt-rm-insecticida\/","url":"https:\/\/summit-agro.com\/ar\/es\/producto\/assail-xlt-rm-insecticida\/","name":"ASSAIL XLT RM - INSECTICIDA","isPartOf":{"@id":"https:\/\/summit-agro.com\/ar\/es\/#website"},"primaryImageOfPage":{"@id":"https:\/\/summit-agro.com\/ar\/es\/producto\/assail-xlt-rm-insecticida\/#primaryimage"},"image":{"@id":"https:\/\/summit-agro.com\/ar\/es\/producto\/assail-xlt-rm-insecticida\/#primaryimage"},"thumbnailUrl":"https:\/\/summit-agro.com\/ar\/es\/wp-content\/uploads\/2025\/07\/Assail-XLT-RM-Trademark-Web.png","datePublished":"2023-05-29T12:57:57+00:00","dateModified":"2025-07-24T12:04:01+00:00","description":"ASSAIL XLT RM - Insecticida: Con avanzada tecnolog\u00eda, ofreciendo el espectro m\u00e1s amplio de control de plagas en cultivos de manzanos y perales.","breadcrumb":{"@id":"https:\/\/summit-agro.com\/ar\/es\/producto\/assail-xlt-rm-insecticida\/#breadcrumb"},"inLanguage":"es-AR","potentialAction":[{"@type":"ReadAction","target":["https:\/\/summit-agro.com\/ar\/es\/producto\/assail-xlt-rm-insecticida\/"]}]},{"@type":"ImageObject","inLanguage":"es-AR","@id":"https:\/\/summit-agro.com\/ar\/es\/producto\/assail-xlt-rm-insecticida\/#primaryimage","url":"https:\/\/summit-agro.com\/ar\/es\/wp-content\/uploads\/2025\/07\/Assail-XLT-RM-Trademark-Web.png","contentUrl":"https:\/\/summit-agro.com\/ar\/es\/wp-content\/uploads\/2025\/07\/Assail-XLT-RM-Trademark-Web.png","width":1000,"height":1000},{"@type":"BreadcrumbList","@id":"https:\/\/summit-agro.com\/ar\/es\/producto\/assail-xlt-rm-insecticida\/#breadcrumb","itemListElement":[{"@type":"ListItem","position":1,"name":"Portada","item":"https:\/\/summit-agro.com\/ar\/es\/"},{"@type":"ListItem","position":2,"name":"Soluciones","item":"https:\/\/summit-agro.com\/ar\/es\/productos\/"},{"@type":"ListItem","position":3,"name":"ASSAIL XLT RM"}]},{"@type":"WebSite","@id":"https:\/\/summit-agro.com\/ar\/es\/#website","url":"https:\/\/summit-agro.com\/ar\/es\/","name":"Summit Agro - Argentina","description":"","publisher":{"@id":"https:\/\/summit-agro.com\/ar\/es\/#organization"},"potentialAction":[{"@type":"SearchAction","target":{"@type":"EntryPoint","urlTemplate":"https:\/\/summit-agro.com\/ar\/es\/?s={search_term_string}"},"query-input":{"@type":"PropertyValueSpecification","valueRequired":true,"valueName":"search_term_string"}}],"inLanguage":"es-AR"},{"@type":"Organization","@id":"https:\/\/summit-agro.com\/ar\/es\/#organization","name":"Summit Agro - Argentina","url":"https:\/\/summit-agro.com\/ar\/es\/","logo":{"@type":"ImageObject","inLanguage":"es-AR","@id":"https:\/\/summit-agro.com\/ar\/es\/#\/schema\/logo\/image\/","url":"https:\/\/summit-agro.com\/ar\/es\/wp-content\/uploads\/2021\/12\/summitlogo.png","contentUrl":"https:\/\/summit-agro.com\/ar\/es\/wp-content\/uploads\/2021\/12\/summitlogo.png","width":192,"height":76,"caption":"Summit Agro - Argentina"},"image":{"@id":"https:\/\/summit-agro.com\/ar\/es\/#\/schema\/logo\/image\/"}}]}},"_links":{"self":[{"href":"https:\/\/summit-agro.com\/ar\/es\/wp-json\/wp\/v2\/product\/4654","targetHints":{"allow":["GET"]}}],"collection":[{"href":"https:\/\/summit-agro.com\/ar\/es\/wp-json\/wp\/v2\/product"}],"about":[{"href":"https:\/\/summit-agro.com\/ar\/es\/wp-json\/wp\/v2\/types\/product"}],"wp:featuredmedia":[{"embeddable":true,"href":"https:\/\/summit-agro.com\/ar\/es\/wp-json\/wp\/v2\/media\/6918"}],"wp:attachment":[{"href":"https:\/\/summit-agro.com\/ar\/es\/wp-json\/wp\/v2\/media?parent=4654"}],"wp:term":[{"taxonomy":"product_brand","embeddable":true,"href":"https:\/\/summit-agro.com\/ar\/es\/wp-json\/wp\/v2\/product_brand?post=4654"},{"taxonomy":"product_cat","embeddable":true,"href":"https:\/\/summit-agro.com\/ar\/es\/wp-json\/wp\/v2\/product_cat?post=4654"},{"taxonomy":"product_tag","embeddable":true,"href":"https:\/\/summit-agro.com\/ar\/es\/wp-json\/wp\/v2\/product_tag?post=4654"}],"curies":[{"name":"wp","href":"https:\/\/api.w.org\/{rel}","templated":true}]}}