{"id":4634,"date":"2023-05-12T16:56:55","date_gmt":"2023-05-12T19:56:55","guid":{"rendered":"https:\/\/summit-agro.com\/ar\/es\/?post_type=product&#038;p=4634"},"modified":"2024-10-22T14:51:36","modified_gmt":"2024-10-22T17:51:36","slug":"agry-gent-plus-bactericida","status":"publish","type":"product","link":"https:\/\/summit-agro.com\/ar\/es\/producto\/agry-gent-plus-bactericida\/","title":{"rendered":"AGRY-GENT PLUS<div class=\"begreen\"><\/div>"},"content":{"rendered":"<p style=\"text-align: justify;\"><strong>AGRY-GENT PLUS<\/strong> es un potente bactericida destacado por su composici\u00f3n \u00fanica, que combina Gentamicina y Oxitetraciclina. La Gentamicina, un poderoso antibi\u00f3tico, act\u00faa en m\u00faltiples sitios del ribosoma, controlando tanto bacterias Gram positivas como Gram negativas y reduciendo la posibilidad de generaci\u00f3n de resistencias. La Oxitetraciclina, una tetraciclina, complementa esta acci\u00f3n actuando en la membrana y pared celular de las bacterias, logrando un efecto sin\u00e9rgico.<\/p>\n<p style=\"text-align: justify;\">En el cultivo de tomate, se utiliza desde el inicio y durante todo el ciclo de vida de la planta. Se transloca por xilema a cada nuevo punto de crecimiento deteniendo y brindando una protecci\u00f3n total frente a bacterias que afectan a el cultivo de tomate. Es soluble en agua y no afecta a los polinizadores.<\/p>\n<ul>\n<li><strong>Formulaci\u00f3n<\/strong>: Polvo Mojable (WP)<\/li>\n<li><strong>Cultivo:<\/strong> Tomate<\/li>\n<li><strong>Dosis<\/strong>: 80 g\/100 L agua<\/li>\n<li><strong>Presentaci\u00f3n<\/strong>: Caja de 12 kg (24 sobres de aluminio de 0,5 kg c\/u)<\/li>\n<li><strong style=\"font-size: 16px; text-align: center;\"><span style=\"color: #339966;\">Banda toxicol\u00f3gica verde<\/span><\/strong><\/li>\n<\/ul>\n","protected":false},"excerpt":{"rendered":"<hr \/>\n<p style=\"text-align: justify;\">\n<p style=\"line-height: 2;\"><strong>INGREDIENTES ACTIVOS:<\/strong> Sulfato de Gentamicina 10% + Clorhidrato de Oxitetraciclina 30% WP<br \/>\n<strong>CLASIFICACI\u00d3N TOXICOL\u00d3GICA:<\/strong> <span style=\"color: #339966;\">Clase IV<\/span><\/p>\n<hr \/>\n","protected":false},"featured_media":4635,"template":"","meta":{"site-sidebar-layout":"default","site-content-layout":"default","ast-site-content-layout":"default","site-content-style":"default","site-sidebar-style":"default","ast-global-header-display":"","ast-banner-title-visibility":"","ast-main-header-display":"","ast-hfb-above-header-display":"","ast-hfb-below-header-display":"","ast-hfb-mobile-header-display":"","site-post-title":"","ast-breadcrumbs-content":"","ast-featured-img":"","footer-sml-layout":"","ast-disable-related-posts":"","theme-transparent-header-meta":"default","adv-header-id-meta":"","stick-header-meta":"","header-above-stick-meta":"","header-main-stick-meta":"","header-below-stick-meta":"","astra-migrate-meta-layouts":"set","ast-page-background-enabled":"default","ast-page-background-meta":{"desktop":{"background-color":"var(--ast-global-color-4)","background-image":"","background-repeat":"repeat","background-position":"center center","background-size":"auto","background-attachment":"scroll","background-type":"","background-media":"","overlay-type":"","overlay-color":"","overlay-opacity":"","overlay-gradient":""},"tablet":{"background-color":"","background-image":"","background-repeat":"repeat","background-position":"center center","background-size":"auto","background-attachment":"scroll","background-type":"","background-media":"","overlay-type":"","overlay-color":"","overlay-opacity":"","overlay-gradient":""},"mobile":{"background-color":"","background-image":"","background-repeat":"repeat","background-position":"center center","background-size":"auto","background-attachment":"scroll","background-type":"","background-media":"","overlay-type":"","overlay-color":"","overlay-opacity":"","overlay-gradient":""}},"ast-content-background-meta":{"desktop":{"background-color":"var(--ast-global-color-5)","background-image":"","background-repeat":"repeat","background-position":"center center","background-size":"auto","background-attachment":"scroll","background-type":"","background-media":"","overlay-type":"","overlay-color":"","overlay-opacity":"","overlay-gradient":""},"tablet":{"background-color":"var(--ast-global-color-5)","background-image":"","background-repeat":"repeat","background-position":"center center","background-size":"auto","background-attachment":"scroll","background-type":"","background-media":"","overlay-type":"","overlay-color":"","overlay-opacity":"","overlay-gradient":""},"mobile":{"background-color":"var(--ast-global-color-5)","background-image":"","background-repeat":"repeat","background-position":"center center","background-size":"auto","background-attachment":"scroll","background-type":"","background-media":"","overlay-type":"","overlay-color":"","overlay-opacity":"","overlay-gradient":""}}},"product_brand":[],"product_cat":[373],"product_tag":[],"class_list":{"0":"post-4634","1":"product","2":"type-product","3":"status-publish","4":"has-post-thumbnail","6":"product_cat-bactericidas","7":"cultivo-tomate","8":"problematica-clavibacter-michiganensis","9":"desktop-align-left","10":"tablet-align-left","11":"mobile-align-left","13":"first","14":"instock","15":"shipping-taxable","16":"purchasable","17":"product-type-simple"},"yoast_head":"<!-- This site is optimized with the Yoast SEO plugin v27.3 - https:\/\/yoast.com\/product\/yoast-seo-wordpress\/ -->\n<title>AGRY-GENT PLUS - BACTERICIDA EN TOMATE<\/title>\n<meta name=\"description\" content=\"AGRY-GENT PLUS - Bactericida: Destacado por su potencia y composici\u00f3n \u00fanica para el cultivo de tomate, que combina Gentamicina y Oxitetraciclina.\" \/>\n<meta name=\"robots\" content=\"index, follow, max-snippet:-1, max-image-preview:large, max-video-preview:-1\" \/>\n<link rel=\"canonical\" href=\"https:\/\/summit-agro.com\/ar\/es\/producto\/agry-gent-plus-bactericida\/\" \/>\n<meta property=\"og:locale\" content=\"es_ES\" \/>\n<meta property=\"og:type\" content=\"article\" \/>\n<meta property=\"og:title\" content=\"AGRY-GENT PLUS - BACTERICIDA EN TOMATE\" \/>\n<meta property=\"og:description\" content=\"AGRY-GENT PLUS - Bactericida: Destacado por su potencia y composici\u00f3n \u00fanica para el cultivo de tomate, que combina Gentamicina y Oxitetraciclina.\" \/>\n<meta property=\"og:url\" content=\"https:\/\/summit-agro.com\/ar\/es\/producto\/agry-gent-plus-bactericida\/\" \/>\n<meta property=\"og:site_name\" content=\"Summit Agro - Argentina\" \/>\n<meta property=\"article:modified_time\" content=\"2024-10-22T17:51:36+00:00\" \/>\n<meta property=\"og:image\" content=\"https:\/\/summit-agro.com\/ar\/es\/wp-content\/uploads\/2023\/05\/Logos-para-la-web.png\" \/>\n\t<meta property=\"og:image:width\" content=\"1000\" \/>\n\t<meta property=\"og:image:height\" content=\"1000\" \/>\n\t<meta property=\"og:image:type\" content=\"image\/png\" \/>\n<meta name=\"twitter:card\" content=\"summary_large_image\" \/>\n<meta name=\"twitter:label1\" content=\"Tiempo de lectura\" \/>\n\t<meta name=\"twitter:data1\" content=\"1 minuto\" \/>\n<script type=\"application\/ld+json\" class=\"yoast-schema-graph\">{\"@context\":\"https:\\\/\\\/schema.org\",\"@graph\":[{\"@type\":\"WebPage\",\"@id\":\"https:\\\/\\\/summit-agro.com\\\/ar\\\/es\\\/producto\\\/agry-gent-plus-bactericida\\\/\",\"url\":\"https:\\\/\\\/summit-agro.com\\\/ar\\\/es\\\/producto\\\/agry-gent-plus-bactericida\\\/\",\"name\":\"AGRY-GENT PLUS - BACTERICIDA EN TOMATE\",\"isPartOf\":{\"@id\":\"https:\\\/\\\/summit-agro.com\\\/ar\\\/es\\\/#website\"},\"primaryImageOfPage\":{\"@id\":\"https:\\\/\\\/summit-agro.com\\\/ar\\\/es\\\/producto\\\/agry-gent-plus-bactericida\\\/#primaryimage\"},\"image\":{\"@id\":\"https:\\\/\\\/summit-agro.com\\\/ar\\\/es\\\/producto\\\/agry-gent-plus-bactericida\\\/#primaryimage\"},\"thumbnailUrl\":\"https:\\\/\\\/summit-agro.com\\\/ar\\\/es\\\/wp-content\\\/uploads\\\/2023\\\/05\\\/Logos-para-la-web.png\",\"datePublished\":\"2023-05-12T19:56:55+00:00\",\"dateModified\":\"2024-10-22T17:51:36+00:00\",\"description\":\"AGRY-GENT PLUS - Bactericida: Destacado por su potencia y composici\u00f3n \u00fanica para el cultivo de tomate, que combina Gentamicina y Oxitetraciclina.\",\"breadcrumb\":{\"@id\":\"https:\\\/\\\/summit-agro.com\\\/ar\\\/es\\\/producto\\\/agry-gent-plus-bactericida\\\/#breadcrumb\"},\"inLanguage\":\"es-AR\",\"potentialAction\":[{\"@type\":\"ReadAction\",\"target\":[\"https:\\\/\\\/summit-agro.com\\\/ar\\\/es\\\/producto\\\/agry-gent-plus-bactericida\\\/\"]}]},{\"@type\":\"ImageObject\",\"inLanguage\":\"es-AR\",\"@id\":\"https:\\\/\\\/summit-agro.com\\\/ar\\\/es\\\/producto\\\/agry-gent-plus-bactericida\\\/#primaryimage\",\"url\":\"https:\\\/\\\/summit-agro.com\\\/ar\\\/es\\\/wp-content\\\/uploads\\\/2023\\\/05\\\/Logos-para-la-web.png\",\"contentUrl\":\"https:\\\/\\\/summit-agro.com\\\/ar\\\/es\\\/wp-content\\\/uploads\\\/2023\\\/05\\\/Logos-para-la-web.png\",\"width\":1000,\"height\":1000,\"caption\":\"Logo de Agry-Gent Plus. Poderoso bactericida para el cultivo de tomate\"},{\"@type\":\"BreadcrumbList\",\"@id\":\"https:\\\/\\\/summit-agro.com\\\/ar\\\/es\\\/producto\\\/agry-gent-plus-bactericida\\\/#breadcrumb\",\"itemListElement\":[{\"@type\":\"ListItem\",\"position\":1,\"name\":\"Portada\",\"item\":\"https:\\\/\\\/summit-agro.com\\\/ar\\\/es\\\/\"},{\"@type\":\"ListItem\",\"position\":2,\"name\":\"Soluciones\",\"item\":\"https:\\\/\\\/summit-agro.com\\\/ar\\\/es\\\/productos\\\/\"},{\"@type\":\"ListItem\",\"position\":3,\"name\":\"AGRY-GENT PLUS\"}]},{\"@type\":\"WebSite\",\"@id\":\"https:\\\/\\\/summit-agro.com\\\/ar\\\/es\\\/#website\",\"url\":\"https:\\\/\\\/summit-agro.com\\\/ar\\\/es\\\/\",\"name\":\"Summit Agro - Argentina\",\"description\":\"\",\"publisher\":{\"@id\":\"https:\\\/\\\/summit-agro.com\\\/ar\\\/es\\\/#organization\"},\"potentialAction\":[{\"@type\":\"SearchAction\",\"target\":{\"@type\":\"EntryPoint\",\"urlTemplate\":\"https:\\\/\\\/summit-agro.com\\\/ar\\\/es\\\/?s={search_term_string}\"},\"query-input\":{\"@type\":\"PropertyValueSpecification\",\"valueRequired\":true,\"valueName\":\"search_term_string\"}}],\"inLanguage\":\"es-AR\"},{\"@type\":\"Organization\",\"@id\":\"https:\\\/\\\/summit-agro.com\\\/ar\\\/es\\\/#organization\",\"name\":\"Summit Agro - Argentina\",\"url\":\"https:\\\/\\\/summit-agro.com\\\/ar\\\/es\\\/\",\"logo\":{\"@type\":\"ImageObject\",\"inLanguage\":\"es-AR\",\"@id\":\"https:\\\/\\\/summit-agro.com\\\/ar\\\/es\\\/#\\\/schema\\\/logo\\\/image\\\/\",\"url\":\"https:\\\/\\\/summit-agro.com\\\/ar\\\/es\\\/wp-content\\\/uploads\\\/2021\\\/12\\\/summitlogo.png\",\"contentUrl\":\"https:\\\/\\\/summit-agro.com\\\/ar\\\/es\\\/wp-content\\\/uploads\\\/2021\\\/12\\\/summitlogo.png\",\"width\":192,\"height\":76,\"caption\":\"Summit Agro - Argentina\"},\"image\":{\"@id\":\"https:\\\/\\\/summit-agro.com\\\/ar\\\/es\\\/#\\\/schema\\\/logo\\\/image\\\/\"}}]}<\/script>\n<!-- \/ Yoast SEO plugin. -->","yoast_head_json":{"title":"AGRY-GENT PLUS - BACTERICIDA EN TOMATE","description":"AGRY-GENT PLUS - Bactericida: Destacado por su potencia y composici\u00f3n \u00fanica para el cultivo de tomate, que combina Gentamicina y Oxitetraciclina.","robots":{"index":"index","follow":"follow","max-snippet":"max-snippet:-1","max-image-preview":"max-image-preview:large","max-video-preview":"max-video-preview:-1"},"canonical":"https:\/\/summit-agro.com\/ar\/es\/producto\/agry-gent-plus-bactericida\/","og_locale":"es_ES","og_type":"article","og_title":"AGRY-GENT PLUS - BACTERICIDA EN TOMATE","og_description":"AGRY-GENT PLUS - Bactericida: Destacado por su potencia y composici\u00f3n \u00fanica para el cultivo de tomate, que combina Gentamicina y Oxitetraciclina.","og_url":"https:\/\/summit-agro.com\/ar\/es\/producto\/agry-gent-plus-bactericida\/","og_site_name":"Summit Agro - Argentina","article_modified_time":"2024-10-22T17:51:36+00:00","og_image":[{"width":1000,"height":1000,"url":"https:\/\/summit-agro.com\/ar\/es\/wp-content\/uploads\/2023\/05\/Logos-para-la-web.png","type":"image\/png"}],"twitter_card":"summary_large_image","twitter_misc":{"Tiempo de lectura":"1 minuto"},"schema":{"@context":"https:\/\/schema.org","@graph":[{"@type":"WebPage","@id":"https:\/\/summit-agro.com\/ar\/es\/producto\/agry-gent-plus-bactericida\/","url":"https:\/\/summit-agro.com\/ar\/es\/producto\/agry-gent-plus-bactericida\/","name":"AGRY-GENT PLUS - BACTERICIDA EN TOMATE","isPartOf":{"@id":"https:\/\/summit-agro.com\/ar\/es\/#website"},"primaryImageOfPage":{"@id":"https:\/\/summit-agro.com\/ar\/es\/producto\/agry-gent-plus-bactericida\/#primaryimage"},"image":{"@id":"https:\/\/summit-agro.com\/ar\/es\/producto\/agry-gent-plus-bactericida\/#primaryimage"},"thumbnailUrl":"https:\/\/summit-agro.com\/ar\/es\/wp-content\/uploads\/2023\/05\/Logos-para-la-web.png","datePublished":"2023-05-12T19:56:55+00:00","dateModified":"2024-10-22T17:51:36+00:00","description":"AGRY-GENT PLUS - Bactericida: Destacado por su potencia y composici\u00f3n \u00fanica para el cultivo de tomate, que combina Gentamicina y Oxitetraciclina.","breadcrumb":{"@id":"https:\/\/summit-agro.com\/ar\/es\/producto\/agry-gent-plus-bactericida\/#breadcrumb"},"inLanguage":"es-AR","potentialAction":[{"@type":"ReadAction","target":["https:\/\/summit-agro.com\/ar\/es\/producto\/agry-gent-plus-bactericida\/"]}]},{"@type":"ImageObject","inLanguage":"es-AR","@id":"https:\/\/summit-agro.com\/ar\/es\/producto\/agry-gent-plus-bactericida\/#primaryimage","url":"https:\/\/summit-agro.com\/ar\/es\/wp-content\/uploads\/2023\/05\/Logos-para-la-web.png","contentUrl":"https:\/\/summit-agro.com\/ar\/es\/wp-content\/uploads\/2023\/05\/Logos-para-la-web.png","width":1000,"height":1000,"caption":"Logo de Agry-Gent Plus. Poderoso bactericida para el cultivo de tomate"},{"@type":"BreadcrumbList","@id":"https:\/\/summit-agro.com\/ar\/es\/producto\/agry-gent-plus-bactericida\/#breadcrumb","itemListElement":[{"@type":"ListItem","position":1,"name":"Portada","item":"https:\/\/summit-agro.com\/ar\/es\/"},{"@type":"ListItem","position":2,"name":"Soluciones","item":"https:\/\/summit-agro.com\/ar\/es\/productos\/"},{"@type":"ListItem","position":3,"name":"AGRY-GENT PLUS"}]},{"@type":"WebSite","@id":"https:\/\/summit-agro.com\/ar\/es\/#website","url":"https:\/\/summit-agro.com\/ar\/es\/","name":"Summit Agro - Argentina","description":"","publisher":{"@id":"https:\/\/summit-agro.com\/ar\/es\/#organization"},"potentialAction":[{"@type":"SearchAction","target":{"@type":"EntryPoint","urlTemplate":"https:\/\/summit-agro.com\/ar\/es\/?s={search_term_string}"},"query-input":{"@type":"PropertyValueSpecification","valueRequired":true,"valueName":"search_term_string"}}],"inLanguage":"es-AR"},{"@type":"Organization","@id":"https:\/\/summit-agro.com\/ar\/es\/#organization","name":"Summit Agro - Argentina","url":"https:\/\/summit-agro.com\/ar\/es\/","logo":{"@type":"ImageObject","inLanguage":"es-AR","@id":"https:\/\/summit-agro.com\/ar\/es\/#\/schema\/logo\/image\/","url":"https:\/\/summit-agro.com\/ar\/es\/wp-content\/uploads\/2021\/12\/summitlogo.png","contentUrl":"https:\/\/summit-agro.com\/ar\/es\/wp-content\/uploads\/2021\/12\/summitlogo.png","width":192,"height":76,"caption":"Summit Agro - Argentina"},"image":{"@id":"https:\/\/summit-agro.com\/ar\/es\/#\/schema\/logo\/image\/"}}]}},"_links":{"self":[{"href":"https:\/\/summit-agro.com\/ar\/es\/wp-json\/wp\/v2\/product\/4634","targetHints":{"allow":["GET"]}}],"collection":[{"href":"https:\/\/summit-agro.com\/ar\/es\/wp-json\/wp\/v2\/product"}],"about":[{"href":"https:\/\/summit-agro.com\/ar\/es\/wp-json\/wp\/v2\/types\/product"}],"wp:featuredmedia":[{"embeddable":true,"href":"https:\/\/summit-agro.com\/ar\/es\/wp-json\/wp\/v2\/media\/4635"}],"wp:attachment":[{"href":"https:\/\/summit-agro.com\/ar\/es\/wp-json\/wp\/v2\/media?parent=4634"}],"wp:term":[{"taxonomy":"product_brand","embeddable":true,"href":"https:\/\/summit-agro.com\/ar\/es\/wp-json\/wp\/v2\/product_brand?post=4634"},{"taxonomy":"product_cat","embeddable":true,"href":"https:\/\/summit-agro.com\/ar\/es\/wp-json\/wp\/v2\/product_cat?post=4634"},{"taxonomy":"product_tag","embeddable":true,"href":"https:\/\/summit-agro.com\/ar\/es\/wp-json\/wp\/v2\/product_tag?post=4634"}],"curies":[{"name":"wp","href":"https:\/\/api.w.org\/{rel}","templated":true}]}}