{"id":4582,"date":"2023-04-14T12:13:21","date_gmt":"2023-04-14T15:13:21","guid":{"rendered":"https:\/\/summit-agro.com\/ar\/es\/?post_type=product&#038;p=4582"},"modified":"2024-10-23T10:30:22","modified_gmt":"2024-10-23T13:30:22","slug":"sake-herbicida-pre-emergente","status":"publish","type":"product","link":"https:\/\/summit-agro.com\/ar\/es\/producto\/sake-herbicida-pre-emergente\/","title":{"rendered":"SAKE"},"content":{"rendered":"<p style=\"text-align: justify;\"><strong>SAKE<\/strong> es un herbicida pre-emergente, residual formulado para el control de malezas gram\u00edneas y latifoliadas en cultivos como ma\u00edz, trigo y en barbecho. Proporciona acci\u00f3n quemante en malezas latifoliadas durante los primeros estadios de crecimiento.<\/p>\n<p style=\"text-align: justify;\">Destaca por su mayor eficacia de control gracias a la exclusiva tecnolog\u00eda de micronizado en Flumioxazin. Este proceso incrementa la superficie espec\u00edfica del activo, aumentando la probabilidad de contacto con las malezas.<\/p>\n<p style=\"text-align: justify;\">Presenta baja lixiviaci\u00f3n debido a su baja solubilidad y alta adsorci\u00f3n a los coloides del suelo. Ofrece flexibilidad de uso en diferentes situaciones como barbecho intermedio de soja, barbecho corto de ma\u00edz, barbecho corto de trigo y barbecho qu\u00edmico. Adem\u00e1s, muestra excelente compatibilidad en mezclas de tanque.<\/p>\n<ul>\n<li><strong>Aplicaci\u00f3n<\/strong>: Barbecho \/ Pre-emergencia<\/li>\n<li><strong>Formulaci\u00f3n<\/strong>: Suspensi\u00f3n Concentrada (SC)<\/li>\n<li><strong>Cultivos<\/strong>: Ma\u00edz y trigo<\/li>\n<li><strong>Dosis<\/strong>: Variable seg\u00fan cultivo y maleza<\/li>\n<li><strong>Presentaci\u00f3n<\/strong>: Bid\u00f3n de 20 L<\/li>\n<\/ul>\n<hr \/>\n<p><a href=\"https:\/\/summit-agro.com\/ar\/es\/wp-content\/uploads\/2024\/09\/Guia-de-Malezas-Summit-Agro-y-UNR-b.pdf\">Gu\u00eda de malezas<\/a> elaborada por Summit Agro Argentina en conjunto con la <a href=\"https:\/\/fcagr.unr.edu.ar\/\">Universidad Nacional de Rosario<\/a>.<\/p>\n","protected":false},"excerpt":{"rendered":"<hr \/>\n<p style=\"line-height: 2;\"><strong>INGREDIENTES ACTIVOS: <\/strong>Terbutilazina 45% + Flumioxazin 3% SC<br \/>\n<strong>CLASIFICACI\u00d3N DEL GRUPO DE FAMILIA:<\/strong> Grupo 5 (HRAC) + Grupo 14 (HRAC)<br \/>\n<strong>MODO DE ACCI\u00d3N: <\/strong>Inhibidor de la activaci\u00f3n lum\u00ednica de ROS<br \/>\n<strong>SITIOS DE ACCI\u00d3N: <\/strong>Inhibidor de la fotos\u00edntesis en el fotosistema II + Inhibidor de la PPO<br \/>\n<strong>CLASIFICACI\u00d3N TOXICOL\u00d3GICA: <\/strong><span style=\"color: #ffcc00;\">Clase II<\/span><\/p>\n<hr \/>\n<p style=\"line-height: 2;\">\n","protected":false},"featured_media":4584,"template":"","meta":{"site-sidebar-layout":"default","site-content-layout":"default","ast-site-content-layout":"default","site-content-style":"default","site-sidebar-style":"default","ast-global-header-display":"","ast-banner-title-visibility":"","ast-main-header-display":"","ast-hfb-above-header-display":"","ast-hfb-below-header-display":"","ast-hfb-mobile-header-display":"","site-post-title":"","ast-breadcrumbs-content":"","ast-featured-img":"","footer-sml-layout":"","ast-disable-related-posts":"","theme-transparent-header-meta":"default","adv-header-id-meta":"","stick-header-meta":"","header-above-stick-meta":"","header-main-stick-meta":"","header-below-stick-meta":"","astra-migrate-meta-layouts":"set","ast-page-background-enabled":"default","ast-page-background-meta":{"desktop":{"background-color":"var(--ast-global-color-4)","background-image":"","background-repeat":"repeat","background-position":"center center","background-size":"auto","background-attachment":"scroll","background-type":"","background-media":"","overlay-type":"","overlay-color":"","overlay-opacity":"","overlay-gradient":""},"tablet":{"background-color":"","background-image":"","background-repeat":"repeat","background-position":"center center","background-size":"auto","background-attachment":"scroll","background-type":"","background-media":"","overlay-type":"","overlay-color":"","overlay-opacity":"","overlay-gradient":""},"mobile":{"background-color":"","background-image":"","background-repeat":"repeat","background-position":"center center","background-size":"auto","background-attachment":"scroll","background-type":"","background-media":"","overlay-type":"","overlay-color":"","overlay-opacity":"","overlay-gradient":""}},"ast-content-background-meta":{"desktop":{"background-color":"var(--ast-global-color-5)","background-image":"","background-repeat":"repeat","background-position":"center center","background-size":"auto","background-attachment":"scroll","background-type":"","background-media":"","overlay-type":"","overlay-color":"","overlay-opacity":"","overlay-gradient":""},"tablet":{"background-color":"var(--ast-global-color-5)","background-image":"","background-repeat":"repeat","background-position":"center center","background-size":"auto","background-attachment":"scroll","background-type":"","background-media":"","overlay-type":"","overlay-color":"","overlay-opacity":"","overlay-gradient":""},"mobile":{"background-color":"var(--ast-global-color-5)","background-image":"","background-repeat":"repeat","background-position":"center center","background-size":"auto","background-attachment":"scroll","background-type":"","background-media":"","overlay-type":"","overlay-color":"","overlay-opacity":"","overlay-gradient":""}}},"product_brand":[],"product_cat":[20],"product_tag":[],"class_list":{"0":"post-4582","1":"product","2":"type-product","3":"status-publish","4":"has-post-thumbnail","6":"product_cat-herbicidas","7":"cultivo-barbecho","8":"cultivo-maiz","9":"cultivo-trigo","10":"problematica-amaranthus-spp","11":"problematica-brassica-rapa","12":"problematica-chloris-elata","13":"problematica-conyza-spp","14":"problematica-digitaria-sanguinalis","15":"problematica-echinochloa-colona","16":"problematica-echinochloa-crus-galli","17":"problematica-eleusine-indica","18":"problematica-lolium-spp","19":"problematica-parietaria-debilis","20":"desktop-align-left","21":"tablet-align-left","22":"mobile-align-left","24":"first","25":"instock","26":"shipping-taxable","27":"purchasable","28":"product-type-simple"},"yoast_head":"<!-- This site is optimized with the Yoast SEO plugin v27.3 - https:\/\/yoast.com\/product\/yoast-seo-wordpress\/ -->\n<title>SAKE - HERBICIDA PRE-EMERGENTE<\/title>\n<meta name=\"description\" content=\"SAKE - Herbicida pre-emergente: Para el control de malezas gram\u00edneas y latifoliadas en cultivos como ma\u00edz, trigo y en barbecho.\" \/>\n<meta name=\"robots\" content=\"index, follow, max-snippet:-1, max-image-preview:large, max-video-preview:-1\" \/>\n<link rel=\"canonical\" href=\"https:\/\/summit-agro.com\/ar\/es\/producto\/sake-herbicida-pre-emergente\/\" \/>\n<meta property=\"og:locale\" content=\"es_ES\" \/>\n<meta property=\"og:type\" content=\"article\" \/>\n<meta property=\"og:title\" content=\"SAKE - HERBICIDA PRE-EMERGENTE\" \/>\n<meta property=\"og:description\" content=\"SAKE - Herbicida pre-emergente: Para el control de malezas gram\u00edneas y latifoliadas en cultivos como ma\u00edz, trigo y en barbecho.\" \/>\n<meta property=\"og:url\" content=\"https:\/\/summit-agro.com\/ar\/es\/producto\/sake-herbicida-pre-emergente\/\" \/>\n<meta property=\"og:site_name\" content=\"Summit Agro - Argentina\" \/>\n<meta property=\"article:modified_time\" content=\"2024-10-23T13:30:22+00:00\" \/>\n<meta property=\"og:image\" content=\"https:\/\/summit-agro.com\/ar\/es\/wp-content\/uploads\/2023\/04\/Logo-para-la-web-1.png\" \/>\n\t<meta property=\"og:image:width\" content=\"1000\" \/>\n\t<meta property=\"og:image:height\" content=\"1000\" \/>\n\t<meta property=\"og:image:type\" content=\"image\/png\" \/>\n<meta name=\"twitter:card\" content=\"summary_large_image\" \/>\n<meta name=\"twitter:label1\" content=\"Tiempo de lectura\" \/>\n\t<meta name=\"twitter:data1\" content=\"1 minuto\" \/>\n<script type=\"application\/ld+json\" class=\"yoast-schema-graph\">{\"@context\":\"https:\\\/\\\/schema.org\",\"@graph\":[{\"@type\":\"WebPage\",\"@id\":\"https:\\\/\\\/summit-agro.com\\\/ar\\\/es\\\/producto\\\/sake-herbicida-pre-emergente\\\/\",\"url\":\"https:\\\/\\\/summit-agro.com\\\/ar\\\/es\\\/producto\\\/sake-herbicida-pre-emergente\\\/\",\"name\":\"SAKE - HERBICIDA PRE-EMERGENTE\",\"isPartOf\":{\"@id\":\"https:\\\/\\\/summit-agro.com\\\/ar\\\/es\\\/#website\"},\"primaryImageOfPage\":{\"@id\":\"https:\\\/\\\/summit-agro.com\\\/ar\\\/es\\\/producto\\\/sake-herbicida-pre-emergente\\\/#primaryimage\"},\"image\":{\"@id\":\"https:\\\/\\\/summit-agro.com\\\/ar\\\/es\\\/producto\\\/sake-herbicida-pre-emergente\\\/#primaryimage\"},\"thumbnailUrl\":\"https:\\\/\\\/summit-agro.com\\\/ar\\\/es\\\/wp-content\\\/uploads\\\/2023\\\/04\\\/Logo-para-la-web-1.png\",\"datePublished\":\"2023-04-14T15:13:21+00:00\",\"dateModified\":\"2024-10-23T13:30:22+00:00\",\"description\":\"SAKE - Herbicida pre-emergente: Para el control de malezas gram\u00edneas y latifoliadas en cultivos como ma\u00edz, trigo y en barbecho.\",\"breadcrumb\":{\"@id\":\"https:\\\/\\\/summit-agro.com\\\/ar\\\/es\\\/producto\\\/sake-herbicida-pre-emergente\\\/#breadcrumb\"},\"inLanguage\":\"es-AR\",\"potentialAction\":[{\"@type\":\"ReadAction\",\"target\":[\"https:\\\/\\\/summit-agro.com\\\/ar\\\/es\\\/producto\\\/sake-herbicida-pre-emergente\\\/\"]}]},{\"@type\":\"ImageObject\",\"inLanguage\":\"es-AR\",\"@id\":\"https:\\\/\\\/summit-agro.com\\\/ar\\\/es\\\/producto\\\/sake-herbicida-pre-emergente\\\/#primaryimage\",\"url\":\"https:\\\/\\\/summit-agro.com\\\/ar\\\/es\\\/wp-content\\\/uploads\\\/2023\\\/04\\\/Logo-para-la-web-1.png\",\"contentUrl\":\"https:\\\/\\\/summit-agro.com\\\/ar\\\/es\\\/wp-content\\\/uploads\\\/2023\\\/04\\\/Logo-para-la-web-1.png\",\"width\":1000,\"height\":1000,\"caption\":\"Logo de Sake. Herbicida pre-emergente.\"},{\"@type\":\"BreadcrumbList\",\"@id\":\"https:\\\/\\\/summit-agro.com\\\/ar\\\/es\\\/producto\\\/sake-herbicida-pre-emergente\\\/#breadcrumb\",\"itemListElement\":[{\"@type\":\"ListItem\",\"position\":1,\"name\":\"Portada\",\"item\":\"https:\\\/\\\/summit-agro.com\\\/ar\\\/es\\\/\"},{\"@type\":\"ListItem\",\"position\":2,\"name\":\"Soluciones\",\"item\":\"https:\\\/\\\/summit-agro.com\\\/ar\\\/es\\\/productos\\\/\"},{\"@type\":\"ListItem\",\"position\":3,\"name\":\"SAKE\"}]},{\"@type\":\"WebSite\",\"@id\":\"https:\\\/\\\/summit-agro.com\\\/ar\\\/es\\\/#website\",\"url\":\"https:\\\/\\\/summit-agro.com\\\/ar\\\/es\\\/\",\"name\":\"Summit Agro - Argentina\",\"description\":\"\",\"publisher\":{\"@id\":\"https:\\\/\\\/summit-agro.com\\\/ar\\\/es\\\/#organization\"},\"potentialAction\":[{\"@type\":\"SearchAction\",\"target\":{\"@type\":\"EntryPoint\",\"urlTemplate\":\"https:\\\/\\\/summit-agro.com\\\/ar\\\/es\\\/?s={search_term_string}\"},\"query-input\":{\"@type\":\"PropertyValueSpecification\",\"valueRequired\":true,\"valueName\":\"search_term_string\"}}],\"inLanguage\":\"es-AR\"},{\"@type\":\"Organization\",\"@id\":\"https:\\\/\\\/summit-agro.com\\\/ar\\\/es\\\/#organization\",\"name\":\"Summit Agro - Argentina\",\"url\":\"https:\\\/\\\/summit-agro.com\\\/ar\\\/es\\\/\",\"logo\":{\"@type\":\"ImageObject\",\"inLanguage\":\"es-AR\",\"@id\":\"https:\\\/\\\/summit-agro.com\\\/ar\\\/es\\\/#\\\/schema\\\/logo\\\/image\\\/\",\"url\":\"https:\\\/\\\/summit-agro.com\\\/ar\\\/es\\\/wp-content\\\/uploads\\\/2021\\\/12\\\/summitlogo.png\",\"contentUrl\":\"https:\\\/\\\/summit-agro.com\\\/ar\\\/es\\\/wp-content\\\/uploads\\\/2021\\\/12\\\/summitlogo.png\",\"width\":192,\"height\":76,\"caption\":\"Summit Agro - Argentina\"},\"image\":{\"@id\":\"https:\\\/\\\/summit-agro.com\\\/ar\\\/es\\\/#\\\/schema\\\/logo\\\/image\\\/\"}}]}<\/script>\n<!-- \/ Yoast SEO plugin. -->","yoast_head_json":{"title":"SAKE - HERBICIDA PRE-EMERGENTE","description":"SAKE - Herbicida pre-emergente: Para el control de malezas gram\u00edneas y latifoliadas en cultivos como ma\u00edz, trigo y en barbecho.","robots":{"index":"index","follow":"follow","max-snippet":"max-snippet:-1","max-image-preview":"max-image-preview:large","max-video-preview":"max-video-preview:-1"},"canonical":"https:\/\/summit-agro.com\/ar\/es\/producto\/sake-herbicida-pre-emergente\/","og_locale":"es_ES","og_type":"article","og_title":"SAKE - HERBICIDA PRE-EMERGENTE","og_description":"SAKE - Herbicida pre-emergente: Para el control de malezas gram\u00edneas y latifoliadas en cultivos como ma\u00edz, trigo y en barbecho.","og_url":"https:\/\/summit-agro.com\/ar\/es\/producto\/sake-herbicida-pre-emergente\/","og_site_name":"Summit Agro - Argentina","article_modified_time":"2024-10-23T13:30:22+00:00","og_image":[{"width":1000,"height":1000,"url":"https:\/\/summit-agro.com\/ar\/es\/wp-content\/uploads\/2023\/04\/Logo-para-la-web-1.png","type":"image\/png"}],"twitter_card":"summary_large_image","twitter_misc":{"Tiempo de lectura":"1 minuto"},"schema":{"@context":"https:\/\/schema.org","@graph":[{"@type":"WebPage","@id":"https:\/\/summit-agro.com\/ar\/es\/producto\/sake-herbicida-pre-emergente\/","url":"https:\/\/summit-agro.com\/ar\/es\/producto\/sake-herbicida-pre-emergente\/","name":"SAKE - HERBICIDA PRE-EMERGENTE","isPartOf":{"@id":"https:\/\/summit-agro.com\/ar\/es\/#website"},"primaryImageOfPage":{"@id":"https:\/\/summit-agro.com\/ar\/es\/producto\/sake-herbicida-pre-emergente\/#primaryimage"},"image":{"@id":"https:\/\/summit-agro.com\/ar\/es\/producto\/sake-herbicida-pre-emergente\/#primaryimage"},"thumbnailUrl":"https:\/\/summit-agro.com\/ar\/es\/wp-content\/uploads\/2023\/04\/Logo-para-la-web-1.png","datePublished":"2023-04-14T15:13:21+00:00","dateModified":"2024-10-23T13:30:22+00:00","description":"SAKE - Herbicida pre-emergente: Para el control de malezas gram\u00edneas y latifoliadas en cultivos como ma\u00edz, trigo y en barbecho.","breadcrumb":{"@id":"https:\/\/summit-agro.com\/ar\/es\/producto\/sake-herbicida-pre-emergente\/#breadcrumb"},"inLanguage":"es-AR","potentialAction":[{"@type":"ReadAction","target":["https:\/\/summit-agro.com\/ar\/es\/producto\/sake-herbicida-pre-emergente\/"]}]},{"@type":"ImageObject","inLanguage":"es-AR","@id":"https:\/\/summit-agro.com\/ar\/es\/producto\/sake-herbicida-pre-emergente\/#primaryimage","url":"https:\/\/summit-agro.com\/ar\/es\/wp-content\/uploads\/2023\/04\/Logo-para-la-web-1.png","contentUrl":"https:\/\/summit-agro.com\/ar\/es\/wp-content\/uploads\/2023\/04\/Logo-para-la-web-1.png","width":1000,"height":1000,"caption":"Logo de Sake. Herbicida pre-emergente."},{"@type":"BreadcrumbList","@id":"https:\/\/summit-agro.com\/ar\/es\/producto\/sake-herbicida-pre-emergente\/#breadcrumb","itemListElement":[{"@type":"ListItem","position":1,"name":"Portada","item":"https:\/\/summit-agro.com\/ar\/es\/"},{"@type":"ListItem","position":2,"name":"Soluciones","item":"https:\/\/summit-agro.com\/ar\/es\/productos\/"},{"@type":"ListItem","position":3,"name":"SAKE"}]},{"@type":"WebSite","@id":"https:\/\/summit-agro.com\/ar\/es\/#website","url":"https:\/\/summit-agro.com\/ar\/es\/","name":"Summit Agro - Argentina","description":"","publisher":{"@id":"https:\/\/summit-agro.com\/ar\/es\/#organization"},"potentialAction":[{"@type":"SearchAction","target":{"@type":"EntryPoint","urlTemplate":"https:\/\/summit-agro.com\/ar\/es\/?s={search_term_string}"},"query-input":{"@type":"PropertyValueSpecification","valueRequired":true,"valueName":"search_term_string"}}],"inLanguage":"es-AR"},{"@type":"Organization","@id":"https:\/\/summit-agro.com\/ar\/es\/#organization","name":"Summit Agro - Argentina","url":"https:\/\/summit-agro.com\/ar\/es\/","logo":{"@type":"ImageObject","inLanguage":"es-AR","@id":"https:\/\/summit-agro.com\/ar\/es\/#\/schema\/logo\/image\/","url":"https:\/\/summit-agro.com\/ar\/es\/wp-content\/uploads\/2021\/12\/summitlogo.png","contentUrl":"https:\/\/summit-agro.com\/ar\/es\/wp-content\/uploads\/2021\/12\/summitlogo.png","width":192,"height":76,"caption":"Summit Agro - Argentina"},"image":{"@id":"https:\/\/summit-agro.com\/ar\/es\/#\/schema\/logo\/image\/"}}]}},"_links":{"self":[{"href":"https:\/\/summit-agro.com\/ar\/es\/wp-json\/wp\/v2\/product\/4582","targetHints":{"allow":["GET"]}}],"collection":[{"href":"https:\/\/summit-agro.com\/ar\/es\/wp-json\/wp\/v2\/product"}],"about":[{"href":"https:\/\/summit-agro.com\/ar\/es\/wp-json\/wp\/v2\/types\/product"}],"wp:featuredmedia":[{"embeddable":true,"href":"https:\/\/summit-agro.com\/ar\/es\/wp-json\/wp\/v2\/media\/4584"}],"wp:attachment":[{"href":"https:\/\/summit-agro.com\/ar\/es\/wp-json\/wp\/v2\/media?parent=4582"}],"wp:term":[{"taxonomy":"product_brand","embeddable":true,"href":"https:\/\/summit-agro.com\/ar\/es\/wp-json\/wp\/v2\/product_brand?post=4582"},{"taxonomy":"product_cat","embeddable":true,"href":"https:\/\/summit-agro.com\/ar\/es\/wp-json\/wp\/v2\/product_cat?post=4582"},{"taxonomy":"product_tag","embeddable":true,"href":"https:\/\/summit-agro.com\/ar\/es\/wp-json\/wp\/v2\/product_tag?post=4582"}],"curies":[{"name":"wp","href":"https:\/\/api.w.org\/{rel}","templated":true}]}}