{"id":4578,"date":"2023-04-11T16:20:14","date_gmt":"2023-04-11T19:20:14","guid":{"rendered":"https:\/\/summit-agro.com\/ar\/es\/?post_type=product&#038;p=4578"},"modified":"2025-07-24T08:54:30","modified_gmt":"2025-07-24T11:54:30","slug":"koritsu-herbicida-residual","status":"publish","type":"product","link":"https:\/\/summit-agro.com\/ar\/es\/producto\/koritsu-herbicida-residual\/","title":{"rendered":"KORITSU"},"content":{"rendered":"<p style=\"text-align: justify;\"><strong>KORITSU<\/strong> es un herbicida pre-emergente con acci\u00f3n residual en malezas de hoja ancha y supresi\u00f3n de gram\u00edneas. Es utilizado en barbecho qu\u00edmico largo en el cultivo de ma\u00edz como pre-emergente, en cereales de invierno en pre-siembra, y en cultivos de servicios e intensivos, ofreciendo una excelente performance en el control de malezas dif\u00edciles como Yuyo colorado, <em>Parietaria<\/em>, Rama negra, as\u00ed como un excelente control de malezas de hoja ancha y gram\u00edneas. Puede ser aplicado tambi\u00e9n en post-emergencia del cultivo de ma\u00edz. Presenta una elevada residualidad en <em>Amaranthus spp<\/em>.<\/p>\n<p style=\"text-align: justify;\">Posee un bajo potencial de lixiviaci\u00f3n en comparaci\u00f3n con la Atrazina y ofrece un mayor efecto de quemado en la post-emergencia temprana de malezas. Adem\u00e1s, es compatible en mezcla de tanque con otros herbicidas.<\/p>\n<ul>\n<li><strong>Aplicaci\u00f3n<\/strong>: Barbecho qu\u00edmico \/ Pre-siembra \/ Pre-emergencia \/ Post-emergencia (ma\u00edz)<\/li>\n<li><strong>Formulaci\u00f3n<\/strong>: Suspensi\u00f3n Concentrada (SC)<\/li>\n<li><strong>Cultivos<\/strong>: C\u00edtricos, ma\u00edz, garbanzo, arveja, haba, lupino, lenteja, vicia, poroto mung, avena, centeno, trigo, cebada, algod\u00f3n, man\u00ed, vid y forestales<\/li>\n<li><strong>Dosis<\/strong>: Variable seg\u00fan cultivo y maleza<\/li>\n<li><strong>Presentaci\u00f3n<\/strong>: Bid\u00f3n de 20 L<\/li>\n<\/ul>\n<hr \/>\n<p><a href=\"https:\/\/summit-agro.com\/ar\/es\/wp-content\/uploads\/2024\/09\/Guia-de-Malezas-Summit-Agro-y-UNR-b.pdf\">Gu\u00eda de malezas<\/a> elaborada por Summit Agro Argentina en conjunto con la <a href=\"https:\/\/fcagr.unr.edu.ar\/\">Universidad Nacional de Rosario<\/a>.<\/p>\n","protected":false},"excerpt":{"rendered":"<hr \/>\n<p style=\"line-height: 2;\"><strong>INGREDIENTE ACTIVO:<\/strong> Terbutilazina 50% SC<br \/>\n<strong>CLASIFICACI\u00d3N DEL GRUPO DE FAMILIA:<\/strong> Grupo 5 (HRAC)<br \/>\n<strong>MODO DE ACCI\u00d3N:<\/strong> Inhibidor de la activaci\u00f3n lum\u00ednica de ROS<br \/>\n<strong>SITIO DE ACCI\u00d3N:<\/strong> Inhibidor de la fotos\u00edntesis en el fotosistema II<br \/>\n<strong>CLASIFICACI\u00d3N TOXICOL\u00d3GICA:<\/strong> <span style=\"color: #3366ff;\">Clase III<\/span><\/p>\n<hr \/>\n<p style=\"line-height: 2;\">\n","protected":false},"featured_media":4576,"template":"","meta":{"site-sidebar-layout":"default","site-content-layout":"default","ast-site-content-layout":"default","site-content-style":"default","site-sidebar-style":"default","ast-global-header-display":"","ast-banner-title-visibility":"","ast-main-header-display":"","ast-hfb-above-header-display":"","ast-hfb-below-header-display":"","ast-hfb-mobile-header-display":"","site-post-title":"","ast-breadcrumbs-content":"","ast-featured-img":"","footer-sml-layout":"","ast-disable-related-posts":"","theme-transparent-header-meta":"default","adv-header-id-meta":"","stick-header-meta":"","header-above-stick-meta":"","header-main-stick-meta":"","header-below-stick-meta":"","astra-migrate-meta-layouts":"set","ast-page-background-enabled":"default","ast-page-background-meta":{"desktop":{"background-color":"var(--ast-global-color-4)","background-image":"","background-repeat":"repeat","background-position":"center center","background-size":"auto","background-attachment":"scroll","background-type":"","background-media":"","overlay-type":"","overlay-color":"","overlay-opacity":"","overlay-gradient":""},"tablet":{"background-color":"","background-image":"","background-repeat":"repeat","background-position":"center center","background-size":"auto","background-attachment":"scroll","background-type":"","background-media":"","overlay-type":"","overlay-color":"","overlay-opacity":"","overlay-gradient":""},"mobile":{"background-color":"","background-image":"","background-repeat":"repeat","background-position":"center center","background-size":"auto","background-attachment":"scroll","background-type":"","background-media":"","overlay-type":"","overlay-color":"","overlay-opacity":"","overlay-gradient":""}},"ast-content-background-meta":{"desktop":{"background-color":"var(--ast-global-color-5)","background-image":"","background-repeat":"repeat","background-position":"center center","background-size":"auto","background-attachment":"scroll","background-type":"","background-media":"","overlay-type":"","overlay-color":"","overlay-opacity":"","overlay-gradient":""},"tablet":{"background-color":"var(--ast-global-color-5)","background-image":"","background-repeat":"repeat","background-position":"center center","background-size":"auto","background-attachment":"scroll","background-type":"","background-media":"","overlay-type":"","overlay-color":"","overlay-opacity":"","overlay-gradient":""},"mobile":{"background-color":"var(--ast-global-color-5)","background-image":"","background-repeat":"repeat","background-position":"center center","background-size":"auto","background-attachment":"scroll","background-type":"","background-media":"","overlay-type":"","overlay-color":"","overlay-opacity":"","overlay-gradient":""}}},"product_brand":[],"product_cat":[20],"product_tag":[],"class_list":{"0":"post-4578","1":"product","2":"type-product","3":"status-publish","4":"has-post-thumbnail","6":"product_cat-herbicidas","7":"cultivo-algodon","8":"cultivo-arveja","9":"cultivo-avena","10":"cultivo-barbecho","11":"cultivo-cebada","12":"cultivo-centeno","13":"cultivo-citricos","14":"cultivo-forestales","15":"cultivo-garbanzo","16":"cultivo-haba","17":"cultivo-lenteja","18":"cultivo-limonero","19":"cultivo-lupino","20":"cultivo-maiz","21":"cultivo-mandarino","22":"cultivo-mani","23":"cultivo-naranjo","24":"cultivo-poroto","25":"cultivo-trigo","26":"cultivo-vicia","27":"cultivo-vid","28":"problematica-amaranthus-spp","29":"problematica-anoda-cristata","30":"problematica-bowlesia-incana","31":"problematica-chenopodium-album","32":"problematica-conyza-spp","33":"problematica-coronopus-didymus","34":"problematica-datura-ferox","35":"problematica-digitaria-sanguinalis","36":"problematica-echinochloa-crus-galli","37":"problematica-echinochloa-spp","38":"problematica-eleusine-indica","39":"problematica-lamium-amplexicaule","40":"problematica-parietaria-debilis","41":"problematica-polygonum-convolvulus","42":"problematica-portulaca-oleracea","43":"problematica-sonchus-oleraceus","44":"problematica-tagetes-minuta","45":"desktop-align-left","46":"tablet-align-left","47":"mobile-align-left","49":"first","50":"instock","51":"shipping-taxable","52":"purchasable","53":"product-type-simple"},"yoast_head":"<!-- This site is optimized with the Yoast SEO plugin v27.3 - https:\/\/yoast.com\/product\/yoast-seo-wordpress\/ -->\n<title>KORITSU - HERBICIDA RESIDUAL<\/title>\n<meta name=\"description\" content=\"KORITSU - Herbicida residual: Para malezas de hoja ancha y gram\u00edneas. Excelente performance en el control de Yuyo colorado, Parietaria y Rama negra.\" \/>\n<meta name=\"robots\" content=\"index, follow, max-snippet:-1, max-image-preview:large, max-video-preview:-1\" \/>\n<link rel=\"canonical\" href=\"https:\/\/summit-agro.com\/ar\/es\/producto\/koritsu-herbicida-residual\/\" \/>\n<meta property=\"og:locale\" content=\"es_ES\" \/>\n<meta property=\"og:type\" content=\"article\" \/>\n<meta property=\"og:title\" content=\"KORITSU - HERBICIDA RESIDUAL\" \/>\n<meta property=\"og:description\" content=\"KORITSU - Herbicida residual: Para malezas de hoja ancha y gram\u00edneas. Excelente performance en el control de Yuyo colorado, Parietaria y Rama negra.\" \/>\n<meta property=\"og:url\" content=\"https:\/\/summit-agro.com\/ar\/es\/producto\/koritsu-herbicida-residual\/\" \/>\n<meta property=\"og:site_name\" content=\"Summit Agro - Argentina\" \/>\n<meta property=\"article:modified_time\" content=\"2025-07-24T11:54:30+00:00\" \/>\n<meta property=\"og:image\" content=\"https:\/\/summit-agro.com\/ar\/es\/wp-content\/uploads\/2023\/04\/Logo-para-la-web.png\" \/>\n\t<meta property=\"og:image:width\" content=\"1000\" \/>\n\t<meta property=\"og:image:height\" content=\"1000\" \/>\n\t<meta property=\"og:image:type\" content=\"image\/png\" \/>\n<meta name=\"twitter:card\" content=\"summary_large_image\" \/>\n<meta name=\"twitter:label1\" content=\"Tiempo de lectura\" \/>\n\t<meta name=\"twitter:data1\" content=\"2 minutos\" \/>\n<script type=\"application\/ld+json\" class=\"yoast-schema-graph\">{\"@context\":\"https:\\\/\\\/schema.org\",\"@graph\":[{\"@type\":\"WebPage\",\"@id\":\"https:\\\/\\\/summit-agro.com\\\/ar\\\/es\\\/producto\\\/koritsu-herbicida-residual\\\/\",\"url\":\"https:\\\/\\\/summit-agro.com\\\/ar\\\/es\\\/producto\\\/koritsu-herbicida-residual\\\/\",\"name\":\"KORITSU - HERBICIDA RESIDUAL\",\"isPartOf\":{\"@id\":\"https:\\\/\\\/summit-agro.com\\\/ar\\\/es\\\/#website\"},\"primaryImageOfPage\":{\"@id\":\"https:\\\/\\\/summit-agro.com\\\/ar\\\/es\\\/producto\\\/koritsu-herbicida-residual\\\/#primaryimage\"},\"image\":{\"@id\":\"https:\\\/\\\/summit-agro.com\\\/ar\\\/es\\\/producto\\\/koritsu-herbicida-residual\\\/#primaryimage\"},\"thumbnailUrl\":\"https:\\\/\\\/summit-agro.com\\\/ar\\\/es\\\/wp-content\\\/uploads\\\/2023\\\/04\\\/Logo-para-la-web.png\",\"datePublished\":\"2023-04-11T19:20:14+00:00\",\"dateModified\":\"2025-07-24T11:54:30+00:00\",\"description\":\"KORITSU - Herbicida residual: Para malezas de hoja ancha y gram\u00edneas. Excelente performance en el control de Yuyo colorado, Parietaria y Rama negra.\",\"breadcrumb\":{\"@id\":\"https:\\\/\\\/summit-agro.com\\\/ar\\\/es\\\/producto\\\/koritsu-herbicida-residual\\\/#breadcrumb\"},\"inLanguage\":\"es-AR\",\"potentialAction\":[{\"@type\":\"ReadAction\",\"target\":[\"https:\\\/\\\/summit-agro.com\\\/ar\\\/es\\\/producto\\\/koritsu-herbicida-residual\\\/\"]}]},{\"@type\":\"ImageObject\",\"inLanguage\":\"es-AR\",\"@id\":\"https:\\\/\\\/summit-agro.com\\\/ar\\\/es\\\/producto\\\/koritsu-herbicida-residual\\\/#primaryimage\",\"url\":\"https:\\\/\\\/summit-agro.com\\\/ar\\\/es\\\/wp-content\\\/uploads\\\/2023\\\/04\\\/Logo-para-la-web.png\",\"contentUrl\":\"https:\\\/\\\/summit-agro.com\\\/ar\\\/es\\\/wp-content\\\/uploads\\\/2023\\\/04\\\/Logo-para-la-web.png\",\"width\":1000,\"height\":1000,\"caption\":\"Logo de KORITSU. Herbicida residual.\"},{\"@type\":\"BreadcrumbList\",\"@id\":\"https:\\\/\\\/summit-agro.com\\\/ar\\\/es\\\/producto\\\/koritsu-herbicida-residual\\\/#breadcrumb\",\"itemListElement\":[{\"@type\":\"ListItem\",\"position\":1,\"name\":\"Portada\",\"item\":\"https:\\\/\\\/summit-agro.com\\\/ar\\\/es\\\/\"},{\"@type\":\"ListItem\",\"position\":2,\"name\":\"Soluciones\",\"item\":\"https:\\\/\\\/summit-agro.com\\\/ar\\\/es\\\/productos\\\/\"},{\"@type\":\"ListItem\",\"position\":3,\"name\":\"KORITSU\"}]},{\"@type\":\"WebSite\",\"@id\":\"https:\\\/\\\/summit-agro.com\\\/ar\\\/es\\\/#website\",\"url\":\"https:\\\/\\\/summit-agro.com\\\/ar\\\/es\\\/\",\"name\":\"Summit Agro - Argentina\",\"description\":\"\",\"publisher\":{\"@id\":\"https:\\\/\\\/summit-agro.com\\\/ar\\\/es\\\/#organization\"},\"potentialAction\":[{\"@type\":\"SearchAction\",\"target\":{\"@type\":\"EntryPoint\",\"urlTemplate\":\"https:\\\/\\\/summit-agro.com\\\/ar\\\/es\\\/?s={search_term_string}\"},\"query-input\":{\"@type\":\"PropertyValueSpecification\",\"valueRequired\":true,\"valueName\":\"search_term_string\"}}],\"inLanguage\":\"es-AR\"},{\"@type\":\"Organization\",\"@id\":\"https:\\\/\\\/summit-agro.com\\\/ar\\\/es\\\/#organization\",\"name\":\"Summit Agro - Argentina\",\"url\":\"https:\\\/\\\/summit-agro.com\\\/ar\\\/es\\\/\",\"logo\":{\"@type\":\"ImageObject\",\"inLanguage\":\"es-AR\",\"@id\":\"https:\\\/\\\/summit-agro.com\\\/ar\\\/es\\\/#\\\/schema\\\/logo\\\/image\\\/\",\"url\":\"https:\\\/\\\/summit-agro.com\\\/ar\\\/es\\\/wp-content\\\/uploads\\\/2021\\\/12\\\/summitlogo.png\",\"contentUrl\":\"https:\\\/\\\/summit-agro.com\\\/ar\\\/es\\\/wp-content\\\/uploads\\\/2021\\\/12\\\/summitlogo.png\",\"width\":192,\"height\":76,\"caption\":\"Summit Agro - Argentina\"},\"image\":{\"@id\":\"https:\\\/\\\/summit-agro.com\\\/ar\\\/es\\\/#\\\/schema\\\/logo\\\/image\\\/\"}}]}<\/script>\n<!-- \/ Yoast SEO plugin. -->","yoast_head_json":{"title":"KORITSU - HERBICIDA RESIDUAL","description":"KORITSU - Herbicida residual: Para malezas de hoja ancha y gram\u00edneas. Excelente performance en el control de Yuyo colorado, Parietaria y Rama negra.","robots":{"index":"index","follow":"follow","max-snippet":"max-snippet:-1","max-image-preview":"max-image-preview:large","max-video-preview":"max-video-preview:-1"},"canonical":"https:\/\/summit-agro.com\/ar\/es\/producto\/koritsu-herbicida-residual\/","og_locale":"es_ES","og_type":"article","og_title":"KORITSU - HERBICIDA RESIDUAL","og_description":"KORITSU - Herbicida residual: Para malezas de hoja ancha y gram\u00edneas. Excelente performance en el control de Yuyo colorado, Parietaria y Rama negra.","og_url":"https:\/\/summit-agro.com\/ar\/es\/producto\/koritsu-herbicida-residual\/","og_site_name":"Summit Agro - Argentina","article_modified_time":"2025-07-24T11:54:30+00:00","og_image":[{"width":1000,"height":1000,"url":"https:\/\/summit-agro.com\/ar\/es\/wp-content\/uploads\/2023\/04\/Logo-para-la-web.png","type":"image\/png"}],"twitter_card":"summary_large_image","twitter_misc":{"Tiempo de lectura":"2 minutos"},"schema":{"@context":"https:\/\/schema.org","@graph":[{"@type":"WebPage","@id":"https:\/\/summit-agro.com\/ar\/es\/producto\/koritsu-herbicida-residual\/","url":"https:\/\/summit-agro.com\/ar\/es\/producto\/koritsu-herbicida-residual\/","name":"KORITSU - HERBICIDA RESIDUAL","isPartOf":{"@id":"https:\/\/summit-agro.com\/ar\/es\/#website"},"primaryImageOfPage":{"@id":"https:\/\/summit-agro.com\/ar\/es\/producto\/koritsu-herbicida-residual\/#primaryimage"},"image":{"@id":"https:\/\/summit-agro.com\/ar\/es\/producto\/koritsu-herbicida-residual\/#primaryimage"},"thumbnailUrl":"https:\/\/summit-agro.com\/ar\/es\/wp-content\/uploads\/2023\/04\/Logo-para-la-web.png","datePublished":"2023-04-11T19:20:14+00:00","dateModified":"2025-07-24T11:54:30+00:00","description":"KORITSU - Herbicida residual: Para malezas de hoja ancha y gram\u00edneas. Excelente performance en el control de Yuyo colorado, Parietaria y Rama negra.","breadcrumb":{"@id":"https:\/\/summit-agro.com\/ar\/es\/producto\/koritsu-herbicida-residual\/#breadcrumb"},"inLanguage":"es-AR","potentialAction":[{"@type":"ReadAction","target":["https:\/\/summit-agro.com\/ar\/es\/producto\/koritsu-herbicida-residual\/"]}]},{"@type":"ImageObject","inLanguage":"es-AR","@id":"https:\/\/summit-agro.com\/ar\/es\/producto\/koritsu-herbicida-residual\/#primaryimage","url":"https:\/\/summit-agro.com\/ar\/es\/wp-content\/uploads\/2023\/04\/Logo-para-la-web.png","contentUrl":"https:\/\/summit-agro.com\/ar\/es\/wp-content\/uploads\/2023\/04\/Logo-para-la-web.png","width":1000,"height":1000,"caption":"Logo de KORITSU. Herbicida residual."},{"@type":"BreadcrumbList","@id":"https:\/\/summit-agro.com\/ar\/es\/producto\/koritsu-herbicida-residual\/#breadcrumb","itemListElement":[{"@type":"ListItem","position":1,"name":"Portada","item":"https:\/\/summit-agro.com\/ar\/es\/"},{"@type":"ListItem","position":2,"name":"Soluciones","item":"https:\/\/summit-agro.com\/ar\/es\/productos\/"},{"@type":"ListItem","position":3,"name":"KORITSU"}]},{"@type":"WebSite","@id":"https:\/\/summit-agro.com\/ar\/es\/#website","url":"https:\/\/summit-agro.com\/ar\/es\/","name":"Summit Agro - Argentina","description":"","publisher":{"@id":"https:\/\/summit-agro.com\/ar\/es\/#organization"},"potentialAction":[{"@type":"SearchAction","target":{"@type":"EntryPoint","urlTemplate":"https:\/\/summit-agro.com\/ar\/es\/?s={search_term_string}"},"query-input":{"@type":"PropertyValueSpecification","valueRequired":true,"valueName":"search_term_string"}}],"inLanguage":"es-AR"},{"@type":"Organization","@id":"https:\/\/summit-agro.com\/ar\/es\/#organization","name":"Summit Agro - Argentina","url":"https:\/\/summit-agro.com\/ar\/es\/","logo":{"@type":"ImageObject","inLanguage":"es-AR","@id":"https:\/\/summit-agro.com\/ar\/es\/#\/schema\/logo\/image\/","url":"https:\/\/summit-agro.com\/ar\/es\/wp-content\/uploads\/2021\/12\/summitlogo.png","contentUrl":"https:\/\/summit-agro.com\/ar\/es\/wp-content\/uploads\/2021\/12\/summitlogo.png","width":192,"height":76,"caption":"Summit Agro - Argentina"},"image":{"@id":"https:\/\/summit-agro.com\/ar\/es\/#\/schema\/logo\/image\/"}}]}},"_links":{"self":[{"href":"https:\/\/summit-agro.com\/ar\/es\/wp-json\/wp\/v2\/product\/4578","targetHints":{"allow":["GET"]}}],"collection":[{"href":"https:\/\/summit-agro.com\/ar\/es\/wp-json\/wp\/v2\/product"}],"about":[{"href":"https:\/\/summit-agro.com\/ar\/es\/wp-json\/wp\/v2\/types\/product"}],"wp:featuredmedia":[{"embeddable":true,"href":"https:\/\/summit-agro.com\/ar\/es\/wp-json\/wp\/v2\/media\/4576"}],"wp:attachment":[{"href":"https:\/\/summit-agro.com\/ar\/es\/wp-json\/wp\/v2\/media?parent=4578"}],"wp:term":[{"taxonomy":"product_brand","embeddable":true,"href":"https:\/\/summit-agro.com\/ar\/es\/wp-json\/wp\/v2\/product_brand?post=4578"},{"taxonomy":"product_cat","embeddable":true,"href":"https:\/\/summit-agro.com\/ar\/es\/wp-json\/wp\/v2\/product_cat?post=4578"},{"taxonomy":"product_tag","embeddable":true,"href":"https:\/\/summit-agro.com\/ar\/es\/wp-json\/wp\/v2\/product_tag?post=4578"}],"curies":[{"name":"wp","href":"https:\/\/api.w.org\/{rel}","templated":true}]}}