{"id":2816,"date":"2021-10-20T09:56:45","date_gmt":"2021-10-20T12:56:45","guid":{"rendered":"https:\/\/summit-agro.com\/ar\/es\/?post_type=product&#038;p=2816"},"modified":"2025-10-31T09:39:00","modified_gmt":"2025-10-31T12:39:00","slug":"kumite-herbicida-selectivo","status":"publish","type":"product","link":"https:\/\/summit-agro.com\/ar\/es\/producto\/kumite-herbicida-selectivo\/","title":{"rendered":"KUMITE"},"content":{"rendered":"<p style=\"text-align: justify;\"><strong>KUMITE<\/strong> es un herbicida selectivo post-emergente sist\u00e9mico, dise\u00f1ado para el control de gram\u00edneas anuales y perennes. La aplicaci\u00f3n de nanotecnolog\u00eda en su formulaci\u00f3n permite lograr un producto m\u00e1s estable y efectivo que las formulaciones tradicionales. En estos sistemas qu\u00edmicos nanotecnol\u00f3gicos, el principio activo se presenta en micelas nanom\u00e9tricas, protegidas por coadyuvantes y emulgentes espec\u00edficos que resguardan su poder graminicida frente a factores f\u00edsicos y qu\u00edmicos adversos como la fot\u00f3lisis, la calidad del agua y la evaporaci\u00f3n.<\/p>\n<p style=\"text-align: justify;\">Esta formulaci\u00f3n diferencial tambi\u00e9n contiene compuestos penetrantes que degradan la barrera de s\u00edlice de las gram\u00edneas. Junto con el peque\u00f1o tama\u00f1o del activo graminicida, esto permite una gran capacidad de penetraci\u00f3n y translocaci\u00f3n, otorgando una eficiencia herbicida superior a la de las formulaciones tradicionales.<\/p>\n<p style=\"text-align: justify;\">Gracias a su Tecnolog\u00eda ELITE, no requiere la adici\u00f3n de coadyuvantes, aceites metilados ni aceites minerales en el caldo de aplicaci\u00f3n.<\/p>\n<ul>\n<li><strong>Aplicaci\u00f3n<\/strong>: Post-emergencia<\/li>\n<li><strong>Formulaci\u00f3n<\/strong>: Concentrado Emulsionable (EC)<\/li>\n<li><strong>Cultivos<\/strong>: Soja, alfalfa, algod\u00f3n, girasol, man\u00ed, papa, poroto y cebolla<\/li>\n<li><strong>Dosis<\/strong>: Variable seg\u00fan cultivo y maleza<\/li>\n<li><strong>Presentaci\u00f3n<\/strong>: Bid\u00f3n de 20 L<\/li>\n<\/ul>\n<hr \/>\n<p><a href=\"https:\/\/summit-agro.com\/ar\/es\/wp-content\/uploads\/2024\/09\/Guia-de-Malezas-Summit-Agro-y-UNR-b.pdf\">Gu\u00eda de malezas<\/a> elaborada por Summit Agro Argentina en conjunto con la <a href=\"https:\/\/fcagr.unr.edu.ar\/\">Universidad Nacional de Rosario<\/a>.<\/p>\n","protected":false},"excerpt":{"rendered":"<hr \/>\n<p style=\"line-height: 2;\"><strong>INGREDIENTE ACTIVO:<\/strong> Cletodim 24% EC<br \/>\n<strong>CLASIFICACI\u00d3N DEL GRUPO DE FAMILIA:<\/strong> Grupo 1 (HRAC)<br \/>\n<strong>MODO DE ACCI\u00d3N:<\/strong> Inhibidor del metabolismo celular<br \/>\n<strong>SITIO DE ACCI\u00d3N:\u00a0<\/strong>Inhibidor de la acetil CoA carboxilasa<br \/>\n<strong>CLASIFICACI\u00d3N TOXICOL\u00d3GICA:<\/strong> <span style=\"color: #3366ff;\">Clase III<\/span><\/p>\n<hr \/>\n<p style=\"line-height: 2;\">\n","protected":false},"featured_media":4573,"template":"","meta":{"site-sidebar-layout":"default","site-content-layout":"default","ast-site-content-layout":"default","site-content-style":"default","site-sidebar-style":"default","ast-global-header-display":"","ast-banner-title-visibility":"","ast-main-header-display":"","ast-hfb-above-header-display":"","ast-hfb-below-header-display":"","ast-hfb-mobile-header-display":"","site-post-title":"","ast-breadcrumbs-content":"","ast-featured-img":"","footer-sml-layout":"","ast-disable-related-posts":"","theme-transparent-header-meta":"default","adv-header-id-meta":"","stick-header-meta":"","header-above-stick-meta":"","header-main-stick-meta":"","header-below-stick-meta":"","astra-migrate-meta-layouts":"set","ast-page-background-enabled":"default","ast-page-background-meta":{"desktop":{"background-color":"var(--ast-global-color-4)","background-image":"","background-repeat":"repeat","background-position":"center center","background-size":"auto","background-attachment":"scroll","background-type":"","background-media":"","overlay-type":"","overlay-color":"","overlay-opacity":"","overlay-gradient":""},"tablet":{"background-color":"","background-image":"","background-repeat":"repeat","background-position":"center center","background-size":"auto","background-attachment":"scroll","background-type":"","background-media":"","overlay-type":"","overlay-color":"","overlay-opacity":"","overlay-gradient":""},"mobile":{"background-color":"","background-image":"","background-repeat":"repeat","background-position":"center center","background-size":"auto","background-attachment":"scroll","background-type":"","background-media":"","overlay-type":"","overlay-color":"","overlay-opacity":"","overlay-gradient":""}},"ast-content-background-meta":{"desktop":{"background-color":"var(--ast-global-color-5)","background-image":"","background-repeat":"repeat","background-position":"center center","background-size":"auto","background-attachment":"scroll","background-type":"","background-media":"","overlay-type":"","overlay-color":"","overlay-opacity":"","overlay-gradient":""},"tablet":{"background-color":"var(--ast-global-color-5)","background-image":"","background-repeat":"repeat","background-position":"center center","background-size":"auto","background-attachment":"scroll","background-type":"","background-media":"","overlay-type":"","overlay-color":"","overlay-opacity":"","overlay-gradient":""},"mobile":{"background-color":"var(--ast-global-color-5)","background-image":"","background-repeat":"repeat","background-position":"center center","background-size":"auto","background-attachment":"scroll","background-type":"","background-media":"","overlay-type":"","overlay-color":"","overlay-opacity":"","overlay-gradient":""}}},"product_brand":[],"product_cat":[20],"product_tag":[],"class_list":{"0":"post-2816","1":"product","2":"type-product","3":"status-publish","4":"has-post-thumbnail","6":"product_cat-herbicidas","7":"cultivo-alfalfa","8":"cultivo-algodon","9":"cultivo-cebolla","10":"cultivo-girasol","11":"cultivo-mani","12":"cultivo-papa","13":"cultivo-poroto","14":"cultivo-soja","15":"problematica-cynodon-dactylon","16":"problematica-digitaria-sanguinalis","17":"problematica-echinochloa-crus-galli","18":"problematica-eleusine-indica","19":"problematica-sorghum-halepense","20":"problematica-stipa-brachychaeta","21":"problematica-triticum-spp","22":"problematica-zea-mays","23":"desktop-align-left","24":"tablet-align-left","25":"mobile-align-left","27":"first","28":"instock","29":"shipping-taxable","30":"purchasable","31":"product-type-simple"},"yoast_head":"<!-- This site is optimized with the Yoast SEO plugin v27.3 - https:\/\/yoast.com\/product\/yoast-seo-wordpress\/ -->\n<title>KUMITE - HERBICIDA SELECTIVO<\/title>\n<meta name=\"description\" content=\"KUMITE - Herbicida selectivo: Post-emergente sist\u00e9mico, dise\u00f1ado para el control de gram\u00edneas anuales y perennes. Producto nanotecnol\u00f3gico m\u00e1s estable.\" \/>\n<meta name=\"robots\" content=\"index, follow, max-snippet:-1, max-image-preview:large, max-video-preview:-1\" \/>\n<link rel=\"canonical\" href=\"https:\/\/summit-agro.com\/ar\/es\/producto\/kumite-herbicida-selectivo\/\" \/>\n<meta property=\"og:locale\" content=\"es_ES\" \/>\n<meta property=\"og:type\" content=\"article\" \/>\n<meta property=\"og:title\" content=\"KUMITE - HERBICIDA SELECTIVO\" \/>\n<meta property=\"og:description\" content=\"KUMITE - Herbicida selectivo: Post-emergente sist\u00e9mico, dise\u00f1ado para el control de gram\u00edneas anuales y perennes. Producto nanotecnol\u00f3gico m\u00e1s estable.\" \/>\n<meta property=\"og:url\" content=\"https:\/\/summit-agro.com\/ar\/es\/producto\/kumite-herbicida-selectivo\/\" \/>\n<meta property=\"og:site_name\" content=\"Summit Agro - Argentina\" \/>\n<meta property=\"article:modified_time\" content=\"2025-10-31T12:39:00+00:00\" \/>\n<meta property=\"og:image\" content=\"https:\/\/summit-agro.com\/ar\/es\/wp-content\/uploads\/2021\/10\/Logo-Kumite-Para-web.jpg\" \/>\n\t<meta property=\"og:image:width\" content=\"1000\" \/>\n\t<meta property=\"og:image:height\" content=\"1000\" \/>\n\t<meta property=\"og:image:type\" content=\"image\/jpeg\" \/>\n<meta name=\"twitter:card\" content=\"summary_large_image\" \/>\n<meta name=\"twitter:label1\" content=\"Tiempo de lectura\" \/>\n\t<meta name=\"twitter:data1\" content=\"2 minutos\" \/>\n<script type=\"application\/ld+json\" class=\"yoast-schema-graph\">{\"@context\":\"https:\\\/\\\/schema.org\",\"@graph\":[{\"@type\":\"WebPage\",\"@id\":\"https:\\\/\\\/summit-agro.com\\\/ar\\\/es\\\/producto\\\/kumite-herbicida-selectivo\\\/\",\"url\":\"https:\\\/\\\/summit-agro.com\\\/ar\\\/es\\\/producto\\\/kumite-herbicida-selectivo\\\/\",\"name\":\"KUMITE - HERBICIDA SELECTIVO\",\"isPartOf\":{\"@id\":\"https:\\\/\\\/summit-agro.com\\\/ar\\\/es\\\/#website\"},\"primaryImageOfPage\":{\"@id\":\"https:\\\/\\\/summit-agro.com\\\/ar\\\/es\\\/producto\\\/kumite-herbicida-selectivo\\\/#primaryimage\"},\"image\":{\"@id\":\"https:\\\/\\\/summit-agro.com\\\/ar\\\/es\\\/producto\\\/kumite-herbicida-selectivo\\\/#primaryimage\"},\"thumbnailUrl\":\"https:\\\/\\\/summit-agro.com\\\/ar\\\/es\\\/wp-content\\\/uploads\\\/2021\\\/10\\\/Logo-Kumite-Para-web.jpg\",\"datePublished\":\"2021-10-20T12:56:45+00:00\",\"dateModified\":\"2025-10-31T12:39:00+00:00\",\"description\":\"KUMITE - Herbicida selectivo: Post-emergente sist\u00e9mico, dise\u00f1ado para el control de gram\u00edneas anuales y perennes. Producto nanotecnol\u00f3gico m\u00e1s estable.\",\"breadcrumb\":{\"@id\":\"https:\\\/\\\/summit-agro.com\\\/ar\\\/es\\\/producto\\\/kumite-herbicida-selectivo\\\/#breadcrumb\"},\"inLanguage\":\"es-AR\",\"potentialAction\":[{\"@type\":\"ReadAction\",\"target\":[\"https:\\\/\\\/summit-agro.com\\\/ar\\\/es\\\/producto\\\/kumite-herbicida-selectivo\\\/\"]}]},{\"@type\":\"ImageObject\",\"inLanguage\":\"es-AR\",\"@id\":\"https:\\\/\\\/summit-agro.com\\\/ar\\\/es\\\/producto\\\/kumite-herbicida-selectivo\\\/#primaryimage\",\"url\":\"https:\\\/\\\/summit-agro.com\\\/ar\\\/es\\\/wp-content\\\/uploads\\\/2021\\\/10\\\/Logo-Kumite-Para-web.jpg\",\"contentUrl\":\"https:\\\/\\\/summit-agro.com\\\/ar\\\/es\\\/wp-content\\\/uploads\\\/2021\\\/10\\\/Logo-Kumite-Para-web.jpg\",\"width\":1000,\"height\":1000,\"caption\":\"Logo de KUMITE. Herbicida selectivo.\"},{\"@type\":\"BreadcrumbList\",\"@id\":\"https:\\\/\\\/summit-agro.com\\\/ar\\\/es\\\/producto\\\/kumite-herbicida-selectivo\\\/#breadcrumb\",\"itemListElement\":[{\"@type\":\"ListItem\",\"position\":1,\"name\":\"Portada\",\"item\":\"https:\\\/\\\/summit-agro.com\\\/ar\\\/es\\\/\"},{\"@type\":\"ListItem\",\"position\":2,\"name\":\"Soluciones\",\"item\":\"https:\\\/\\\/summit-agro.com\\\/ar\\\/es\\\/productos\\\/\"},{\"@type\":\"ListItem\",\"position\":3,\"name\":\"KUMITE\"}]},{\"@type\":\"WebSite\",\"@id\":\"https:\\\/\\\/summit-agro.com\\\/ar\\\/es\\\/#website\",\"url\":\"https:\\\/\\\/summit-agro.com\\\/ar\\\/es\\\/\",\"name\":\"Summit Agro - Argentina\",\"description\":\"\",\"publisher\":{\"@id\":\"https:\\\/\\\/summit-agro.com\\\/ar\\\/es\\\/#organization\"},\"potentialAction\":[{\"@type\":\"SearchAction\",\"target\":{\"@type\":\"EntryPoint\",\"urlTemplate\":\"https:\\\/\\\/summit-agro.com\\\/ar\\\/es\\\/?s={search_term_string}\"},\"query-input\":{\"@type\":\"PropertyValueSpecification\",\"valueRequired\":true,\"valueName\":\"search_term_string\"}}],\"inLanguage\":\"es-AR\"},{\"@type\":\"Organization\",\"@id\":\"https:\\\/\\\/summit-agro.com\\\/ar\\\/es\\\/#organization\",\"name\":\"Summit Agro - Argentina\",\"url\":\"https:\\\/\\\/summit-agro.com\\\/ar\\\/es\\\/\",\"logo\":{\"@type\":\"ImageObject\",\"inLanguage\":\"es-AR\",\"@id\":\"https:\\\/\\\/summit-agro.com\\\/ar\\\/es\\\/#\\\/schema\\\/logo\\\/image\\\/\",\"url\":\"https:\\\/\\\/summit-agro.com\\\/ar\\\/es\\\/wp-content\\\/uploads\\\/2021\\\/12\\\/summitlogo.png\",\"contentUrl\":\"https:\\\/\\\/summit-agro.com\\\/ar\\\/es\\\/wp-content\\\/uploads\\\/2021\\\/12\\\/summitlogo.png\",\"width\":192,\"height\":76,\"caption\":\"Summit Agro - Argentina\"},\"image\":{\"@id\":\"https:\\\/\\\/summit-agro.com\\\/ar\\\/es\\\/#\\\/schema\\\/logo\\\/image\\\/\"}}]}<\/script>\n<!-- \/ Yoast SEO plugin. -->","yoast_head_json":{"title":"KUMITE - HERBICIDA SELECTIVO","description":"KUMITE - Herbicida selectivo: Post-emergente sist\u00e9mico, dise\u00f1ado para el control de gram\u00edneas anuales y perennes. Producto nanotecnol\u00f3gico m\u00e1s estable.","robots":{"index":"index","follow":"follow","max-snippet":"max-snippet:-1","max-image-preview":"max-image-preview:large","max-video-preview":"max-video-preview:-1"},"canonical":"https:\/\/summit-agro.com\/ar\/es\/producto\/kumite-herbicida-selectivo\/","og_locale":"es_ES","og_type":"article","og_title":"KUMITE - HERBICIDA SELECTIVO","og_description":"KUMITE - Herbicida selectivo: Post-emergente sist\u00e9mico, dise\u00f1ado para el control de gram\u00edneas anuales y perennes. Producto nanotecnol\u00f3gico m\u00e1s estable.","og_url":"https:\/\/summit-agro.com\/ar\/es\/producto\/kumite-herbicida-selectivo\/","og_site_name":"Summit Agro - Argentina","article_modified_time":"2025-10-31T12:39:00+00:00","og_image":[{"width":1000,"height":1000,"url":"https:\/\/summit-agro.com\/ar\/es\/wp-content\/uploads\/2021\/10\/Logo-Kumite-Para-web.jpg","type":"image\/jpeg"}],"twitter_card":"summary_large_image","twitter_misc":{"Tiempo de lectura":"2 minutos"},"schema":{"@context":"https:\/\/schema.org","@graph":[{"@type":"WebPage","@id":"https:\/\/summit-agro.com\/ar\/es\/producto\/kumite-herbicida-selectivo\/","url":"https:\/\/summit-agro.com\/ar\/es\/producto\/kumite-herbicida-selectivo\/","name":"KUMITE - HERBICIDA SELECTIVO","isPartOf":{"@id":"https:\/\/summit-agro.com\/ar\/es\/#website"},"primaryImageOfPage":{"@id":"https:\/\/summit-agro.com\/ar\/es\/producto\/kumite-herbicida-selectivo\/#primaryimage"},"image":{"@id":"https:\/\/summit-agro.com\/ar\/es\/producto\/kumite-herbicida-selectivo\/#primaryimage"},"thumbnailUrl":"https:\/\/summit-agro.com\/ar\/es\/wp-content\/uploads\/2021\/10\/Logo-Kumite-Para-web.jpg","datePublished":"2021-10-20T12:56:45+00:00","dateModified":"2025-10-31T12:39:00+00:00","description":"KUMITE - Herbicida selectivo: Post-emergente sist\u00e9mico, dise\u00f1ado para el control de gram\u00edneas anuales y perennes. Producto nanotecnol\u00f3gico m\u00e1s estable.","breadcrumb":{"@id":"https:\/\/summit-agro.com\/ar\/es\/producto\/kumite-herbicida-selectivo\/#breadcrumb"},"inLanguage":"es-AR","potentialAction":[{"@type":"ReadAction","target":["https:\/\/summit-agro.com\/ar\/es\/producto\/kumite-herbicida-selectivo\/"]}]},{"@type":"ImageObject","inLanguage":"es-AR","@id":"https:\/\/summit-agro.com\/ar\/es\/producto\/kumite-herbicida-selectivo\/#primaryimage","url":"https:\/\/summit-agro.com\/ar\/es\/wp-content\/uploads\/2021\/10\/Logo-Kumite-Para-web.jpg","contentUrl":"https:\/\/summit-agro.com\/ar\/es\/wp-content\/uploads\/2021\/10\/Logo-Kumite-Para-web.jpg","width":1000,"height":1000,"caption":"Logo de KUMITE. Herbicida selectivo."},{"@type":"BreadcrumbList","@id":"https:\/\/summit-agro.com\/ar\/es\/producto\/kumite-herbicida-selectivo\/#breadcrumb","itemListElement":[{"@type":"ListItem","position":1,"name":"Portada","item":"https:\/\/summit-agro.com\/ar\/es\/"},{"@type":"ListItem","position":2,"name":"Soluciones","item":"https:\/\/summit-agro.com\/ar\/es\/productos\/"},{"@type":"ListItem","position":3,"name":"KUMITE"}]},{"@type":"WebSite","@id":"https:\/\/summit-agro.com\/ar\/es\/#website","url":"https:\/\/summit-agro.com\/ar\/es\/","name":"Summit Agro - Argentina","description":"","publisher":{"@id":"https:\/\/summit-agro.com\/ar\/es\/#organization"},"potentialAction":[{"@type":"SearchAction","target":{"@type":"EntryPoint","urlTemplate":"https:\/\/summit-agro.com\/ar\/es\/?s={search_term_string}"},"query-input":{"@type":"PropertyValueSpecification","valueRequired":true,"valueName":"search_term_string"}}],"inLanguage":"es-AR"},{"@type":"Organization","@id":"https:\/\/summit-agro.com\/ar\/es\/#organization","name":"Summit Agro - Argentina","url":"https:\/\/summit-agro.com\/ar\/es\/","logo":{"@type":"ImageObject","inLanguage":"es-AR","@id":"https:\/\/summit-agro.com\/ar\/es\/#\/schema\/logo\/image\/","url":"https:\/\/summit-agro.com\/ar\/es\/wp-content\/uploads\/2021\/12\/summitlogo.png","contentUrl":"https:\/\/summit-agro.com\/ar\/es\/wp-content\/uploads\/2021\/12\/summitlogo.png","width":192,"height":76,"caption":"Summit Agro - Argentina"},"image":{"@id":"https:\/\/summit-agro.com\/ar\/es\/#\/schema\/logo\/image\/"}}]}},"_links":{"self":[{"href":"https:\/\/summit-agro.com\/ar\/es\/wp-json\/wp\/v2\/product\/2816","targetHints":{"allow":["GET"]}}],"collection":[{"href":"https:\/\/summit-agro.com\/ar\/es\/wp-json\/wp\/v2\/product"}],"about":[{"href":"https:\/\/summit-agro.com\/ar\/es\/wp-json\/wp\/v2\/types\/product"}],"wp:featuredmedia":[{"embeddable":true,"href":"https:\/\/summit-agro.com\/ar\/es\/wp-json\/wp\/v2\/media\/4573"}],"wp:attachment":[{"href":"https:\/\/summit-agro.com\/ar\/es\/wp-json\/wp\/v2\/media?parent=2816"}],"wp:term":[{"taxonomy":"product_brand","embeddable":true,"href":"https:\/\/summit-agro.com\/ar\/es\/wp-json\/wp\/v2\/product_brand?post=2816"},{"taxonomy":"product_cat","embeddable":true,"href":"https:\/\/summit-agro.com\/ar\/es\/wp-json\/wp\/v2\/product_cat?post=2816"},{"taxonomy":"product_tag","embeddable":true,"href":"https:\/\/summit-agro.com\/ar\/es\/wp-json\/wp\/v2\/product_tag?post=2816"}],"curies":[{"name":"wp","href":"https:\/\/api.w.org\/{rel}","templated":true}]}}