{"id":2813,"date":"2021-10-20T09:47:33","date_gmt":"2021-10-20T12:47:33","guid":{"rendered":"https:\/\/summit-agro.com\/ar\/es\/?post_type=product&#038;p=2813"},"modified":"2024-10-22T15:32:38","modified_gmt":"2024-10-22T18:32:38","slug":"sempra-herbicida","status":"publish","type":"product","link":"https:\/\/summit-agro.com\/ar\/es\/producto\/sempra-herbicida\/","title":{"rendered":"SEMPRA"},"content":{"rendered":"<p style=\"text-align: justify;\"><strong>SEMPRA<\/strong> es un herbicida granulado formulado para el control post-emergente de ceboll\u00edn (<em>Cyperus rotundus<\/em> y <em>Cyperus esculentus<\/em>) en cultivos de soja, ma\u00edz, arroz y tomate para industria. Puede aplicarse en post-emergencia sobre arroz, tomate para industria y todos los h\u00edbridos de ma\u00edz, as\u00ed como en pre-siembra anticipada de todas las variedades de soja. Adem\u00e1s, es efectivo para el control de Pasto cubano (<em>Tithonia tubaeformis<\/em>) en cultivos de poroto.<\/p>\n<p style=\"text-align: justify;\">Destaca por su alta eficacia en el control de ceboll\u00edn, reduciendo significativamente el nivel de infestaci\u00f3n. Su alta concentraci\u00f3n y baja dosis minimizan el manipuleo de envases, y proporciona un control consistente. Es \u00fanico en el mercado, espec\u00edfico para el control de Ciper\u00e1ceas.<\/p>\n<ul>\n<li><strong>Aplicaci\u00f3n<\/strong>: Post-emergencia<\/li>\n<li><strong>Formulaci\u00f3n<\/strong>: Gr\u00e1nulos Dispersables (WG)<\/li>\n<li><strong>Cultivos<\/strong>: Soja, ma\u00edz, arroz, tomate para industria y poroto<\/li>\n<li><strong>Dosis<\/strong>: Variable seg\u00fan cultivo y maleza<\/li>\n<li><strong>Presentaci\u00f3n<\/strong>: Caja de 2 kg (4 bolsas de 500 g c\/u) \/ Caja de 1 kg (10 bolsas de 100 g c\/u)<\/li>\n<\/ul>\n<hr \/>\n<p><a href=\"https:\/\/summit-agro.com\/ar\/es\/wp-content\/uploads\/2024\/09\/Guia-de-Malezas-Summit-Agro-y-UNR-b.pdf\">Gu\u00eda de malezas<\/a> elaborada por Summit Agro Argentina en conjunto con la <a href=\"https:\/\/fcagr.unr.edu.ar\/\">Universidad Nacional de Rosario<\/a>.<\/p>\n","protected":false},"excerpt":{"rendered":"<hr \/>\n<p style=\"text-align: justify;\">\n<p style=\"line-height: 2;\"><strong>INGREDIENTE ACTIVO:<\/strong> Halosulfuron-metil 75% WG<br \/>\n<strong>CLASIFICACI\u00d3N DEL GRUPO DE FAMILIA:<\/strong> Grupo 2 (HRAC)<br \/>\n<strong>MODO DE ACCI\u00d3N: <\/strong>Inhibidor del metabolismo celular<br \/>\n<strong>SITIO DE ACCI\u00d3N:<\/strong> Inhibidor de la ALS<br \/>\n<strong>CLASIFICACI\u00d3N TOXICOL\u00d3GICA:<\/strong> <span style=\"color: #3366ff;\">Clase III<\/span><\/p>\n<hr \/>\n<p style=\"line-height: 2;\">\n","protected":false},"featured_media":3771,"template":"","meta":{"site-sidebar-layout":"default","site-content-layout":"default","ast-site-content-layout":"default","site-content-style":"default","site-sidebar-style":"default","ast-global-header-display":"","ast-banner-title-visibility":"","ast-main-header-display":"","ast-hfb-above-header-display":"","ast-hfb-below-header-display":"","ast-hfb-mobile-header-display":"","site-post-title":"","ast-breadcrumbs-content":"","ast-featured-img":"","footer-sml-layout":"","ast-disable-related-posts":"","theme-transparent-header-meta":"default","adv-header-id-meta":"","stick-header-meta":"","header-above-stick-meta":"","header-main-stick-meta":"","header-below-stick-meta":"","astra-migrate-meta-layouts":"set","ast-page-background-enabled":"default","ast-page-background-meta":{"desktop":{"background-color":"var(--ast-global-color-4)","background-image":"","background-repeat":"repeat","background-position":"center center","background-size":"auto","background-attachment":"scroll","background-type":"","background-media":"","overlay-type":"","overlay-color":"","overlay-opacity":"","overlay-gradient":""},"tablet":{"background-color":"","background-image":"","background-repeat":"repeat","background-position":"center center","background-size":"auto","background-attachment":"scroll","background-type":"","background-media":"","overlay-type":"","overlay-color":"","overlay-opacity":"","overlay-gradient":""},"mobile":{"background-color":"","background-image":"","background-repeat":"repeat","background-position":"center center","background-size":"auto","background-attachment":"scroll","background-type":"","background-media":"","overlay-type":"","overlay-color":"","overlay-opacity":"","overlay-gradient":""}},"ast-content-background-meta":{"desktop":{"background-color":"var(--ast-global-color-5)","background-image":"","background-repeat":"repeat","background-position":"center center","background-size":"auto","background-attachment":"scroll","background-type":"","background-media":"","overlay-type":"","overlay-color":"","overlay-opacity":"","overlay-gradient":""},"tablet":{"background-color":"var(--ast-global-color-5)","background-image":"","background-repeat":"repeat","background-position":"center center","background-size":"auto","background-attachment":"scroll","background-type":"","background-media":"","overlay-type":"","overlay-color":"","overlay-opacity":"","overlay-gradient":""},"mobile":{"background-color":"var(--ast-global-color-5)","background-image":"","background-repeat":"repeat","background-position":"center center","background-size":"auto","background-attachment":"scroll","background-type":"","background-media":"","overlay-type":"","overlay-color":"","overlay-opacity":"","overlay-gradient":""}}},"product_brand":[],"product_cat":[20],"product_tag":[],"class_list":{"0":"post-2813","1":"product","2":"type-product","3":"status-publish","4":"has-post-thumbnail","6":"product_cat-herbicidas","7":"cultivo-arroz","8":"cultivo-maiz","9":"cultivo-poroto","10":"cultivo-soja","11":"cultivo-tomate","12":"problematica-aeschynomene-denticulata","13":"problematica-aeschynomene-indica","14":"problematica-alternanthera-philoxeroides","15":"problematica-cyperus-esculentus","16":"problematica-cyperus-ferax","17":"problematica-cyperus-iria","18":"problematica-cyperus-rotundus","19":"problematica-tithonia-tubaeformis","20":"desktop-align-left","21":"tablet-align-left","22":"mobile-align-left","24":"first","25":"instock","26":"shipping-taxable","27":"purchasable","28":"product-type-simple"},"yoast_head":"<!-- This site is optimized with the Yoast SEO plugin v27.3 - https:\/\/yoast.com\/product\/yoast-seo-wordpress\/ -->\n<title>SEMPRA - HERBICIDA<\/title>\n<meta name=\"description\" content=\"SEMPRA - Herbicida: \u00danico en el mercado, espec\u00edfico para el control de Ciper\u00e1ceas. Alta eficacia en el control de ceboll\u00edn.\" \/>\n<meta name=\"robots\" content=\"index, follow, max-snippet:-1, max-image-preview:large, max-video-preview:-1\" \/>\n<link rel=\"canonical\" href=\"https:\/\/summit-agro.com\/ar\/es\/producto\/sempra-herbicida\/\" \/>\n<meta property=\"og:locale\" content=\"es_ES\" \/>\n<meta property=\"og:type\" content=\"article\" \/>\n<meta property=\"og:title\" content=\"SEMPRA - HERBICIDA\" \/>\n<meta property=\"og:description\" content=\"SEMPRA - Herbicida: \u00danico en el mercado, espec\u00edfico para el control de Ciper\u00e1ceas. Alta eficacia en el control de ceboll\u00edn.\" \/>\n<meta property=\"og:url\" content=\"https:\/\/summit-agro.com\/ar\/es\/producto\/sempra-herbicida\/\" \/>\n<meta property=\"og:site_name\" content=\"Summit Agro - Argentina\" \/>\n<meta property=\"article:modified_time\" content=\"2024-10-22T18:32:38+00:00\" \/>\n<meta property=\"og:image\" content=\"https:\/\/summit-agro.com\/ar\/es\/wp-content\/uploads\/2021\/10\/Sempra_logo-1.png\" \/>\n\t<meta property=\"og:image:width\" content=\"500\" \/>\n\t<meta property=\"og:image:height\" content=\"500\" \/>\n\t<meta property=\"og:image:type\" content=\"image\/png\" \/>\n<meta name=\"twitter:card\" content=\"summary_large_image\" \/>\n<meta name=\"twitter:label1\" content=\"Tiempo de lectura\" \/>\n\t<meta name=\"twitter:data1\" content=\"1 minuto\" \/>\n<script type=\"application\/ld+json\" class=\"yoast-schema-graph\">{\"@context\":\"https:\\\/\\\/schema.org\",\"@graph\":[{\"@type\":\"WebPage\",\"@id\":\"https:\\\/\\\/summit-agro.com\\\/ar\\\/es\\\/producto\\\/sempra-herbicida\\\/\",\"url\":\"https:\\\/\\\/summit-agro.com\\\/ar\\\/es\\\/producto\\\/sempra-herbicida\\\/\",\"name\":\"SEMPRA - HERBICIDA\",\"isPartOf\":{\"@id\":\"https:\\\/\\\/summit-agro.com\\\/ar\\\/es\\\/#website\"},\"primaryImageOfPage\":{\"@id\":\"https:\\\/\\\/summit-agro.com\\\/ar\\\/es\\\/producto\\\/sempra-herbicida\\\/#primaryimage\"},\"image\":{\"@id\":\"https:\\\/\\\/summit-agro.com\\\/ar\\\/es\\\/producto\\\/sempra-herbicida\\\/#primaryimage\"},\"thumbnailUrl\":\"https:\\\/\\\/summit-agro.com\\\/ar\\\/es\\\/wp-content\\\/uploads\\\/2021\\\/10\\\/Sempra_logo-1.png\",\"datePublished\":\"2021-10-20T12:47:33+00:00\",\"dateModified\":\"2024-10-22T18:32:38+00:00\",\"description\":\"SEMPRA - Herbicida: \u00danico en el mercado, espec\u00edfico para el control de Ciper\u00e1ceas. Alta eficacia en el control de ceboll\u00edn.\",\"breadcrumb\":{\"@id\":\"https:\\\/\\\/summit-agro.com\\\/ar\\\/es\\\/producto\\\/sempra-herbicida\\\/#breadcrumb\"},\"inLanguage\":\"es-AR\",\"potentialAction\":[{\"@type\":\"ReadAction\",\"target\":[\"https:\\\/\\\/summit-agro.com\\\/ar\\\/es\\\/producto\\\/sempra-herbicida\\\/\"]}]},{\"@type\":\"ImageObject\",\"inLanguage\":\"es-AR\",\"@id\":\"https:\\\/\\\/summit-agro.com\\\/ar\\\/es\\\/producto\\\/sempra-herbicida\\\/#primaryimage\",\"url\":\"https:\\\/\\\/summit-agro.com\\\/ar\\\/es\\\/wp-content\\\/uploads\\\/2021\\\/10\\\/Sempra_logo-1.png\",\"contentUrl\":\"https:\\\/\\\/summit-agro.com\\\/ar\\\/es\\\/wp-content\\\/uploads\\\/2021\\\/10\\\/Sempra_logo-1.png\",\"width\":500,\"height\":500,\"caption\":\"Logo de Sempra. Herbicida.\"},{\"@type\":\"BreadcrumbList\",\"@id\":\"https:\\\/\\\/summit-agro.com\\\/ar\\\/es\\\/producto\\\/sempra-herbicida\\\/#breadcrumb\",\"itemListElement\":[{\"@type\":\"ListItem\",\"position\":1,\"name\":\"Portada\",\"item\":\"https:\\\/\\\/summit-agro.com\\\/ar\\\/es\\\/\"},{\"@type\":\"ListItem\",\"position\":2,\"name\":\"Soluciones\",\"item\":\"https:\\\/\\\/summit-agro.com\\\/ar\\\/es\\\/productos\\\/\"},{\"@type\":\"ListItem\",\"position\":3,\"name\":\"SEMPRA\"}]},{\"@type\":\"WebSite\",\"@id\":\"https:\\\/\\\/summit-agro.com\\\/ar\\\/es\\\/#website\",\"url\":\"https:\\\/\\\/summit-agro.com\\\/ar\\\/es\\\/\",\"name\":\"Summit Agro - Argentina\",\"description\":\"\",\"publisher\":{\"@id\":\"https:\\\/\\\/summit-agro.com\\\/ar\\\/es\\\/#organization\"},\"potentialAction\":[{\"@type\":\"SearchAction\",\"target\":{\"@type\":\"EntryPoint\",\"urlTemplate\":\"https:\\\/\\\/summit-agro.com\\\/ar\\\/es\\\/?s={search_term_string}\"},\"query-input\":{\"@type\":\"PropertyValueSpecification\",\"valueRequired\":true,\"valueName\":\"search_term_string\"}}],\"inLanguage\":\"es-AR\"},{\"@type\":\"Organization\",\"@id\":\"https:\\\/\\\/summit-agro.com\\\/ar\\\/es\\\/#organization\",\"name\":\"Summit Agro - Argentina\",\"url\":\"https:\\\/\\\/summit-agro.com\\\/ar\\\/es\\\/\",\"logo\":{\"@type\":\"ImageObject\",\"inLanguage\":\"es-AR\",\"@id\":\"https:\\\/\\\/summit-agro.com\\\/ar\\\/es\\\/#\\\/schema\\\/logo\\\/image\\\/\",\"url\":\"https:\\\/\\\/summit-agro.com\\\/ar\\\/es\\\/wp-content\\\/uploads\\\/2021\\\/12\\\/summitlogo.png\",\"contentUrl\":\"https:\\\/\\\/summit-agro.com\\\/ar\\\/es\\\/wp-content\\\/uploads\\\/2021\\\/12\\\/summitlogo.png\",\"width\":192,\"height\":76,\"caption\":\"Summit Agro - Argentina\"},\"image\":{\"@id\":\"https:\\\/\\\/summit-agro.com\\\/ar\\\/es\\\/#\\\/schema\\\/logo\\\/image\\\/\"}}]}<\/script>\n<!-- \/ Yoast SEO plugin. -->","yoast_head_json":{"title":"SEMPRA - HERBICIDA","description":"SEMPRA - Herbicida: \u00danico en el mercado, espec\u00edfico para el control de Ciper\u00e1ceas. Alta eficacia en el control de ceboll\u00edn.","robots":{"index":"index","follow":"follow","max-snippet":"max-snippet:-1","max-image-preview":"max-image-preview:large","max-video-preview":"max-video-preview:-1"},"canonical":"https:\/\/summit-agro.com\/ar\/es\/producto\/sempra-herbicida\/","og_locale":"es_ES","og_type":"article","og_title":"SEMPRA - HERBICIDA","og_description":"SEMPRA - Herbicida: \u00danico en el mercado, espec\u00edfico para el control de Ciper\u00e1ceas. Alta eficacia en el control de ceboll\u00edn.","og_url":"https:\/\/summit-agro.com\/ar\/es\/producto\/sempra-herbicida\/","og_site_name":"Summit Agro - Argentina","article_modified_time":"2024-10-22T18:32:38+00:00","og_image":[{"width":500,"height":500,"url":"https:\/\/summit-agro.com\/ar\/es\/wp-content\/uploads\/2021\/10\/Sempra_logo-1.png","type":"image\/png"}],"twitter_card":"summary_large_image","twitter_misc":{"Tiempo de lectura":"1 minuto"},"schema":{"@context":"https:\/\/schema.org","@graph":[{"@type":"WebPage","@id":"https:\/\/summit-agro.com\/ar\/es\/producto\/sempra-herbicida\/","url":"https:\/\/summit-agro.com\/ar\/es\/producto\/sempra-herbicida\/","name":"SEMPRA - HERBICIDA","isPartOf":{"@id":"https:\/\/summit-agro.com\/ar\/es\/#website"},"primaryImageOfPage":{"@id":"https:\/\/summit-agro.com\/ar\/es\/producto\/sempra-herbicida\/#primaryimage"},"image":{"@id":"https:\/\/summit-agro.com\/ar\/es\/producto\/sempra-herbicida\/#primaryimage"},"thumbnailUrl":"https:\/\/summit-agro.com\/ar\/es\/wp-content\/uploads\/2021\/10\/Sempra_logo-1.png","datePublished":"2021-10-20T12:47:33+00:00","dateModified":"2024-10-22T18:32:38+00:00","description":"SEMPRA - Herbicida: \u00danico en el mercado, espec\u00edfico para el control de Ciper\u00e1ceas. Alta eficacia en el control de ceboll\u00edn.","breadcrumb":{"@id":"https:\/\/summit-agro.com\/ar\/es\/producto\/sempra-herbicida\/#breadcrumb"},"inLanguage":"es-AR","potentialAction":[{"@type":"ReadAction","target":["https:\/\/summit-agro.com\/ar\/es\/producto\/sempra-herbicida\/"]}]},{"@type":"ImageObject","inLanguage":"es-AR","@id":"https:\/\/summit-agro.com\/ar\/es\/producto\/sempra-herbicida\/#primaryimage","url":"https:\/\/summit-agro.com\/ar\/es\/wp-content\/uploads\/2021\/10\/Sempra_logo-1.png","contentUrl":"https:\/\/summit-agro.com\/ar\/es\/wp-content\/uploads\/2021\/10\/Sempra_logo-1.png","width":500,"height":500,"caption":"Logo de Sempra. Herbicida."},{"@type":"BreadcrumbList","@id":"https:\/\/summit-agro.com\/ar\/es\/producto\/sempra-herbicida\/#breadcrumb","itemListElement":[{"@type":"ListItem","position":1,"name":"Portada","item":"https:\/\/summit-agro.com\/ar\/es\/"},{"@type":"ListItem","position":2,"name":"Soluciones","item":"https:\/\/summit-agro.com\/ar\/es\/productos\/"},{"@type":"ListItem","position":3,"name":"SEMPRA"}]},{"@type":"WebSite","@id":"https:\/\/summit-agro.com\/ar\/es\/#website","url":"https:\/\/summit-agro.com\/ar\/es\/","name":"Summit Agro - Argentina","description":"","publisher":{"@id":"https:\/\/summit-agro.com\/ar\/es\/#organization"},"potentialAction":[{"@type":"SearchAction","target":{"@type":"EntryPoint","urlTemplate":"https:\/\/summit-agro.com\/ar\/es\/?s={search_term_string}"},"query-input":{"@type":"PropertyValueSpecification","valueRequired":true,"valueName":"search_term_string"}}],"inLanguage":"es-AR"},{"@type":"Organization","@id":"https:\/\/summit-agro.com\/ar\/es\/#organization","name":"Summit Agro - Argentina","url":"https:\/\/summit-agro.com\/ar\/es\/","logo":{"@type":"ImageObject","inLanguage":"es-AR","@id":"https:\/\/summit-agro.com\/ar\/es\/#\/schema\/logo\/image\/","url":"https:\/\/summit-agro.com\/ar\/es\/wp-content\/uploads\/2021\/12\/summitlogo.png","contentUrl":"https:\/\/summit-agro.com\/ar\/es\/wp-content\/uploads\/2021\/12\/summitlogo.png","width":192,"height":76,"caption":"Summit Agro - Argentina"},"image":{"@id":"https:\/\/summit-agro.com\/ar\/es\/#\/schema\/logo\/image\/"}}]}},"_links":{"self":[{"href":"https:\/\/summit-agro.com\/ar\/es\/wp-json\/wp\/v2\/product\/2813","targetHints":{"allow":["GET"]}}],"collection":[{"href":"https:\/\/summit-agro.com\/ar\/es\/wp-json\/wp\/v2\/product"}],"about":[{"href":"https:\/\/summit-agro.com\/ar\/es\/wp-json\/wp\/v2\/types\/product"}],"wp:featuredmedia":[{"embeddable":true,"href":"https:\/\/summit-agro.com\/ar\/es\/wp-json\/wp\/v2\/media\/3771"}],"wp:attachment":[{"href":"https:\/\/summit-agro.com\/ar\/es\/wp-json\/wp\/v2\/media?parent=2813"}],"wp:term":[{"taxonomy":"product_brand","embeddable":true,"href":"https:\/\/summit-agro.com\/ar\/es\/wp-json\/wp\/v2\/product_brand?post=2813"},{"taxonomy":"product_cat","embeddable":true,"href":"https:\/\/summit-agro.com\/ar\/es\/wp-json\/wp\/v2\/product_cat?post=2813"},{"taxonomy":"product_tag","embeddable":true,"href":"https:\/\/summit-agro.com\/ar\/es\/wp-json\/wp\/v2\/product_tag?post=2813"}],"curies":[{"name":"wp","href":"https:\/\/api.w.org\/{rel}","templated":true}]}}