{"id":2227,"date":"2021-06-11T15:10:18","date_gmt":"2021-06-11T18:10:18","guid":{"rendered":"https:\/\/summit-agro.com\/ar\/es\/?post_type=product&#038;p=2227"},"modified":"2025-07-09T19:49:28","modified_gmt":"2025-07-09T22:49:28","slug":"gemmit-top-herbicida-micronizado","status":"publish","type":"product","link":"https:\/\/summit-agro.com\/ar\/es\/producto\/gemmit-top-herbicida-micronizado\/","title":{"rendered":"GEMMIT TOP<div class=\"begreen\"><\/div>"},"content":{"rendered":"<p style=\"text-align: justify;\"><strong>GEMMIT TOP<\/strong> es un herbicida del grupo de los PPO (inhibidores de la protoporfirin\u00f3geno oxidasa), formulado a base de Flumioxazin 48%. Destaca por su excelente control residual y amplio espectro de acci\u00f3n sobre malezas de hoja ancha, as\u00ed como por la supresi\u00f3n efectiva de gram\u00edneas cuando se aplica en dosis superiores a 130 cc\/ha.<\/p>\n<p style=\"text-align: justify;\">Su baja solubilidad en agua y alto coeficiente de adsorci\u00f3n al suelo (Koc) impiden que la lluvia lave el producto, manteni\u00e9ndolo activo en los primeros cent\u00edmetros del suelo. Esta caracter\u00edstica lo diferencia de otros herbicidas pre-emergentes con el mismo mecanismo de acci\u00f3n.<\/p>\n<p style=\"text-align: justify;\">Ofrece un bajo riesgo tanto para los usuarios como para el medio ambiente, siendo ideal para aplicaciones en \u00e1reas periurbanas. Es vers\u00e1til en las rotaciones de cultivos y se caracteriza por una mayor estabilidad en mezclas, reduciendo la formaci\u00f3n de precipitados de Flumioxazin. Adem\u00e1s, facilita la dispersi\u00f3n de part\u00edculas en la mezcla de aplicaci\u00f3n y asegura una homogeneidad \u00f3ptima en el tanque de pulverizaci\u00f3n.<\/p>\n<ul>\n<li><strong>Aplicaci\u00f3n<\/strong>: Pre-siembra<\/li>\n<li><strong>Formulaci\u00f3n<\/strong>: Suspensi\u00f3n Concentrada (SC)<\/li>\n<li><strong>Cultivos<\/strong>: Soja, trigo, girasol, ma\u00edz, sorgo gran\u00edfero, vid y frutales<\/li>\n<li><strong>Dosis<\/strong>: Variable seg\u00fan cultivo y maleza<\/li>\n<li><strong>Presentaci\u00f3n<\/strong>: Caja de 6 L (6 envases del 1 L c\/u)<\/li>\n<li><strong style=\"font-size: 16px; text-align: center;\"><span style=\"color: #339966;\">Banda toxicol\u00f3gica verde<\/span><\/strong><\/li>\n<\/ul>\n<hr \/>\n<p><strong>\u00bfQu\u00e9 es la Tecnolog\u00eda de MICRONIZADO?<\/strong><\/p>\n<p style=\"text-align: justify;\">La tecnolog\u00eda de micronizado se basa en un proceso f\u00edsico que permite obtener part\u00edculas de Flumioxazin con un di\u00e1metro volum\u00e9trico medio menor. Gracias a este proceso, las part\u00edculas son m\u00e1s peque\u00f1as y homog\u00e9neas, lo que aumenta significativamente la probabilidad de que las malezas en emergencia entren en contacto con el activo. Con un 84% m\u00e1s de superficie espec\u00edfica que el Flumioxazin convencional, esta tecnolog\u00eda mejora tanto el control foliar como la eficacia desde el suelo.<\/p>\n<p><strong>\u00bfPor qu\u00e9 es relevante esta tecnolog\u00eda para el Flumioxazin?<\/strong><\/p>\n<p style=\"text-align: justify;\">La tecnolog\u00eda de micronizado es crucial para el Flumioxazin porque mejora su capacidad de control foliar y, especialmente, su eficacia desde el suelo. Cuando una maleza se encuentra en estado hipoc\u00f3tile y entra en contacto con una part\u00edcula de <strong>GEMMIT TOP<\/strong>, el control de la maleza es m\u00e1s efectivo.<\/p>\n<p style=\"text-align: justify;\">Reducir el tama\u00f1o de las part\u00edculas de Flumioxazin mejora la distribuci\u00f3n del herbicida en el suelo, aumentando as\u00ed las oportunidades de encuentro entre el activo y la maleza.<\/p>\n<hr \/>\n<p><a href=\"https:\/\/summit-agro.com\/ar\/es\/wp-content\/uploads\/2024\/09\/Guia-de-Malezas-Summit-Agro-y-UNR-b.pdf\">Gu\u00eda de malezas<\/a> elaborada por Summit Agro Argentina en conjunto con la <a href=\"https:\/\/fcagr.unr.edu.ar\/\">Universidad Nacional de Rosario<\/a>.<\/p>\n","protected":false},"excerpt":{"rendered":"<hr \/>\n<p style=\"line-height: 2;\"><strong>INGREDIENTE ACTIVO:<\/strong> Flumioxazin 48% SC<br \/>\n<strong>CLASIFICACI\u00d3N DEL GRUPO DE FAMILIA:<\/strong> Grupo 14 (HRAC)<br \/>\n<strong>MODO DE ACCI\u00d3N: <\/strong>Inhibidor de la activaci\u00f3n lum\u00ednica de ROS<br \/>\n<strong>SITIO DE ACCI\u00d3N:<\/strong> Inhibidor de la PPO<br \/>\n<strong>CLASIFICACI\u00d3N TOXICOL\u00d3GICA:<\/strong> <span style=\"color: #339966;\">Clase IV<\/span><\/p>\n<hr \/>\n","protected":false},"featured_media":3776,"template":"","meta":{"site-sidebar-layout":"default","site-content-layout":"default","ast-site-content-layout":"default","site-content-style":"default","site-sidebar-style":"default","ast-global-header-display":"","ast-banner-title-visibility":"","ast-main-header-display":"","ast-hfb-above-header-display":"","ast-hfb-below-header-display":"","ast-hfb-mobile-header-display":"","site-post-title":"","ast-breadcrumbs-content":"","ast-featured-img":"","footer-sml-layout":"","ast-disable-related-posts":"","theme-transparent-header-meta":"default","adv-header-id-meta":"","stick-header-meta":"","header-above-stick-meta":"","header-main-stick-meta":"","header-below-stick-meta":"","astra-migrate-meta-layouts":"set","ast-page-background-enabled":"default","ast-page-background-meta":{"desktop":{"background-color":"var(--ast-global-color-4)","background-image":"","background-repeat":"repeat","background-position":"center center","background-size":"auto","background-attachment":"scroll","background-type":"","background-media":"","overlay-type":"","overlay-color":"","overlay-opacity":"","overlay-gradient":""},"tablet":{"background-color":"","background-image":"","background-repeat":"repeat","background-position":"center center","background-size":"auto","background-attachment":"scroll","background-type":"","background-media":"","overlay-type":"","overlay-color":"","overlay-opacity":"","overlay-gradient":""},"mobile":{"background-color":"","background-image":"","background-repeat":"repeat","background-position":"center center","background-size":"auto","background-attachment":"scroll","background-type":"","background-media":"","overlay-type":"","overlay-color":"","overlay-opacity":"","overlay-gradient":""}},"ast-content-background-meta":{"desktop":{"background-color":"var(--ast-global-color-5)","background-image":"","background-repeat":"repeat","background-position":"center center","background-size":"auto","background-attachment":"scroll","background-type":"","background-media":"","overlay-type":"","overlay-color":"","overlay-opacity":"","overlay-gradient":""},"tablet":{"background-color":"var(--ast-global-color-5)","background-image":"","background-repeat":"repeat","background-position":"center center","background-size":"auto","background-attachment":"scroll","background-type":"","background-media":"","overlay-type":"","overlay-color":"","overlay-opacity":"","overlay-gradient":""},"mobile":{"background-color":"var(--ast-global-color-5)","background-image":"","background-repeat":"repeat","background-position":"center center","background-size":"auto","background-attachment":"scroll","background-type":"","background-media":"","overlay-type":"","overlay-color":"","overlay-opacity":"","overlay-gradient":""}}},"product_brand":[],"product_cat":[20],"product_tag":[],"class_list":{"0":"post-2227","1":"product","2":"type-product","3":"status-publish","4":"has-post-thumbnail","6":"product_cat-herbicidas","7":"cultivo-cerezo","8":"cultivo-ciruelo","9":"cultivo-citricos","10":"cultivo-damasco","11":"cultivo-duraznero","12":"cultivo-girasol","13":"cultivo-maiz","14":"cultivo-pelon","15":"cultivo-soja","16":"cultivo-sorgo-granifero","17":"cultivo-trigo","18":"cultivo-vid","19":"problematica-alternanthera-philoxeroides","20":"problematica-amaranthus-hybridus","21":"problematica-amaranthus-palmeri","22":"problematica-amaranthus-quitensis","23":"problematica-anagallis-arvensis-var-caerulea","24":"problematica-anoda-cristata","25":"problematica-avena-fatua","26":"problematica-bromus-spp","27":"problematica-carduus-nutans","28":"problematica-chenopodium-album","29":"problematica-cirsium-vulgare","30":"problematica-commelina-erecta","31":"problematica-convolvulus-arvensis","32":"problematica-conyza-bonariensis","33":"problematica-cynodon-dactylon","34":"problematica-datura-ferox","35":"problematica-digitaria-sanguinalis","36":"problematica-echinochloa-colona","37":"problematica-echinochloa-crus-galli","38":"problematica-eleusine-indica","39":"problematica-galinsoga-parviflora","40":"problematica-ipomoea-grandifolia","41":"problematica-ipomoea-nil","42":"problematica-ipomoea-purpurea","43":"problematica-kochia-scoparia","44":"problematica-lamium-amplexicaule","45":"problematica-lolium-multiflorum","46":"problematica-malva-parviflora","47":"problematica-melilotus-albus","48":"problematica-myagrum-rugosum","49":"problematica-nicandra-physaloides","50":"problematica-physalis-angulata","51":"problematica-polygonum-aviculare","52":"problematica-polygonum-convolvulus","53":"problematica-portulaca-oleracea","54":"problematica-raphanus-sativus","55":"problematica-rumex-crispus","56":"problematica-salsola-kali","57":"problematica-senecio-grisebachii","58":"problematica-setaria-spp","59":"problematica-sida-spinosa","60":"problematica-silybum-marianum","61":"problematica-sisymbrium-irio","62":"problematica-solanum-sisymbriifolium","63":"problematica-sonchus-oleraceus","64":"problematica-stellaria-media","65":"problematica-tagetes-bonariensis","66":"problematica-taraxacum-officinale","67":"problematica-urtica-urens","68":"problematica-veronica-persica","69":"problematica-viola-arvensis","70":"problematica-wedelia-glauca","71":"desktop-align-left","72":"tablet-align-left","73":"mobile-align-left","75":"first","76":"instock","77":"shipping-taxable","78":"purchasable","79":"product-type-simple"},"yoast_head":"<!-- This site is optimized with the Yoast SEO plugin v27.3 - https:\/\/yoast.com\/product\/yoast-seo-wordpress\/ -->\n<title>GEMMIT TOP - HERBICIDA MICRONIZADO<\/title>\n<meta name=\"description\" content=\"GEMMIT TOP - Herbicida micronizado: con part\u00edculas m\u00e1s homog\u00e9neas y peque\u00f1as de Flumioxazin. Mayor contacto entre las pl\u00e1ntulas de las malezas y el activo.\" \/>\n<meta name=\"robots\" content=\"index, follow, max-snippet:-1, max-image-preview:large, max-video-preview:-1\" \/>\n<link rel=\"canonical\" href=\"https:\/\/summit-agro.com\/ar\/es\/producto\/gemmit-top-herbicida-micronizado\/\" \/>\n<meta property=\"og:locale\" content=\"es_ES\" \/>\n<meta property=\"og:type\" content=\"article\" \/>\n<meta property=\"og:title\" content=\"GEMMIT TOP - HERBICIDA MICRONIZADO\" \/>\n<meta property=\"og:description\" content=\"GEMMIT TOP - Herbicida micronizado: con part\u00edculas m\u00e1s homog\u00e9neas y peque\u00f1as de Flumioxazin. Mayor contacto entre las pl\u00e1ntulas de las malezas y el activo.\" \/>\n<meta property=\"og:url\" content=\"https:\/\/summit-agro.com\/ar\/es\/producto\/gemmit-top-herbicida-micronizado\/\" \/>\n<meta property=\"og:site_name\" content=\"Summit Agro - Argentina\" \/>\n<meta property=\"article:modified_time\" content=\"2025-07-09T22:49:28+00:00\" \/>\n<meta property=\"og:image\" content=\"https:\/\/summit-agro.com\/ar\/es\/wp-content\/uploads\/2021\/06\/Gemmit-Top_logo.png\" \/>\n\t<meta property=\"og:image:width\" content=\"500\" \/>\n\t<meta property=\"og:image:height\" content=\"500\" \/>\n\t<meta property=\"og:image:type\" content=\"image\/png\" \/>\n<meta name=\"twitter:card\" content=\"summary_large_image\" \/>\n<meta name=\"twitter:label1\" content=\"Tiempo de lectura\" \/>\n\t<meta name=\"twitter:data1\" content=\"2 minutos\" \/>\n<script type=\"application\/ld+json\" class=\"yoast-schema-graph\">{\"@context\":\"https:\\\/\\\/schema.org\",\"@graph\":[{\"@type\":\"WebPage\",\"@id\":\"https:\\\/\\\/summit-agro.com\\\/ar\\\/es\\\/producto\\\/gemmit-top-herbicida-micronizado\\\/\",\"url\":\"https:\\\/\\\/summit-agro.com\\\/ar\\\/es\\\/producto\\\/gemmit-top-herbicida-micronizado\\\/\",\"name\":\"GEMMIT TOP - HERBICIDA MICRONIZADO\",\"isPartOf\":{\"@id\":\"https:\\\/\\\/summit-agro.com\\\/ar\\\/es\\\/#website\"},\"primaryImageOfPage\":{\"@id\":\"https:\\\/\\\/summit-agro.com\\\/ar\\\/es\\\/producto\\\/gemmit-top-herbicida-micronizado\\\/#primaryimage\"},\"image\":{\"@id\":\"https:\\\/\\\/summit-agro.com\\\/ar\\\/es\\\/producto\\\/gemmit-top-herbicida-micronizado\\\/#primaryimage\"},\"thumbnailUrl\":\"https:\\\/\\\/summit-agro.com\\\/ar\\\/es\\\/wp-content\\\/uploads\\\/2021\\\/06\\\/Gemmit-Top_logo.png\",\"datePublished\":\"2021-06-11T18:10:18+00:00\",\"dateModified\":\"2025-07-09T22:49:28+00:00\",\"description\":\"GEMMIT TOP - Herbicida micronizado: con part\u00edculas m\u00e1s homog\u00e9neas y peque\u00f1as de Flumioxazin. Mayor contacto entre las pl\u00e1ntulas de las malezas y el activo.\",\"breadcrumb\":{\"@id\":\"https:\\\/\\\/summit-agro.com\\\/ar\\\/es\\\/producto\\\/gemmit-top-herbicida-micronizado\\\/#breadcrumb\"},\"inLanguage\":\"es-AR\",\"potentialAction\":[{\"@type\":\"ReadAction\",\"target\":[\"https:\\\/\\\/summit-agro.com\\\/ar\\\/es\\\/producto\\\/gemmit-top-herbicida-micronizado\\\/\"]}]},{\"@type\":\"ImageObject\",\"inLanguage\":\"es-AR\",\"@id\":\"https:\\\/\\\/summit-agro.com\\\/ar\\\/es\\\/producto\\\/gemmit-top-herbicida-micronizado\\\/#primaryimage\",\"url\":\"https:\\\/\\\/summit-agro.com\\\/ar\\\/es\\\/wp-content\\\/uploads\\\/2021\\\/06\\\/Gemmit-Top_logo.png\",\"contentUrl\":\"https:\\\/\\\/summit-agro.com\\\/ar\\\/es\\\/wp-content\\\/uploads\\\/2021\\\/06\\\/Gemmit-Top_logo.png\",\"width\":500,\"height\":500,\"caption\":\"Logo de Gemmit Top. Herbicida micronizado.\"},{\"@type\":\"BreadcrumbList\",\"@id\":\"https:\\\/\\\/summit-agro.com\\\/ar\\\/es\\\/producto\\\/gemmit-top-herbicida-micronizado\\\/#breadcrumb\",\"itemListElement\":[{\"@type\":\"ListItem\",\"position\":1,\"name\":\"Portada\",\"item\":\"https:\\\/\\\/summit-agro.com\\\/ar\\\/es\\\/\"},{\"@type\":\"ListItem\",\"position\":2,\"name\":\"Soluciones\",\"item\":\"https:\\\/\\\/summit-agro.com\\\/ar\\\/es\\\/productos\\\/\"},{\"@type\":\"ListItem\",\"position\":3,\"name\":\"GEMMIT TOP\"}]},{\"@type\":\"WebSite\",\"@id\":\"https:\\\/\\\/summit-agro.com\\\/ar\\\/es\\\/#website\",\"url\":\"https:\\\/\\\/summit-agro.com\\\/ar\\\/es\\\/\",\"name\":\"Summit Agro - Argentina\",\"description\":\"\",\"publisher\":{\"@id\":\"https:\\\/\\\/summit-agro.com\\\/ar\\\/es\\\/#organization\"},\"potentialAction\":[{\"@type\":\"SearchAction\",\"target\":{\"@type\":\"EntryPoint\",\"urlTemplate\":\"https:\\\/\\\/summit-agro.com\\\/ar\\\/es\\\/?s={search_term_string}\"},\"query-input\":{\"@type\":\"PropertyValueSpecification\",\"valueRequired\":true,\"valueName\":\"search_term_string\"}}],\"inLanguage\":\"es-AR\"},{\"@type\":\"Organization\",\"@id\":\"https:\\\/\\\/summit-agro.com\\\/ar\\\/es\\\/#organization\",\"name\":\"Summit Agro - Argentina\",\"url\":\"https:\\\/\\\/summit-agro.com\\\/ar\\\/es\\\/\",\"logo\":{\"@type\":\"ImageObject\",\"inLanguage\":\"es-AR\",\"@id\":\"https:\\\/\\\/summit-agro.com\\\/ar\\\/es\\\/#\\\/schema\\\/logo\\\/image\\\/\",\"url\":\"https:\\\/\\\/summit-agro.com\\\/ar\\\/es\\\/wp-content\\\/uploads\\\/2021\\\/12\\\/summitlogo.png\",\"contentUrl\":\"https:\\\/\\\/summit-agro.com\\\/ar\\\/es\\\/wp-content\\\/uploads\\\/2021\\\/12\\\/summitlogo.png\",\"width\":192,\"height\":76,\"caption\":\"Summit Agro - Argentina\"},\"image\":{\"@id\":\"https:\\\/\\\/summit-agro.com\\\/ar\\\/es\\\/#\\\/schema\\\/logo\\\/image\\\/\"}}]}<\/script>\n<!-- \/ Yoast SEO plugin. -->","yoast_head_json":{"title":"GEMMIT TOP - HERBICIDA MICRONIZADO","description":"GEMMIT TOP - Herbicida micronizado: con part\u00edculas m\u00e1s homog\u00e9neas y peque\u00f1as de Flumioxazin. Mayor contacto entre las pl\u00e1ntulas de las malezas y el activo.","robots":{"index":"index","follow":"follow","max-snippet":"max-snippet:-1","max-image-preview":"max-image-preview:large","max-video-preview":"max-video-preview:-1"},"canonical":"https:\/\/summit-agro.com\/ar\/es\/producto\/gemmit-top-herbicida-micronizado\/","og_locale":"es_ES","og_type":"article","og_title":"GEMMIT TOP - HERBICIDA MICRONIZADO","og_description":"GEMMIT TOP - Herbicida micronizado: con part\u00edculas m\u00e1s homog\u00e9neas y peque\u00f1as de Flumioxazin. Mayor contacto entre las pl\u00e1ntulas de las malezas y el activo.","og_url":"https:\/\/summit-agro.com\/ar\/es\/producto\/gemmit-top-herbicida-micronizado\/","og_site_name":"Summit Agro - Argentina","article_modified_time":"2025-07-09T22:49:28+00:00","og_image":[{"width":500,"height":500,"url":"https:\/\/summit-agro.com\/ar\/es\/wp-content\/uploads\/2021\/06\/Gemmit-Top_logo.png","type":"image\/png"}],"twitter_card":"summary_large_image","twitter_misc":{"Tiempo de lectura":"2 minutos"},"schema":{"@context":"https:\/\/schema.org","@graph":[{"@type":"WebPage","@id":"https:\/\/summit-agro.com\/ar\/es\/producto\/gemmit-top-herbicida-micronizado\/","url":"https:\/\/summit-agro.com\/ar\/es\/producto\/gemmit-top-herbicida-micronizado\/","name":"GEMMIT TOP - HERBICIDA MICRONIZADO","isPartOf":{"@id":"https:\/\/summit-agro.com\/ar\/es\/#website"},"primaryImageOfPage":{"@id":"https:\/\/summit-agro.com\/ar\/es\/producto\/gemmit-top-herbicida-micronizado\/#primaryimage"},"image":{"@id":"https:\/\/summit-agro.com\/ar\/es\/producto\/gemmit-top-herbicida-micronizado\/#primaryimage"},"thumbnailUrl":"https:\/\/summit-agro.com\/ar\/es\/wp-content\/uploads\/2021\/06\/Gemmit-Top_logo.png","datePublished":"2021-06-11T18:10:18+00:00","dateModified":"2025-07-09T22:49:28+00:00","description":"GEMMIT TOP - Herbicida micronizado: con part\u00edculas m\u00e1s homog\u00e9neas y peque\u00f1as de Flumioxazin. Mayor contacto entre las pl\u00e1ntulas de las malezas y el activo.","breadcrumb":{"@id":"https:\/\/summit-agro.com\/ar\/es\/producto\/gemmit-top-herbicida-micronizado\/#breadcrumb"},"inLanguage":"es-AR","potentialAction":[{"@type":"ReadAction","target":["https:\/\/summit-agro.com\/ar\/es\/producto\/gemmit-top-herbicida-micronizado\/"]}]},{"@type":"ImageObject","inLanguage":"es-AR","@id":"https:\/\/summit-agro.com\/ar\/es\/producto\/gemmit-top-herbicida-micronizado\/#primaryimage","url":"https:\/\/summit-agro.com\/ar\/es\/wp-content\/uploads\/2021\/06\/Gemmit-Top_logo.png","contentUrl":"https:\/\/summit-agro.com\/ar\/es\/wp-content\/uploads\/2021\/06\/Gemmit-Top_logo.png","width":500,"height":500,"caption":"Logo de Gemmit Top. Herbicida micronizado."},{"@type":"BreadcrumbList","@id":"https:\/\/summit-agro.com\/ar\/es\/producto\/gemmit-top-herbicida-micronizado\/#breadcrumb","itemListElement":[{"@type":"ListItem","position":1,"name":"Portada","item":"https:\/\/summit-agro.com\/ar\/es\/"},{"@type":"ListItem","position":2,"name":"Soluciones","item":"https:\/\/summit-agro.com\/ar\/es\/productos\/"},{"@type":"ListItem","position":3,"name":"GEMMIT TOP"}]},{"@type":"WebSite","@id":"https:\/\/summit-agro.com\/ar\/es\/#website","url":"https:\/\/summit-agro.com\/ar\/es\/","name":"Summit Agro - Argentina","description":"","publisher":{"@id":"https:\/\/summit-agro.com\/ar\/es\/#organization"},"potentialAction":[{"@type":"SearchAction","target":{"@type":"EntryPoint","urlTemplate":"https:\/\/summit-agro.com\/ar\/es\/?s={search_term_string}"},"query-input":{"@type":"PropertyValueSpecification","valueRequired":true,"valueName":"search_term_string"}}],"inLanguage":"es-AR"},{"@type":"Organization","@id":"https:\/\/summit-agro.com\/ar\/es\/#organization","name":"Summit Agro - Argentina","url":"https:\/\/summit-agro.com\/ar\/es\/","logo":{"@type":"ImageObject","inLanguage":"es-AR","@id":"https:\/\/summit-agro.com\/ar\/es\/#\/schema\/logo\/image\/","url":"https:\/\/summit-agro.com\/ar\/es\/wp-content\/uploads\/2021\/12\/summitlogo.png","contentUrl":"https:\/\/summit-agro.com\/ar\/es\/wp-content\/uploads\/2021\/12\/summitlogo.png","width":192,"height":76,"caption":"Summit Agro - Argentina"},"image":{"@id":"https:\/\/summit-agro.com\/ar\/es\/#\/schema\/logo\/image\/"}}]}},"_links":{"self":[{"href":"https:\/\/summit-agro.com\/ar\/es\/wp-json\/wp\/v2\/product\/2227","targetHints":{"allow":["GET"]}}],"collection":[{"href":"https:\/\/summit-agro.com\/ar\/es\/wp-json\/wp\/v2\/product"}],"about":[{"href":"https:\/\/summit-agro.com\/ar\/es\/wp-json\/wp\/v2\/types\/product"}],"wp:featuredmedia":[{"embeddable":true,"href":"https:\/\/summit-agro.com\/ar\/es\/wp-json\/wp\/v2\/media\/3776"}],"wp:attachment":[{"href":"https:\/\/summit-agro.com\/ar\/es\/wp-json\/wp\/v2\/media?parent=2227"}],"wp:term":[{"taxonomy":"product_brand","embeddable":true,"href":"https:\/\/summit-agro.com\/ar\/es\/wp-json\/wp\/v2\/product_brand?post=2227"},{"taxonomy":"product_cat","embeddable":true,"href":"https:\/\/summit-agro.com\/ar\/es\/wp-json\/wp\/v2\/product_cat?post=2227"},{"taxonomy":"product_tag","embeddable":true,"href":"https:\/\/summit-agro.com\/ar\/es\/wp-json\/wp\/v2\/product_tag?post=2227"}],"curies":[{"name":"wp","href":"https:\/\/api.w.org\/{rel}","templated":true}]}}