{"id":2161,"date":"2021-06-03T10:04:36","date_gmt":"2021-06-03T13:04:36","guid":{"rendered":"https:\/\/summit-agro.com\/ar\/es\/?post_type=product&#038;p=2161"},"modified":"2024-10-22T15:07:15","modified_gmt":"2024-10-22T18:07:15","slug":"sumilex-top-fungicida","status":"publish","type":"product","link":"https:\/\/summit-agro.com\/ar\/es\/producto\/sumilex-top-fungicida\/","title":{"rendered":"SUMILEX TOP"},"content":{"rendered":"<p style=\"text-align: justify;\"><strong>SUMILEX<\/strong> <strong>TOP<\/strong> es un fungicida espec\u00edfico dise\u00f1ado para el control de enfermedades causadas por los g\u00e9neros <em>Sclerotinia spp<\/em>. y <em>Botrytis spp<\/em>. Su eficaz formulaci\u00f3n, con part\u00edculas m\u00e1s peque\u00f1as y homog\u00e9neas, asegura su acci\u00f3n fungicida al permitir una mejor distribuci\u00f3n y absorci\u00f3n en la planta. \u00a0Su principio activo act\u00faa preventivamente, inhibiendo la germinaci\u00f3n de las esporas y bloqueando el micelio, y curativamente, frenando la propagaci\u00f3n del hongo.<\/p>\n<p style=\"text-align: justify;\">Ofrece un excelente control de las cepas resistentes a los benzimidazoles y su formulaci\u00f3n es altamente estable ante el lavado por lluvias.<\/p>\n<ul>\n<li><strong>Aplicaci\u00f3n<\/strong>: Tratamientos preventivos o curativos<\/li>\n<li><strong>Formulaci\u00f3n<\/strong>: Suspensi\u00f3n Concentrada (SC)<\/li>\n<li><strong>Cultivos<\/strong>: Girasol, vid, frutales, hortalizas y florales<\/li>\n<li><strong>Dosis<\/strong>: Variable seg\u00fan cultivo y enfermedad<\/li>\n<li><strong>Presentaci\u00f3n<\/strong>: Caja de 6 L (6 envases de 1 L c\/u) \/ Caja de 3 L (12 envases de 250 cc c\/u)<\/li>\n<\/ul>\n","protected":false},"excerpt":{"rendered":"<hr \/>\n<p style=\"text-align: justify;\">\n<p style=\"line-height: 2;\"><strong>INGREDIENTE ACTIVO:<\/strong> Procimidone 50% SC<br \/>\n<strong>CLASIFICACI\u00d3N DEL GRUPO DE FAMILIA:<\/strong> Grupo 2 (FRAC)<br \/>\n<strong>MODO DE ACCI\u00d3N:<\/strong> Inhibidor de la transducci\u00f3n de se\u00f1ales osm\u00f3ticas<br \/>\n<b>CLASIFICACI\u00d3N TOXICOL\u00d3GICA:<\/b> <span style=\"color: #3366ff;\">Clase III<\/span><\/p>\n<hr \/>\n<p>&nbsp;<\/p>\n","protected":false},"featured_media":5657,"template":"","meta":{"site-sidebar-layout":"default","site-content-layout":"default","ast-site-content-layout":"default","site-content-style":"default","site-sidebar-style":"default","ast-global-header-display":"","ast-banner-title-visibility":"","ast-main-header-display":"","ast-hfb-above-header-display":"","ast-hfb-below-header-display":"","ast-hfb-mobile-header-display":"","site-post-title":"","ast-breadcrumbs-content":"","ast-featured-img":"","footer-sml-layout":"","ast-disable-related-posts":"","theme-transparent-header-meta":"default","adv-header-id-meta":"","stick-header-meta":"","header-above-stick-meta":"","header-main-stick-meta":"","header-below-stick-meta":"","astra-migrate-meta-layouts":"set","ast-page-background-enabled":"default","ast-page-background-meta":{"desktop":{"background-color":"var(--ast-global-color-4)","background-image":"","background-repeat":"repeat","background-position":"center center","background-size":"auto","background-attachment":"scroll","background-type":"","background-media":"","overlay-type":"","overlay-color":"","overlay-opacity":"","overlay-gradient":""},"tablet":{"background-color":"","background-image":"","background-repeat":"repeat","background-position":"center center","background-size":"auto","background-attachment":"scroll","background-type":"","background-media":"","overlay-type":"","overlay-color":"","overlay-opacity":"","overlay-gradient":""},"mobile":{"background-color":"","background-image":"","background-repeat":"repeat","background-position":"center center","background-size":"auto","background-attachment":"scroll","background-type":"","background-media":"","overlay-type":"","overlay-color":"","overlay-opacity":"","overlay-gradient":""}},"ast-content-background-meta":{"desktop":{"background-color":"var(--ast-global-color-5)","background-image":"","background-repeat":"repeat","background-position":"center center","background-size":"auto","background-attachment":"scroll","background-type":"","background-media":"","overlay-type":"","overlay-color":"","overlay-opacity":"","overlay-gradient":""},"tablet":{"background-color":"var(--ast-global-color-5)","background-image":"","background-repeat":"repeat","background-position":"center center","background-size":"auto","background-attachment":"scroll","background-type":"","background-media":"","overlay-type":"","overlay-color":"","overlay-opacity":"","overlay-gradient":""},"mobile":{"background-color":"var(--ast-global-color-5)","background-image":"","background-repeat":"repeat","background-position":"center center","background-size":"auto","background-attachment":"scroll","background-type":"","background-media":"","overlay-type":"","overlay-color":"","overlay-opacity":"","overlay-gradient":""}}},"product_brand":[],"product_cat":[19],"product_tag":[],"class_list":{"0":"post-2161","1":"product","2":"type-product","3":"status-publish","4":"has-post-thumbnail","6":"product_cat-fungicidas","7":"cultivo-alcaucil","8":"cultivo-berenjena","9":"cultivo-cebolla","10":"cultivo-florales","11":"cultivo-frutilla","12":"cultivo-girasol","13":"cultivo-lechuga","14":"cultivo-melon","15":"cultivo-pepino","16":"cultivo-pimiento","17":"cultivo-tomate","18":"cultivo-vid","19":"cultivo-zapallito","20":"cultivo-zapallo","21":"problematica-botrytis-cinerea","22":"problematica-botrytis-gladiolorum","23":"problematica-sclerotinia-sclerotiorum","24":"problematica-sclerotium-rolfsii","25":"desktop-align-left","26":"tablet-align-left","27":"mobile-align-left","29":"first","30":"instock","31":"shipping-taxable","32":"purchasable","33":"product-type-simple"},"yoast_head":"<!-- This site is optimized with the Yoast SEO plugin v27.3 - https:\/\/yoast.com\/product\/yoast-seo-wordpress\/ -->\n<title>SUMILEX TOP - FUNGICIDA ESPEC\u00cdFICO<\/title>\n<meta name=\"description\" content=\"SUMILEX TOP - Fungicida espec\u00edfico: Para el control de enfermedades causadas por los g\u00e9neros Sclerotinia spp. y Botrytis spp.\" \/>\n<meta name=\"robots\" content=\"index, follow, max-snippet:-1, max-image-preview:large, max-video-preview:-1\" \/>\n<link rel=\"canonical\" href=\"https:\/\/summit-agro.com\/ar\/es\/producto\/sumilex-top-fungicida\/\" \/>\n<meta property=\"og:locale\" content=\"es_ES\" \/>\n<meta property=\"og:type\" content=\"article\" \/>\n<meta property=\"og:title\" content=\"SUMILEX TOP - FUNGICIDA ESPEC\u00cdFICO\" \/>\n<meta property=\"og:description\" content=\"SUMILEX TOP - Fungicida espec\u00edfico: Para el control de enfermedades causadas por los g\u00e9neros Sclerotinia spp. y Botrytis spp.\" \/>\n<meta property=\"og:url\" content=\"https:\/\/summit-agro.com\/ar\/es\/producto\/sumilex-top-fungicida\/\" \/>\n<meta property=\"og:site_name\" content=\"Summit Agro - Argentina\" \/>\n<meta property=\"article:modified_time\" content=\"2024-10-22T18:07:15+00:00\" \/>\n<meta property=\"og:image\" content=\"https:\/\/summit-agro.com\/ar\/es\/wp-content\/uploads\/2024\/07\/Logo-Sumilex-Top-Web.png\" \/>\n\t<meta property=\"og:image:width\" content=\"1000\" \/>\n\t<meta property=\"og:image:height\" content=\"1000\" \/>\n\t<meta property=\"og:image:type\" content=\"image\/png\" \/>\n<meta name=\"twitter:card\" content=\"summary_large_image\" \/>\n<meta name=\"twitter:label1\" content=\"Tiempo de lectura\" \/>\n\t<meta name=\"twitter:data1\" content=\"1 minuto\" \/>\n<script type=\"application\/ld+json\" class=\"yoast-schema-graph\">{\"@context\":\"https:\\\/\\\/schema.org\",\"@graph\":[{\"@type\":\"WebPage\",\"@id\":\"https:\\\/\\\/summit-agro.com\\\/ar\\\/es\\\/producto\\\/sumilex-top-fungicida\\\/\",\"url\":\"https:\\\/\\\/summit-agro.com\\\/ar\\\/es\\\/producto\\\/sumilex-top-fungicida\\\/\",\"name\":\"SUMILEX TOP - FUNGICIDA ESPEC\u00cdFICO\",\"isPartOf\":{\"@id\":\"https:\\\/\\\/summit-agro.com\\\/ar\\\/es\\\/#website\"},\"primaryImageOfPage\":{\"@id\":\"https:\\\/\\\/summit-agro.com\\\/ar\\\/es\\\/producto\\\/sumilex-top-fungicida\\\/#primaryimage\"},\"image\":{\"@id\":\"https:\\\/\\\/summit-agro.com\\\/ar\\\/es\\\/producto\\\/sumilex-top-fungicida\\\/#primaryimage\"},\"thumbnailUrl\":\"https:\\\/\\\/summit-agro.com\\\/ar\\\/es\\\/wp-content\\\/uploads\\\/2024\\\/07\\\/Logo-Sumilex-Top-Web.png\",\"datePublished\":\"2021-06-03T13:04:36+00:00\",\"dateModified\":\"2024-10-22T18:07:15+00:00\",\"description\":\"SUMILEX TOP - Fungicida espec\u00edfico: Para el control de enfermedades causadas por los g\u00e9neros Sclerotinia spp. y Botrytis spp.\",\"breadcrumb\":{\"@id\":\"https:\\\/\\\/summit-agro.com\\\/ar\\\/es\\\/producto\\\/sumilex-top-fungicida\\\/#breadcrumb\"},\"inLanguage\":\"es-AR\",\"potentialAction\":[{\"@type\":\"ReadAction\",\"target\":[\"https:\\\/\\\/summit-agro.com\\\/ar\\\/es\\\/producto\\\/sumilex-top-fungicida\\\/\"]}]},{\"@type\":\"ImageObject\",\"inLanguage\":\"es-AR\",\"@id\":\"https:\\\/\\\/summit-agro.com\\\/ar\\\/es\\\/producto\\\/sumilex-top-fungicida\\\/#primaryimage\",\"url\":\"https:\\\/\\\/summit-agro.com\\\/ar\\\/es\\\/wp-content\\\/uploads\\\/2024\\\/07\\\/Logo-Sumilex-Top-Web.png\",\"contentUrl\":\"https:\\\/\\\/summit-agro.com\\\/ar\\\/es\\\/wp-content\\\/uploads\\\/2024\\\/07\\\/Logo-Sumilex-Top-Web.png\",\"width\":1000,\"height\":1000,\"caption\":\"Logo de SUMILEX TOP. Fungicida espec\u00edfico.\"},{\"@type\":\"BreadcrumbList\",\"@id\":\"https:\\\/\\\/summit-agro.com\\\/ar\\\/es\\\/producto\\\/sumilex-top-fungicida\\\/#breadcrumb\",\"itemListElement\":[{\"@type\":\"ListItem\",\"position\":1,\"name\":\"Portada\",\"item\":\"https:\\\/\\\/summit-agro.com\\\/ar\\\/es\\\/\"},{\"@type\":\"ListItem\",\"position\":2,\"name\":\"Soluciones\",\"item\":\"https:\\\/\\\/summit-agro.com\\\/ar\\\/es\\\/productos\\\/\"},{\"@type\":\"ListItem\",\"position\":3,\"name\":\"SUMILEX TOP\"}]},{\"@type\":\"WebSite\",\"@id\":\"https:\\\/\\\/summit-agro.com\\\/ar\\\/es\\\/#website\",\"url\":\"https:\\\/\\\/summit-agro.com\\\/ar\\\/es\\\/\",\"name\":\"Summit Agro - Argentina\",\"description\":\"\",\"publisher\":{\"@id\":\"https:\\\/\\\/summit-agro.com\\\/ar\\\/es\\\/#organization\"},\"potentialAction\":[{\"@type\":\"SearchAction\",\"target\":{\"@type\":\"EntryPoint\",\"urlTemplate\":\"https:\\\/\\\/summit-agro.com\\\/ar\\\/es\\\/?s={search_term_string}\"},\"query-input\":{\"@type\":\"PropertyValueSpecification\",\"valueRequired\":true,\"valueName\":\"search_term_string\"}}],\"inLanguage\":\"es-AR\"},{\"@type\":\"Organization\",\"@id\":\"https:\\\/\\\/summit-agro.com\\\/ar\\\/es\\\/#organization\",\"name\":\"Summit Agro - Argentina\",\"url\":\"https:\\\/\\\/summit-agro.com\\\/ar\\\/es\\\/\",\"logo\":{\"@type\":\"ImageObject\",\"inLanguage\":\"es-AR\",\"@id\":\"https:\\\/\\\/summit-agro.com\\\/ar\\\/es\\\/#\\\/schema\\\/logo\\\/image\\\/\",\"url\":\"https:\\\/\\\/summit-agro.com\\\/ar\\\/es\\\/wp-content\\\/uploads\\\/2021\\\/12\\\/summitlogo.png\",\"contentUrl\":\"https:\\\/\\\/summit-agro.com\\\/ar\\\/es\\\/wp-content\\\/uploads\\\/2021\\\/12\\\/summitlogo.png\",\"width\":192,\"height\":76,\"caption\":\"Summit Agro - Argentina\"},\"image\":{\"@id\":\"https:\\\/\\\/summit-agro.com\\\/ar\\\/es\\\/#\\\/schema\\\/logo\\\/image\\\/\"}}]}<\/script>\n<!-- \/ Yoast SEO plugin. -->","yoast_head_json":{"title":"SUMILEX TOP - FUNGICIDA ESPEC\u00cdFICO","description":"SUMILEX TOP - Fungicida espec\u00edfico: Para el control de enfermedades causadas por los g\u00e9neros Sclerotinia spp. y Botrytis spp.","robots":{"index":"index","follow":"follow","max-snippet":"max-snippet:-1","max-image-preview":"max-image-preview:large","max-video-preview":"max-video-preview:-1"},"canonical":"https:\/\/summit-agro.com\/ar\/es\/producto\/sumilex-top-fungicida\/","og_locale":"es_ES","og_type":"article","og_title":"SUMILEX TOP - FUNGICIDA ESPEC\u00cdFICO","og_description":"SUMILEX TOP - Fungicida espec\u00edfico: Para el control de enfermedades causadas por los g\u00e9neros Sclerotinia spp. y Botrytis spp.","og_url":"https:\/\/summit-agro.com\/ar\/es\/producto\/sumilex-top-fungicida\/","og_site_name":"Summit Agro - Argentina","article_modified_time":"2024-10-22T18:07:15+00:00","og_image":[{"width":1000,"height":1000,"url":"https:\/\/summit-agro.com\/ar\/es\/wp-content\/uploads\/2024\/07\/Logo-Sumilex-Top-Web.png","type":"image\/png"}],"twitter_card":"summary_large_image","twitter_misc":{"Tiempo de lectura":"1 minuto"},"schema":{"@context":"https:\/\/schema.org","@graph":[{"@type":"WebPage","@id":"https:\/\/summit-agro.com\/ar\/es\/producto\/sumilex-top-fungicida\/","url":"https:\/\/summit-agro.com\/ar\/es\/producto\/sumilex-top-fungicida\/","name":"SUMILEX TOP - FUNGICIDA ESPEC\u00cdFICO","isPartOf":{"@id":"https:\/\/summit-agro.com\/ar\/es\/#website"},"primaryImageOfPage":{"@id":"https:\/\/summit-agro.com\/ar\/es\/producto\/sumilex-top-fungicida\/#primaryimage"},"image":{"@id":"https:\/\/summit-agro.com\/ar\/es\/producto\/sumilex-top-fungicida\/#primaryimage"},"thumbnailUrl":"https:\/\/summit-agro.com\/ar\/es\/wp-content\/uploads\/2024\/07\/Logo-Sumilex-Top-Web.png","datePublished":"2021-06-03T13:04:36+00:00","dateModified":"2024-10-22T18:07:15+00:00","description":"SUMILEX TOP - Fungicida espec\u00edfico: Para el control de enfermedades causadas por los g\u00e9neros Sclerotinia spp. y Botrytis spp.","breadcrumb":{"@id":"https:\/\/summit-agro.com\/ar\/es\/producto\/sumilex-top-fungicida\/#breadcrumb"},"inLanguage":"es-AR","potentialAction":[{"@type":"ReadAction","target":["https:\/\/summit-agro.com\/ar\/es\/producto\/sumilex-top-fungicida\/"]}]},{"@type":"ImageObject","inLanguage":"es-AR","@id":"https:\/\/summit-agro.com\/ar\/es\/producto\/sumilex-top-fungicida\/#primaryimage","url":"https:\/\/summit-agro.com\/ar\/es\/wp-content\/uploads\/2024\/07\/Logo-Sumilex-Top-Web.png","contentUrl":"https:\/\/summit-agro.com\/ar\/es\/wp-content\/uploads\/2024\/07\/Logo-Sumilex-Top-Web.png","width":1000,"height":1000,"caption":"Logo de SUMILEX TOP. Fungicida espec\u00edfico."},{"@type":"BreadcrumbList","@id":"https:\/\/summit-agro.com\/ar\/es\/producto\/sumilex-top-fungicida\/#breadcrumb","itemListElement":[{"@type":"ListItem","position":1,"name":"Portada","item":"https:\/\/summit-agro.com\/ar\/es\/"},{"@type":"ListItem","position":2,"name":"Soluciones","item":"https:\/\/summit-agro.com\/ar\/es\/productos\/"},{"@type":"ListItem","position":3,"name":"SUMILEX TOP"}]},{"@type":"WebSite","@id":"https:\/\/summit-agro.com\/ar\/es\/#website","url":"https:\/\/summit-agro.com\/ar\/es\/","name":"Summit Agro - Argentina","description":"","publisher":{"@id":"https:\/\/summit-agro.com\/ar\/es\/#organization"},"potentialAction":[{"@type":"SearchAction","target":{"@type":"EntryPoint","urlTemplate":"https:\/\/summit-agro.com\/ar\/es\/?s={search_term_string}"},"query-input":{"@type":"PropertyValueSpecification","valueRequired":true,"valueName":"search_term_string"}}],"inLanguage":"es-AR"},{"@type":"Organization","@id":"https:\/\/summit-agro.com\/ar\/es\/#organization","name":"Summit Agro - Argentina","url":"https:\/\/summit-agro.com\/ar\/es\/","logo":{"@type":"ImageObject","inLanguage":"es-AR","@id":"https:\/\/summit-agro.com\/ar\/es\/#\/schema\/logo\/image\/","url":"https:\/\/summit-agro.com\/ar\/es\/wp-content\/uploads\/2021\/12\/summitlogo.png","contentUrl":"https:\/\/summit-agro.com\/ar\/es\/wp-content\/uploads\/2021\/12\/summitlogo.png","width":192,"height":76,"caption":"Summit Agro - Argentina"},"image":{"@id":"https:\/\/summit-agro.com\/ar\/es\/#\/schema\/logo\/image\/"}}]}},"_links":{"self":[{"href":"https:\/\/summit-agro.com\/ar\/es\/wp-json\/wp\/v2\/product\/2161","targetHints":{"allow":["GET"]}}],"collection":[{"href":"https:\/\/summit-agro.com\/ar\/es\/wp-json\/wp\/v2\/product"}],"about":[{"href":"https:\/\/summit-agro.com\/ar\/es\/wp-json\/wp\/v2\/types\/product"}],"wp:featuredmedia":[{"embeddable":true,"href":"https:\/\/summit-agro.com\/ar\/es\/wp-json\/wp\/v2\/media\/5657"}],"wp:attachment":[{"href":"https:\/\/summit-agro.com\/ar\/es\/wp-json\/wp\/v2\/media?parent=2161"}],"wp:term":[{"taxonomy":"product_brand","embeddable":true,"href":"https:\/\/summit-agro.com\/ar\/es\/wp-json\/wp\/v2\/product_brand?post=2161"},{"taxonomy":"product_cat","embeddable":true,"href":"https:\/\/summit-agro.com\/ar\/es\/wp-json\/wp\/v2\/product_cat?post=2161"},{"taxonomy":"product_tag","embeddable":true,"href":"https:\/\/summit-agro.com\/ar\/es\/wp-json\/wp\/v2\/product_tag?post=2161"}],"curies":[{"name":"wp","href":"https:\/\/api.w.org\/{rel}","templated":true}]}}