{"id":2157,"date":"2021-06-03T09:24:06","date_gmt":"2021-06-03T12:24:06","guid":{"rendered":"https:\/\/summit-agro.com\/ar\/es\/?post_type=product&#038;p=2157"},"modified":"2024-10-22T15:08:08","modified_gmt":"2024-10-22T18:08:08","slug":"topsin-top-fungicida-sistemico","status":"publish","type":"product","link":"https:\/\/summit-agro.com\/ar\/es\/producto\/topsin-top-fungicida-sistemico\/","title":{"rendered":"TOPSIN TOP"},"content":{"rendered":"<p style=\"text-align: justify;\"><strong>TOPSIN TOP<\/strong> es un fungicida sist\u00e9mico del grupo de los benzimidazoles, especialmente indicado para el control de enfermedades de fin de ciclo en soja y poroto, as\u00ed como para combatir podredumbres, o\u00eddio y sarna. Gracias al proceso de micronizaci\u00f3n, se logran part\u00edculas m\u00e1s peque\u00f1as y homog\u00e9neas, lo que asegura una mayor distribuci\u00f3n y superficie de contacto, mejorando as\u00ed la acci\u00f3n fungicida y la absorci\u00f3n\/penetraci\u00f3n en la planta.<\/p>\n<p style=\"text-align: justify;\">Este fungicida tiene una triple acci\u00f3n: preventiva, curativa y erradicante. Ofrece excelente persistencia ante las lluvias y estabilidad frente a la radiaci\u00f3n solar.<\/p>\n<ul>\n<li><strong>Aplicaci\u00f3n<\/strong>: Tratamientos preventivos, curativos o residuales<\/li>\n<li><strong>Formulaci\u00f3n<\/strong>: Suspensi\u00f3n Concentrada (SC)<\/li>\n<li><strong>Cultivo<\/strong>: Soja, poroto, trigo, man\u00ed, frutales, hortalizas, florales, campos deportivos y c\u00e9sped<\/li>\n<li><strong>Dosis<\/strong>: Variable seg\u00fan cultivo y enfermedad<\/li>\n<li><strong>Presentaci\u00f3n<\/strong>: Bidones de 20 L\/ Bid\u00f3n de 1 L<\/li>\n<\/ul>\n","protected":false},"excerpt":{"rendered":"<hr \/>\n<p style=\"text-align: justify;\">\n<p style=\"line-height: 2;\"><strong>INGREDIENTE ACTIVO:<\/strong> Metil Tiofanato 50% SC<br \/>\n<strong>CLASIFICACI\u00d3N DEL GRUPO DE FAMILIA:<\/strong> Grupo 1 (FRAC)<br \/>\n<strong>MODO DE ACCI\u00d3N:<\/strong> Inhibidor del ensamblaje de la \u00df-tubulina en la mitosis<br \/>\n<strong>CLASIFICACI\u00d3N TOXICOL\u00d3GICA:<\/strong> <span style=\"color: #3366ff;\">Clase III<\/span><\/p>\n<hr \/>\n<p>&nbsp;<\/p>\n","protected":false},"featured_media":4352,"template":"","meta":{"site-sidebar-layout":"default","site-content-layout":"default","ast-site-content-layout":"default","site-content-style":"default","site-sidebar-style":"default","ast-global-header-display":"","ast-banner-title-visibility":"","ast-main-header-display":"","ast-hfb-above-header-display":"","ast-hfb-below-header-display":"","ast-hfb-mobile-header-display":"","site-post-title":"","ast-breadcrumbs-content":"","ast-featured-img":"","footer-sml-layout":"","ast-disable-related-posts":"","theme-transparent-header-meta":"default","adv-header-id-meta":"","stick-header-meta":"","header-above-stick-meta":"","header-main-stick-meta":"","header-below-stick-meta":"","astra-migrate-meta-layouts":"set","ast-page-background-enabled":"default","ast-page-background-meta":{"desktop":{"background-color":"var(--ast-global-color-4)","background-image":"","background-repeat":"repeat","background-position":"center center","background-size":"auto","background-attachment":"scroll","background-type":"","background-media":"","overlay-type":"","overlay-color":"","overlay-opacity":"","overlay-gradient":""},"tablet":{"background-color":"","background-image":"","background-repeat":"repeat","background-position":"center center","background-size":"auto","background-attachment":"scroll","background-type":"","background-media":"","overlay-type":"","overlay-color":"","overlay-opacity":"","overlay-gradient":""},"mobile":{"background-color":"","background-image":"","background-repeat":"repeat","background-position":"center center","background-size":"auto","background-attachment":"scroll","background-type":"","background-media":"","overlay-type":"","overlay-color":"","overlay-opacity":"","overlay-gradient":""}},"ast-content-background-meta":{"desktop":{"background-color":"var(--ast-global-color-5)","background-image":"","background-repeat":"repeat","background-position":"center center","background-size":"auto","background-attachment":"scroll","background-type":"","background-media":"","overlay-type":"","overlay-color":"","overlay-opacity":"","overlay-gradient":""},"tablet":{"background-color":"var(--ast-global-color-5)","background-image":"","background-repeat":"repeat","background-position":"center center","background-size":"auto","background-attachment":"scroll","background-type":"","background-media":"","overlay-type":"","overlay-color":"","overlay-opacity":"","overlay-gradient":""},"mobile":{"background-color":"var(--ast-global-color-5)","background-image":"","background-repeat":"repeat","background-position":"center center","background-size":"auto","background-attachment":"scroll","background-type":"","background-media":"","overlay-type":"","overlay-color":"","overlay-opacity":"","overlay-gradient":""}}},"product_brand":[],"product_cat":[19],"product_tag":[],"class_list":{"0":"post-2157","1":"product","2":"type-product","3":"status-publish","4":"has-post-thumbnail","6":"product_cat-fungicidas","7":"cultivo-almendro","8":"cultivo-apio","9":"cultivo-berenjena","10":"cultivo-campos-de-golf","11":"cultivo-campos-deportivos","12":"cultivo-cesped","13":"cultivo-citricos","14":"cultivo-duraznero","15":"cultivo-florales","16":"cultivo-frutilla","17":"cultivo-mani","18":"cultivo-manzano","19":"cultivo-melon","20":"cultivo-papa","21":"cultivo-pelon","22":"cultivo-pepino","23":"cultivo-pimiento","24":"cultivo-poroto","25":"cultivo-rosales","26":"cultivo-sandia","27":"cultivo-soja","28":"cultivo-tomate","29":"cultivo-trigo","30":"cultivo-zapallito","31":"cultivo-zapallo","32":"problematica-alternaria-spp","33":"problematica-botrytis-cinerea","34":"problematica-cercospora-apii","35":"problematica-cercospora-arachidicola","36":"problematica-cercospora-kikuchii","37":"problematica-colletotrichum-lindemuthianum","38":"problematica-colletotrichum-spp","39":"problematica-fusarium-graminearum","40":"problematica-fusarium-spp","41":"problematica-fusicladium-carpophilum","42":"problematica-fusicoccum-amygdali","43":"problematica-monilinia-fructicola","44":"problematica-mycosphaerella-citri","45":"problematica-peronospora-manshurica","46":"problematica-phaeoisariopsis-griseola","47":"problematica-phomopsis-sojae","48":"problematica-rhizoctonia-solani","49":"problematica-rhizoctonia-spp","50":"problematica-sclerotinia-sclerotiorum","51":"problematica-septoria-glycines","52":"problematica-sphaerotheca-fuliginea","53":"problematica-sphaerotheca-pannosa","54":"problematica-venturia-inaequalis","55":"desktop-align-left","56":"tablet-align-left","57":"mobile-align-left","59":"first","60":"instock","61":"shipping-taxable","62":"purchasable","63":"product-type-simple"},"yoast_head":"<!-- This site is optimized with the Yoast SEO plugin v27.3 - https:\/\/yoast.com\/product\/yoast-seo-wordpress\/ -->\n<title>TOPSIN TOP - FUNGICIDA SIST\u00c9MICO<\/title>\n<meta name=\"description\" content=\"TOPSIN TOP - Fungicida sist\u00e9mico: Con triple acci\u00f3n para soja y poroto, destaca por su micronizaci\u00f3n que mejora la distribuci\u00f3n, absorci\u00f3n y persistencia.\" \/>\n<meta name=\"robots\" content=\"index, follow, max-snippet:-1, max-image-preview:large, max-video-preview:-1\" \/>\n<link rel=\"canonical\" href=\"https:\/\/summit-agro.com\/ar\/es\/producto\/topsin-top-fungicida-sistemico\/\" \/>\n<meta property=\"og:locale\" content=\"es_ES\" \/>\n<meta property=\"og:type\" content=\"article\" \/>\n<meta property=\"og:title\" content=\"TOPSIN TOP - FUNGICIDA SIST\u00c9MICO\" \/>\n<meta property=\"og:description\" content=\"TOPSIN TOP - Fungicida sist\u00e9mico: Con triple acci\u00f3n para soja y poroto, destaca por su micronizaci\u00f3n que mejora la distribuci\u00f3n, absorci\u00f3n y persistencia.\" \/>\n<meta property=\"og:url\" content=\"https:\/\/summit-agro.com\/ar\/es\/producto\/topsin-top-fungicida-sistemico\/\" \/>\n<meta property=\"og:site_name\" content=\"Summit Agro - Argentina\" \/>\n<meta property=\"article:modified_time\" content=\"2024-10-22T18:08:08+00:00\" \/>\n<meta property=\"og:image\" content=\"https:\/\/summit-agro.com\/ar\/es\/wp-content\/uploads\/2021\/06\/Topsin.png\" \/>\n\t<meta property=\"og:image:width\" content=\"1000\" \/>\n\t<meta property=\"og:image:height\" content=\"1000\" \/>\n\t<meta property=\"og:image:type\" content=\"image\/png\" \/>\n<meta name=\"twitter:card\" content=\"summary_large_image\" \/>\n<meta name=\"twitter:label1\" content=\"Tiempo de lectura\" \/>\n\t<meta name=\"twitter:data1\" content=\"1 minuto\" \/>\n<script type=\"application\/ld+json\" class=\"yoast-schema-graph\">{\"@context\":\"https:\\\/\\\/schema.org\",\"@graph\":[{\"@type\":\"WebPage\",\"@id\":\"https:\\\/\\\/summit-agro.com\\\/ar\\\/es\\\/producto\\\/topsin-top-fungicida-sistemico\\\/\",\"url\":\"https:\\\/\\\/summit-agro.com\\\/ar\\\/es\\\/producto\\\/topsin-top-fungicida-sistemico\\\/\",\"name\":\"TOPSIN TOP - FUNGICIDA SIST\u00c9MICO\",\"isPartOf\":{\"@id\":\"https:\\\/\\\/summit-agro.com\\\/ar\\\/es\\\/#website\"},\"primaryImageOfPage\":{\"@id\":\"https:\\\/\\\/summit-agro.com\\\/ar\\\/es\\\/producto\\\/topsin-top-fungicida-sistemico\\\/#primaryimage\"},\"image\":{\"@id\":\"https:\\\/\\\/summit-agro.com\\\/ar\\\/es\\\/producto\\\/topsin-top-fungicida-sistemico\\\/#primaryimage\"},\"thumbnailUrl\":\"https:\\\/\\\/summit-agro.com\\\/ar\\\/es\\\/wp-content\\\/uploads\\\/2021\\\/06\\\/Topsin.png\",\"datePublished\":\"2021-06-03T12:24:06+00:00\",\"dateModified\":\"2024-10-22T18:08:08+00:00\",\"description\":\"TOPSIN TOP - Fungicida sist\u00e9mico: Con triple acci\u00f3n para soja y poroto, destaca por su micronizaci\u00f3n que mejora la distribuci\u00f3n, absorci\u00f3n y persistencia.\",\"breadcrumb\":{\"@id\":\"https:\\\/\\\/summit-agro.com\\\/ar\\\/es\\\/producto\\\/topsin-top-fungicida-sistemico\\\/#breadcrumb\"},\"inLanguage\":\"es-AR\",\"potentialAction\":[{\"@type\":\"ReadAction\",\"target\":[\"https:\\\/\\\/summit-agro.com\\\/ar\\\/es\\\/producto\\\/topsin-top-fungicida-sistemico\\\/\"]}]},{\"@type\":\"ImageObject\",\"inLanguage\":\"es-AR\",\"@id\":\"https:\\\/\\\/summit-agro.com\\\/ar\\\/es\\\/producto\\\/topsin-top-fungicida-sistemico\\\/#primaryimage\",\"url\":\"https:\\\/\\\/summit-agro.com\\\/ar\\\/es\\\/wp-content\\\/uploads\\\/2021\\\/06\\\/Topsin.png\",\"contentUrl\":\"https:\\\/\\\/summit-agro.com\\\/ar\\\/es\\\/wp-content\\\/uploads\\\/2021\\\/06\\\/Topsin.png\",\"width\":1000,\"height\":1000,\"caption\":\"Logo de TOPSIN TOP. Fungicida sist\u00e9mico.\"},{\"@type\":\"BreadcrumbList\",\"@id\":\"https:\\\/\\\/summit-agro.com\\\/ar\\\/es\\\/producto\\\/topsin-top-fungicida-sistemico\\\/#breadcrumb\",\"itemListElement\":[{\"@type\":\"ListItem\",\"position\":1,\"name\":\"Portada\",\"item\":\"https:\\\/\\\/summit-agro.com\\\/ar\\\/es\\\/\"},{\"@type\":\"ListItem\",\"position\":2,\"name\":\"Soluciones\",\"item\":\"https:\\\/\\\/summit-agro.com\\\/ar\\\/es\\\/productos\\\/\"},{\"@type\":\"ListItem\",\"position\":3,\"name\":\"TOPSIN TOP\"}]},{\"@type\":\"WebSite\",\"@id\":\"https:\\\/\\\/summit-agro.com\\\/ar\\\/es\\\/#website\",\"url\":\"https:\\\/\\\/summit-agro.com\\\/ar\\\/es\\\/\",\"name\":\"Summit Agro - Argentina\",\"description\":\"\",\"publisher\":{\"@id\":\"https:\\\/\\\/summit-agro.com\\\/ar\\\/es\\\/#organization\"},\"potentialAction\":[{\"@type\":\"SearchAction\",\"target\":{\"@type\":\"EntryPoint\",\"urlTemplate\":\"https:\\\/\\\/summit-agro.com\\\/ar\\\/es\\\/?s={search_term_string}\"},\"query-input\":{\"@type\":\"PropertyValueSpecification\",\"valueRequired\":true,\"valueName\":\"search_term_string\"}}],\"inLanguage\":\"es-AR\"},{\"@type\":\"Organization\",\"@id\":\"https:\\\/\\\/summit-agro.com\\\/ar\\\/es\\\/#organization\",\"name\":\"Summit Agro - Argentina\",\"url\":\"https:\\\/\\\/summit-agro.com\\\/ar\\\/es\\\/\",\"logo\":{\"@type\":\"ImageObject\",\"inLanguage\":\"es-AR\",\"@id\":\"https:\\\/\\\/summit-agro.com\\\/ar\\\/es\\\/#\\\/schema\\\/logo\\\/image\\\/\",\"url\":\"https:\\\/\\\/summit-agro.com\\\/ar\\\/es\\\/wp-content\\\/uploads\\\/2021\\\/12\\\/summitlogo.png\",\"contentUrl\":\"https:\\\/\\\/summit-agro.com\\\/ar\\\/es\\\/wp-content\\\/uploads\\\/2021\\\/12\\\/summitlogo.png\",\"width\":192,\"height\":76,\"caption\":\"Summit Agro - Argentina\"},\"image\":{\"@id\":\"https:\\\/\\\/summit-agro.com\\\/ar\\\/es\\\/#\\\/schema\\\/logo\\\/image\\\/\"}}]}<\/script>\n<!-- \/ Yoast SEO plugin. -->","yoast_head_json":{"title":"TOPSIN TOP - FUNGICIDA SIST\u00c9MICO","description":"TOPSIN TOP - Fungicida sist\u00e9mico: Con triple acci\u00f3n para soja y poroto, destaca por su micronizaci\u00f3n que mejora la distribuci\u00f3n, absorci\u00f3n y persistencia.","robots":{"index":"index","follow":"follow","max-snippet":"max-snippet:-1","max-image-preview":"max-image-preview:large","max-video-preview":"max-video-preview:-1"},"canonical":"https:\/\/summit-agro.com\/ar\/es\/producto\/topsin-top-fungicida-sistemico\/","og_locale":"es_ES","og_type":"article","og_title":"TOPSIN TOP - FUNGICIDA SIST\u00c9MICO","og_description":"TOPSIN TOP - Fungicida sist\u00e9mico: Con triple acci\u00f3n para soja y poroto, destaca por su micronizaci\u00f3n que mejora la distribuci\u00f3n, absorci\u00f3n y persistencia.","og_url":"https:\/\/summit-agro.com\/ar\/es\/producto\/topsin-top-fungicida-sistemico\/","og_site_name":"Summit Agro - Argentina","article_modified_time":"2024-10-22T18:08:08+00:00","og_image":[{"width":1000,"height":1000,"url":"https:\/\/summit-agro.com\/ar\/es\/wp-content\/uploads\/2021\/06\/Topsin.png","type":"image\/png"}],"twitter_card":"summary_large_image","twitter_misc":{"Tiempo de lectura":"1 minuto"},"schema":{"@context":"https:\/\/schema.org","@graph":[{"@type":"WebPage","@id":"https:\/\/summit-agro.com\/ar\/es\/producto\/topsin-top-fungicida-sistemico\/","url":"https:\/\/summit-agro.com\/ar\/es\/producto\/topsin-top-fungicida-sistemico\/","name":"TOPSIN TOP - FUNGICIDA SIST\u00c9MICO","isPartOf":{"@id":"https:\/\/summit-agro.com\/ar\/es\/#website"},"primaryImageOfPage":{"@id":"https:\/\/summit-agro.com\/ar\/es\/producto\/topsin-top-fungicida-sistemico\/#primaryimage"},"image":{"@id":"https:\/\/summit-agro.com\/ar\/es\/producto\/topsin-top-fungicida-sistemico\/#primaryimage"},"thumbnailUrl":"https:\/\/summit-agro.com\/ar\/es\/wp-content\/uploads\/2021\/06\/Topsin.png","datePublished":"2021-06-03T12:24:06+00:00","dateModified":"2024-10-22T18:08:08+00:00","description":"TOPSIN TOP - Fungicida sist\u00e9mico: Con triple acci\u00f3n para soja y poroto, destaca por su micronizaci\u00f3n que mejora la distribuci\u00f3n, absorci\u00f3n y persistencia.","breadcrumb":{"@id":"https:\/\/summit-agro.com\/ar\/es\/producto\/topsin-top-fungicida-sistemico\/#breadcrumb"},"inLanguage":"es-AR","potentialAction":[{"@type":"ReadAction","target":["https:\/\/summit-agro.com\/ar\/es\/producto\/topsin-top-fungicida-sistemico\/"]}]},{"@type":"ImageObject","inLanguage":"es-AR","@id":"https:\/\/summit-agro.com\/ar\/es\/producto\/topsin-top-fungicida-sistemico\/#primaryimage","url":"https:\/\/summit-agro.com\/ar\/es\/wp-content\/uploads\/2021\/06\/Topsin.png","contentUrl":"https:\/\/summit-agro.com\/ar\/es\/wp-content\/uploads\/2021\/06\/Topsin.png","width":1000,"height":1000,"caption":"Logo de TOPSIN TOP. Fungicida sist\u00e9mico."},{"@type":"BreadcrumbList","@id":"https:\/\/summit-agro.com\/ar\/es\/producto\/topsin-top-fungicida-sistemico\/#breadcrumb","itemListElement":[{"@type":"ListItem","position":1,"name":"Portada","item":"https:\/\/summit-agro.com\/ar\/es\/"},{"@type":"ListItem","position":2,"name":"Soluciones","item":"https:\/\/summit-agro.com\/ar\/es\/productos\/"},{"@type":"ListItem","position":3,"name":"TOPSIN TOP"}]},{"@type":"WebSite","@id":"https:\/\/summit-agro.com\/ar\/es\/#website","url":"https:\/\/summit-agro.com\/ar\/es\/","name":"Summit Agro - Argentina","description":"","publisher":{"@id":"https:\/\/summit-agro.com\/ar\/es\/#organization"},"potentialAction":[{"@type":"SearchAction","target":{"@type":"EntryPoint","urlTemplate":"https:\/\/summit-agro.com\/ar\/es\/?s={search_term_string}"},"query-input":{"@type":"PropertyValueSpecification","valueRequired":true,"valueName":"search_term_string"}}],"inLanguage":"es-AR"},{"@type":"Organization","@id":"https:\/\/summit-agro.com\/ar\/es\/#organization","name":"Summit Agro - Argentina","url":"https:\/\/summit-agro.com\/ar\/es\/","logo":{"@type":"ImageObject","inLanguage":"es-AR","@id":"https:\/\/summit-agro.com\/ar\/es\/#\/schema\/logo\/image\/","url":"https:\/\/summit-agro.com\/ar\/es\/wp-content\/uploads\/2021\/12\/summitlogo.png","contentUrl":"https:\/\/summit-agro.com\/ar\/es\/wp-content\/uploads\/2021\/12\/summitlogo.png","width":192,"height":76,"caption":"Summit Agro - Argentina"},"image":{"@id":"https:\/\/summit-agro.com\/ar\/es\/#\/schema\/logo\/image\/"}}]}},"_links":{"self":[{"href":"https:\/\/summit-agro.com\/ar\/es\/wp-json\/wp\/v2\/product\/2157","targetHints":{"allow":["GET"]}}],"collection":[{"href":"https:\/\/summit-agro.com\/ar\/es\/wp-json\/wp\/v2\/product"}],"about":[{"href":"https:\/\/summit-agro.com\/ar\/es\/wp-json\/wp\/v2\/types\/product"}],"wp:featuredmedia":[{"embeddable":true,"href":"https:\/\/summit-agro.com\/ar\/es\/wp-json\/wp\/v2\/media\/4352"}],"wp:attachment":[{"href":"https:\/\/summit-agro.com\/ar\/es\/wp-json\/wp\/v2\/media?parent=2157"}],"wp:term":[{"taxonomy":"product_brand","embeddable":true,"href":"https:\/\/summit-agro.com\/ar\/es\/wp-json\/wp\/v2\/product_brand?post=2157"},{"taxonomy":"product_cat","embeddable":true,"href":"https:\/\/summit-agro.com\/ar\/es\/wp-json\/wp\/v2\/product_cat?post=2157"},{"taxonomy":"product_tag","embeddable":true,"href":"https:\/\/summit-agro.com\/ar\/es\/wp-json\/wp\/v2\/product_tag?post=2157"}],"curies":[{"name":"wp","href":"https:\/\/api.w.org\/{rel}","templated":true}]}}