{"id":2137,"date":"2021-06-02T14:36:36","date_gmt":"2021-06-02T17:36:36","guid":{"rendered":"https:\/\/summit-agro.com\/ar\/es\/?post_type=product&#038;p=2137"},"modified":"2025-08-22T13:22:34","modified_gmt":"2025-08-22T16:22:34","slug":"amicor-insecticida","status":"publish","type":"product","link":"https:\/\/summit-agro.com\/ar\/es\/producto\/amicor-insecticida\/","title":{"rendered":"AMICOR<div class=\"begreen\"><\/div>"},"content":{"rendered":"<p style=\"text-align: justify;\"><strong>AMICOR<\/strong> es un insecticida especializado en el control de plagas como la &#8220;Isoca medidora&#8221;, &#8220;<em>Anticarsia<\/em>&#8220;, &#8220;Bolillera&#8221;, &#8220;<em>Spodoptera<\/em>&#8221; y &#8220;Falsa medidora&#8221; en cultivos de soja, as\u00ed como el &#8220;Gusano cogollero&#8221; en cultivos de ma\u00edz. Ofrece control efectivo sobre todos los estadios larvales de estas plagas, manteniendo el equilibrio con la fauna ben\u00e9fica. Se destaca por su m\u00e1xima persistencia de control, asegurando una protecci\u00f3n duradera de los cultivos.<\/p>\n<ul>\n<li><strong>Acci\u00f3n<\/strong>: Ingesti\u00f3n y contacto<\/li>\n<li><strong>Formulaci\u00f3n<\/strong>: Suspensi\u00f3n Concentrada (SC)<\/li>\n<li><strong>Cultivo<\/strong>: Soja y ma\u00edz<\/li>\n<li><strong>Dosis<\/strong>: Variable seg\u00fan cultivo y plaga<\/li>\n<li><strong>Presentaci\u00f3n<\/strong>: Caja de 6 L (6 botellas de 1 L c\/u)<\/li>\n<li><strong style=\"font-size: 16px; text-align: center;\"><span style=\"color: #339966;\">Banda toxicol\u00f3gica verde<\/span><\/strong><\/li>\n<\/ul>\n<hr \/>\n<p style=\"text-align: justify;\"><strong><a href=\"https:\/\/summit-agro.com\/ar\/es\/wp-content\/uploads\/2024\/07\/Cropshield-Logo-Web.png\"><img decoding=\"async\" class=\"wp-image-5655 size-thumbnail alignleft\" src=\"https:\/\/summit-agro.com\/ar\/es\/wp-content\/uploads\/2024\/07\/Cropshield-Logo-Web-150x150.png\" alt=\"\" width=\"150\" height=\"150\" srcset=\"https:\/\/summit-agro.com\/ar\/es\/wp-content\/uploads\/2024\/07\/Cropshield-Logo-Web-150x150.png 150w, https:\/\/summit-agro.com\/ar\/es\/wp-content\/uploads\/2024\/07\/Cropshield-Logo-Web-300x300.png 300w, https:\/\/summit-agro.com\/ar\/es\/wp-content\/uploads\/2024\/07\/Cropshield-Logo-Web-768x768.png 768w, https:\/\/summit-agro.com\/ar\/es\/wp-content\/uploads\/2024\/07\/Cropshield-Logo-Web-600x600.png 600w, https:\/\/summit-agro.com\/ar\/es\/wp-content\/uploads\/2024\/07\/Cropshield-Logo-Web-100x100.png 100w, https:\/\/summit-agro.com\/ar\/es\/wp-content\/uploads\/2024\/07\/Cropshield-Logo-Web.png 1000w\" sizes=\"(max-width: 150px) 100vw, 150px\" \/><\/a>CROP SHIELD<\/strong> combina la tecnolog\u00eda de <a href=\"https:\/\/summit-agro.com\/ar\/es\/producto\/starkle\/\">STARKLE<\/a> (Dinotefuran) y <strong>AMICOR<\/strong> (Rynaxypyr), ofreciendo un control superior de chinches, orugas y trips en cultivos de soja. Este concepto de uso permite anticipar aplicaciones en etapas m\u00e1s tempranas del cultivo (R3-R5), cuando las poblaciones de plagas son bajas, minimizando as\u00ed el da\u00f1o acumulado y maximizando la eficacia del control.<\/p>\n<p style=\"text-align: justify;\"><strong>CROP SHIELD<\/strong> protege el cultivo en su etapa m\u00e1s susceptible, proporcionando volteo r\u00e1pido y una persistencia de control prolongada. Est\u00e1 dise\u00f1ado para maximizar el rendimiento de manera sostenible.<\/p>\n","protected":false},"excerpt":{"rendered":"<hr \/>\n<p style=\"line-height: 2;\"><strong>INGREDIENTE ACTIVO:<\/strong> Rynaxypyr 20% SC<br \/>\n<strong>CLASIFICACI\u00d3N DEL GRUPO DE FAMILIA:<\/strong> Grupo 28 (IRAC)<br \/>\n<strong>MODO DE ACCI\u00d3N:<\/strong> Modulador de los receptores de Rianodina<br \/>\n<strong>CLASIFICACI\u00d3N TOXICOL\u00d3GICA: <\/strong><span style=\"color: #339966;\">Clase IV<\/span><\/p>\n<hr \/>\n","protected":false},"featured_media":3793,"template":"","meta":{"site-sidebar-layout":"default","site-content-layout":"default","ast-site-content-layout":"default","site-content-style":"default","site-sidebar-style":"default","ast-global-header-display":"","ast-banner-title-visibility":"","ast-main-header-display":"","ast-hfb-above-header-display":"","ast-hfb-below-header-display":"","ast-hfb-mobile-header-display":"","site-post-title":"","ast-breadcrumbs-content":"","ast-featured-img":"","footer-sml-layout":"","ast-disable-related-posts":"","theme-transparent-header-meta":"default","adv-header-id-meta":"","stick-header-meta":"","header-above-stick-meta":"","header-main-stick-meta":"","header-below-stick-meta":"","astra-migrate-meta-layouts":"set","ast-page-background-enabled":"default","ast-page-background-meta":{"desktop":{"background-color":"var(--ast-global-color-4)","background-image":"","background-repeat":"repeat","background-position":"center center","background-size":"auto","background-attachment":"scroll","background-type":"","background-media":"","overlay-type":"","overlay-color":"","overlay-opacity":"","overlay-gradient":""},"tablet":{"background-color":"","background-image":"","background-repeat":"repeat","background-position":"center center","background-size":"auto","background-attachment":"scroll","background-type":"","background-media":"","overlay-type":"","overlay-color":"","overlay-opacity":"","overlay-gradient":""},"mobile":{"background-color":"","background-image":"","background-repeat":"repeat","background-position":"center center","background-size":"auto","background-attachment":"scroll","background-type":"","background-media":"","overlay-type":"","overlay-color":"","overlay-opacity":"","overlay-gradient":""}},"ast-content-background-meta":{"desktop":{"background-color":"var(--ast-global-color-5)","background-image":"","background-repeat":"repeat","background-position":"center center","background-size":"auto","background-attachment":"scroll","background-type":"","background-media":"","overlay-type":"","overlay-color":"","overlay-opacity":"","overlay-gradient":""},"tablet":{"background-color":"var(--ast-global-color-5)","background-image":"","background-repeat":"repeat","background-position":"center center","background-size":"auto","background-attachment":"scroll","background-type":"","background-media":"","overlay-type":"","overlay-color":"","overlay-opacity":"","overlay-gradient":""},"mobile":{"background-color":"var(--ast-global-color-5)","background-image":"","background-repeat":"repeat","background-position":"center center","background-size":"auto","background-attachment":"scroll","background-type":"","background-media":"","overlay-type":"","overlay-color":"","overlay-opacity":"","overlay-gradient":""}}},"product_brand":[],"product_cat":[21],"product_tag":[],"class_list":{"0":"post-2137","1":"product","2":"type-product","3":"status-publish","4":"has-post-thumbnail","6":"product_cat-insecticidas","7":"cultivo-maiz","8":"cultivo-soja","9":"problematica-anticarsia-gemmatalis","10":"problematica-chrysodeixis-includens","11":"problematica-diatraea-saccharalis","12":"problematica-helicoverpa-gelotopoeon","13":"problematica-rachiplusia-nu","14":"problematica-spodoptera-cosmioides","15":"problematica-spodoptera-eridania","16":"problematica-spodoptera-frugiperda","17":"desktop-align-left","18":"tablet-align-left","19":"mobile-align-left","21":"first","22":"instock","23":"shipping-taxable","24":"purchasable","25":"product-type-simple"},"yoast_head":"<!-- This site is optimized with the Yoast SEO plugin v27.5 - https:\/\/yoast.com\/product\/yoast-seo-wordpress\/ -->\n<title>AMICOR - INSECTICIDA<\/title>\n<meta name=\"description\" content=\"AMICOR - Insecticida: Especializado en el control de Isoca medidora, Anticarsia, Bolillera, Spodoptera y Falsa medidora en soja y, Gusano cogollero en ma\u00edz.\" \/>\n<meta name=\"robots\" content=\"index, follow, max-snippet:-1, max-image-preview:large, max-video-preview:-1\" \/>\n<link rel=\"canonical\" href=\"https:\/\/summit-agro.com\/ar\/es\/producto\/amicor-insecticida\/\" \/>\n<meta property=\"og:locale\" content=\"es_ES\" \/>\n<meta property=\"og:type\" content=\"article\" \/>\n<meta property=\"og:title\" content=\"AMICOR - INSECTICIDA\" \/>\n<meta property=\"og:description\" content=\"AMICOR - Insecticida: Especializado en el control de Isoca medidora, Anticarsia, Bolillera, Spodoptera y Falsa medidora en soja y, Gusano cogollero en ma\u00edz.\" \/>\n<meta property=\"og:url\" content=\"https:\/\/summit-agro.com\/ar\/es\/producto\/amicor-insecticida\/\" \/>\n<meta property=\"og:site_name\" content=\"Summit Agro - Argentina\" \/>\n<meta property=\"article:modified_time\" content=\"2025-08-22T16:22:34+00:00\" \/>\n<meta property=\"og:image\" content=\"https:\/\/summit-agro.com\/ar\/es\/wp-content\/uploads\/2021\/06\/Amicor_logo.png\" \/>\n\t<meta property=\"og:image:width\" content=\"500\" \/>\n\t<meta property=\"og:image:height\" content=\"500\" \/>\n\t<meta property=\"og:image:type\" content=\"image\/png\" \/>\n<meta name=\"twitter:card\" content=\"summary_large_image\" \/>\n<meta name=\"twitter:label1\" content=\"Tiempo de lectura\" \/>\n\t<meta name=\"twitter:data1\" content=\"2 minutos\" \/>\n<script type=\"application\/ld+json\" class=\"yoast-schema-graph\">{\"@context\":\"https:\\\/\\\/schema.org\",\"@graph\":[{\"@type\":\"WebPage\",\"@id\":\"https:\\\/\\\/summit-agro.com\\\/ar\\\/es\\\/producto\\\/amicor-insecticida\\\/\",\"url\":\"https:\\\/\\\/summit-agro.com\\\/ar\\\/es\\\/producto\\\/amicor-insecticida\\\/\",\"name\":\"AMICOR - INSECTICIDA\",\"isPartOf\":{\"@id\":\"https:\\\/\\\/summit-agro.com\\\/ar\\\/es\\\/#website\"},\"primaryImageOfPage\":{\"@id\":\"https:\\\/\\\/summit-agro.com\\\/ar\\\/es\\\/producto\\\/amicor-insecticida\\\/#primaryimage\"},\"image\":{\"@id\":\"https:\\\/\\\/summit-agro.com\\\/ar\\\/es\\\/producto\\\/amicor-insecticida\\\/#primaryimage\"},\"thumbnailUrl\":\"https:\\\/\\\/summit-agro.com\\\/ar\\\/es\\\/wp-content\\\/uploads\\\/2021\\\/06\\\/Amicor_logo.png\",\"datePublished\":\"2021-06-02T17:36:36+00:00\",\"dateModified\":\"2025-08-22T16:22:34+00:00\",\"description\":\"AMICOR - Insecticida: Especializado en el control de Isoca medidora, Anticarsia, Bolillera, Spodoptera y Falsa medidora en soja y, Gusano cogollero en ma\u00edz.\",\"breadcrumb\":{\"@id\":\"https:\\\/\\\/summit-agro.com\\\/ar\\\/es\\\/producto\\\/amicor-insecticida\\\/#breadcrumb\"},\"inLanguage\":\"es-AR\",\"potentialAction\":[{\"@type\":\"ReadAction\",\"target\":[\"https:\\\/\\\/summit-agro.com\\\/ar\\\/es\\\/producto\\\/amicor-insecticida\\\/\"]}]},{\"@type\":\"ImageObject\",\"inLanguage\":\"es-AR\",\"@id\":\"https:\\\/\\\/summit-agro.com\\\/ar\\\/es\\\/producto\\\/amicor-insecticida\\\/#primaryimage\",\"url\":\"https:\\\/\\\/summit-agro.com\\\/ar\\\/es\\\/wp-content\\\/uploads\\\/2021\\\/06\\\/Amicor_logo.png\",\"contentUrl\":\"https:\\\/\\\/summit-agro.com\\\/ar\\\/es\\\/wp-content\\\/uploads\\\/2021\\\/06\\\/Amicor_logo.png\",\"width\":500,\"height\":500,\"caption\":\"Logo de Amicor. Insecticida.\"},{\"@type\":\"BreadcrumbList\",\"@id\":\"https:\\\/\\\/summit-agro.com\\\/ar\\\/es\\\/producto\\\/amicor-insecticida\\\/#breadcrumb\",\"itemListElement\":[{\"@type\":\"ListItem\",\"position\":1,\"name\":\"Portada\",\"item\":\"https:\\\/\\\/summit-agro.com\\\/ar\\\/es\\\/\"},{\"@type\":\"ListItem\",\"position\":2,\"name\":\"Soluciones\",\"item\":\"https:\\\/\\\/summit-agro.com\\\/ar\\\/es\\\/productos\\\/\"},{\"@type\":\"ListItem\",\"position\":3,\"name\":\"AMICOR\"}]},{\"@type\":\"WebSite\",\"@id\":\"https:\\\/\\\/summit-agro.com\\\/ar\\\/es\\\/#website\",\"url\":\"https:\\\/\\\/summit-agro.com\\\/ar\\\/es\\\/\",\"name\":\"Summit Agro - Argentina\",\"description\":\"\",\"publisher\":{\"@id\":\"https:\\\/\\\/summit-agro.com\\\/ar\\\/es\\\/#organization\"},\"potentialAction\":[{\"@type\":\"SearchAction\",\"target\":{\"@type\":\"EntryPoint\",\"urlTemplate\":\"https:\\\/\\\/summit-agro.com\\\/ar\\\/es\\\/?s={search_term_string}\"},\"query-input\":{\"@type\":\"PropertyValueSpecification\",\"valueRequired\":true,\"valueName\":\"search_term_string\"}}],\"inLanguage\":\"es-AR\"},{\"@type\":\"Organization\",\"@id\":\"https:\\\/\\\/summit-agro.com\\\/ar\\\/es\\\/#organization\",\"name\":\"Summit Agro - Argentina\",\"url\":\"https:\\\/\\\/summit-agro.com\\\/ar\\\/es\\\/\",\"logo\":{\"@type\":\"ImageObject\",\"inLanguage\":\"es-AR\",\"@id\":\"https:\\\/\\\/summit-agro.com\\\/ar\\\/es\\\/#\\\/schema\\\/logo\\\/image\\\/\",\"url\":\"https:\\\/\\\/summit-agro.com\\\/ar\\\/es\\\/wp-content\\\/uploads\\\/2021\\\/12\\\/summitlogo.png\",\"contentUrl\":\"https:\\\/\\\/summit-agro.com\\\/ar\\\/es\\\/wp-content\\\/uploads\\\/2021\\\/12\\\/summitlogo.png\",\"width\":192,\"height\":76,\"caption\":\"Summit Agro - Argentina\"},\"image\":{\"@id\":\"https:\\\/\\\/summit-agro.com\\\/ar\\\/es\\\/#\\\/schema\\\/logo\\\/image\\\/\"}}]}<\/script>\n<!-- \/ Yoast SEO plugin. -->","yoast_head_json":{"title":"AMICOR - INSECTICIDA","description":"AMICOR - Insecticida: Especializado en el control de Isoca medidora, Anticarsia, Bolillera, Spodoptera y Falsa medidora en soja y, Gusano cogollero en ma\u00edz.","robots":{"index":"index","follow":"follow","max-snippet":"max-snippet:-1","max-image-preview":"max-image-preview:large","max-video-preview":"max-video-preview:-1"},"canonical":"https:\/\/summit-agro.com\/ar\/es\/producto\/amicor-insecticida\/","og_locale":"es_ES","og_type":"article","og_title":"AMICOR - INSECTICIDA","og_description":"AMICOR - Insecticida: Especializado en el control de Isoca medidora, Anticarsia, Bolillera, Spodoptera y Falsa medidora en soja y, Gusano cogollero en ma\u00edz.","og_url":"https:\/\/summit-agro.com\/ar\/es\/producto\/amicor-insecticida\/","og_site_name":"Summit Agro - Argentina","article_modified_time":"2025-08-22T16:22:34+00:00","og_image":[{"width":500,"height":500,"url":"https:\/\/summit-agro.com\/ar\/es\/wp-content\/uploads\/2021\/06\/Amicor_logo.png","type":"image\/png"}],"twitter_card":"summary_large_image","twitter_misc":{"Tiempo de lectura":"2 minutos"},"schema":{"@context":"https:\/\/schema.org","@graph":[{"@type":"WebPage","@id":"https:\/\/summit-agro.com\/ar\/es\/producto\/amicor-insecticida\/","url":"https:\/\/summit-agro.com\/ar\/es\/producto\/amicor-insecticida\/","name":"AMICOR - INSECTICIDA","isPartOf":{"@id":"https:\/\/summit-agro.com\/ar\/es\/#website"},"primaryImageOfPage":{"@id":"https:\/\/summit-agro.com\/ar\/es\/producto\/amicor-insecticida\/#primaryimage"},"image":{"@id":"https:\/\/summit-agro.com\/ar\/es\/producto\/amicor-insecticida\/#primaryimage"},"thumbnailUrl":"https:\/\/summit-agro.com\/ar\/es\/wp-content\/uploads\/2021\/06\/Amicor_logo.png","datePublished":"2021-06-02T17:36:36+00:00","dateModified":"2025-08-22T16:22:34+00:00","description":"AMICOR - Insecticida: Especializado en el control de Isoca medidora, Anticarsia, Bolillera, Spodoptera y Falsa medidora en soja y, Gusano cogollero en ma\u00edz.","breadcrumb":{"@id":"https:\/\/summit-agro.com\/ar\/es\/producto\/amicor-insecticida\/#breadcrumb"},"inLanguage":"es-AR","potentialAction":[{"@type":"ReadAction","target":["https:\/\/summit-agro.com\/ar\/es\/producto\/amicor-insecticida\/"]}]},{"@type":"ImageObject","inLanguage":"es-AR","@id":"https:\/\/summit-agro.com\/ar\/es\/producto\/amicor-insecticida\/#primaryimage","url":"https:\/\/summit-agro.com\/ar\/es\/wp-content\/uploads\/2021\/06\/Amicor_logo.png","contentUrl":"https:\/\/summit-agro.com\/ar\/es\/wp-content\/uploads\/2021\/06\/Amicor_logo.png","width":500,"height":500,"caption":"Logo de Amicor. Insecticida."},{"@type":"BreadcrumbList","@id":"https:\/\/summit-agro.com\/ar\/es\/producto\/amicor-insecticida\/#breadcrumb","itemListElement":[{"@type":"ListItem","position":1,"name":"Portada","item":"https:\/\/summit-agro.com\/ar\/es\/"},{"@type":"ListItem","position":2,"name":"Soluciones","item":"https:\/\/summit-agro.com\/ar\/es\/productos\/"},{"@type":"ListItem","position":3,"name":"AMICOR"}]},{"@type":"WebSite","@id":"https:\/\/summit-agro.com\/ar\/es\/#website","url":"https:\/\/summit-agro.com\/ar\/es\/","name":"Summit Agro - Argentina","description":"","publisher":{"@id":"https:\/\/summit-agro.com\/ar\/es\/#organization"},"potentialAction":[{"@type":"SearchAction","target":{"@type":"EntryPoint","urlTemplate":"https:\/\/summit-agro.com\/ar\/es\/?s={search_term_string}"},"query-input":{"@type":"PropertyValueSpecification","valueRequired":true,"valueName":"search_term_string"}}],"inLanguage":"es-AR"},{"@type":"Organization","@id":"https:\/\/summit-agro.com\/ar\/es\/#organization","name":"Summit Agro - Argentina","url":"https:\/\/summit-agro.com\/ar\/es\/","logo":{"@type":"ImageObject","inLanguage":"es-AR","@id":"https:\/\/summit-agro.com\/ar\/es\/#\/schema\/logo\/image\/","url":"https:\/\/summit-agro.com\/ar\/es\/wp-content\/uploads\/2021\/12\/summitlogo.png","contentUrl":"https:\/\/summit-agro.com\/ar\/es\/wp-content\/uploads\/2021\/12\/summitlogo.png","width":192,"height":76,"caption":"Summit Agro - Argentina"},"image":{"@id":"https:\/\/summit-agro.com\/ar\/es\/#\/schema\/logo\/image\/"}}]}},"_links":{"self":[{"href":"https:\/\/summit-agro.com\/ar\/es\/wp-json\/wp\/v2\/product\/2137","targetHints":{"allow":["GET"]}}],"collection":[{"href":"https:\/\/summit-agro.com\/ar\/es\/wp-json\/wp\/v2\/product"}],"about":[{"href":"https:\/\/summit-agro.com\/ar\/es\/wp-json\/wp\/v2\/types\/product"}],"wp:featuredmedia":[{"embeddable":true,"href":"https:\/\/summit-agro.com\/ar\/es\/wp-json\/wp\/v2\/media\/3793"}],"wp:attachment":[{"href":"https:\/\/summit-agro.com\/ar\/es\/wp-json\/wp\/v2\/media?parent=2137"}],"wp:term":[{"taxonomy":"product_brand","embeddable":true,"href":"https:\/\/summit-agro.com\/ar\/es\/wp-json\/wp\/v2\/product_brand?post=2137"},{"taxonomy":"product_cat","embeddable":true,"href":"https:\/\/summit-agro.com\/ar\/es\/wp-json\/wp\/v2\/product_cat?post=2137"},{"taxonomy":"product_tag","embeddable":true,"href":"https:\/\/summit-agro.com\/ar\/es\/wp-json\/wp\/v2\/product_tag?post=2137"}],"curies":[{"name":"wp","href":"https:\/\/api.w.org\/{rel}","templated":true}]}}