{"id":2092,"date":"2021-06-02T11:39:11","date_gmt":"2021-06-02T14:39:11","guid":{"rendered":"https:\/\/summit-agro.com\/ar\/es\/?post_type=product&#038;p=2092"},"modified":"2025-12-05T11:45:32","modified_gmt":"2025-12-05T14:45:32","slug":"tenchu-insecticida","status":"publish","type":"product","link":"https:\/\/summit-agro.com\/ar\/es\/producto\/tenchu-insecticida\/","title":{"rendered":"TENCHU"},"content":{"rendered":"<p style=\"text-align: justify;\"><strong>TENCHU<\/strong> es un insecticida dise\u00f1ado espec\u00edficamente para el cultivo de tomate, caracterizado por su alta solubilidad en agua y acci\u00f3n sist\u00e9mica y translaminar. Esta formulaci\u00f3n permite una protecci\u00f3n integral del cultivo al penetrar eficazmente en los tejidos de la planta. Act\u00faa sobre el sistema nervioso central de las plagas, ofreciendo un r\u00e1pido volteo y un efecto residual prolongado. Una de sus principales ventajas es su bajo tiempo de carencia, que es de solo 1 d\u00eda.<\/p>\n<ul>\n<li><strong>Acci\u00f3n<\/strong>: Ingesti\u00f3n y contacto<\/li>\n<li><strong>Formulaci\u00f3n<\/strong>: Granulado Soluble (SG)<\/li>\n<li><strong>Cultivo<\/strong>: Tomate y soja<\/li>\n<li><strong>Dosis<\/strong>: Variable seg\u00fan cultivo y plaga<\/li>\n<li><strong>Presentaci\u00f3n<\/strong>: <span data-olk-copy-source=\"MessageBody\">Caja 1 kg (5 sobre de 200 g c\/u)<\/span><\/li>\n<li><strong style=\"font-size: 16px; text-align: center;\"><span style=\"color: #339966;\">Banda toxicol\u00f3gica verde<\/span><\/strong><\/li>\n<\/ul>\n","protected":false},"excerpt":{"rendered":"<hr \/>\n<p style=\"line-height: 2;\"><strong>INGREDIENTE ACTIVO:<\/strong> Dinotefuran 20% SG<br \/>\n<strong>CLASIFICACI\u00d3N DEL GRUPO DE FAMILIA:<\/strong> Grupo 4 (IRAC)<br \/>\n<strong>MODO DE ACCI\u00d3N:<\/strong> Modulador competitivo de receptores de acetilcolina nicot\u00ednicos<br \/>\n<strong>CLASIFICACI\u00d3N TOXICOL\u00d3GICA:<\/strong> <span style=\"color: #339966;\">Clase IV<\/span><\/p>\n<hr \/>\n<div class=\"begreen\"><\/div>\n","protected":false},"featured_media":3801,"template":"","meta":{"site-sidebar-layout":"default","site-content-layout":"default","ast-site-content-layout":"default","site-content-style":"default","site-sidebar-style":"default","ast-global-header-display":"","ast-banner-title-visibility":"","ast-main-header-display":"","ast-hfb-above-header-display":"","ast-hfb-below-header-display":"","ast-hfb-mobile-header-display":"","site-post-title":"","ast-breadcrumbs-content":"","ast-featured-img":"","footer-sml-layout":"","ast-disable-related-posts":"","theme-transparent-header-meta":"default","adv-header-id-meta":"","stick-header-meta":"","header-above-stick-meta":"","header-main-stick-meta":"","header-below-stick-meta":"","astra-migrate-meta-layouts":"set","ast-page-background-enabled":"default","ast-page-background-meta":{"desktop":{"background-color":"var(--ast-global-color-4)","background-image":"","background-repeat":"repeat","background-position":"center center","background-size":"auto","background-attachment":"scroll","background-type":"","background-media":"","overlay-type":"","overlay-color":"","overlay-opacity":"","overlay-gradient":""},"tablet":{"background-color":"","background-image":"","background-repeat":"repeat","background-position":"center center","background-size":"auto","background-attachment":"scroll","background-type":"","background-media":"","overlay-type":"","overlay-color":"","overlay-opacity":"","overlay-gradient":""},"mobile":{"background-color":"","background-image":"","background-repeat":"repeat","background-position":"center center","background-size":"auto","background-attachment":"scroll","background-type":"","background-media":"","overlay-type":"","overlay-color":"","overlay-opacity":"","overlay-gradient":""}},"ast-content-background-meta":{"desktop":{"background-color":"var(--ast-global-color-5)","background-image":"","background-repeat":"repeat","background-position":"center center","background-size":"auto","background-attachment":"scroll","background-type":"","background-media":"","overlay-type":"","overlay-color":"","overlay-opacity":"","overlay-gradient":""},"tablet":{"background-color":"var(--ast-global-color-5)","background-image":"","background-repeat":"repeat","background-position":"center center","background-size":"auto","background-attachment":"scroll","background-type":"","background-media":"","overlay-type":"","overlay-color":"","overlay-opacity":"","overlay-gradient":""},"mobile":{"background-color":"var(--ast-global-color-5)","background-image":"","background-repeat":"repeat","background-position":"center center","background-size":"auto","background-attachment":"scroll","background-type":"","background-media":"","overlay-type":"","overlay-color":"","overlay-opacity":"","overlay-gradient":""}}},"product_brand":[],"product_cat":[21],"product_tag":[],"class_list":{"0":"post-2092","1":"product","2":"type-product","3":"status-publish","4":"has-post-thumbnail","6":"product_cat-insecticidas","7":"cultivo-soja","8":"cultivo-tomate","9":"problematica-bemisia-tabaci","10":"problematica-nezara-viridula","11":"problematica-trialeurodes-vaporariorum","12":"desktop-align-left","13":"tablet-align-left","14":"mobile-align-left","16":"first","17":"instock","18":"shipping-taxable","19":"purchasable","20":"product-type-simple"},"yoast_head":"<!-- This site is optimized with the Yoast SEO plugin v27.3 - https:\/\/yoast.com\/product\/yoast-seo-wordpress\/ -->\n<title>TENCHU - INSECTICIDA<\/title>\n<meta name=\"description\" content=\"TENCHU - Insecticida: Dise\u00f1ado espec\u00edficamente para el cultivo de tomate, caracterizado por su alta solubilidad en agua y acci\u00f3n sist\u00e9mica y translaminar.\" \/>\n<meta name=\"robots\" content=\"index, follow, max-snippet:-1, max-image-preview:large, max-video-preview:-1\" \/>\n<link rel=\"canonical\" href=\"https:\/\/summit-agro.com\/ar\/es\/producto\/tenchu-insecticida\/\" \/>\n<meta property=\"og:locale\" content=\"es_ES\" \/>\n<meta property=\"og:type\" content=\"article\" \/>\n<meta property=\"og:title\" content=\"TENCHU - INSECTICIDA\" \/>\n<meta property=\"og:description\" content=\"TENCHU - Insecticida: Dise\u00f1ado espec\u00edficamente para el cultivo de tomate, caracterizado por su alta solubilidad en agua y acci\u00f3n sist\u00e9mica y translaminar.\" \/>\n<meta property=\"og:url\" content=\"https:\/\/summit-agro.com\/ar\/es\/producto\/tenchu-insecticida\/\" \/>\n<meta property=\"og:site_name\" content=\"Summit Agro - Argentina\" \/>\n<meta property=\"article:modified_time\" content=\"2025-12-05T14:45:32+00:00\" \/>\n<meta property=\"og:image\" content=\"https:\/\/summit-agro.com\/ar\/es\/wp-content\/uploads\/2021\/06\/Tenchu_logo.png\" \/>\n\t<meta property=\"og:image:width\" content=\"500\" \/>\n\t<meta property=\"og:image:height\" content=\"500\" \/>\n\t<meta property=\"og:image:type\" content=\"image\/png\" \/>\n<meta name=\"twitter:card\" content=\"summary_large_image\" \/>\n<meta name=\"twitter:label1\" content=\"Tiempo de lectura\" \/>\n\t<meta name=\"twitter:data1\" content=\"1 minuto\" \/>\n<script type=\"application\/ld+json\" class=\"yoast-schema-graph\">{\"@context\":\"https:\\\/\\\/schema.org\",\"@graph\":[{\"@type\":\"WebPage\",\"@id\":\"https:\\\/\\\/summit-agro.com\\\/ar\\\/es\\\/producto\\\/tenchu-insecticida\\\/\",\"url\":\"https:\\\/\\\/summit-agro.com\\\/ar\\\/es\\\/producto\\\/tenchu-insecticida\\\/\",\"name\":\"TENCHU - INSECTICIDA\",\"isPartOf\":{\"@id\":\"https:\\\/\\\/summit-agro.com\\\/ar\\\/es\\\/#website\"},\"primaryImageOfPage\":{\"@id\":\"https:\\\/\\\/summit-agro.com\\\/ar\\\/es\\\/producto\\\/tenchu-insecticida\\\/#primaryimage\"},\"image\":{\"@id\":\"https:\\\/\\\/summit-agro.com\\\/ar\\\/es\\\/producto\\\/tenchu-insecticida\\\/#primaryimage\"},\"thumbnailUrl\":\"https:\\\/\\\/summit-agro.com\\\/ar\\\/es\\\/wp-content\\\/uploads\\\/2021\\\/06\\\/Tenchu_logo.png\",\"datePublished\":\"2021-06-02T14:39:11+00:00\",\"dateModified\":\"2025-12-05T14:45:32+00:00\",\"description\":\"TENCHU - Insecticida: Dise\u00f1ado espec\u00edficamente para el cultivo de tomate, caracterizado por su alta solubilidad en agua y acci\u00f3n sist\u00e9mica y translaminar.\",\"breadcrumb\":{\"@id\":\"https:\\\/\\\/summit-agro.com\\\/ar\\\/es\\\/producto\\\/tenchu-insecticida\\\/#breadcrumb\"},\"inLanguage\":\"es-AR\",\"potentialAction\":[{\"@type\":\"ReadAction\",\"target\":[\"https:\\\/\\\/summit-agro.com\\\/ar\\\/es\\\/producto\\\/tenchu-insecticida\\\/\"]}]},{\"@type\":\"ImageObject\",\"inLanguage\":\"es-AR\",\"@id\":\"https:\\\/\\\/summit-agro.com\\\/ar\\\/es\\\/producto\\\/tenchu-insecticida\\\/#primaryimage\",\"url\":\"https:\\\/\\\/summit-agro.com\\\/ar\\\/es\\\/wp-content\\\/uploads\\\/2021\\\/06\\\/Tenchu_logo.png\",\"contentUrl\":\"https:\\\/\\\/summit-agro.com\\\/ar\\\/es\\\/wp-content\\\/uploads\\\/2021\\\/06\\\/Tenchu_logo.png\",\"width\":500,\"height\":500,\"caption\":\"Logo de TENCHU. Insecticida.\"},{\"@type\":\"BreadcrumbList\",\"@id\":\"https:\\\/\\\/summit-agro.com\\\/ar\\\/es\\\/producto\\\/tenchu-insecticida\\\/#breadcrumb\",\"itemListElement\":[{\"@type\":\"ListItem\",\"position\":1,\"name\":\"Portada\",\"item\":\"https:\\\/\\\/summit-agro.com\\\/ar\\\/es\\\/\"},{\"@type\":\"ListItem\",\"position\":2,\"name\":\"Soluciones\",\"item\":\"https:\\\/\\\/summit-agro.com\\\/ar\\\/es\\\/productos\\\/\"},{\"@type\":\"ListItem\",\"position\":3,\"name\":\"TENCHU\"}]},{\"@type\":\"WebSite\",\"@id\":\"https:\\\/\\\/summit-agro.com\\\/ar\\\/es\\\/#website\",\"url\":\"https:\\\/\\\/summit-agro.com\\\/ar\\\/es\\\/\",\"name\":\"Summit Agro - Argentina\",\"description\":\"\",\"publisher\":{\"@id\":\"https:\\\/\\\/summit-agro.com\\\/ar\\\/es\\\/#organization\"},\"potentialAction\":[{\"@type\":\"SearchAction\",\"target\":{\"@type\":\"EntryPoint\",\"urlTemplate\":\"https:\\\/\\\/summit-agro.com\\\/ar\\\/es\\\/?s={search_term_string}\"},\"query-input\":{\"@type\":\"PropertyValueSpecification\",\"valueRequired\":true,\"valueName\":\"search_term_string\"}}],\"inLanguage\":\"es-AR\"},{\"@type\":\"Organization\",\"@id\":\"https:\\\/\\\/summit-agro.com\\\/ar\\\/es\\\/#organization\",\"name\":\"Summit Agro - Argentina\",\"url\":\"https:\\\/\\\/summit-agro.com\\\/ar\\\/es\\\/\",\"logo\":{\"@type\":\"ImageObject\",\"inLanguage\":\"es-AR\",\"@id\":\"https:\\\/\\\/summit-agro.com\\\/ar\\\/es\\\/#\\\/schema\\\/logo\\\/image\\\/\",\"url\":\"https:\\\/\\\/summit-agro.com\\\/ar\\\/es\\\/wp-content\\\/uploads\\\/2021\\\/12\\\/summitlogo.png\",\"contentUrl\":\"https:\\\/\\\/summit-agro.com\\\/ar\\\/es\\\/wp-content\\\/uploads\\\/2021\\\/12\\\/summitlogo.png\",\"width\":192,\"height\":76,\"caption\":\"Summit Agro - Argentina\"},\"image\":{\"@id\":\"https:\\\/\\\/summit-agro.com\\\/ar\\\/es\\\/#\\\/schema\\\/logo\\\/image\\\/\"}}]}<\/script>\n<!-- \/ Yoast SEO plugin. -->","yoast_head_json":{"title":"TENCHU - INSECTICIDA","description":"TENCHU - Insecticida: Dise\u00f1ado espec\u00edficamente para el cultivo de tomate, caracterizado por su alta solubilidad en agua y acci\u00f3n sist\u00e9mica y translaminar.","robots":{"index":"index","follow":"follow","max-snippet":"max-snippet:-1","max-image-preview":"max-image-preview:large","max-video-preview":"max-video-preview:-1"},"canonical":"https:\/\/summit-agro.com\/ar\/es\/producto\/tenchu-insecticida\/","og_locale":"es_ES","og_type":"article","og_title":"TENCHU - INSECTICIDA","og_description":"TENCHU - Insecticida: Dise\u00f1ado espec\u00edficamente para el cultivo de tomate, caracterizado por su alta solubilidad en agua y acci\u00f3n sist\u00e9mica y translaminar.","og_url":"https:\/\/summit-agro.com\/ar\/es\/producto\/tenchu-insecticida\/","og_site_name":"Summit Agro - Argentina","article_modified_time":"2025-12-05T14:45:32+00:00","og_image":[{"width":500,"height":500,"url":"https:\/\/summit-agro.com\/ar\/es\/wp-content\/uploads\/2021\/06\/Tenchu_logo.png","type":"image\/png"}],"twitter_card":"summary_large_image","twitter_misc":{"Tiempo de lectura":"1 minuto"},"schema":{"@context":"https:\/\/schema.org","@graph":[{"@type":"WebPage","@id":"https:\/\/summit-agro.com\/ar\/es\/producto\/tenchu-insecticida\/","url":"https:\/\/summit-agro.com\/ar\/es\/producto\/tenchu-insecticida\/","name":"TENCHU - INSECTICIDA","isPartOf":{"@id":"https:\/\/summit-agro.com\/ar\/es\/#website"},"primaryImageOfPage":{"@id":"https:\/\/summit-agro.com\/ar\/es\/producto\/tenchu-insecticida\/#primaryimage"},"image":{"@id":"https:\/\/summit-agro.com\/ar\/es\/producto\/tenchu-insecticida\/#primaryimage"},"thumbnailUrl":"https:\/\/summit-agro.com\/ar\/es\/wp-content\/uploads\/2021\/06\/Tenchu_logo.png","datePublished":"2021-06-02T14:39:11+00:00","dateModified":"2025-12-05T14:45:32+00:00","description":"TENCHU - Insecticida: Dise\u00f1ado espec\u00edficamente para el cultivo de tomate, caracterizado por su alta solubilidad en agua y acci\u00f3n sist\u00e9mica y translaminar.","breadcrumb":{"@id":"https:\/\/summit-agro.com\/ar\/es\/producto\/tenchu-insecticida\/#breadcrumb"},"inLanguage":"es-AR","potentialAction":[{"@type":"ReadAction","target":["https:\/\/summit-agro.com\/ar\/es\/producto\/tenchu-insecticida\/"]}]},{"@type":"ImageObject","inLanguage":"es-AR","@id":"https:\/\/summit-agro.com\/ar\/es\/producto\/tenchu-insecticida\/#primaryimage","url":"https:\/\/summit-agro.com\/ar\/es\/wp-content\/uploads\/2021\/06\/Tenchu_logo.png","contentUrl":"https:\/\/summit-agro.com\/ar\/es\/wp-content\/uploads\/2021\/06\/Tenchu_logo.png","width":500,"height":500,"caption":"Logo de TENCHU. Insecticida."},{"@type":"BreadcrumbList","@id":"https:\/\/summit-agro.com\/ar\/es\/producto\/tenchu-insecticida\/#breadcrumb","itemListElement":[{"@type":"ListItem","position":1,"name":"Portada","item":"https:\/\/summit-agro.com\/ar\/es\/"},{"@type":"ListItem","position":2,"name":"Soluciones","item":"https:\/\/summit-agro.com\/ar\/es\/productos\/"},{"@type":"ListItem","position":3,"name":"TENCHU"}]},{"@type":"WebSite","@id":"https:\/\/summit-agro.com\/ar\/es\/#website","url":"https:\/\/summit-agro.com\/ar\/es\/","name":"Summit Agro - Argentina","description":"","publisher":{"@id":"https:\/\/summit-agro.com\/ar\/es\/#organization"},"potentialAction":[{"@type":"SearchAction","target":{"@type":"EntryPoint","urlTemplate":"https:\/\/summit-agro.com\/ar\/es\/?s={search_term_string}"},"query-input":{"@type":"PropertyValueSpecification","valueRequired":true,"valueName":"search_term_string"}}],"inLanguage":"es-AR"},{"@type":"Organization","@id":"https:\/\/summit-agro.com\/ar\/es\/#organization","name":"Summit Agro - Argentina","url":"https:\/\/summit-agro.com\/ar\/es\/","logo":{"@type":"ImageObject","inLanguage":"es-AR","@id":"https:\/\/summit-agro.com\/ar\/es\/#\/schema\/logo\/image\/","url":"https:\/\/summit-agro.com\/ar\/es\/wp-content\/uploads\/2021\/12\/summitlogo.png","contentUrl":"https:\/\/summit-agro.com\/ar\/es\/wp-content\/uploads\/2021\/12\/summitlogo.png","width":192,"height":76,"caption":"Summit Agro - Argentina"},"image":{"@id":"https:\/\/summit-agro.com\/ar\/es\/#\/schema\/logo\/image\/"}}]}},"_links":{"self":[{"href":"https:\/\/summit-agro.com\/ar\/es\/wp-json\/wp\/v2\/product\/2092","targetHints":{"allow":["GET"]}}],"collection":[{"href":"https:\/\/summit-agro.com\/ar\/es\/wp-json\/wp\/v2\/product"}],"about":[{"href":"https:\/\/summit-agro.com\/ar\/es\/wp-json\/wp\/v2\/types\/product"}],"wp:featuredmedia":[{"embeddable":true,"href":"https:\/\/summit-agro.com\/ar\/es\/wp-json\/wp\/v2\/media\/3801"}],"wp:attachment":[{"href":"https:\/\/summit-agro.com\/ar\/es\/wp-json\/wp\/v2\/media?parent=2092"}],"wp:term":[{"taxonomy":"product_brand","embeddable":true,"href":"https:\/\/summit-agro.com\/ar\/es\/wp-json\/wp\/v2\/product_brand?post=2092"},{"taxonomy":"product_cat","embeddable":true,"href":"https:\/\/summit-agro.com\/ar\/es\/wp-json\/wp\/v2\/product_cat?post=2092"},{"taxonomy":"product_tag","embeddable":true,"href":"https:\/\/summit-agro.com\/ar\/es\/wp-json\/wp\/v2\/product_tag?post=2092"}],"curies":[{"name":"wp","href":"https:\/\/api.w.org\/{rel}","templated":true}]}}