{"id":2073,"date":"2021-06-02T10:43:56","date_gmt":"2021-06-02T13:43:56","guid":{"rendered":"https:\/\/summit-agro.com\/ar\/es\/?post_type=product&#038;p=2073"},"modified":"2024-10-22T15:20:55","modified_gmt":"2024-10-22T18:20:55","slug":"ganko-herbicida-sistemico","status":"publish","type":"product","link":"https:\/\/summit-agro.com\/ar\/es\/producto\/ganko-herbicida-sistemico\/","title":{"rendered":"GANKO"},"content":{"rendered":"<p style=\"text-align: justify;\"><strong>GANKO<\/strong> es un herbicida sist\u00e9mico y de alta residualidad recomendado para el control de malezas gram\u00edneas y latifoliadas en cultivos de vid y c\u00edtricos. Ofrece un amplio espectro de control de malezas, asegurando una protecci\u00f3n eficaz y duradera para estos cultivos.<\/p>\n<ul>\n<li><strong>Aplicaci\u00f3n<\/strong>: Pre-emergencia y post-emergencia<\/li>\n<li><strong>Formulaci\u00f3n<\/strong>: Granulado Dispersable (WG)<\/li>\n<li><strong>Cultivos<\/strong>: Vid, limonero, naranjo y mandarino<\/li>\n<li><strong>Dosis<\/strong>: 150-200 g\/ha<\/li>\n<li><strong>Presentaci\u00f3n<\/strong>: Caja de 1 kg (5 sobres de 200 g)<\/li>\n<\/ul>\n<hr \/>\n<p><a href=\"https:\/\/summit-agro.com\/ar\/es\/wp-content\/uploads\/2024\/09\/Guia-de-Malezas-Summit-Agro-y-UNR-b.pdf\">Gu\u00eda de malezas<\/a> elaborada por Summit Agro Argentina en conjunto con la <a href=\"https:\/\/fcagr.unr.edu.ar\/\">Universidad Nacional de Rosario<\/a>.<\/p>\n","protected":false},"excerpt":{"rendered":"<hr \/>\n<p style=\"text-align: justify;\">\n<p style=\"line-height: 2;\"><strong>INGREDIENTE ACTIVO:<\/strong> Flazasulfuron 25% WG<br \/>\n<strong>CLASIFICACI\u00d3N DEL GRUPO DE FAMILIA:<\/strong> Grupo 2 (HRAC)<br \/>\n<strong>MODO DE ACCI\u00d3N:\u00a0<\/strong>Inhibidor del metabolismo celular<br \/>\n<strong>SITIO DE ACCI\u00d3N:<\/strong> Inhibidor de la ALS<br \/>\n<strong>CLASIFICACI\u00d3N TOXICOL\u00d3GICA:<\/strong> <span style=\"color: #3366ff;\">Clase III<\/span><\/p>\n<hr \/>\n<p>&nbsp;<\/p>\n","protected":false},"featured_media":3807,"template":"","meta":{"site-sidebar-layout":"default","site-content-layout":"default","ast-site-content-layout":"default","site-content-style":"default","site-sidebar-style":"default","ast-global-header-display":"","ast-banner-title-visibility":"","ast-main-header-display":"","ast-hfb-above-header-display":"","ast-hfb-below-header-display":"","ast-hfb-mobile-header-display":"","site-post-title":"","ast-breadcrumbs-content":"","ast-featured-img":"","footer-sml-layout":"","ast-disable-related-posts":"","theme-transparent-header-meta":"default","adv-header-id-meta":"","stick-header-meta":"","header-above-stick-meta":"","header-main-stick-meta":"","header-below-stick-meta":"","astra-migrate-meta-layouts":"set","ast-page-background-enabled":"default","ast-page-background-meta":{"desktop":{"background-color":"var(--ast-global-color-4)","background-image":"","background-repeat":"repeat","background-position":"center center","background-size":"auto","background-attachment":"scroll","background-type":"","background-media":"","overlay-type":"","overlay-color":"","overlay-opacity":"","overlay-gradient":""},"tablet":{"background-color":"","background-image":"","background-repeat":"repeat","background-position":"center center","background-size":"auto","background-attachment":"scroll","background-type":"","background-media":"","overlay-type":"","overlay-color":"","overlay-opacity":"","overlay-gradient":""},"mobile":{"background-color":"","background-image":"","background-repeat":"repeat","background-position":"center center","background-size":"auto","background-attachment":"scroll","background-type":"","background-media":"","overlay-type":"","overlay-color":"","overlay-opacity":"","overlay-gradient":""}},"ast-content-background-meta":{"desktop":{"background-color":"var(--ast-global-color-5)","background-image":"","background-repeat":"repeat","background-position":"center center","background-size":"auto","background-attachment":"scroll","background-type":"","background-media":"","overlay-type":"","overlay-color":"","overlay-opacity":"","overlay-gradient":""},"tablet":{"background-color":"var(--ast-global-color-5)","background-image":"","background-repeat":"repeat","background-position":"center center","background-size":"auto","background-attachment":"scroll","background-type":"","background-media":"","overlay-type":"","overlay-color":"","overlay-opacity":"","overlay-gradient":""},"mobile":{"background-color":"var(--ast-global-color-5)","background-image":"","background-repeat":"repeat","background-position":"center center","background-size":"auto","background-attachment":"scroll","background-type":"","background-media":"","overlay-type":"","overlay-color":"","overlay-opacity":"","overlay-gradient":""}}},"product_brand":[],"product_cat":[20],"product_tag":[],"class_list":{"0":"post-2073","1":"product","2":"type-product","3":"status-publish","4":"has-post-thumbnail","6":"product_cat-herbicidas","7":"cultivo-limonero","8":"cultivo-mandarino","9":"cultivo-naranjo","10":"cultivo-vid","11":"problematica-amaranthus-quitensis","12":"problematica-anoda-cristata","13":"problematica-bidens-pilosa","14":"problematica-brachiaria-extensa","15":"problematica-chenopodium-album","16":"problematica-chloris-spp","17":"problematica-conyza-bonariensis","18":"problematica-conyza-sumatrensis","19":"problematica-cyperus-rotundus","20":"problematica-datura-ferox","21":"problematica-digitaria-sanguinalis","22":"problematica-echinochloa-colona","23":"problematica-echinochloa-crus-galli","24":"problematica-eleusine-indica","25":"problematica-eragrostis-curvula","26":"problematica-euphorbia-hirta-var-hirta","27":"problematica-euphorbia-hirta-var-ophthalmica","28":"problematica-euphorbia-serpens","29":"problematica-euphorbia-spp","30":"problematica-flaveria-bidentis","31":"problematica-galinsoga-parviflora","32":"problematica-gamochaeta-subfalcata","33":"problematica-gnaphalium-cheiranthifolium","34":"problematica-hoffmannseggia-glauca","35":"problematica-leptochloa-filiformis","36":"problematica-parietaria-debilis","37":"problematica-pitraea-cuneato-ovata","38":"problematica-portulaca-oleracea","39":"problematica-rapistrum-rugosum","40":"problematica-salsola-kali","41":"problematica-sonchus-oleraceus","42":"problematica-stellaria-media","43":"problematica-trifolium-repens","44":"problematica-urochloa-platyphylla","45":"problematica-urtica-spp","46":"problematica-veronica-persica","47":"desktop-align-left","48":"tablet-align-left","49":"mobile-align-left","51":"first","52":"instock","53":"shipping-taxable","54":"purchasable","55":"product-type-simple"},"yoast_head":"<!-- This site is optimized with the Yoast SEO plugin v27.3 - https:\/\/yoast.com\/product\/yoast-seo-wordpress\/ -->\n<title>GANKO - HERBICIDA SIST\u00c9MICO PARA VID Y C\u00cdTRICOS<\/title>\n<meta name=\"description\" content=\"GANKO - Herbicida sist\u00e9mico para vid y c\u00edtricos: Recomendado para el control de malezas gram\u00edneas y latifoliadas. Alta residualidad y especto de control.\" \/>\n<meta name=\"robots\" content=\"index, follow, max-snippet:-1, max-image-preview:large, max-video-preview:-1\" \/>\n<link rel=\"canonical\" href=\"https:\/\/summit-agro.com\/ar\/es\/producto\/ganko-herbicida-sistemico\/\" \/>\n<meta property=\"og:locale\" content=\"es_ES\" \/>\n<meta property=\"og:type\" content=\"article\" \/>\n<meta property=\"og:title\" content=\"GANKO - HERBICIDA SIST\u00c9MICO PARA VID Y C\u00cdTRICOS\" \/>\n<meta property=\"og:description\" content=\"GANKO - Herbicida sist\u00e9mico para vid y c\u00edtricos: Recomendado para el control de malezas gram\u00edneas y latifoliadas. Alta residualidad y especto de control.\" \/>\n<meta property=\"og:url\" content=\"https:\/\/summit-agro.com\/ar\/es\/producto\/ganko-herbicida-sistemico\/\" \/>\n<meta property=\"og:site_name\" content=\"Summit Agro - Argentina\" \/>\n<meta property=\"article:modified_time\" content=\"2024-10-22T18:20:55+00:00\" \/>\n<meta property=\"og:image\" content=\"https:\/\/summit-agro.com\/ar\/es\/wp-content\/uploads\/2021\/06\/Ganko_logo.png\" \/>\n\t<meta property=\"og:image:width\" content=\"500\" \/>\n\t<meta property=\"og:image:height\" content=\"500\" \/>\n\t<meta property=\"og:image:type\" content=\"image\/png\" \/>\n<meta name=\"twitter:card\" content=\"summary_large_image\" \/>\n<meta name=\"twitter:label1\" content=\"Tiempo de lectura\" \/>\n\t<meta name=\"twitter:data1\" content=\"1 minuto\" \/>\n<script type=\"application\/ld+json\" class=\"yoast-schema-graph\">{\"@context\":\"https:\\\/\\\/schema.org\",\"@graph\":[{\"@type\":\"WebPage\",\"@id\":\"https:\\\/\\\/summit-agro.com\\\/ar\\\/es\\\/producto\\\/ganko-herbicida-sistemico\\\/\",\"url\":\"https:\\\/\\\/summit-agro.com\\\/ar\\\/es\\\/producto\\\/ganko-herbicida-sistemico\\\/\",\"name\":\"GANKO - HERBICIDA SIST\u00c9MICO PARA VID Y C\u00cdTRICOS\",\"isPartOf\":{\"@id\":\"https:\\\/\\\/summit-agro.com\\\/ar\\\/es\\\/#website\"},\"primaryImageOfPage\":{\"@id\":\"https:\\\/\\\/summit-agro.com\\\/ar\\\/es\\\/producto\\\/ganko-herbicida-sistemico\\\/#primaryimage\"},\"image\":{\"@id\":\"https:\\\/\\\/summit-agro.com\\\/ar\\\/es\\\/producto\\\/ganko-herbicida-sistemico\\\/#primaryimage\"},\"thumbnailUrl\":\"https:\\\/\\\/summit-agro.com\\\/ar\\\/es\\\/wp-content\\\/uploads\\\/2021\\\/06\\\/Ganko_logo.png\",\"datePublished\":\"2021-06-02T13:43:56+00:00\",\"dateModified\":\"2024-10-22T18:20:55+00:00\",\"description\":\"GANKO - Herbicida sist\u00e9mico para vid y c\u00edtricos: Recomendado para el control de malezas gram\u00edneas y latifoliadas. Alta residualidad y especto de control.\",\"breadcrumb\":{\"@id\":\"https:\\\/\\\/summit-agro.com\\\/ar\\\/es\\\/producto\\\/ganko-herbicida-sistemico\\\/#breadcrumb\"},\"inLanguage\":\"es-AR\",\"potentialAction\":[{\"@type\":\"ReadAction\",\"target\":[\"https:\\\/\\\/summit-agro.com\\\/ar\\\/es\\\/producto\\\/ganko-herbicida-sistemico\\\/\"]}]},{\"@type\":\"ImageObject\",\"inLanguage\":\"es-AR\",\"@id\":\"https:\\\/\\\/summit-agro.com\\\/ar\\\/es\\\/producto\\\/ganko-herbicida-sistemico\\\/#primaryimage\",\"url\":\"https:\\\/\\\/summit-agro.com\\\/ar\\\/es\\\/wp-content\\\/uploads\\\/2021\\\/06\\\/Ganko_logo.png\",\"contentUrl\":\"https:\\\/\\\/summit-agro.com\\\/ar\\\/es\\\/wp-content\\\/uploads\\\/2021\\\/06\\\/Ganko_logo.png\",\"width\":500,\"height\":500,\"caption\":\"Logo de Ganko. Herbicida residual.\"},{\"@type\":\"BreadcrumbList\",\"@id\":\"https:\\\/\\\/summit-agro.com\\\/ar\\\/es\\\/producto\\\/ganko-herbicida-sistemico\\\/#breadcrumb\",\"itemListElement\":[{\"@type\":\"ListItem\",\"position\":1,\"name\":\"Portada\",\"item\":\"https:\\\/\\\/summit-agro.com\\\/ar\\\/es\\\/\"},{\"@type\":\"ListItem\",\"position\":2,\"name\":\"Soluciones\",\"item\":\"https:\\\/\\\/summit-agro.com\\\/ar\\\/es\\\/productos\\\/\"},{\"@type\":\"ListItem\",\"position\":3,\"name\":\"GANKO\"}]},{\"@type\":\"WebSite\",\"@id\":\"https:\\\/\\\/summit-agro.com\\\/ar\\\/es\\\/#website\",\"url\":\"https:\\\/\\\/summit-agro.com\\\/ar\\\/es\\\/\",\"name\":\"Summit Agro - Argentina\",\"description\":\"\",\"publisher\":{\"@id\":\"https:\\\/\\\/summit-agro.com\\\/ar\\\/es\\\/#organization\"},\"potentialAction\":[{\"@type\":\"SearchAction\",\"target\":{\"@type\":\"EntryPoint\",\"urlTemplate\":\"https:\\\/\\\/summit-agro.com\\\/ar\\\/es\\\/?s={search_term_string}\"},\"query-input\":{\"@type\":\"PropertyValueSpecification\",\"valueRequired\":true,\"valueName\":\"search_term_string\"}}],\"inLanguage\":\"es-AR\"},{\"@type\":\"Organization\",\"@id\":\"https:\\\/\\\/summit-agro.com\\\/ar\\\/es\\\/#organization\",\"name\":\"Summit Agro - Argentina\",\"url\":\"https:\\\/\\\/summit-agro.com\\\/ar\\\/es\\\/\",\"logo\":{\"@type\":\"ImageObject\",\"inLanguage\":\"es-AR\",\"@id\":\"https:\\\/\\\/summit-agro.com\\\/ar\\\/es\\\/#\\\/schema\\\/logo\\\/image\\\/\",\"url\":\"https:\\\/\\\/summit-agro.com\\\/ar\\\/es\\\/wp-content\\\/uploads\\\/2021\\\/12\\\/summitlogo.png\",\"contentUrl\":\"https:\\\/\\\/summit-agro.com\\\/ar\\\/es\\\/wp-content\\\/uploads\\\/2021\\\/12\\\/summitlogo.png\",\"width\":192,\"height\":76,\"caption\":\"Summit Agro - Argentina\"},\"image\":{\"@id\":\"https:\\\/\\\/summit-agro.com\\\/ar\\\/es\\\/#\\\/schema\\\/logo\\\/image\\\/\"}}]}<\/script>\n<!-- \/ Yoast SEO plugin. -->","yoast_head_json":{"title":"GANKO - HERBICIDA SIST\u00c9MICO PARA VID Y C\u00cdTRICOS","description":"GANKO - Herbicida sist\u00e9mico para vid y c\u00edtricos: Recomendado para el control de malezas gram\u00edneas y latifoliadas. Alta residualidad y especto de control.","robots":{"index":"index","follow":"follow","max-snippet":"max-snippet:-1","max-image-preview":"max-image-preview:large","max-video-preview":"max-video-preview:-1"},"canonical":"https:\/\/summit-agro.com\/ar\/es\/producto\/ganko-herbicida-sistemico\/","og_locale":"es_ES","og_type":"article","og_title":"GANKO - HERBICIDA SIST\u00c9MICO PARA VID Y C\u00cdTRICOS","og_description":"GANKO - Herbicida sist\u00e9mico para vid y c\u00edtricos: Recomendado para el control de malezas gram\u00edneas y latifoliadas. Alta residualidad y especto de control.","og_url":"https:\/\/summit-agro.com\/ar\/es\/producto\/ganko-herbicida-sistemico\/","og_site_name":"Summit Agro - Argentina","article_modified_time":"2024-10-22T18:20:55+00:00","og_image":[{"width":500,"height":500,"url":"https:\/\/summit-agro.com\/ar\/es\/wp-content\/uploads\/2021\/06\/Ganko_logo.png","type":"image\/png"}],"twitter_card":"summary_large_image","twitter_misc":{"Tiempo de lectura":"1 minuto"},"schema":{"@context":"https:\/\/schema.org","@graph":[{"@type":"WebPage","@id":"https:\/\/summit-agro.com\/ar\/es\/producto\/ganko-herbicida-sistemico\/","url":"https:\/\/summit-agro.com\/ar\/es\/producto\/ganko-herbicida-sistemico\/","name":"GANKO - HERBICIDA SIST\u00c9MICO PARA VID Y C\u00cdTRICOS","isPartOf":{"@id":"https:\/\/summit-agro.com\/ar\/es\/#website"},"primaryImageOfPage":{"@id":"https:\/\/summit-agro.com\/ar\/es\/producto\/ganko-herbicida-sistemico\/#primaryimage"},"image":{"@id":"https:\/\/summit-agro.com\/ar\/es\/producto\/ganko-herbicida-sistemico\/#primaryimage"},"thumbnailUrl":"https:\/\/summit-agro.com\/ar\/es\/wp-content\/uploads\/2021\/06\/Ganko_logo.png","datePublished":"2021-06-02T13:43:56+00:00","dateModified":"2024-10-22T18:20:55+00:00","description":"GANKO - Herbicida sist\u00e9mico para vid y c\u00edtricos: Recomendado para el control de malezas gram\u00edneas y latifoliadas. Alta residualidad y especto de control.","breadcrumb":{"@id":"https:\/\/summit-agro.com\/ar\/es\/producto\/ganko-herbicida-sistemico\/#breadcrumb"},"inLanguage":"es-AR","potentialAction":[{"@type":"ReadAction","target":["https:\/\/summit-agro.com\/ar\/es\/producto\/ganko-herbicida-sistemico\/"]}]},{"@type":"ImageObject","inLanguage":"es-AR","@id":"https:\/\/summit-agro.com\/ar\/es\/producto\/ganko-herbicida-sistemico\/#primaryimage","url":"https:\/\/summit-agro.com\/ar\/es\/wp-content\/uploads\/2021\/06\/Ganko_logo.png","contentUrl":"https:\/\/summit-agro.com\/ar\/es\/wp-content\/uploads\/2021\/06\/Ganko_logo.png","width":500,"height":500,"caption":"Logo de Ganko. Herbicida residual."},{"@type":"BreadcrumbList","@id":"https:\/\/summit-agro.com\/ar\/es\/producto\/ganko-herbicida-sistemico\/#breadcrumb","itemListElement":[{"@type":"ListItem","position":1,"name":"Portada","item":"https:\/\/summit-agro.com\/ar\/es\/"},{"@type":"ListItem","position":2,"name":"Soluciones","item":"https:\/\/summit-agro.com\/ar\/es\/productos\/"},{"@type":"ListItem","position":3,"name":"GANKO"}]},{"@type":"WebSite","@id":"https:\/\/summit-agro.com\/ar\/es\/#website","url":"https:\/\/summit-agro.com\/ar\/es\/","name":"Summit Agro - Argentina","description":"","publisher":{"@id":"https:\/\/summit-agro.com\/ar\/es\/#organization"},"potentialAction":[{"@type":"SearchAction","target":{"@type":"EntryPoint","urlTemplate":"https:\/\/summit-agro.com\/ar\/es\/?s={search_term_string}"},"query-input":{"@type":"PropertyValueSpecification","valueRequired":true,"valueName":"search_term_string"}}],"inLanguage":"es-AR"},{"@type":"Organization","@id":"https:\/\/summit-agro.com\/ar\/es\/#organization","name":"Summit Agro - Argentina","url":"https:\/\/summit-agro.com\/ar\/es\/","logo":{"@type":"ImageObject","inLanguage":"es-AR","@id":"https:\/\/summit-agro.com\/ar\/es\/#\/schema\/logo\/image\/","url":"https:\/\/summit-agro.com\/ar\/es\/wp-content\/uploads\/2021\/12\/summitlogo.png","contentUrl":"https:\/\/summit-agro.com\/ar\/es\/wp-content\/uploads\/2021\/12\/summitlogo.png","width":192,"height":76,"caption":"Summit Agro - Argentina"},"image":{"@id":"https:\/\/summit-agro.com\/ar\/es\/#\/schema\/logo\/image\/"}}]}},"_links":{"self":[{"href":"https:\/\/summit-agro.com\/ar\/es\/wp-json\/wp\/v2\/product\/2073","targetHints":{"allow":["GET"]}}],"collection":[{"href":"https:\/\/summit-agro.com\/ar\/es\/wp-json\/wp\/v2\/product"}],"about":[{"href":"https:\/\/summit-agro.com\/ar\/es\/wp-json\/wp\/v2\/types\/product"}],"wp:featuredmedia":[{"embeddable":true,"href":"https:\/\/summit-agro.com\/ar\/es\/wp-json\/wp\/v2\/media\/3807"}],"wp:attachment":[{"href":"https:\/\/summit-agro.com\/ar\/es\/wp-json\/wp\/v2\/media?parent=2073"}],"wp:term":[{"taxonomy":"product_brand","embeddable":true,"href":"https:\/\/summit-agro.com\/ar\/es\/wp-json\/wp\/v2\/product_brand?post=2073"},{"taxonomy":"product_cat","embeddable":true,"href":"https:\/\/summit-agro.com\/ar\/es\/wp-json\/wp\/v2\/product_cat?post=2073"},{"taxonomy":"product_tag","embeddable":true,"href":"https:\/\/summit-agro.com\/ar\/es\/wp-json\/wp\/v2\/product_tag?post=2073"}],"curies":[{"name":"wp","href":"https:\/\/api.w.org\/{rel}","templated":true}]}}