{"id":2063,"date":"2021-06-02T10:15:03","date_gmt":"2021-06-02T13:15:03","guid":{"rendered":"https:\/\/summit-agro.com\/ar\/es\/?post_type=product&#038;p=2063"},"modified":"2024-10-22T15:47:35","modified_gmt":"2024-10-22T18:47:35","slug":"starkle-insecticida-efectivo","status":"publish","type":"product","link":"https:\/\/summit-agro.com\/ar\/es\/producto\/starkle-insecticida-efectivo\/","title":{"rendered":"STARKLE<div class=\"begreen\"><\/div>"},"content":{"rendered":"<p style=\"text-align: justify;\"><strong>STARKLE<\/strong> es un insecticida altamente efectivo en el control del complejo de chinches y trips en los cultivos de soja, arroz, algod\u00f3n y papa. Act\u00faa tanto por contacto como por ingesti\u00f3n sobre la plaga, ofreciendo acci\u00f3n sist\u00e9mica y translaminar en la planta.<\/p>\n<p style=\"text-align: justify;\">Proporciona un r\u00e1pido volteo y una persistencia de control prolongada tanto en adultos como en ninfas, asegurando m\u00e1xima efectividad sin afectar a la fauna ben\u00e9fica y sin generar \u00e1caro inducci\u00f3n.<\/p>\n<ul>\n<li><strong>Acci\u00f3n<\/strong>: Ingesti\u00f3n y contacto<\/li>\n<li><strong>Formulaci\u00f3n<\/strong>: Polvo Mojable (WP)<\/li>\n<li><strong>Cultivo<\/strong>: Soja, papa, arroz y algod\u00f3n<\/li>\n<li><strong>Dosis<\/strong>: 85-100 g\/ha<\/li>\n<li><strong>Presentaci\u00f3n<\/strong>: Caja de 5,1 kg (3 bolsas de aluminio de 1,7 kg c\/u)<\/li>\n<li><strong style=\"font-size: 16px; text-align: center;\"><span style=\"color: #339966;\">Banda toxicol\u00f3gica verde<\/span><\/strong><\/li>\n<\/ul>\n<hr \/>\n<p><a href=\"https:\/\/summit-agro.com\/ar\/es\/wp-content\/uploads\/2024\/07\/Cropshield-Logo-Web.png\"><img decoding=\"async\" class=\"wp-image-5655 size-thumbnail alignleft\" src=\"https:\/\/summit-agro.com\/ar\/es\/wp-content\/uploads\/2024\/07\/Cropshield-Logo-Web-150x150.png\" alt=\"\" width=\"150\" height=\"150\" srcset=\"https:\/\/summit-agro.com\/ar\/es\/wp-content\/uploads\/2024\/07\/Cropshield-Logo-Web-150x150.png 150w, https:\/\/summit-agro.com\/ar\/es\/wp-content\/uploads\/2024\/07\/Cropshield-Logo-Web-300x300.png 300w, https:\/\/summit-agro.com\/ar\/es\/wp-content\/uploads\/2024\/07\/Cropshield-Logo-Web-768x768.png 768w, https:\/\/summit-agro.com\/ar\/es\/wp-content\/uploads\/2024\/07\/Cropshield-Logo-Web-600x600.png 600w, https:\/\/summit-agro.com\/ar\/es\/wp-content\/uploads\/2024\/07\/Cropshield-Logo-Web-100x100.png 100w, https:\/\/summit-agro.com\/ar\/es\/wp-content\/uploads\/2024\/07\/Cropshield-Logo-Web.png 1000w\" sizes=\"(max-width: 150px) 100vw, 150px\" \/><\/a><\/p>\n<p style=\"text-align: justify;\"><strong>CROP SHIELD<\/strong> combina la tecnolog\u00eda de <strong>STARKLE<\/strong> (Dinotefuran) y <a href=\"https:\/\/summit-agro.com\/ar\/es\/producto\/amicor\/\">AMICOR<\/a> (Rynaxypyr), ofreciendo un control superior de chinches, orugas y trips en cultivos de soja. Este concepto de uso permite anticipar aplicaciones en etapas m\u00e1s tempranas del cultivo (R3-R5), cuando las poblaciones de plagas son bajas, minimizando as\u00ed el da\u00f1o acumulado y maximizando la eficacia del control.<\/p>\n<p style=\"text-align: justify;\"><strong>CROP SHIELD<\/strong> protege el cultivo en su etapa m\u00e1s susceptible, proporcionando volteo r\u00e1pido y una persistencia de control prolongada. Est\u00e1 dise\u00f1ado para maximizar el rendimiento de manera sostenible.<\/p>\n","protected":false},"excerpt":{"rendered":"<hr \/>\n<p style=\"text-align: justify;\">\n<p style=\"line-height: 2;\"><strong>INGREDIENTE ACTIVO:<\/strong> Dinotefuran 70% WP<br \/>\n<strong>CLASIFICACI\u00d3N DEL GRUPO DE FAMILIA:<\/strong> Grupo 4 (IRAC)<br \/>\n<strong>MODO DE ACCI\u00d3N:<\/strong> Modulador competitivo de receptores de acetilcolina nicot\u00ednicos<br \/>\n<strong>CLASIFICACI\u00d3N TOXICOL\u00d3GICA: <\/strong><span style=\"color: #339966;\">Clase IV<\/span><\/p>\n<hr \/>\n","protected":false},"featured_media":3809,"template":"","meta":{"site-sidebar-layout":"default","site-content-layout":"default","ast-site-content-layout":"default","site-content-style":"default","site-sidebar-style":"default","ast-global-header-display":"","ast-banner-title-visibility":"","ast-main-header-display":"","ast-hfb-above-header-display":"","ast-hfb-below-header-display":"","ast-hfb-mobile-header-display":"","site-post-title":"","ast-breadcrumbs-content":"","ast-featured-img":"","footer-sml-layout":"","ast-disable-related-posts":"","theme-transparent-header-meta":"default","adv-header-id-meta":"","stick-header-meta":"","header-above-stick-meta":"","header-main-stick-meta":"","header-below-stick-meta":"","astra-migrate-meta-layouts":"set","ast-page-background-enabled":"default","ast-page-background-meta":{"desktop":{"background-color":"var(--ast-global-color-4)","background-image":"","background-repeat":"repeat","background-position":"center center","background-size":"auto","background-attachment":"scroll","background-type":"","background-media":"","overlay-type":"","overlay-color":"","overlay-opacity":"","overlay-gradient":""},"tablet":{"background-color":"","background-image":"","background-repeat":"repeat","background-position":"center center","background-size":"auto","background-attachment":"scroll","background-type":"","background-media":"","overlay-type":"","overlay-color":"","overlay-opacity":"","overlay-gradient":""},"mobile":{"background-color":"","background-image":"","background-repeat":"repeat","background-position":"center center","background-size":"auto","background-attachment":"scroll","background-type":"","background-media":"","overlay-type":"","overlay-color":"","overlay-opacity":"","overlay-gradient":""}},"ast-content-background-meta":{"desktop":{"background-color":"var(--ast-global-color-5)","background-image":"","background-repeat":"repeat","background-position":"center center","background-size":"auto","background-attachment":"scroll","background-type":"","background-media":"","overlay-type":"","overlay-color":"","overlay-opacity":"","overlay-gradient":""},"tablet":{"background-color":"var(--ast-global-color-5)","background-image":"","background-repeat":"repeat","background-position":"center center","background-size":"auto","background-attachment":"scroll","background-type":"","background-media":"","overlay-type":"","overlay-color":"","overlay-opacity":"","overlay-gradient":""},"mobile":{"background-color":"var(--ast-global-color-5)","background-image":"","background-repeat":"repeat","background-position":"center center","background-size":"auto","background-attachment":"scroll","background-type":"","background-media":"","overlay-type":"","overlay-color":"","overlay-opacity":"","overlay-gradient":""}}},"product_brand":[],"product_cat":[21],"product_tag":[],"class_list":{"0":"post-2063","1":"product","2":"type-product","3":"status-publish","4":"has-post-thumbnail","6":"product_cat-insecticidas","7":"cultivo-algodon","8":"cultivo-arroz","9":"cultivo-papa","10":"cultivo-soja","11":"problematica-caliothrips-phaseoli","12":"problematica-dichelops-furcatus","13":"problematica-edessa-meditabunda","14":"problematica-frankliniella-occidentalis","15":"problematica-horcias-nobilellus","16":"problematica-liriomyza-huidobrensis","17":"problematica-nezara-viridula","18":"problematica-piezodorus-guildinii","19":"problematica-tibraca-limbativentris","20":"desktop-align-left","21":"tablet-align-left","22":"mobile-align-left","24":"first","25":"instock","26":"shipping-taxable","27":"purchasable","28":"product-type-simple"},"yoast_head":"<!-- This site is optimized with the Yoast SEO plugin v27.3 - https:\/\/yoast.com\/product\/yoast-seo-wordpress\/ -->\n<title>STARKLE - INSECTICIDA ALTAMENTE EFECTIVO<\/title>\n<meta name=\"description\" content=\"STARKLE - Insecticida altamente efectivo: Controla el complejo de chinches y trips en los cultivos de soja, arroz, algod\u00f3n y papa.\" \/>\n<meta name=\"robots\" content=\"index, follow, max-snippet:-1, max-image-preview:large, max-video-preview:-1\" \/>\n<link rel=\"canonical\" href=\"https:\/\/summit-agro.com\/ar\/es\/producto\/starkle-insecticida-efectivo\/\" \/>\n<meta property=\"og:locale\" content=\"es_ES\" \/>\n<meta property=\"og:type\" content=\"article\" \/>\n<meta property=\"og:title\" content=\"STARKLE - INSECTICIDA ALTAMENTE EFECTIVO\" \/>\n<meta property=\"og:description\" content=\"STARKLE - Insecticida altamente efectivo: Controla el complejo de chinches y trips en los cultivos de soja, arroz, algod\u00f3n y papa.\" \/>\n<meta property=\"og:url\" content=\"https:\/\/summit-agro.com\/ar\/es\/producto\/starkle-insecticida-efectivo\/\" \/>\n<meta property=\"og:site_name\" content=\"Summit Agro - Argentina\" \/>\n<meta property=\"article:modified_time\" content=\"2024-10-22T18:47:35+00:00\" \/>\n<meta property=\"og:image\" content=\"https:\/\/summit-agro.com\/ar\/es\/wp-content\/uploads\/2021\/06\/Starkle_logo.png\" \/>\n\t<meta property=\"og:image:width\" content=\"500\" \/>\n\t<meta property=\"og:image:height\" content=\"500\" \/>\n\t<meta property=\"og:image:type\" content=\"image\/png\" \/>\n<meta name=\"twitter:card\" content=\"summary_large_image\" \/>\n<meta name=\"twitter:label1\" content=\"Tiempo de lectura\" \/>\n\t<meta name=\"twitter:data1\" content=\"2 minutos\" \/>\n<script type=\"application\/ld+json\" class=\"yoast-schema-graph\">{\"@context\":\"https:\\\/\\\/schema.org\",\"@graph\":[{\"@type\":\"WebPage\",\"@id\":\"https:\\\/\\\/summit-agro.com\\\/ar\\\/es\\\/producto\\\/starkle-insecticida-efectivo\\\/\",\"url\":\"https:\\\/\\\/summit-agro.com\\\/ar\\\/es\\\/producto\\\/starkle-insecticida-efectivo\\\/\",\"name\":\"STARKLE - INSECTICIDA ALTAMENTE EFECTIVO\",\"isPartOf\":{\"@id\":\"https:\\\/\\\/summit-agro.com\\\/ar\\\/es\\\/#website\"},\"primaryImageOfPage\":{\"@id\":\"https:\\\/\\\/summit-agro.com\\\/ar\\\/es\\\/producto\\\/starkle-insecticida-efectivo\\\/#primaryimage\"},\"image\":{\"@id\":\"https:\\\/\\\/summit-agro.com\\\/ar\\\/es\\\/producto\\\/starkle-insecticida-efectivo\\\/#primaryimage\"},\"thumbnailUrl\":\"https:\\\/\\\/summit-agro.com\\\/ar\\\/es\\\/wp-content\\\/uploads\\\/2021\\\/06\\\/Starkle_logo.png\",\"datePublished\":\"2021-06-02T13:15:03+00:00\",\"dateModified\":\"2024-10-22T18:47:35+00:00\",\"description\":\"STARKLE - Insecticida altamente efectivo: Controla el complejo de chinches y trips en los cultivos de soja, arroz, algod\u00f3n y papa.\",\"breadcrumb\":{\"@id\":\"https:\\\/\\\/summit-agro.com\\\/ar\\\/es\\\/producto\\\/starkle-insecticida-efectivo\\\/#breadcrumb\"},\"inLanguage\":\"es-AR\",\"potentialAction\":[{\"@type\":\"ReadAction\",\"target\":[\"https:\\\/\\\/summit-agro.com\\\/ar\\\/es\\\/producto\\\/starkle-insecticida-efectivo\\\/\"]}]},{\"@type\":\"ImageObject\",\"inLanguage\":\"es-AR\",\"@id\":\"https:\\\/\\\/summit-agro.com\\\/ar\\\/es\\\/producto\\\/starkle-insecticida-efectivo\\\/#primaryimage\",\"url\":\"https:\\\/\\\/summit-agro.com\\\/ar\\\/es\\\/wp-content\\\/uploads\\\/2021\\\/06\\\/Starkle_logo.png\",\"contentUrl\":\"https:\\\/\\\/summit-agro.com\\\/ar\\\/es\\\/wp-content\\\/uploads\\\/2021\\\/06\\\/Starkle_logo.png\",\"width\":500,\"height\":500,\"caption\":\"Logo de STARKLE. Insecticida altamente efectivo.\"},{\"@type\":\"BreadcrumbList\",\"@id\":\"https:\\\/\\\/summit-agro.com\\\/ar\\\/es\\\/producto\\\/starkle-insecticida-efectivo\\\/#breadcrumb\",\"itemListElement\":[{\"@type\":\"ListItem\",\"position\":1,\"name\":\"Portada\",\"item\":\"https:\\\/\\\/summit-agro.com\\\/ar\\\/es\\\/\"},{\"@type\":\"ListItem\",\"position\":2,\"name\":\"Soluciones\",\"item\":\"https:\\\/\\\/summit-agro.com\\\/ar\\\/es\\\/productos\\\/\"},{\"@type\":\"ListItem\",\"position\":3,\"name\":\"STARKLE\"}]},{\"@type\":\"WebSite\",\"@id\":\"https:\\\/\\\/summit-agro.com\\\/ar\\\/es\\\/#website\",\"url\":\"https:\\\/\\\/summit-agro.com\\\/ar\\\/es\\\/\",\"name\":\"Summit Agro - Argentina\",\"description\":\"\",\"publisher\":{\"@id\":\"https:\\\/\\\/summit-agro.com\\\/ar\\\/es\\\/#organization\"},\"potentialAction\":[{\"@type\":\"SearchAction\",\"target\":{\"@type\":\"EntryPoint\",\"urlTemplate\":\"https:\\\/\\\/summit-agro.com\\\/ar\\\/es\\\/?s={search_term_string}\"},\"query-input\":{\"@type\":\"PropertyValueSpecification\",\"valueRequired\":true,\"valueName\":\"search_term_string\"}}],\"inLanguage\":\"es-AR\"},{\"@type\":\"Organization\",\"@id\":\"https:\\\/\\\/summit-agro.com\\\/ar\\\/es\\\/#organization\",\"name\":\"Summit Agro - Argentina\",\"url\":\"https:\\\/\\\/summit-agro.com\\\/ar\\\/es\\\/\",\"logo\":{\"@type\":\"ImageObject\",\"inLanguage\":\"es-AR\",\"@id\":\"https:\\\/\\\/summit-agro.com\\\/ar\\\/es\\\/#\\\/schema\\\/logo\\\/image\\\/\",\"url\":\"https:\\\/\\\/summit-agro.com\\\/ar\\\/es\\\/wp-content\\\/uploads\\\/2021\\\/12\\\/summitlogo.png\",\"contentUrl\":\"https:\\\/\\\/summit-agro.com\\\/ar\\\/es\\\/wp-content\\\/uploads\\\/2021\\\/12\\\/summitlogo.png\",\"width\":192,\"height\":76,\"caption\":\"Summit Agro - Argentina\"},\"image\":{\"@id\":\"https:\\\/\\\/summit-agro.com\\\/ar\\\/es\\\/#\\\/schema\\\/logo\\\/image\\\/\"}}]}<\/script>\n<!-- \/ Yoast SEO plugin. -->","yoast_head_json":{"title":"STARKLE - INSECTICIDA ALTAMENTE EFECTIVO","description":"STARKLE - Insecticida altamente efectivo: Controla el complejo de chinches y trips en los cultivos de soja, arroz, algod\u00f3n y papa.","robots":{"index":"index","follow":"follow","max-snippet":"max-snippet:-1","max-image-preview":"max-image-preview:large","max-video-preview":"max-video-preview:-1"},"canonical":"https:\/\/summit-agro.com\/ar\/es\/producto\/starkle-insecticida-efectivo\/","og_locale":"es_ES","og_type":"article","og_title":"STARKLE - INSECTICIDA ALTAMENTE EFECTIVO","og_description":"STARKLE - Insecticida altamente efectivo: Controla el complejo de chinches y trips en los cultivos de soja, arroz, algod\u00f3n y papa.","og_url":"https:\/\/summit-agro.com\/ar\/es\/producto\/starkle-insecticida-efectivo\/","og_site_name":"Summit Agro - Argentina","article_modified_time":"2024-10-22T18:47:35+00:00","og_image":[{"width":500,"height":500,"url":"https:\/\/summit-agro.com\/ar\/es\/wp-content\/uploads\/2021\/06\/Starkle_logo.png","type":"image\/png"}],"twitter_card":"summary_large_image","twitter_misc":{"Tiempo de lectura":"2 minutos"},"schema":{"@context":"https:\/\/schema.org","@graph":[{"@type":"WebPage","@id":"https:\/\/summit-agro.com\/ar\/es\/producto\/starkle-insecticida-efectivo\/","url":"https:\/\/summit-agro.com\/ar\/es\/producto\/starkle-insecticida-efectivo\/","name":"STARKLE - INSECTICIDA ALTAMENTE EFECTIVO","isPartOf":{"@id":"https:\/\/summit-agro.com\/ar\/es\/#website"},"primaryImageOfPage":{"@id":"https:\/\/summit-agro.com\/ar\/es\/producto\/starkle-insecticida-efectivo\/#primaryimage"},"image":{"@id":"https:\/\/summit-agro.com\/ar\/es\/producto\/starkle-insecticida-efectivo\/#primaryimage"},"thumbnailUrl":"https:\/\/summit-agro.com\/ar\/es\/wp-content\/uploads\/2021\/06\/Starkle_logo.png","datePublished":"2021-06-02T13:15:03+00:00","dateModified":"2024-10-22T18:47:35+00:00","description":"STARKLE - Insecticida altamente efectivo: Controla el complejo de chinches y trips en los cultivos de soja, arroz, algod\u00f3n y papa.","breadcrumb":{"@id":"https:\/\/summit-agro.com\/ar\/es\/producto\/starkle-insecticida-efectivo\/#breadcrumb"},"inLanguage":"es-AR","potentialAction":[{"@type":"ReadAction","target":["https:\/\/summit-agro.com\/ar\/es\/producto\/starkle-insecticida-efectivo\/"]}]},{"@type":"ImageObject","inLanguage":"es-AR","@id":"https:\/\/summit-agro.com\/ar\/es\/producto\/starkle-insecticida-efectivo\/#primaryimage","url":"https:\/\/summit-agro.com\/ar\/es\/wp-content\/uploads\/2021\/06\/Starkle_logo.png","contentUrl":"https:\/\/summit-agro.com\/ar\/es\/wp-content\/uploads\/2021\/06\/Starkle_logo.png","width":500,"height":500,"caption":"Logo de STARKLE. Insecticida altamente efectivo."},{"@type":"BreadcrumbList","@id":"https:\/\/summit-agro.com\/ar\/es\/producto\/starkle-insecticida-efectivo\/#breadcrumb","itemListElement":[{"@type":"ListItem","position":1,"name":"Portada","item":"https:\/\/summit-agro.com\/ar\/es\/"},{"@type":"ListItem","position":2,"name":"Soluciones","item":"https:\/\/summit-agro.com\/ar\/es\/productos\/"},{"@type":"ListItem","position":3,"name":"STARKLE"}]},{"@type":"WebSite","@id":"https:\/\/summit-agro.com\/ar\/es\/#website","url":"https:\/\/summit-agro.com\/ar\/es\/","name":"Summit Agro - Argentina","description":"","publisher":{"@id":"https:\/\/summit-agro.com\/ar\/es\/#organization"},"potentialAction":[{"@type":"SearchAction","target":{"@type":"EntryPoint","urlTemplate":"https:\/\/summit-agro.com\/ar\/es\/?s={search_term_string}"},"query-input":{"@type":"PropertyValueSpecification","valueRequired":true,"valueName":"search_term_string"}}],"inLanguage":"es-AR"},{"@type":"Organization","@id":"https:\/\/summit-agro.com\/ar\/es\/#organization","name":"Summit Agro - Argentina","url":"https:\/\/summit-agro.com\/ar\/es\/","logo":{"@type":"ImageObject","inLanguage":"es-AR","@id":"https:\/\/summit-agro.com\/ar\/es\/#\/schema\/logo\/image\/","url":"https:\/\/summit-agro.com\/ar\/es\/wp-content\/uploads\/2021\/12\/summitlogo.png","contentUrl":"https:\/\/summit-agro.com\/ar\/es\/wp-content\/uploads\/2021\/12\/summitlogo.png","width":192,"height":76,"caption":"Summit Agro - Argentina"},"image":{"@id":"https:\/\/summit-agro.com\/ar\/es\/#\/schema\/logo\/image\/"}}]}},"_links":{"self":[{"href":"https:\/\/summit-agro.com\/ar\/es\/wp-json\/wp\/v2\/product\/2063","targetHints":{"allow":["GET"]}}],"collection":[{"href":"https:\/\/summit-agro.com\/ar\/es\/wp-json\/wp\/v2\/product"}],"about":[{"href":"https:\/\/summit-agro.com\/ar\/es\/wp-json\/wp\/v2\/types\/product"}],"wp:featuredmedia":[{"embeddable":true,"href":"https:\/\/summit-agro.com\/ar\/es\/wp-json\/wp\/v2\/media\/3809"}],"wp:attachment":[{"href":"https:\/\/summit-agro.com\/ar\/es\/wp-json\/wp\/v2\/media?parent=2063"}],"wp:term":[{"taxonomy":"product_brand","embeddable":true,"href":"https:\/\/summit-agro.com\/ar\/es\/wp-json\/wp\/v2\/product_brand?post=2063"},{"taxonomy":"product_cat","embeddable":true,"href":"https:\/\/summit-agro.com\/ar\/es\/wp-json\/wp\/v2\/product_cat?post=2063"},{"taxonomy":"product_tag","embeddable":true,"href":"https:\/\/summit-agro.com\/ar\/es\/wp-json\/wp\/v2\/product_tag?post=2063"}],"curies":[{"name":"wp","href":"https:\/\/api.w.org\/{rel}","templated":true}]}}