{"id":2058,"date":"2021-06-02T09:56:52","date_gmt":"2021-06-02T12:56:52","guid":{"rendered":"https:\/\/summit-agro.com\/ar\/es\/?post_type=product&#038;p=2058"},"modified":"2025-10-28T16:39:07","modified_gmt":"2025-10-28T19:39:07","slug":"brucia-herbicida-maiz","status":"publish","type":"product","link":"https:\/\/summit-agro.com\/ar\/es\/producto\/brucia-herbicida-maiz\/","title":{"rendered":"BRUCIA<div class=\"begreen\"><\/div>"},"content":{"rendered":"<p style=\"text-align: justify;\"><strong><span class=\"markcbqywenx5\" data-markjs=\"true\" data-ogac=\"\" data-ogab=\"\" data-ogsc=\"\" data-ogsb=\"\" data-olk-copy-source=\"MessageBody\">BRUCIA<\/span>\u00ae<\/strong> es un herbicida selectivo de acci\u00f3n sist\u00e9mica para el control de gram\u00edneas anuales y malezas de hoja ancha en los cultivos de ma\u00edz y ca\u00f1a de az\u00facar. Act\u00faa bloqueando la producci\u00f3n de carotenoides, provocando el blanqueamiento (albinismo) y la muerte de las malezas susceptibles.<\/p>\n<p><span class=\"markcbqywenx5\" data-markjs=\"true\" data-ogac=\"\" data-ogab=\"\" data-ogsc=\"\" data-ogsb=\"\" data-olk-copy-source=\"MessageBody\">Brucia<\/span>\u00ae demuestra eficacia comprobada sobre malezas como Tupulo, Pasto Cubano, Grama-Gram\u00f3n, Brachiaria, Amaranthus, Bidens y otras especies de dif\u00edcil manejo.<\/p>\n<p>Proporciona una amplia ventana de aplicaci\u00f3n y flexibilidad en la rotaci\u00f3n de cultivos debido a su baja vida media de 0,7 d\u00edas. Tambi\u00e9n ofrece excelente selectividad en todos los h\u00edbridos de ma\u00edz y variedades comerciales, incluso bajo distintas condiciones ambientales.<\/p>\n<p>Es compatible para mezclas en tanque con otros herbicidas o insecticidas, incluyendo atrazina, y garantiza una aplicaci\u00f3n segura y estable, sin interferir con el crecimiento del cultivo.<\/p>\n<ul>\n<li><strong>Aplicaci\u00f3n<\/strong>: Post-emergencia.<\/li>\n<li><strong>Formulaci\u00f3n<\/strong>: Suspensi\u00f3n Concentrada (SC).<\/li>\n<li><strong>Cultivo<\/strong>: Ma\u00edz y ca\u00f1a de az\u00facar.<\/li>\n<li><strong>Dosis<\/strong>: 75-125 cc\/ha.<\/li>\n<li><strong>Presentaci\u00f3n<\/strong>: Caja de 6 L (6 envases de 1 L c\/u).<\/li>\n<li><strong style=\"font-size: 16px; text-align: center;\"><span style=\"color: #339966;\">Banda toxicol\u00f3gica verde.<\/span><\/strong><\/li>\n<\/ul>\n<hr \/>\n<p><a href=\"https:\/\/summit-agro.com\/ar\/es\/wp-content\/uploads\/2024\/09\/Guia-de-Malezas-Summit-Agro-y-UNR-b.pdf\">Gu\u00eda de malezas<\/a> elaborada por Summit Agro Argentina en conjunto con la <a href=\"https:\/\/fcagr.unr.edu.ar\/\">Universidad Nacional de Rosario<\/a>.<\/p>\n","protected":false},"excerpt":{"rendered":"<hr \/>\n<p style=\"line-height: 2;\"><strong>INGREDIENTE ACTIVO:<\/strong> Tolpyralate 40% SC<br \/>\n<strong>CLASIFICACI\u00d3N DEL GRUPO DE FAMILIA:<\/strong> Grupo 27 (HRAC)<br \/>\n<strong>MODO DE ACCI\u00d3N: <\/strong>Inhibidor de la activaci\u00f3n lum\u00ednica de ROS<br \/>\n<strong>SITIO DE ACCI\u00d3N:<\/strong> Inhibidor de la HPPD<br \/>\n<strong>CLASIFICACI\u00d3N TOXICOL\u00d3GICA:<\/strong> <span style=\"color: #339966;\">Clase IV<\/span><\/p>\n<hr \/>\n","protected":false},"featured_media":3810,"template":"","meta":{"site-sidebar-layout":"default","site-content-layout":"default","ast-site-content-layout":"default","site-content-style":"default","site-sidebar-style":"default","ast-global-header-display":"","ast-banner-title-visibility":"","ast-main-header-display":"","ast-hfb-above-header-display":"","ast-hfb-below-header-display":"","ast-hfb-mobile-header-display":"","site-post-title":"","ast-breadcrumbs-content":"","ast-featured-img":"","footer-sml-layout":"","ast-disable-related-posts":"","theme-transparent-header-meta":"default","adv-header-id-meta":"","stick-header-meta":"","header-above-stick-meta":"","header-main-stick-meta":"","header-below-stick-meta":"","astra-migrate-meta-layouts":"set","ast-page-background-enabled":"default","ast-page-background-meta":{"desktop":{"background-color":"var(--ast-global-color-4)","background-image":"","background-repeat":"repeat","background-position":"center center","background-size":"auto","background-attachment":"scroll","background-type":"","background-media":"","overlay-type":"","overlay-color":"","overlay-opacity":"","overlay-gradient":""},"tablet":{"background-color":"","background-image":"","background-repeat":"repeat","background-position":"center center","background-size":"auto","background-attachment":"scroll","background-type":"","background-media":"","overlay-type":"","overlay-color":"","overlay-opacity":"","overlay-gradient":""},"mobile":{"background-color":"","background-image":"","background-repeat":"repeat","background-position":"center center","background-size":"auto","background-attachment":"scroll","background-type":"","background-media":"","overlay-type":"","overlay-color":"","overlay-opacity":"","overlay-gradient":""}},"ast-content-background-meta":{"desktop":{"background-color":"var(--ast-global-color-5)","background-image":"","background-repeat":"repeat","background-position":"center center","background-size":"auto","background-attachment":"scroll","background-type":"","background-media":"","overlay-type":"","overlay-color":"","overlay-opacity":"","overlay-gradient":""},"tablet":{"background-color":"var(--ast-global-color-5)","background-image":"","background-repeat":"repeat","background-position":"center center","background-size":"auto","background-attachment":"scroll","background-type":"","background-media":"","overlay-type":"","overlay-color":"","overlay-opacity":"","overlay-gradient":""},"mobile":{"background-color":"var(--ast-global-color-5)","background-image":"","background-repeat":"repeat","background-position":"center center","background-size":"auto","background-attachment":"scroll","background-type":"","background-media":"","overlay-type":"","overlay-color":"","overlay-opacity":"","overlay-gradient":""}}},"product_brand":[],"product_cat":[20],"product_tag":[],"class_list":{"0":"post-2058","1":"product","2":"type-product","3":"status-publish","4":"has-post-thumbnail","6":"product_cat-herbicidas","7":"cultivo-cana-de-azucar","8":"cultivo-maiz","9":"problematica-amaranthus-hybridus","10":"problematica-anoda-cristata","11":"problematica-bidens-pilosa","12":"problematica-brachiaria-plantaginea","13":"problematica-brachiaria-platyphilla","14":"problematica-chenopodium-album","15":"problematica-chenopodium-pumilio","16":"problematica-chloris-virgata","17":"problematica-cynodon-dactylon","18":"problematica-digitaria-sanguinalis","19":"problematica-echinochloa-spp","20":"problematica-eleusine-indica","21":"problematica-leptochloa-filiformis","22":"problematica-leptochloa-sp","23":"problematica-portulaca-oleracea","24":"problematica-sicyos-polyacanthos","25":"problematica-sorghum-halepense","26":"problematica-tithonia-tubaeformis","27":"problematica-urochloa-plantaginea","28":"desktop-align-left","29":"tablet-align-left","30":"mobile-align-left","32":"first","33":"instock","34":"shipping-taxable","35":"purchasable","36":"product-type-simple"},"yoast_head":"<!-- This site is optimized with the Yoast SEO plugin v27.3 - https:\/\/yoast.com\/product\/yoast-seo-wordpress\/ -->\n<title>Summit Agro - Argentina - BRUCIA - HERBICIDA PARA MA\u00cdZ<\/title>\n<meta name=\"description\" content=\"BRUCIA - Herbicida para ma\u00edz: Sist\u00e9mico para el c % ontrol de gram\u00edneas anuales y malezas de hoja ancha en el cultivo de ma\u00edz.\" \/>\n<meta name=\"robots\" content=\"index, follow, max-snippet:-1, max-image-preview:large, max-video-preview:-1\" \/>\n<link rel=\"canonical\" href=\"https:\/\/summit-agro.com\/ar\/es\/producto\/brucia-herbicida-maiz\/\" \/>\n<meta property=\"og:locale\" content=\"es_ES\" \/>\n<meta property=\"og:type\" content=\"article\" \/>\n<meta property=\"og:title\" content=\"Summit Agro - Argentina - BRUCIA - HERBICIDA PARA MA\u00cdZ\" \/>\n<meta property=\"og:description\" content=\"BRUCIA - Herbicida para ma\u00edz: Sist\u00e9mico para el c % ontrol de gram\u00edneas anuales y malezas de hoja ancha en el cultivo de ma\u00edz.\" \/>\n<meta property=\"og:url\" content=\"https:\/\/summit-agro.com\/ar\/es\/producto\/brucia-herbicida-maiz\/\" \/>\n<meta property=\"og:site_name\" content=\"Summit Agro - Argentina\" \/>\n<meta property=\"article:modified_time\" content=\"2025-10-28T19:39:07+00:00\" \/>\n<meta property=\"og:image\" content=\"https:\/\/summit-agro.com\/ar\/es\/wp-content\/uploads\/2021\/06\/Brucia_logo.png\" \/>\n\t<meta property=\"og:image:width\" content=\"500\" \/>\n\t<meta property=\"og:image:height\" content=\"500\" \/>\n\t<meta property=\"og:image:type\" content=\"image\/png\" \/>\n<meta name=\"twitter:card\" content=\"summary_large_image\" \/>\n<meta name=\"twitter:label1\" content=\"Tiempo de lectura\" \/>\n\t<meta name=\"twitter:data1\" content=\"2 minutos\" \/>\n<script type=\"application\/ld+json\" class=\"yoast-schema-graph\">{\"@context\":\"https:\\\/\\\/schema.org\",\"@graph\":[{\"@type\":\"WebPage\",\"@id\":\"https:\\\/\\\/summit-agro.com\\\/ar\\\/es\\\/producto\\\/brucia-herbicida-maiz\\\/\",\"url\":\"https:\\\/\\\/summit-agro.com\\\/ar\\\/es\\\/producto\\\/brucia-herbicida-maiz\\\/\",\"name\":\"Summit Agro - Argentina - BRUCIA - HERBICIDA PARA MA\u00cdZ\",\"isPartOf\":{\"@id\":\"https:\\\/\\\/summit-agro.com\\\/ar\\\/es\\\/#website\"},\"primaryImageOfPage\":{\"@id\":\"https:\\\/\\\/summit-agro.com\\\/ar\\\/es\\\/producto\\\/brucia-herbicida-maiz\\\/#primaryimage\"},\"image\":{\"@id\":\"https:\\\/\\\/summit-agro.com\\\/ar\\\/es\\\/producto\\\/brucia-herbicida-maiz\\\/#primaryimage\"},\"thumbnailUrl\":\"https:\\\/\\\/summit-agro.com\\\/ar\\\/es\\\/wp-content\\\/uploads\\\/2021\\\/06\\\/Brucia_logo.png\",\"datePublished\":\"2021-06-02T12:56:52+00:00\",\"dateModified\":\"2025-10-28T19:39:07+00:00\",\"description\":\"BRUCIA - Herbicida para ma\u00edz: Sist\u00e9mico para el c % ontrol de gram\u00edneas anuales y malezas de hoja ancha en el cultivo de ma\u00edz.\",\"breadcrumb\":{\"@id\":\"https:\\\/\\\/summit-agro.com\\\/ar\\\/es\\\/producto\\\/brucia-herbicida-maiz\\\/#breadcrumb\"},\"inLanguage\":\"es-AR\",\"potentialAction\":[{\"@type\":\"ReadAction\",\"target\":[\"https:\\\/\\\/summit-agro.com\\\/ar\\\/es\\\/producto\\\/brucia-herbicida-maiz\\\/\"]}]},{\"@type\":\"ImageObject\",\"inLanguage\":\"es-AR\",\"@id\":\"https:\\\/\\\/summit-agro.com\\\/ar\\\/es\\\/producto\\\/brucia-herbicida-maiz\\\/#primaryimage\",\"url\":\"https:\\\/\\\/summit-agro.com\\\/ar\\\/es\\\/wp-content\\\/uploads\\\/2021\\\/06\\\/Brucia_logo.png\",\"contentUrl\":\"https:\\\/\\\/summit-agro.com\\\/ar\\\/es\\\/wp-content\\\/uploads\\\/2021\\\/06\\\/Brucia_logo.png\",\"width\":500,\"height\":500,\"caption\":\"Logo de BRUCIA. Herbicida para ma\u00edz.\"},{\"@type\":\"BreadcrumbList\",\"@id\":\"https:\\\/\\\/summit-agro.com\\\/ar\\\/es\\\/producto\\\/brucia-herbicida-maiz\\\/#breadcrumb\",\"itemListElement\":[{\"@type\":\"ListItem\",\"position\":1,\"name\":\"Portada\",\"item\":\"https:\\\/\\\/summit-agro.com\\\/ar\\\/es\\\/\"},{\"@type\":\"ListItem\",\"position\":2,\"name\":\"Soluciones\",\"item\":\"https:\\\/\\\/summit-agro.com\\\/ar\\\/es\\\/productos\\\/\"},{\"@type\":\"ListItem\",\"position\":3,\"name\":\"BRUCIA\"}]},{\"@type\":\"WebSite\",\"@id\":\"https:\\\/\\\/summit-agro.com\\\/ar\\\/es\\\/#website\",\"url\":\"https:\\\/\\\/summit-agro.com\\\/ar\\\/es\\\/\",\"name\":\"Summit Agro - Argentina\",\"description\":\"\",\"publisher\":{\"@id\":\"https:\\\/\\\/summit-agro.com\\\/ar\\\/es\\\/#organization\"},\"potentialAction\":[{\"@type\":\"SearchAction\",\"target\":{\"@type\":\"EntryPoint\",\"urlTemplate\":\"https:\\\/\\\/summit-agro.com\\\/ar\\\/es\\\/?s={search_term_string}\"},\"query-input\":{\"@type\":\"PropertyValueSpecification\",\"valueRequired\":true,\"valueName\":\"search_term_string\"}}],\"inLanguage\":\"es-AR\"},{\"@type\":\"Organization\",\"@id\":\"https:\\\/\\\/summit-agro.com\\\/ar\\\/es\\\/#organization\",\"name\":\"Summit Agro - Argentina\",\"url\":\"https:\\\/\\\/summit-agro.com\\\/ar\\\/es\\\/\",\"logo\":{\"@type\":\"ImageObject\",\"inLanguage\":\"es-AR\",\"@id\":\"https:\\\/\\\/summit-agro.com\\\/ar\\\/es\\\/#\\\/schema\\\/logo\\\/image\\\/\",\"url\":\"https:\\\/\\\/summit-agro.com\\\/ar\\\/es\\\/wp-content\\\/uploads\\\/2021\\\/12\\\/summitlogo.png\",\"contentUrl\":\"https:\\\/\\\/summit-agro.com\\\/ar\\\/es\\\/wp-content\\\/uploads\\\/2021\\\/12\\\/summitlogo.png\",\"width\":192,\"height\":76,\"caption\":\"Summit Agro - Argentina\"},\"image\":{\"@id\":\"https:\\\/\\\/summit-agro.com\\\/ar\\\/es\\\/#\\\/schema\\\/logo\\\/image\\\/\"}}]}<\/script>\n<!-- \/ Yoast SEO plugin. -->","yoast_head_json":{"title":"Summit Agro - Argentina - BRUCIA - HERBICIDA PARA MA\u00cdZ","description":"BRUCIA - Herbicida para ma\u00edz: Sist\u00e9mico para el c % ontrol de gram\u00edneas anuales y malezas de hoja ancha en el cultivo de ma\u00edz.","robots":{"index":"index","follow":"follow","max-snippet":"max-snippet:-1","max-image-preview":"max-image-preview:large","max-video-preview":"max-video-preview:-1"},"canonical":"https:\/\/summit-agro.com\/ar\/es\/producto\/brucia-herbicida-maiz\/","og_locale":"es_ES","og_type":"article","og_title":"Summit Agro - Argentina - BRUCIA - HERBICIDA PARA MA\u00cdZ","og_description":"BRUCIA - Herbicida para ma\u00edz: Sist\u00e9mico para el c % ontrol de gram\u00edneas anuales y malezas de hoja ancha en el cultivo de ma\u00edz.","og_url":"https:\/\/summit-agro.com\/ar\/es\/producto\/brucia-herbicida-maiz\/","og_site_name":"Summit Agro - Argentina","article_modified_time":"2025-10-28T19:39:07+00:00","og_image":[{"width":500,"height":500,"url":"https:\/\/summit-agro.com\/ar\/es\/wp-content\/uploads\/2021\/06\/Brucia_logo.png","type":"image\/png"}],"twitter_card":"summary_large_image","twitter_misc":{"Tiempo de lectura":"2 minutos"},"schema":{"@context":"https:\/\/schema.org","@graph":[{"@type":"WebPage","@id":"https:\/\/summit-agro.com\/ar\/es\/producto\/brucia-herbicida-maiz\/","url":"https:\/\/summit-agro.com\/ar\/es\/producto\/brucia-herbicida-maiz\/","name":"Summit Agro - Argentina - BRUCIA - HERBICIDA PARA MA\u00cdZ","isPartOf":{"@id":"https:\/\/summit-agro.com\/ar\/es\/#website"},"primaryImageOfPage":{"@id":"https:\/\/summit-agro.com\/ar\/es\/producto\/brucia-herbicida-maiz\/#primaryimage"},"image":{"@id":"https:\/\/summit-agro.com\/ar\/es\/producto\/brucia-herbicida-maiz\/#primaryimage"},"thumbnailUrl":"https:\/\/summit-agro.com\/ar\/es\/wp-content\/uploads\/2021\/06\/Brucia_logo.png","datePublished":"2021-06-02T12:56:52+00:00","dateModified":"2025-10-28T19:39:07+00:00","description":"BRUCIA - Herbicida para ma\u00edz: Sist\u00e9mico para el c % ontrol de gram\u00edneas anuales y malezas de hoja ancha en el cultivo de ma\u00edz.","breadcrumb":{"@id":"https:\/\/summit-agro.com\/ar\/es\/producto\/brucia-herbicida-maiz\/#breadcrumb"},"inLanguage":"es-AR","potentialAction":[{"@type":"ReadAction","target":["https:\/\/summit-agro.com\/ar\/es\/producto\/brucia-herbicida-maiz\/"]}]},{"@type":"ImageObject","inLanguage":"es-AR","@id":"https:\/\/summit-agro.com\/ar\/es\/producto\/brucia-herbicida-maiz\/#primaryimage","url":"https:\/\/summit-agro.com\/ar\/es\/wp-content\/uploads\/2021\/06\/Brucia_logo.png","contentUrl":"https:\/\/summit-agro.com\/ar\/es\/wp-content\/uploads\/2021\/06\/Brucia_logo.png","width":500,"height":500,"caption":"Logo de BRUCIA. Herbicida para ma\u00edz."},{"@type":"BreadcrumbList","@id":"https:\/\/summit-agro.com\/ar\/es\/producto\/brucia-herbicida-maiz\/#breadcrumb","itemListElement":[{"@type":"ListItem","position":1,"name":"Portada","item":"https:\/\/summit-agro.com\/ar\/es\/"},{"@type":"ListItem","position":2,"name":"Soluciones","item":"https:\/\/summit-agro.com\/ar\/es\/productos\/"},{"@type":"ListItem","position":3,"name":"BRUCIA"}]},{"@type":"WebSite","@id":"https:\/\/summit-agro.com\/ar\/es\/#website","url":"https:\/\/summit-agro.com\/ar\/es\/","name":"Summit Agro - Argentina","description":"","publisher":{"@id":"https:\/\/summit-agro.com\/ar\/es\/#organization"},"potentialAction":[{"@type":"SearchAction","target":{"@type":"EntryPoint","urlTemplate":"https:\/\/summit-agro.com\/ar\/es\/?s={search_term_string}"},"query-input":{"@type":"PropertyValueSpecification","valueRequired":true,"valueName":"search_term_string"}}],"inLanguage":"es-AR"},{"@type":"Organization","@id":"https:\/\/summit-agro.com\/ar\/es\/#organization","name":"Summit Agro - Argentina","url":"https:\/\/summit-agro.com\/ar\/es\/","logo":{"@type":"ImageObject","inLanguage":"es-AR","@id":"https:\/\/summit-agro.com\/ar\/es\/#\/schema\/logo\/image\/","url":"https:\/\/summit-agro.com\/ar\/es\/wp-content\/uploads\/2021\/12\/summitlogo.png","contentUrl":"https:\/\/summit-agro.com\/ar\/es\/wp-content\/uploads\/2021\/12\/summitlogo.png","width":192,"height":76,"caption":"Summit Agro - Argentina"},"image":{"@id":"https:\/\/summit-agro.com\/ar\/es\/#\/schema\/logo\/image\/"}}]}},"_links":{"self":[{"href":"https:\/\/summit-agro.com\/ar\/es\/wp-json\/wp\/v2\/product\/2058","targetHints":{"allow":["GET"]}}],"collection":[{"href":"https:\/\/summit-agro.com\/ar\/es\/wp-json\/wp\/v2\/product"}],"about":[{"href":"https:\/\/summit-agro.com\/ar\/es\/wp-json\/wp\/v2\/types\/product"}],"wp:featuredmedia":[{"embeddable":true,"href":"https:\/\/summit-agro.com\/ar\/es\/wp-json\/wp\/v2\/media\/3810"}],"wp:attachment":[{"href":"https:\/\/summit-agro.com\/ar\/es\/wp-json\/wp\/v2\/media?parent=2058"}],"wp:term":[{"taxonomy":"product_brand","embeddable":true,"href":"https:\/\/summit-agro.com\/ar\/es\/wp-json\/wp\/v2\/product_brand?post=2058"},{"taxonomy":"product_cat","embeddable":true,"href":"https:\/\/summit-agro.com\/ar\/es\/wp-json\/wp\/v2\/product_cat?post=2058"},{"taxonomy":"product_tag","embeddable":true,"href":"https:\/\/summit-agro.com\/ar\/es\/wp-json\/wp\/v2\/product_tag?post=2058"}],"curies":[{"name":"wp","href":"https:\/\/api.w.org\/{rel}","templated":true}]}}