{"id":2041,"date":"2021-06-01T17:01:24","date_gmt":"2021-06-01T20:01:24","guid":{"rendered":"https:\/\/summit-agro.com\/ar\/es\/?post_type=product&#038;p=2041"},"modified":"2025-10-31T09:05:50","modified_gmt":"2025-10-31T12:05:50","slug":"fierce-rm-potente-herbicida-pre-emergente","status":"publish","type":"product","link":"https:\/\/summit-agro.com\/ar\/es\/producto\/fierce-rm-potente-herbicida-pre-emergente\/","title":{"rendered":"FIERCE RM<div class=\"begreen\"><\/div>"},"content":{"rendered":"<p style=\"text-align: justify;\"><strong>FIERCE RM<\/strong> es un potente herbicida pre-emergente con la m\u00e1xima acci\u00f3n residual disponible en el mercado, registrado para su uso en cultivos de soja, ma\u00edz y man\u00ed. Es el resultado de la combinaci\u00f3n de la Tecnolog\u00eda AXEEV con <a href=\"https:\/\/summit-agro.com\/ar\/es\/producto\/gemmit-top\/\">GEMMIT TOP<\/a>, representando una herramienta revolucionaria en el manejo de <em>Amaranthus spp<\/em>. y diversas gram\u00edneas como <em>Echinochloa colona<\/em>, <em>Chloris spp<\/em>., <em>Eleusine indica<\/em>, <em>Digitaria spp<\/em>., entre otras.<\/p>\n<p style=\"text-align: justify;\">Su principio activo, Flumioxazin, junto con la innovadora Tecnolog\u00eda AXEEV que pertenece a la nueva familia qu\u00edmica de herbicidas, las Isoxazolinas, proporciona un control efectivo sobre un amplio espectro de malezas de hoja ancha y gram\u00edneas anuales. Esto es especialmente crucial en lotes con alta infestaci\u00f3n y presencia de especies dif\u00edciles de manejar.<\/p>\n<ul>\n<li><strong>Aplicaci\u00f3n<\/strong>: Pre-siembra.<\/li>\n<li><strong>Formulaci\u00f3n<\/strong>: Suspensi\u00f3n Concentrada (SC).<\/li>\n<li><strong>Cultivos<\/strong>: Soja, ma\u00edz y man\u00ed.<\/li>\n<li><strong>Dosis<\/strong>: 400-500 cc\/ha.<\/li>\n<li><strong>Presentaci\u00f3n<\/strong>: Caja de 20 L (4 bidones de 5 L c\/u).<\/li>\n<li><strong style=\"font-size: 16px; text-align: center;\"><span style=\"color: #339966;\">Banda toxicol\u00f3gica verde.<\/span><\/strong><\/li>\n<\/ul>\n<hr \/>\n<p><strong>\u00bfQu\u00e9 es y c\u00f3mo act\u00faa la Tecnolog\u00eda AXEEV?<\/strong><\/p>\n<p style=\"text-align: justify;\">La Tecnolog\u00eda AXEEV es un sistema avanzado de herbicidas residuales con el m\u00e1s amplio espectro de control sobre malezas gram\u00edneas y de hoja ancha aplicable en pre-siembra de cultivos como soja, ma\u00edz y man\u00ed. Su mecanismo de acci\u00f3n consiste en inhibir la bios\u00edntesis de \u00e1cidos grasos de cadena larga en las pl\u00e1ntulas de las malezas, desencadenando procesos que finalizan con la mortandad de la pl\u00e1ntula previa a su emergencia. La familia qu\u00edmica de las Isoxazolinas, a la que pertenece AXEEV, presenta caracter\u00edsticas fisicoqu\u00edmicas que la hacen altamente estable y segura para el ambiente.<\/p>\n<ul>\n<li>Gran poder residual &#8211; 50 a 80 d\u00edas<\/li>\n<li>Bajos requerimientos de agua para su incorporaci\u00f3n<\/li>\n<li>No se retiene en rastrojo<\/li>\n<li>Bajo potencial de lixiviaci\u00f3n<\/li>\n<li>Alta fotoestabilidad<\/li>\n<\/ul>\n<hr \/>\n<p><a href=\"https:\/\/summit-agro.com\/ar\/es\/wp-content\/uploads\/2024\/09\/Guia-de-Malezas-Summit-Agro-y-UNR-b.pdf\">Gu\u00eda de malezas<\/a> elaborada por Summit Agro Argentina en conjunto con la <a href=\"https:\/\/fcagr.unr.edu.ar\/\">Universidad Nacional de Rosario<\/a>.<\/p>\n","protected":false},"excerpt":{"rendered":"<hr \/>\n<p style=\"line-height: 2;\"><strong>INGREDIENTES ACTIVOS:<\/strong> Flumioxazin 15% + Pyroxasulfone 34,5% SC<br \/>\n<strong>CLASIFICACI\u00d3N DEL GRUPO DE FAMILIA: <\/strong>Grupo 14 (HRAC) + Grupo 15 (HRAC)<br \/>\n<strong>MODO DE ACCI\u00d3N:<\/strong> Inhibidor del metabolismo celular y activaci\u00f3n lum\u00ednica de ROS<br \/>\n<strong>SITIOS DE ACCI\u00d3N: <\/strong>Inhibidor de la PPO + Inhibidor de VLCFAS<br \/>\n<strong>CLASIFICACI\u00d3N TOXICOL\u00d3GICA: <\/strong><span style=\"color: #339966;\">Clase IV<\/span><\/p>\n<hr \/>\n","protected":false},"featured_media":3812,"template":"","meta":{"site-sidebar-layout":"default","site-content-layout":"default","ast-site-content-layout":"default","site-content-style":"default","site-sidebar-style":"default","ast-global-header-display":"","ast-banner-title-visibility":"","ast-main-header-display":"","ast-hfb-above-header-display":"","ast-hfb-below-header-display":"","ast-hfb-mobile-header-display":"","site-post-title":"","ast-breadcrumbs-content":"","ast-featured-img":"","footer-sml-layout":"","ast-disable-related-posts":"","theme-transparent-header-meta":"default","adv-header-id-meta":"","stick-header-meta":"","header-above-stick-meta":"","header-main-stick-meta":"","header-below-stick-meta":"","astra-migrate-meta-layouts":"set","ast-page-background-enabled":"default","ast-page-background-meta":{"desktop":{"background-color":"var(--ast-global-color-4)","background-image":"","background-repeat":"repeat","background-position":"center center","background-size":"auto","background-attachment":"scroll","background-type":"","background-media":"","overlay-type":"","overlay-color":"","overlay-opacity":"","overlay-gradient":""},"tablet":{"background-color":"","background-image":"","background-repeat":"repeat","background-position":"center center","background-size":"auto","background-attachment":"scroll","background-type":"","background-media":"","overlay-type":"","overlay-color":"","overlay-opacity":"","overlay-gradient":""},"mobile":{"background-color":"","background-image":"","background-repeat":"repeat","background-position":"center center","background-size":"auto","background-attachment":"scroll","background-type":"","background-media":"","overlay-type":"","overlay-color":"","overlay-opacity":"","overlay-gradient":""}},"ast-content-background-meta":{"desktop":{"background-color":"var(--ast-global-color-5)","background-image":"","background-repeat":"repeat","background-position":"center center","background-size":"auto","background-attachment":"scroll","background-type":"","background-media":"","overlay-type":"","overlay-color":"","overlay-opacity":"","overlay-gradient":""},"tablet":{"background-color":"var(--ast-global-color-5)","background-image":"","background-repeat":"repeat","background-position":"center center","background-size":"auto","background-attachment":"scroll","background-type":"","background-media":"","overlay-type":"","overlay-color":"","overlay-opacity":"","overlay-gradient":""},"mobile":{"background-color":"var(--ast-global-color-5)","background-image":"","background-repeat":"repeat","background-position":"center center","background-size":"auto","background-attachment":"scroll","background-type":"","background-media":"","overlay-type":"","overlay-color":"","overlay-opacity":"","overlay-gradient":""}}},"product_brand":[],"product_cat":[20],"product_tag":[],"class_list":{"0":"post-2041","1":"product","2":"type-product","3":"status-publish","4":"has-post-thumbnail","6":"product_cat-herbicidas","7":"cultivo-maiz","8":"cultivo-mani","9":"cultivo-soja","10":"problematica-amaranthus-hybridus","11":"problematica-amaranthus-palmeri","12":"problematica-amaranthus-spp","13":"problematica-chloris-spp","14":"problematica-chloris-virgata","15":"problematica-digitaria-insularis","16":"problematica-digitaria-sanguinalis","17":"problematica-echinochloa-colona","18":"problematica-eleusine-indica","19":"problematica-leptochloa-mucronata","20":"desktop-align-left","21":"tablet-align-left","22":"mobile-align-left","24":"first","25":"instock","26":"shipping-taxable","27":"purchasable","28":"product-type-simple"},"yoast_head":"<!-- This site is optimized with the Yoast SEO plugin v27.3 - https:\/\/yoast.com\/product\/yoast-seo-wordpress\/ -->\n<title>FIERCE RM - POTENTE HERBICIDA PRE-EMERGENTE<\/title>\n<meta name=\"description\" content=\"FIERCE RM - Potente herbicida pre-emergente: La m\u00e1xima acci\u00f3n residual disponible en el mercado, registrado para su uso en cultivos de soja, ma\u00edz y man\u00ed.\" \/>\n<meta name=\"robots\" content=\"index, follow, max-snippet:-1, max-image-preview:large, max-video-preview:-1\" \/>\n<link rel=\"canonical\" href=\"https:\/\/summit-agro.com\/ar\/es\/producto\/fierce-rm-potente-herbicida-pre-emergente\/\" \/>\n<meta property=\"og:locale\" content=\"es_ES\" \/>\n<meta property=\"og:type\" content=\"article\" \/>\n<meta property=\"og:title\" content=\"FIERCE RM - POTENTE HERBICIDA PRE-EMERGENTE\" \/>\n<meta property=\"og:description\" content=\"FIERCE RM - Potente herbicida pre-emergente: La m\u00e1xima acci\u00f3n residual disponible en el mercado, registrado para su uso en cultivos de soja, ma\u00edz y man\u00ed.\" \/>\n<meta property=\"og:url\" content=\"https:\/\/summit-agro.com\/ar\/es\/producto\/fierce-rm-potente-herbicida-pre-emergente\/\" \/>\n<meta property=\"og:site_name\" content=\"Summit Agro - Argentina\" \/>\n<meta property=\"article:modified_time\" content=\"2025-10-31T12:05:50+00:00\" \/>\n<meta property=\"og:image\" content=\"https:\/\/summit-agro.com\/ar\/es\/wp-content\/uploads\/2021\/06\/Fierce_logo.png\" \/>\n\t<meta property=\"og:image:width\" content=\"500\" \/>\n\t<meta property=\"og:image:height\" content=\"500\" \/>\n\t<meta property=\"og:image:type\" content=\"image\/png\" \/>\n<meta name=\"twitter:card\" content=\"summary_large_image\" \/>\n<meta name=\"twitter:label1\" content=\"Tiempo de lectura\" \/>\n\t<meta name=\"twitter:data1\" content=\"2 minutos\" \/>\n<script type=\"application\/ld+json\" class=\"yoast-schema-graph\">{\"@context\":\"https:\\\/\\\/schema.org\",\"@graph\":[{\"@type\":\"WebPage\",\"@id\":\"https:\\\/\\\/summit-agro.com\\\/ar\\\/es\\\/producto\\\/fierce-rm-potente-herbicida-pre-emergente\\\/\",\"url\":\"https:\\\/\\\/summit-agro.com\\\/ar\\\/es\\\/producto\\\/fierce-rm-potente-herbicida-pre-emergente\\\/\",\"name\":\"FIERCE RM - POTENTE HERBICIDA PRE-EMERGENTE\",\"isPartOf\":{\"@id\":\"https:\\\/\\\/summit-agro.com\\\/ar\\\/es\\\/#website\"},\"primaryImageOfPage\":{\"@id\":\"https:\\\/\\\/summit-agro.com\\\/ar\\\/es\\\/producto\\\/fierce-rm-potente-herbicida-pre-emergente\\\/#primaryimage\"},\"image\":{\"@id\":\"https:\\\/\\\/summit-agro.com\\\/ar\\\/es\\\/producto\\\/fierce-rm-potente-herbicida-pre-emergente\\\/#primaryimage\"},\"thumbnailUrl\":\"https:\\\/\\\/summit-agro.com\\\/ar\\\/es\\\/wp-content\\\/uploads\\\/2021\\\/06\\\/Fierce_logo.png\",\"datePublished\":\"2021-06-01T20:01:24+00:00\",\"dateModified\":\"2025-10-31T12:05:50+00:00\",\"description\":\"FIERCE RM - Potente herbicida pre-emergente: La m\u00e1xima acci\u00f3n residual disponible en el mercado, registrado para su uso en cultivos de soja, ma\u00edz y man\u00ed.\",\"breadcrumb\":{\"@id\":\"https:\\\/\\\/summit-agro.com\\\/ar\\\/es\\\/producto\\\/fierce-rm-potente-herbicida-pre-emergente\\\/#breadcrumb\"},\"inLanguage\":\"es-AR\",\"potentialAction\":[{\"@type\":\"ReadAction\",\"target\":[\"https:\\\/\\\/summit-agro.com\\\/ar\\\/es\\\/producto\\\/fierce-rm-potente-herbicida-pre-emergente\\\/\"]}]},{\"@type\":\"ImageObject\",\"inLanguage\":\"es-AR\",\"@id\":\"https:\\\/\\\/summit-agro.com\\\/ar\\\/es\\\/producto\\\/fierce-rm-potente-herbicida-pre-emergente\\\/#primaryimage\",\"url\":\"https:\\\/\\\/summit-agro.com\\\/ar\\\/es\\\/wp-content\\\/uploads\\\/2021\\\/06\\\/Fierce_logo.png\",\"contentUrl\":\"https:\\\/\\\/summit-agro.com\\\/ar\\\/es\\\/wp-content\\\/uploads\\\/2021\\\/06\\\/Fierce_logo.png\",\"width\":500,\"height\":500,\"caption\":\"Logo de FIERCE RM. Potente herbicida.\"},{\"@type\":\"BreadcrumbList\",\"@id\":\"https:\\\/\\\/summit-agro.com\\\/ar\\\/es\\\/producto\\\/fierce-rm-potente-herbicida-pre-emergente\\\/#breadcrumb\",\"itemListElement\":[{\"@type\":\"ListItem\",\"position\":1,\"name\":\"Portada\",\"item\":\"https:\\\/\\\/summit-agro.com\\\/ar\\\/es\\\/\"},{\"@type\":\"ListItem\",\"position\":2,\"name\":\"Soluciones\",\"item\":\"https:\\\/\\\/summit-agro.com\\\/ar\\\/es\\\/productos\\\/\"},{\"@type\":\"ListItem\",\"position\":3,\"name\":\"FIERCE RM\"}]},{\"@type\":\"WebSite\",\"@id\":\"https:\\\/\\\/summit-agro.com\\\/ar\\\/es\\\/#website\",\"url\":\"https:\\\/\\\/summit-agro.com\\\/ar\\\/es\\\/\",\"name\":\"Summit Agro - Argentina\",\"description\":\"\",\"publisher\":{\"@id\":\"https:\\\/\\\/summit-agro.com\\\/ar\\\/es\\\/#organization\"},\"potentialAction\":[{\"@type\":\"SearchAction\",\"target\":{\"@type\":\"EntryPoint\",\"urlTemplate\":\"https:\\\/\\\/summit-agro.com\\\/ar\\\/es\\\/?s={search_term_string}\"},\"query-input\":{\"@type\":\"PropertyValueSpecification\",\"valueRequired\":true,\"valueName\":\"search_term_string\"}}],\"inLanguage\":\"es-AR\"},{\"@type\":\"Organization\",\"@id\":\"https:\\\/\\\/summit-agro.com\\\/ar\\\/es\\\/#organization\",\"name\":\"Summit Agro - Argentina\",\"url\":\"https:\\\/\\\/summit-agro.com\\\/ar\\\/es\\\/\",\"logo\":{\"@type\":\"ImageObject\",\"inLanguage\":\"es-AR\",\"@id\":\"https:\\\/\\\/summit-agro.com\\\/ar\\\/es\\\/#\\\/schema\\\/logo\\\/image\\\/\",\"url\":\"https:\\\/\\\/summit-agro.com\\\/ar\\\/es\\\/wp-content\\\/uploads\\\/2021\\\/12\\\/summitlogo.png\",\"contentUrl\":\"https:\\\/\\\/summit-agro.com\\\/ar\\\/es\\\/wp-content\\\/uploads\\\/2021\\\/12\\\/summitlogo.png\",\"width\":192,\"height\":76,\"caption\":\"Summit Agro - Argentina\"},\"image\":{\"@id\":\"https:\\\/\\\/summit-agro.com\\\/ar\\\/es\\\/#\\\/schema\\\/logo\\\/image\\\/\"}}]}<\/script>\n<!-- \/ Yoast SEO plugin. -->","yoast_head_json":{"title":"FIERCE RM - POTENTE HERBICIDA PRE-EMERGENTE","description":"FIERCE RM - Potente herbicida pre-emergente: La m\u00e1xima acci\u00f3n residual disponible en el mercado, registrado para su uso en cultivos de soja, ma\u00edz y man\u00ed.","robots":{"index":"index","follow":"follow","max-snippet":"max-snippet:-1","max-image-preview":"max-image-preview:large","max-video-preview":"max-video-preview:-1"},"canonical":"https:\/\/summit-agro.com\/ar\/es\/producto\/fierce-rm-potente-herbicida-pre-emergente\/","og_locale":"es_ES","og_type":"article","og_title":"FIERCE RM - POTENTE HERBICIDA PRE-EMERGENTE","og_description":"FIERCE RM - Potente herbicida pre-emergente: La m\u00e1xima acci\u00f3n residual disponible en el mercado, registrado para su uso en cultivos de soja, ma\u00edz y man\u00ed.","og_url":"https:\/\/summit-agro.com\/ar\/es\/producto\/fierce-rm-potente-herbicida-pre-emergente\/","og_site_name":"Summit Agro - Argentina","article_modified_time":"2025-10-31T12:05:50+00:00","og_image":[{"width":500,"height":500,"url":"https:\/\/summit-agro.com\/ar\/es\/wp-content\/uploads\/2021\/06\/Fierce_logo.png","type":"image\/png"}],"twitter_card":"summary_large_image","twitter_misc":{"Tiempo de lectura":"2 minutos"},"schema":{"@context":"https:\/\/schema.org","@graph":[{"@type":"WebPage","@id":"https:\/\/summit-agro.com\/ar\/es\/producto\/fierce-rm-potente-herbicida-pre-emergente\/","url":"https:\/\/summit-agro.com\/ar\/es\/producto\/fierce-rm-potente-herbicida-pre-emergente\/","name":"FIERCE RM - POTENTE HERBICIDA PRE-EMERGENTE","isPartOf":{"@id":"https:\/\/summit-agro.com\/ar\/es\/#website"},"primaryImageOfPage":{"@id":"https:\/\/summit-agro.com\/ar\/es\/producto\/fierce-rm-potente-herbicida-pre-emergente\/#primaryimage"},"image":{"@id":"https:\/\/summit-agro.com\/ar\/es\/producto\/fierce-rm-potente-herbicida-pre-emergente\/#primaryimage"},"thumbnailUrl":"https:\/\/summit-agro.com\/ar\/es\/wp-content\/uploads\/2021\/06\/Fierce_logo.png","datePublished":"2021-06-01T20:01:24+00:00","dateModified":"2025-10-31T12:05:50+00:00","description":"FIERCE RM - Potente herbicida pre-emergente: La m\u00e1xima acci\u00f3n residual disponible en el mercado, registrado para su uso en cultivos de soja, ma\u00edz y man\u00ed.","breadcrumb":{"@id":"https:\/\/summit-agro.com\/ar\/es\/producto\/fierce-rm-potente-herbicida-pre-emergente\/#breadcrumb"},"inLanguage":"es-AR","potentialAction":[{"@type":"ReadAction","target":["https:\/\/summit-agro.com\/ar\/es\/producto\/fierce-rm-potente-herbicida-pre-emergente\/"]}]},{"@type":"ImageObject","inLanguage":"es-AR","@id":"https:\/\/summit-agro.com\/ar\/es\/producto\/fierce-rm-potente-herbicida-pre-emergente\/#primaryimage","url":"https:\/\/summit-agro.com\/ar\/es\/wp-content\/uploads\/2021\/06\/Fierce_logo.png","contentUrl":"https:\/\/summit-agro.com\/ar\/es\/wp-content\/uploads\/2021\/06\/Fierce_logo.png","width":500,"height":500,"caption":"Logo de FIERCE RM. Potente herbicida."},{"@type":"BreadcrumbList","@id":"https:\/\/summit-agro.com\/ar\/es\/producto\/fierce-rm-potente-herbicida-pre-emergente\/#breadcrumb","itemListElement":[{"@type":"ListItem","position":1,"name":"Portada","item":"https:\/\/summit-agro.com\/ar\/es\/"},{"@type":"ListItem","position":2,"name":"Soluciones","item":"https:\/\/summit-agro.com\/ar\/es\/productos\/"},{"@type":"ListItem","position":3,"name":"FIERCE RM"}]},{"@type":"WebSite","@id":"https:\/\/summit-agro.com\/ar\/es\/#website","url":"https:\/\/summit-agro.com\/ar\/es\/","name":"Summit Agro - Argentina","description":"","publisher":{"@id":"https:\/\/summit-agro.com\/ar\/es\/#organization"},"potentialAction":[{"@type":"SearchAction","target":{"@type":"EntryPoint","urlTemplate":"https:\/\/summit-agro.com\/ar\/es\/?s={search_term_string}"},"query-input":{"@type":"PropertyValueSpecification","valueRequired":true,"valueName":"search_term_string"}}],"inLanguage":"es-AR"},{"@type":"Organization","@id":"https:\/\/summit-agro.com\/ar\/es\/#organization","name":"Summit Agro - Argentina","url":"https:\/\/summit-agro.com\/ar\/es\/","logo":{"@type":"ImageObject","inLanguage":"es-AR","@id":"https:\/\/summit-agro.com\/ar\/es\/#\/schema\/logo\/image\/","url":"https:\/\/summit-agro.com\/ar\/es\/wp-content\/uploads\/2021\/12\/summitlogo.png","contentUrl":"https:\/\/summit-agro.com\/ar\/es\/wp-content\/uploads\/2021\/12\/summitlogo.png","width":192,"height":76,"caption":"Summit Agro - Argentina"},"image":{"@id":"https:\/\/summit-agro.com\/ar\/es\/#\/schema\/logo\/image\/"}}]}},"_links":{"self":[{"href":"https:\/\/summit-agro.com\/ar\/es\/wp-json\/wp\/v2\/product\/2041","targetHints":{"allow":["GET"]}}],"collection":[{"href":"https:\/\/summit-agro.com\/ar\/es\/wp-json\/wp\/v2\/product"}],"about":[{"href":"https:\/\/summit-agro.com\/ar\/es\/wp-json\/wp\/v2\/types\/product"}],"wp:featuredmedia":[{"embeddable":true,"href":"https:\/\/summit-agro.com\/ar\/es\/wp-json\/wp\/v2\/media\/3812"}],"wp:attachment":[{"href":"https:\/\/summit-agro.com\/ar\/es\/wp-json\/wp\/v2\/media?parent=2041"}],"wp:term":[{"taxonomy":"product_brand","embeddable":true,"href":"https:\/\/summit-agro.com\/ar\/es\/wp-json\/wp\/v2\/product_brand?post=2041"},{"taxonomy":"product_cat","embeddable":true,"href":"https:\/\/summit-agro.com\/ar\/es\/wp-json\/wp\/v2\/product_cat?post=2041"},{"taxonomy":"product_tag","embeddable":true,"href":"https:\/\/summit-agro.com\/ar\/es\/wp-json\/wp\/v2\/product_tag?post=2041"}],"curies":[{"name":"wp","href":"https:\/\/api.w.org\/{rel}","templated":true}]}}