{"id":933,"date":"2021-01-02T03:55:42","date_gmt":"2021-01-02T06:55:42","guid":{"rendered":"https:\/\/summit-agro.com\/ar\/es\/?page_id=933"},"modified":"2023-10-25T10:14:47","modified_gmt":"2023-10-25T13:14:47","slug":"politicas-de-privacidad","status":"publish","type":"page","link":"https:\/\/summit-agro.com\/ar\/es\/politicas-de-privacidad\/","title":{"rendered":"Pol\u00edticas de Privacidad"},"content":{"rendered":"<p><span style=\"font-size: 1rem; color: var(--ast-global-color-3); background-color: var(--ast-global-color-5);\">Este sitio web es operado por o en beneficio de Summit Agro Argentina S.A. (\u201cSummit\u201d).<\/span><\/p>\n<div class=\"left-colum\">\n<p>El acceso a los links dispuestos en este sitio requiere la conformidad y aceptaci\u00f3n de los usuarios respecto de la pol\u00edtica de utilizaci\u00f3n de datos de Summit que se indica seguidamente (\u201cPol\u00edtica\u201d). Si continua navegando, consideramos que acepta la implantaci\u00f3n y uso de las cookies y nuestra Pol\u00edtica. Por tal motivo, si no quisiera aceptar nuestra Pol\u00edtica, por favor, no contin\u00fae navegando en este sitio web.<\/p>\n<p>El uso de los links comporta la generaci\u00f3n de cookies para control y utilizaci\u00f3n por Summit. La utilizaci\u00f3n de cookies nos permiten establecer el origen de las visitas y sirven a prop\u00f3sitos t\u00e9cnicos, ninguno de los cuales importa, en principio, la distribuci\u00f3n de datos personales a terceros. La mayor\u00eda de los navegadores hacen una verificaci\u00f3n antes de aceptar cookies. Si usted no desea recibir cookies, o quiere ser alertado antes de recibirlas, puede configurar su navegador a tal efecto. Rechazar las cookies puede impedirle acceder a ciertas \u00e1reas de nuestro sitio web, o recibir la informaci\u00f3n personalizada.<\/p>\n<p>Para interactuar con nosotros a trav\u00e9s de nuestro sitio web, Ud. deber\u00e1 registrarse.<\/p>\n<p>Cuando se registre en nuestro sitio, le solicitaremos su nombre y apellido y direcci\u00f3n de correo electr\u00f3nico.<\/p>\n<p>Tambi\u00e9n solicitaremos otros datos como ser su zona de producci\u00f3n, ocupaci\u00f3n, cultivos con los que se encuentra involucrado y superficie cultivada.<\/p>\n<p>Summit contar\u00e1 con la informaci\u00f3n que nos suministre de manera voluntaria y s\u00f3lo requeriremos la informaci\u00f3n necesaria para desarrollar, implementar y medir nuestra estrategia comercial y su satisfacci\u00f3n con nuestros productos y servicios.<\/p>\n<p>Cuando usted decida suministrarnos informaci\u00f3n, nos estar\u00e1 autorizando a usarla de acuerdo con los t\u00e9rminos de esta Pol\u00edtica.<\/p>\n<\/div>\n<div class=\"right-colum\">\n<p>El Sitio web al que usted ha ingresado tambi\u00e9n puede recolectar su informaci\u00f3n de una tercera persona (por ejemplo, la p\u00e1gina puede autorizarlo a enviar un mensaje de correo electr\u00f3nico a un colega, cliente o un especialista en temas agrarios).<\/p>\n<p>Eventualmente, podemos utilizar la informaci\u00f3n que Ud. suministre para consultarlo u ofrecerle promociones o productos, como tambi\u00e9n servicios. Si en alg\u00fan momento Ud. deseara que dejemos de contactarlo, podr\u00e1 solicitar que dejemos de contactarlo.<\/p>\n<p>Tambi\u00e9n podemos completar su informaci\u00f3n relacion\u00e1ndola con informaci\u00f3n obtenida de terceros y\/u otros datos p\u00fablicos como por ejemplo, los obtenidos por los censos.<\/p>\n<p>En ciertas situaciones podremos utilizar sus datos con proveedores y terceros cuando ello nos ayude a mejorar nuestros servicios y\/o productos.<\/p>\n<p>La informaci\u00f3n que nos proporcione no ser\u00e1 vendida, transferida o divulgada sin su consentimiento. Nuestra intenci\u00f3n es limitar la divulgaci\u00f3n de esa informaci\u00f3n de maneras que no sean las mencionadas en la Pol\u00edtica.<\/p>\n<p>Ud. tiene derecho a acceder, actualizar y suprimir su informaci\u00f3n siempre que lo haga de conformidad con lo previsto en la ley N\u00ba 25.326.<\/p>\n<p>Si Summit deseara introducir cambios sustanciales en la Pol\u00edtica, lo notificaremos publicando una versi\u00f3n actualizada de la Pol\u00edtica en este sitio web.<\/p>\n<p>La informaci\u00f3n ser\u00e1 archivada por Summit Agro Argentina S.A., con domicilio en Carlos Pellegrini 719, Piso 8, CABA, Argentina.<\/p>\n<p>Todas las cuestiones relacionadas con la privacidad de la informaci\u00f3n y uso de cookies estar\u00e1n sometidas a la ley de la Rep\u00fablica Argentina n\u00famero 25.326 y normas complementarias.<\/p>\n<\/div>\n","protected":false},"excerpt":{"rendered":"<p>Este sitio web es operado por o en beneficio de Summit Agro Argentina S.A. (\u201cSummit\u201d). El acceso a los links dispuestos en este sitio requiere la conformidad y aceptaci\u00f3n de los usuarios respecto de la pol\u00edtica de utilizaci\u00f3n de datos de Summit que se indica seguidamente (\u201cPol\u00edtica\u201d). Si continua navegando, consideramos que acepta la implantaci\u00f3n [&hellip;]<\/p>\n","protected":false},"author":1,"featured_media":0,"parent":0,"menu_order":0,"comment_status":"closed","ping_status":"closed","template":"","meta":{"site-sidebar-layout":"default","site-content-layout":"","ast-site-content-layout":"default","site-content-style":"default","site-sidebar-style":"default","ast-global-header-display":"","ast-banner-title-visibility":"","ast-main-header-display":"","ast-hfb-above-header-display":"","ast-hfb-below-header-display":"","ast-hfb-mobile-header-display":"","site-post-title":"","ast-breadcrumbs-content":"","ast-featured-img":"","footer-sml-layout":"","ast-disable-related-posts":"","theme-transparent-header-meta":"","adv-header-id-meta":"","stick-header-meta":"","header-above-stick-meta":"","header-main-stick-meta":"","header-below-stick-meta":"","astra-migrate-meta-layouts":"set","ast-page-background-enabled":"default","ast-page-background-meta":{"desktop":{"background-color":"var(--ast-global-color-4)","background-image":"","background-repeat":"repeat","background-position":"center center","background-size":"auto","background-attachment":"scroll","background-type":"","background-media":"","overlay-type":"","overlay-color":"","overlay-opacity":"","overlay-gradient":""},"tablet":{"background-color":"","background-image":"","background-repeat":"repeat","background-position":"center center","background-size":"auto","background-attachment":"scroll","background-type":"","background-media":"","overlay-type":"","overlay-color":"","overlay-opacity":"","overlay-gradient":""},"mobile":{"background-color":"","background-image":"","background-repeat":"repeat","background-position":"center center","background-size":"auto","background-attachment":"scroll","background-type":"","background-media":"","overlay-type":"","overlay-color":"","overlay-opacity":"","overlay-gradient":""}},"ast-content-background-meta":{"desktop":{"background-color":"var(--ast-global-color-5)","background-image":"","background-repeat":"repeat","background-position":"center center","background-size":"auto","background-attachment":"scroll","background-type":"","background-media":"","overlay-type":"","overlay-color":"","overlay-opacity":"","overlay-gradient":""},"tablet":{"background-color":"var(--ast-global-color-5)","background-image":"","background-repeat":"repeat","background-position":"center center","background-size":"auto","background-attachment":"scroll","background-type":"","background-media":"","overlay-type":"","overlay-color":"","overlay-opacity":"","overlay-gradient":""},"mobile":{"background-color":"var(--ast-global-color-5)","background-image":"","background-repeat":"repeat","background-position":"center center","background-size":"auto","background-attachment":"scroll","background-type":"","background-media":"","overlay-type":"","overlay-color":"","overlay-opacity":"","overlay-gradient":""}},"footnotes":""},"class_list":["post-933","page","type-page","status-publish","hentry"],"yoast_head":"<!-- This site is optimized with the Yoast SEO plugin v27.3 - https:\/\/yoast.com\/product\/yoast-seo-wordpress\/ -->\n<title>Pol\u00edticas de Privacidad - Summit Agro - Argentina<\/title>\n<meta name=\"robots\" content=\"index, follow, max-snippet:-1, max-image-preview:large, max-video-preview:-1\" \/>\n<link rel=\"canonical\" href=\"https:\/\/summit-agro.com\/ar\/es\/politicas-de-privacidad\/\" \/>\n<meta property=\"og:locale\" content=\"es_ES\" \/>\n<meta property=\"og:type\" content=\"article\" \/>\n<meta property=\"og:title\" content=\"Pol\u00edticas de Privacidad - Summit Agro - Argentina\" \/>\n<meta property=\"og:description\" content=\"Este sitio web es operado por o en beneficio de Summit Agro Argentina S.A. (\u201cSummit\u201d). El acceso a los links dispuestos en este sitio requiere la conformidad y aceptaci\u00f3n de los usuarios respecto de la pol\u00edtica de utilizaci\u00f3n de datos de Summit que se indica seguidamente (\u201cPol\u00edtica\u201d). Si continua navegando, consideramos que acepta la implantaci\u00f3n [&hellip;]\" \/>\n<meta property=\"og:url\" content=\"https:\/\/summit-agro.com\/ar\/es\/politicas-de-privacidad\/\" \/>\n<meta property=\"og:site_name\" content=\"Summit Agro - Argentina\" \/>\n<meta property=\"article:modified_time\" content=\"2023-10-25T13:14:47+00:00\" \/>\n<meta name=\"twitter:card\" content=\"summary_large_image\" \/>\n<meta name=\"twitter:label1\" content=\"Tiempo de lectura\" \/>\n\t<meta name=\"twitter:data1\" content=\"3 minutos\" \/>\n<script type=\"application\/ld+json\" class=\"yoast-schema-graph\">{\"@context\":\"https:\\\/\\\/schema.org\",\"@graph\":[{\"@type\":\"WebPage\",\"@id\":\"https:\\\/\\\/summit-agro.com\\\/ar\\\/es\\\/politicas-de-privacidad\\\/\",\"url\":\"https:\\\/\\\/summit-agro.com\\\/ar\\\/es\\\/politicas-de-privacidad\\\/\",\"name\":\"Pol\u00edticas de Privacidad - Summit Agro - Argentina\",\"isPartOf\":{\"@id\":\"https:\\\/\\\/summit-agro.com\\\/ar\\\/es\\\/#website\"},\"datePublished\":\"2021-01-02T06:55:42+00:00\",\"dateModified\":\"2023-10-25T13:14:47+00:00\",\"breadcrumb\":{\"@id\":\"https:\\\/\\\/summit-agro.com\\\/ar\\\/es\\\/politicas-de-privacidad\\\/#breadcrumb\"},\"inLanguage\":\"es-AR\",\"potentialAction\":[{\"@type\":\"ReadAction\",\"target\":[\"https:\\\/\\\/summit-agro.com\\\/ar\\\/es\\\/politicas-de-privacidad\\\/\"]}]},{\"@type\":\"BreadcrumbList\",\"@id\":\"https:\\\/\\\/summit-agro.com\\\/ar\\\/es\\\/politicas-de-privacidad\\\/#breadcrumb\",\"itemListElement\":[{\"@type\":\"ListItem\",\"position\":1,\"name\":\"Portada\",\"item\":\"https:\\\/\\\/summit-agro.com\\\/ar\\\/es\\\/\"},{\"@type\":\"ListItem\",\"position\":2,\"name\":\"Pol\u00edticas de Privacidad\"}]},{\"@type\":\"WebSite\",\"@id\":\"https:\\\/\\\/summit-agro.com\\\/ar\\\/es\\\/#website\",\"url\":\"https:\\\/\\\/summit-agro.com\\\/ar\\\/es\\\/\",\"name\":\"Summit Agro - Argentina\",\"description\":\"\",\"publisher\":{\"@id\":\"https:\\\/\\\/summit-agro.com\\\/ar\\\/es\\\/#organization\"},\"potentialAction\":[{\"@type\":\"SearchAction\",\"target\":{\"@type\":\"EntryPoint\",\"urlTemplate\":\"https:\\\/\\\/summit-agro.com\\\/ar\\\/es\\\/?s={search_term_string}\"},\"query-input\":{\"@type\":\"PropertyValueSpecification\",\"valueRequired\":true,\"valueName\":\"search_term_string\"}}],\"inLanguage\":\"es-AR\"},{\"@type\":\"Organization\",\"@id\":\"https:\\\/\\\/summit-agro.com\\\/ar\\\/es\\\/#organization\",\"name\":\"Summit Agro - Argentina\",\"url\":\"https:\\\/\\\/summit-agro.com\\\/ar\\\/es\\\/\",\"logo\":{\"@type\":\"ImageObject\",\"inLanguage\":\"es-AR\",\"@id\":\"https:\\\/\\\/summit-agro.com\\\/ar\\\/es\\\/#\\\/schema\\\/logo\\\/image\\\/\",\"url\":\"https:\\\/\\\/summit-agro.com\\\/ar\\\/es\\\/wp-content\\\/uploads\\\/2021\\\/12\\\/summitlogo.png\",\"contentUrl\":\"https:\\\/\\\/summit-agro.com\\\/ar\\\/es\\\/wp-content\\\/uploads\\\/2021\\\/12\\\/summitlogo.png\",\"width\":192,\"height\":76,\"caption\":\"Summit Agro - Argentina\"},\"image\":{\"@id\":\"https:\\\/\\\/summit-agro.com\\\/ar\\\/es\\\/#\\\/schema\\\/logo\\\/image\\\/\"}}]}<\/script>\n<!-- \/ Yoast SEO plugin. -->","yoast_head_json":{"title":"Pol\u00edticas de Privacidad - Summit Agro - Argentina","robots":{"index":"index","follow":"follow","max-snippet":"max-snippet:-1","max-image-preview":"max-image-preview:large","max-video-preview":"max-video-preview:-1"},"canonical":"https:\/\/summit-agro.com\/ar\/es\/politicas-de-privacidad\/","og_locale":"es_ES","og_type":"article","og_title":"Pol\u00edticas de Privacidad - Summit Agro - Argentina","og_description":"Este sitio web es operado por o en beneficio de Summit Agro Argentina S.A. (\u201cSummit\u201d). El acceso a los links dispuestos en este sitio requiere la conformidad y aceptaci\u00f3n de los usuarios respecto de la pol\u00edtica de utilizaci\u00f3n de datos de Summit que se indica seguidamente (\u201cPol\u00edtica\u201d). Si continua navegando, consideramos que acepta la implantaci\u00f3n [&hellip;]","og_url":"https:\/\/summit-agro.com\/ar\/es\/politicas-de-privacidad\/","og_site_name":"Summit Agro - Argentina","article_modified_time":"2023-10-25T13:14:47+00:00","twitter_card":"summary_large_image","twitter_misc":{"Tiempo de lectura":"3 minutos"},"schema":{"@context":"https:\/\/schema.org","@graph":[{"@type":"WebPage","@id":"https:\/\/summit-agro.com\/ar\/es\/politicas-de-privacidad\/","url":"https:\/\/summit-agro.com\/ar\/es\/politicas-de-privacidad\/","name":"Pol\u00edticas de Privacidad - Summit Agro - Argentina","isPartOf":{"@id":"https:\/\/summit-agro.com\/ar\/es\/#website"},"datePublished":"2021-01-02T06:55:42+00:00","dateModified":"2023-10-25T13:14:47+00:00","breadcrumb":{"@id":"https:\/\/summit-agro.com\/ar\/es\/politicas-de-privacidad\/#breadcrumb"},"inLanguage":"es-AR","potentialAction":[{"@type":"ReadAction","target":["https:\/\/summit-agro.com\/ar\/es\/politicas-de-privacidad\/"]}]},{"@type":"BreadcrumbList","@id":"https:\/\/summit-agro.com\/ar\/es\/politicas-de-privacidad\/#breadcrumb","itemListElement":[{"@type":"ListItem","position":1,"name":"Portada","item":"https:\/\/summit-agro.com\/ar\/es\/"},{"@type":"ListItem","position":2,"name":"Pol\u00edticas de Privacidad"}]},{"@type":"WebSite","@id":"https:\/\/summit-agro.com\/ar\/es\/#website","url":"https:\/\/summit-agro.com\/ar\/es\/","name":"Summit Agro - Argentina","description":"","publisher":{"@id":"https:\/\/summit-agro.com\/ar\/es\/#organization"},"potentialAction":[{"@type":"SearchAction","target":{"@type":"EntryPoint","urlTemplate":"https:\/\/summit-agro.com\/ar\/es\/?s={search_term_string}"},"query-input":{"@type":"PropertyValueSpecification","valueRequired":true,"valueName":"search_term_string"}}],"inLanguage":"es-AR"},{"@type":"Organization","@id":"https:\/\/summit-agro.com\/ar\/es\/#organization","name":"Summit Agro - Argentina","url":"https:\/\/summit-agro.com\/ar\/es\/","logo":{"@type":"ImageObject","inLanguage":"es-AR","@id":"https:\/\/summit-agro.com\/ar\/es\/#\/schema\/logo\/image\/","url":"https:\/\/summit-agro.com\/ar\/es\/wp-content\/uploads\/2021\/12\/summitlogo.png","contentUrl":"https:\/\/summit-agro.com\/ar\/es\/wp-content\/uploads\/2021\/12\/summitlogo.png","width":192,"height":76,"caption":"Summit Agro - Argentina"},"image":{"@id":"https:\/\/summit-agro.com\/ar\/es\/#\/schema\/logo\/image\/"}}]}},"_links":{"self":[{"href":"https:\/\/summit-agro.com\/ar\/es\/wp-json\/wp\/v2\/pages\/933","targetHints":{"allow":["GET"]}}],"collection":[{"href":"https:\/\/summit-agro.com\/ar\/es\/wp-json\/wp\/v2\/pages"}],"about":[{"href":"https:\/\/summit-agro.com\/ar\/es\/wp-json\/wp\/v2\/types\/page"}],"author":[{"embeddable":true,"href":"https:\/\/summit-agro.com\/ar\/es\/wp-json\/wp\/v2\/users\/1"}],"replies":[{"embeddable":true,"href":"https:\/\/summit-agro.com\/ar\/es\/wp-json\/wp\/v2\/comments?post=933"}],"version-history":[{"count":4,"href":"https:\/\/summit-agro.com\/ar\/es\/wp-json\/wp\/v2\/pages\/933\/revisions"}],"predecessor-version":[{"id":3604,"href":"https:\/\/summit-agro.com\/ar\/es\/wp-json\/wp\/v2\/pages\/933\/revisions\/3604"}],"wp:attachment":[{"href":"https:\/\/summit-agro.com\/ar\/es\/wp-json\/wp\/v2\/media?parent=933"}],"curies":[{"name":"wp","href":"https:\/\/api.w.org\/{rel}","templated":true}]}}