{"id":926,"date":"2021-01-02T02:49:41","date_gmt":"2021-01-02T05:49:41","guid":{"rendered":"https:\/\/summit-agro.com\/ar\/es\/?page_id=926"},"modified":"2023-10-25T10:13:45","modified_gmt":"2023-10-25T13:13:45","slug":"terminos-y-condiciones","status":"publish","type":"page","link":"https:\/\/summit-agro.com\/ar\/es\/terminos-y-condiciones\/","title":{"rendered":"T\u00e9rminos y Condiciones"},"content":{"rendered":"<p><span class=\"Apple-style-span\">El acceso a este Sitio y la utilizaci\u00f3n de sus servicios est\u00e1 sujeta a los t\u00e9rminos y condiciones generales que se establecen a continuaci\u00f3n, y a las de \u00edndole particular que aparecen en sus anexos o en las carteleras de una determinada p\u00e1gina del mismo (los \u201cT\u00e9rminos y Condiciones\u201d). De continuar Ud. (el \u201cUsuario\u201d) la visita de este Sitio, se entender\u00e1 que presta su conformidad con los T\u00e9rminos y Condiciones.<\/span><\/p>\n<p>Estos T\u00e9rminos y Condiciones est\u00e1n sujetos a modificaciones, las que entrar\u00e1n en vigencia a partir del momento en que sean publicadas en este Sitio o notificadas al Usuario, lo que ocurra primero.<\/p>\n<h3><strong><span class=\"Apple-style-span\">Servicio<\/span><\/strong><\/h3>\n<p>\u00c9ste consiste en un medio de informaci\u00f3n, publicidad y comunicaciones on-line provisto por Summit Agro Argentina S.A., de aqu\u00ed en adelante \u201cSummit\u201d, y supone la aceptaci\u00f3n por el Usuario de estos T\u00e9rminos y Condiciones.<\/p>\n<p>La informaci\u00f3n contenida en el Sitio proviene de varias fuentes. Dicha informaci\u00f3n no puede considerarse exhaustiva, completa, o que satisfar\u00e1 todas las necesidades del Usuario. En su gran mayor\u00eda, esa informaci\u00f3n est\u00e1 meramente destinada a permitir al Usuario el acceso a una mayor cantidad de datos sobre el tema de su inter\u00e9s, siendo que algunos contenidos pueden ser provistos por terceros, sin un efectivo control por parte de Summit, por lo que se sugiere al Usuario que lea con especial cuidado estos T\u00e9rminos y Condiciones.<\/p>\n<h3><strong><span class=\"Apple-style-span\">Responsabilidad por la Informaci\u00f3n contenida en el Servicio<\/span><\/strong><\/h3>\n<p>Summit no se responsabiliza por los da\u00f1os y perjuicios que pudiera ocasionar el uso de la informaci\u00f3n que provee el Servicio.<\/p>\n<p>Summit no garantiza la veracidad o vigencia de esa informaci\u00f3n, ni que dicha informaci\u00f3n no haya sido alterada, luego de su inserci\u00f3n en el Sitio.<\/p>\n<p>En caso que el Usuario se sienta agraviado o perjudicado por esa informaci\u00f3n, deber\u00e1 dirigir su acci\u00f3n exclusivamente contra el Proveedor de la misma. En tal supuesto, a pedido del Usuario, Summit pondr\u00e1 a su disposici\u00f3n, en la medida que los posea, los datos necesarios para que pueda hacer su reclamo.<\/p>\n<p>Summit tampoco se responsabiliza por: (i) la inviolabilidad de la transmisi\u00f3n de los datos cursados por las redes p\u00fablicas de telecomunicaciones, o por cualquier otro medio telem\u00e1tico, o de los mensajes que el Usuario curse con otros Usuarios en su caso. Responsabilidad sobre enlaces.<\/p>\n<p>Summit puede facilitar enlaces, websites o servicios de otras compa\u00f1\u00edas a trav\u00e9s de su\/s Sitio\/s, as\u00ed como facilitar al Usuario de su Sitio web, la descarga de softwares de terceros. El Usuario entiende y acepta que Summit no controla y no es responsable de estos servicios y productos.<\/p>\n<p>El Usuario del Sitio acepta y reconoce que Summit no controla, ni supervisa, ni asume responsabilidad alguna por la calidad, seguridad, caracter\u00edsticas y dem\u00e1s elementos de los productos y\/o servicios promocionados u ofrecidos por terceros en su Sitio web.<\/p>\n<h3><strong><span class=\"Apple-style-span\">Responsabilidad por Downloads (descargas)<\/span><\/strong><\/h3>\n<p>Corre por cuenta del Usuario el verificar la inexistencia de virus en los programas y materiales que el Usuario descargue en su equipo. En ning\u00fan caso el Titular ser\u00e1 responsable por los da\u00f1os causados por elementos destructivos que pudieran haber introducido terceros a los materiales de download provistos por Summit, ni por los materiales de download suministrados por los Proveedores de Informaci\u00f3n o un tercero sin autorizaci\u00f3n expresa de Summit.<\/p>\n<h3><strong><span class=\"Apple-style-span\">Sitios Vinculados<\/span><\/strong><\/h3>\n<p>El Usuario reconoce que ni Summit ni los Proveedores de Informaci\u00f3n tienen control alguno sobre otros sitios a los que puede acceder a trav\u00e9s de links u otro tipo de vinculaci\u00f3n telem\u00e1tica (los Sitios Vinculados). Por lo tanto ninguno de ellos se hace responsable por el contenido de los Sitios Vinculados.<\/p>\n<h3><strong><span class=\"Apple-style-span\">Varios<\/span><\/strong><\/h3>\n<p>&#8211;<strong>Licencias de Software.<\/strong> Summit y los Proveedores de Informaci\u00f3n conceden al Usuario una licencia de uso intransferible, no exclusiva y revocable para utilizar los materiales de download.<br \/>\n-Summit no est\u00e1 obligado a proveer ning\u00fan equipo o programa de software para acceder al Servicio. El Usuario deber\u00e1 contar con todo los recursos necesarios para ello, incluidos los de telecomunicaciones.<br \/>\n&#8211;<strong>Pol\u00edtica de Uso del Servicio.<\/strong>\u00a0El Usuario acepta la Pol\u00edtica de Uso del Servicio establecida en el presente, y sus modificaciones. Summit se reserva el derecho de eliminar o modificar cualquier informaci\u00f3n, comunicaci\u00f3n, material de download, o mensaje que en su opini\u00f3n viole la Pol\u00edtica de Uso.<br \/>\n&#8211;<strong>Derechos de Autor.<\/strong>\u00a0La informaci\u00f3n contenida en el Sitio puede ser propiedad intelectual de Summit, de los Proveedores de Informaci\u00f3n o de un tercero. La informaci\u00f3n y los materiales de download s\u00f3lo podr\u00e1n ser utilizados con fines no comerciales.<br \/>\n-La retransmisi\u00f3n o publicaci\u00f3n de cualquier material se encuentra prohibida sin el previo consentimiento escrito de su autor. En los casos en que se autorice, el Usuario deber\u00e1 citar al autor y no podr\u00e1 modificar este material.<br \/>\n&#8211;<strong>Control de Contenidos.<\/strong> Summit no controla las comunicaciones y materiales que los Usuarios o Proveedores de Informaci\u00f3n ingresan al sitio. Summit no se hace responsable por el contenido de estas comunicaciones y materiales, sin perjuicio de lo cual se reserva el derecho de bloquear el acceso o de eliminar cualquier comunicaci\u00f3n o material que considere (a) abusivo, difamatorio, obsceno, falso o enga\u00f1oso, (b) violatorio de derechos de propiedad intelectual de un tercero o (c) violatorio de las disposiciones de la Pol\u00edtica de Uso del Servicio.<br \/>\n&#8211;<strong>Compromiso de Indemnidad.\u00a0<\/strong>El Usuario se obliga a mantener indemne a Summit, sus dependientes, licenciantes, proveedores y licenciatarios de los da\u00f1os resultantes (incluyendo los costos de defensa) de cualquier acto o hecho il\u00edcito imputable al Usuario o a un tercero que utilice la cuenta del Usuario. Summit podr\u00e1 variar, eliminar y\/o agregar t\u00e9rminos y\/o condiciones en cualquiera de las cl\u00e1usulas del presente contrato, sin la previa conformidad del Usuario. El Usuario se hace exclusivo responsable por la confidencialidad y el uso de su contrase\u00f1a, como as\u00ed tambi\u00e9n por las instrucciones que se ejecuten en su nombre a partir de la utilizaci\u00f3n del sistema.<br \/>\n&#8211;<strong>Jurisdicci\u00f3n y Ley Aplicable.\u00a0<\/strong>Toda cuesti\u00f3n entre Summit y el Usuario estar\u00e1 regida por las leyes de la Rep\u00fablica Argentina, con exclusi\u00f3n de toda norma que remita a la aplicaci\u00f3n de una ley extranjera. Cualquier controversia ser\u00e1 sometida a los Tribunales Ordinarios en lo Comercial de la Capital Federal.<br \/>\n-La demora u omisi\u00f3n de Summit en exigir el estricto cumplimiento de estos T\u00e9rminos y Condiciones no podr\u00e1 interpretarse como renuncia a sus derechos.<br \/>\n&#8211;<strong>Nulidad parcial.\u00a0<\/strong>En caso que alguna disposici\u00f3n de estos T\u00e9rminos y Condiciones fuera declarada nula, ello no afectar\u00e1 la validez de las dem\u00e1s.<br \/>\n-Summit es una marca registrada de Summit Agro Argentina S.A. Toda otra marca o logotipo que aparezca en el Sitio pertenece a Summit o a terceros y el Usuario no podr\u00e1 utilizarlas sin autorizaci\u00f3n de su propietario.<br \/>\n-Las notificaciones al Usuario podr\u00e1n cursarse por (i) correo electr\u00f3nico, (ii) por nota enviada por correo al domicilio legal de Summit en el presente.<\/p>\n<h3><strong><span class=\"Apple-style-span\">Datos de Summit<\/span><\/strong><\/h3>\n<p>Summit Agro Argentina S.A.<br \/>\nCUIT: 30-70778322-9<br \/>\nTel.\/ Fax: (+54) 0810 333 SUMMIT<br \/>\nCarlos Pellegrini 719. Piso 8\u00ba<br \/>\nCiudad Aut\u00f3noma de Buenos Aires<br \/>\nRep\u00fablica Argentina<\/p>\n","protected":false},"excerpt":{"rendered":"<p>El acceso a este Sitio y la utilizaci\u00f3n de sus servicios est\u00e1 sujeta a los t\u00e9rminos y condiciones generales que se establecen a continuaci\u00f3n, y a las de \u00edndole particular que aparecen en sus anexos o en las carteleras de una determinada p\u00e1gina del mismo (los \u201cT\u00e9rminos y Condiciones\u201d). De continuar Ud. (el \u201cUsuario\u201d) la [&hellip;]<\/p>\n","protected":false},"author":1,"featured_media":0,"parent":0,"menu_order":0,"comment_status":"closed","ping_status":"closed","template":"","meta":{"site-sidebar-layout":"default","site-content-layout":"","ast-site-content-layout":"default","site-content-style":"default","site-sidebar-style":"default","ast-global-header-display":"","ast-banner-title-visibility":"","ast-main-header-display":"","ast-hfb-above-header-display":"","ast-hfb-below-header-display":"","ast-hfb-mobile-header-display":"","site-post-title":"","ast-breadcrumbs-content":"","ast-featured-img":"","footer-sml-layout":"","ast-disable-related-posts":"","theme-transparent-header-meta":"","adv-header-id-meta":"","stick-header-meta":"","header-above-stick-meta":"","header-main-stick-meta":"","header-below-stick-meta":"","astra-migrate-meta-layouts":"set","ast-page-background-enabled":"default","ast-page-background-meta":{"desktop":{"background-color":"var(--ast-global-color-4)","background-image":"","background-repeat":"repeat","background-position":"center center","background-size":"auto","background-attachment":"scroll","background-type":"","background-media":"","overlay-type":"","overlay-color":"","overlay-opacity":"","overlay-gradient":""},"tablet":{"background-color":"","background-image":"","background-repeat":"repeat","background-position":"center center","background-size":"auto","background-attachment":"scroll","background-type":"","background-media":"","overlay-type":"","overlay-color":"","overlay-opacity":"","overlay-gradient":""},"mobile":{"background-color":"","background-image":"","background-repeat":"repeat","background-position":"center center","background-size":"auto","background-attachment":"scroll","background-type":"","background-media":"","overlay-type":"","overlay-color":"","overlay-opacity":"","overlay-gradient":""}},"ast-content-background-meta":{"desktop":{"background-color":"var(--ast-global-color-5)","background-image":"","background-repeat":"repeat","background-position":"center center","background-size":"auto","background-attachment":"scroll","background-type":"","background-media":"","overlay-type":"","overlay-color":"","overlay-opacity":"","overlay-gradient":""},"tablet":{"background-color":"var(--ast-global-color-5)","background-image":"","background-repeat":"repeat","background-position":"center center","background-size":"auto","background-attachment":"scroll","background-type":"","background-media":"","overlay-type":"","overlay-color":"","overlay-opacity":"","overlay-gradient":""},"mobile":{"background-color":"var(--ast-global-color-5)","background-image":"","background-repeat":"repeat","background-position":"center center","background-size":"auto","background-attachment":"scroll","background-type":"","background-media":"","overlay-type":"","overlay-color":"","overlay-opacity":"","overlay-gradient":""}},"footnotes":""},"class_list":["post-926","page","type-page","status-publish","hentry"],"yoast_head":"<!-- This site is optimized with the Yoast SEO plugin v27.3 - https:\/\/yoast.com\/product\/yoast-seo-wordpress\/ -->\n<title>T\u00e9rminos y Condiciones - Summit Agro - Argentina<\/title>\n<meta name=\"robots\" content=\"index, follow, max-snippet:-1, max-image-preview:large, max-video-preview:-1\" \/>\n<link rel=\"canonical\" href=\"https:\/\/summit-agro.com\/ar\/es\/terminos-y-condiciones\/\" \/>\n<meta property=\"og:locale\" content=\"es_ES\" \/>\n<meta property=\"og:type\" content=\"article\" \/>\n<meta property=\"og:title\" content=\"T\u00e9rminos y Condiciones - Summit Agro - Argentina\" \/>\n<meta property=\"og:description\" content=\"El acceso a este Sitio y la utilizaci\u00f3n de sus servicios est\u00e1 sujeta a los t\u00e9rminos y condiciones generales que se establecen a continuaci\u00f3n, y a las de \u00edndole particular que aparecen en sus anexos o en las carteleras de una determinada p\u00e1gina del mismo (los \u201cT\u00e9rminos y Condiciones\u201d). De continuar Ud. (el \u201cUsuario\u201d) la [&hellip;]\" \/>\n<meta property=\"og:url\" content=\"https:\/\/summit-agro.com\/ar\/es\/terminos-y-condiciones\/\" \/>\n<meta property=\"og:site_name\" content=\"Summit Agro - Argentina\" \/>\n<meta property=\"article:modified_time\" content=\"2023-10-25T13:13:45+00:00\" \/>\n<meta name=\"twitter:card\" content=\"summary_large_image\" \/>\n<meta name=\"twitter:label1\" content=\"Tiempo de lectura\" \/>\n\t<meta name=\"twitter:data1\" content=\"6 minutos\" \/>\n<script type=\"application\/ld+json\" class=\"yoast-schema-graph\">{\"@context\":\"https:\\\/\\\/schema.org\",\"@graph\":[{\"@type\":\"WebPage\",\"@id\":\"https:\\\/\\\/summit-agro.com\\\/ar\\\/es\\\/terminos-y-condiciones\\\/\",\"url\":\"https:\\\/\\\/summit-agro.com\\\/ar\\\/es\\\/terminos-y-condiciones\\\/\",\"name\":\"T\u00e9rminos y Condiciones - Summit Agro - Argentina\",\"isPartOf\":{\"@id\":\"https:\\\/\\\/summit-agro.com\\\/ar\\\/es\\\/#website\"},\"datePublished\":\"2021-01-02T05:49:41+00:00\",\"dateModified\":\"2023-10-25T13:13:45+00:00\",\"breadcrumb\":{\"@id\":\"https:\\\/\\\/summit-agro.com\\\/ar\\\/es\\\/terminos-y-condiciones\\\/#breadcrumb\"},\"inLanguage\":\"es-AR\",\"potentialAction\":[{\"@type\":\"ReadAction\",\"target\":[\"https:\\\/\\\/summit-agro.com\\\/ar\\\/es\\\/terminos-y-condiciones\\\/\"]}]},{\"@type\":\"BreadcrumbList\",\"@id\":\"https:\\\/\\\/summit-agro.com\\\/ar\\\/es\\\/terminos-y-condiciones\\\/#breadcrumb\",\"itemListElement\":[{\"@type\":\"ListItem\",\"position\":1,\"name\":\"Portada\",\"item\":\"https:\\\/\\\/summit-agro.com\\\/ar\\\/es\\\/\"},{\"@type\":\"ListItem\",\"position\":2,\"name\":\"T\u00e9rminos y Condiciones\"}]},{\"@type\":\"WebSite\",\"@id\":\"https:\\\/\\\/summit-agro.com\\\/ar\\\/es\\\/#website\",\"url\":\"https:\\\/\\\/summit-agro.com\\\/ar\\\/es\\\/\",\"name\":\"Summit Agro - Argentina\",\"description\":\"\",\"publisher\":{\"@id\":\"https:\\\/\\\/summit-agro.com\\\/ar\\\/es\\\/#organization\"},\"potentialAction\":[{\"@type\":\"SearchAction\",\"target\":{\"@type\":\"EntryPoint\",\"urlTemplate\":\"https:\\\/\\\/summit-agro.com\\\/ar\\\/es\\\/?s={search_term_string}\"},\"query-input\":{\"@type\":\"PropertyValueSpecification\",\"valueRequired\":true,\"valueName\":\"search_term_string\"}}],\"inLanguage\":\"es-AR\"},{\"@type\":\"Organization\",\"@id\":\"https:\\\/\\\/summit-agro.com\\\/ar\\\/es\\\/#organization\",\"name\":\"Summit Agro - Argentina\",\"url\":\"https:\\\/\\\/summit-agro.com\\\/ar\\\/es\\\/\",\"logo\":{\"@type\":\"ImageObject\",\"inLanguage\":\"es-AR\",\"@id\":\"https:\\\/\\\/summit-agro.com\\\/ar\\\/es\\\/#\\\/schema\\\/logo\\\/image\\\/\",\"url\":\"https:\\\/\\\/summit-agro.com\\\/ar\\\/es\\\/wp-content\\\/uploads\\\/2021\\\/12\\\/summitlogo.png\",\"contentUrl\":\"https:\\\/\\\/summit-agro.com\\\/ar\\\/es\\\/wp-content\\\/uploads\\\/2021\\\/12\\\/summitlogo.png\",\"width\":192,\"height\":76,\"caption\":\"Summit Agro - Argentina\"},\"image\":{\"@id\":\"https:\\\/\\\/summit-agro.com\\\/ar\\\/es\\\/#\\\/schema\\\/logo\\\/image\\\/\"}}]}<\/script>\n<!-- \/ Yoast SEO plugin. -->","yoast_head_json":{"title":"T\u00e9rminos y Condiciones - Summit Agro - Argentina","robots":{"index":"index","follow":"follow","max-snippet":"max-snippet:-1","max-image-preview":"max-image-preview:large","max-video-preview":"max-video-preview:-1"},"canonical":"https:\/\/summit-agro.com\/ar\/es\/terminos-y-condiciones\/","og_locale":"es_ES","og_type":"article","og_title":"T\u00e9rminos y Condiciones - Summit Agro - Argentina","og_description":"El acceso a este Sitio y la utilizaci\u00f3n de sus servicios est\u00e1 sujeta a los t\u00e9rminos y condiciones generales que se establecen a continuaci\u00f3n, y a las de \u00edndole particular que aparecen en sus anexos o en las carteleras de una determinada p\u00e1gina del mismo (los \u201cT\u00e9rminos y Condiciones\u201d). De continuar Ud. (el \u201cUsuario\u201d) la [&hellip;]","og_url":"https:\/\/summit-agro.com\/ar\/es\/terminos-y-condiciones\/","og_site_name":"Summit Agro - Argentina","article_modified_time":"2023-10-25T13:13:45+00:00","twitter_card":"summary_large_image","twitter_misc":{"Tiempo de lectura":"6 minutos"},"schema":{"@context":"https:\/\/schema.org","@graph":[{"@type":"WebPage","@id":"https:\/\/summit-agro.com\/ar\/es\/terminos-y-condiciones\/","url":"https:\/\/summit-agro.com\/ar\/es\/terminos-y-condiciones\/","name":"T\u00e9rminos y Condiciones - Summit Agro - Argentina","isPartOf":{"@id":"https:\/\/summit-agro.com\/ar\/es\/#website"},"datePublished":"2021-01-02T05:49:41+00:00","dateModified":"2023-10-25T13:13:45+00:00","breadcrumb":{"@id":"https:\/\/summit-agro.com\/ar\/es\/terminos-y-condiciones\/#breadcrumb"},"inLanguage":"es-AR","potentialAction":[{"@type":"ReadAction","target":["https:\/\/summit-agro.com\/ar\/es\/terminos-y-condiciones\/"]}]},{"@type":"BreadcrumbList","@id":"https:\/\/summit-agro.com\/ar\/es\/terminos-y-condiciones\/#breadcrumb","itemListElement":[{"@type":"ListItem","position":1,"name":"Portada","item":"https:\/\/summit-agro.com\/ar\/es\/"},{"@type":"ListItem","position":2,"name":"T\u00e9rminos y Condiciones"}]},{"@type":"WebSite","@id":"https:\/\/summit-agro.com\/ar\/es\/#website","url":"https:\/\/summit-agro.com\/ar\/es\/","name":"Summit Agro - Argentina","description":"","publisher":{"@id":"https:\/\/summit-agro.com\/ar\/es\/#organization"},"potentialAction":[{"@type":"SearchAction","target":{"@type":"EntryPoint","urlTemplate":"https:\/\/summit-agro.com\/ar\/es\/?s={search_term_string}"},"query-input":{"@type":"PropertyValueSpecification","valueRequired":true,"valueName":"search_term_string"}}],"inLanguage":"es-AR"},{"@type":"Organization","@id":"https:\/\/summit-agro.com\/ar\/es\/#organization","name":"Summit Agro - Argentina","url":"https:\/\/summit-agro.com\/ar\/es\/","logo":{"@type":"ImageObject","inLanguage":"es-AR","@id":"https:\/\/summit-agro.com\/ar\/es\/#\/schema\/logo\/image\/","url":"https:\/\/summit-agro.com\/ar\/es\/wp-content\/uploads\/2021\/12\/summitlogo.png","contentUrl":"https:\/\/summit-agro.com\/ar\/es\/wp-content\/uploads\/2021\/12\/summitlogo.png","width":192,"height":76,"caption":"Summit Agro - Argentina"},"image":{"@id":"https:\/\/summit-agro.com\/ar\/es\/#\/schema\/logo\/image\/"}}]}},"_links":{"self":[{"href":"https:\/\/summit-agro.com\/ar\/es\/wp-json\/wp\/v2\/pages\/926","targetHints":{"allow":["GET"]}}],"collection":[{"href":"https:\/\/summit-agro.com\/ar\/es\/wp-json\/wp\/v2\/pages"}],"about":[{"href":"https:\/\/summit-agro.com\/ar\/es\/wp-json\/wp\/v2\/types\/page"}],"author":[{"embeddable":true,"href":"https:\/\/summit-agro.com\/ar\/es\/wp-json\/wp\/v2\/users\/1"}],"replies":[{"embeddable":true,"href":"https:\/\/summit-agro.com\/ar\/es\/wp-json\/wp\/v2\/comments?post=926"}],"version-history":[{"count":7,"href":"https:\/\/summit-agro.com\/ar\/es\/wp-json\/wp\/v2\/pages\/926\/revisions"}],"predecessor-version":[{"id":5005,"href":"https:\/\/summit-agro.com\/ar\/es\/wp-json\/wp\/v2\/pages\/926\/revisions\/5005"}],"wp:attachment":[{"href":"https:\/\/summit-agro.com\/ar\/es\/wp-json\/wp\/v2\/media?parent=926"}],"curies":[{"name":"wp","href":"https:\/\/api.w.org\/{rel}","templated":true}]}}