{"id":5099,"date":"2023-11-06T14:07:41","date_gmt":"2023-11-06T17:07:41","guid":{"rendered":"https:\/\/summit-agro.com\/ar\/es\/?page_id=5099"},"modified":"2024-11-25T00:35:04","modified_gmt":"2024-11-25T03:35:04","slug":"rse","status":"publish","type":"page","link":"https:\/\/summit-agro.com\/ar\/es\/rse\/","title":{"rendered":"RSE"},"content":{"rendered":"\t\t<div data-elementor-type=\"wp-page\" data-elementor-id=\"5099\" class=\"elementor elementor-5099\">\n\t\t\t\t\t\t<section class=\"elementor-section elementor-top-section elementor-element elementor-element-0b85677 elementor-section-boxed elementor-section-height-default elementor-section-height-default\" data-id=\"0b85677\" data-element_type=\"section\" data-e-type=\"section\" data-settings=\"{&quot;background_background&quot;:&quot;classic&quot;}\">\n\t\t\t\t\t\t\t<div class=\"elementor-background-overlay\"><\/div>\n\t\t\t\t\t\t\t<div class=\"elementor-container elementor-column-gap-default\">\n\t\t\t\t\t<div class=\"elementor-column elementor-col-100 elementor-top-column elementor-element elementor-element-fc4d980\" data-id=\"fc4d980\" data-element_type=\"column\" data-e-type=\"column\">\n\t\t\t<div class=\"elementor-widget-wrap elementor-element-populated\">\n\t\t\t\t\t\t<div class=\"elementor-element elementor-element-cc9c647 elementor-widget elementor-widget-heading\" data-id=\"cc9c647\" data-element_type=\"widget\" data-e-type=\"widget\" data-widget_type=\"heading.default\">\n\t\t\t\t<div class=\"elementor-widget-container\">\n\t\t\t\t\t<h2 class=\"elementor-heading-title elementor-size-default\">RSE<\/h2>\t\t\t\t<\/div>\n\t\t\t\t<\/div>\n\t\t\t\t\t<\/div>\n\t\t<\/div>\n\t\t\t\t\t<\/div>\n\t\t<\/section>\n\t\t\t\t<section class=\"elementor-section elementor-top-section elementor-element elementor-element-17a0cc9 elementor-section-boxed elementor-section-height-default elementor-section-height-default\" data-id=\"17a0cc9\" data-element_type=\"section\" data-e-type=\"section\" data-settings=\"{&quot;background_background&quot;:&quot;classic&quot;}\">\n\t\t\t\t\t\t<div class=\"elementor-container elementor-column-gap-default\">\n\t\t\t\t\t<div class=\"elementor-column elementor-col-100 elementor-top-column elementor-element elementor-element-0087150\" data-id=\"0087150\" data-element_type=\"column\" data-e-type=\"column\">\n\t\t\t<div class=\"elementor-widget-wrap elementor-element-populated\">\n\t\t\t\t\t\t<section class=\"elementor-section elementor-inner-section elementor-element elementor-element-59a02e9 elementor-section-boxed elementor-section-height-default elementor-section-height-default\" data-id=\"59a02e9\" data-element_type=\"section\" data-e-type=\"section\">\n\t\t\t\t\t\t<div class=\"elementor-container elementor-column-gap-default\">\n\t\t\t\t\t<div class=\"elementor-column elementor-col-100 elementor-inner-column elementor-element elementor-element-22aaaef\" data-id=\"22aaaef\" data-element_type=\"column\" data-e-type=\"column\" data-settings=\"{&quot;background_background&quot;:&quot;classic&quot;}\">\n\t\t\t<div class=\"elementor-widget-wrap elementor-element-populated\">\n\t\t\t\t\t\t<div class=\"elementor-element elementor-element-20c2df1 elementor-widget elementor-widget-text-editor\" data-id=\"20c2df1\" data-element_type=\"widget\" data-e-type=\"widget\" data-widget_type=\"text-editor.default\">\n\t\t\t\t<div class=\"elementor-widget-container\">\n\t\t\t\t\t\t\t\t\t<div id=\"bannerR\"><div id=\"lipsumcom_right_siderail\" align=\"center\" data-freestar-ad=\"__300x600\" data-google-query-id=\"CNPYrP_ur4IDFWFFuAQdTsID1A\"><div id=\"google_ads_iframe_\/15184186,22440292294\/lipsumcom_right_siderail_0__container__\">\u00a0<\/div><\/div><\/div><div class=\"boxed\"><div id=\"lipsum\"><p>Asumiendo el compromiso corporativo de contribuir a un desarrollo sostenible, en Summit Agro construimos una fuerte Responsabilidad Social Empresaria.<\/p><p>Es en este marco, es que trabajamos peri\u00f3dicamente para impulsar los siguientes pilares:\u00a0<\/p><\/div><\/div>\t\t\t\t\t\t\t\t<\/div>\n\t\t\t\t<\/div>\n\t\t\t\t\t<\/div>\n\t\t<\/div>\n\t\t\t\t\t<\/div>\n\t\t<\/section>\n\t\t\t\t<section class=\"elementor-section elementor-inner-section elementor-element elementor-element-62d2a22 elementor-section-boxed elementor-section-height-default elementor-section-height-default\" data-id=\"62d2a22\" data-element_type=\"section\" data-e-type=\"section\">\n\t\t\t\t\t\t<div class=\"elementor-container elementor-column-gap-default\">\n\t\t\t\t\t<div class=\"elementor-column elementor-col-33 elementor-inner-column elementor-element elementor-element-6152669\" data-id=\"6152669\" data-element_type=\"column\" data-e-type=\"column\" data-settings=\"{&quot;background_background&quot;:&quot;classic&quot;}\">\n\t\t\t<div class=\"elementor-widget-wrap elementor-element-populated\">\n\t\t\t\t\t\t<div class=\"elementor-element elementor-element-adad515 elementor-widget elementor-widget-heading\" data-id=\"adad515\" data-element_type=\"widget\" data-e-type=\"widget\" data-widget_type=\"heading.default\">\n\t\t\t\t<div class=\"elementor-widget-container\">\n\t\t\t\t\t<h2 class=\"elementor-heading-title elementor-size-default\">Be Green<\/h2>\t\t\t\t<\/div>\n\t\t\t\t<\/div>\n\t\t\t\t<div class=\"elementor-element elementor-element-362f2ff elementor-align-center cat-boton elementor-widget elementor-widget-button\" data-id=\"362f2ff\" data-element_type=\"widget\" data-e-type=\"widget\" data-widget_type=\"button.default\">\n\t\t\t\t<div class=\"elementor-widget-container\">\n\t\t\t\t\t\t\t\t\t<div class=\"elementor-button-wrapper\">\n\t\t\t\t\t<a class=\"elementor-button elementor-button-link elementor-size-sm\" href=\"https:\/\/summit-agro.com\/ar\/es\/be-green\/\">\n\t\t\t\t\t\t<span class=\"elementor-button-content-wrapper\">\n\t\t\t\t\t\t\t\t\t<span class=\"elementor-button-text\">Ver m\u00e1s<\/span>\n\t\t\t\t\t<\/span>\n\t\t\t\t\t<\/a>\n\t\t\t\t<\/div>\n\t\t\t\t\t\t\t\t<\/div>\n\t\t\t\t<\/div>\n\t\t\t\t\t<\/div>\n\t\t<\/div>\n\t\t\t\t<div class=\"elementor-column elementor-col-33 elementor-inner-column elementor-element elementor-element-54d0659\" data-id=\"54d0659\" data-element_type=\"column\" data-e-type=\"column\" data-settings=\"{&quot;background_background&quot;:&quot;classic&quot;}\">\n\t\t\t<div class=\"elementor-widget-wrap elementor-element-populated\">\n\t\t\t\t\t\t<div class=\"elementor-element elementor-element-c000df4 elementor-widget elementor-widget-heading\" data-id=\"c000df4\" data-element_type=\"widget\" data-e-type=\"widget\" data-widget_type=\"heading.default\">\n\t\t\t\t<div class=\"elementor-widget-container\">\n\t\t\t\t\t<h2 class=\"elementor-heading-title elementor-size-default\">Nuestros Valores<\/h2>\t\t\t\t<\/div>\n\t\t\t\t<\/div>\n\t\t\t\t<div class=\"elementor-element elementor-element-1ab3791 elementor-align-center cat-boton elementor-widget elementor-widget-button\" data-id=\"1ab3791\" data-element_type=\"widget\" data-e-type=\"widget\" data-widget_type=\"button.default\">\n\t\t\t\t<div class=\"elementor-widget-container\">\n\t\t\t\t\t\t\t\t\t<div class=\"elementor-button-wrapper\">\n\t\t\t\t\t<a class=\"elementor-button elementor-button-link elementor-size-sm\" href=\"https:\/\/summit-agro.com\/ar\/es\/nuestros-valores\/\">\n\t\t\t\t\t\t<span class=\"elementor-button-content-wrapper\">\n\t\t\t\t\t\t\t\t\t<span class=\"elementor-button-text\">Ver m\u00e1s<\/span>\n\t\t\t\t\t<\/span>\n\t\t\t\t\t<\/a>\n\t\t\t\t<\/div>\n\t\t\t\t\t\t\t\t<\/div>\n\t\t\t\t<\/div>\n\t\t\t\t\t<\/div>\n\t\t<\/div>\n\t\t\t\t<div class=\"elementor-column elementor-col-33 elementor-inner-column elementor-element elementor-element-ebacc86\" data-id=\"ebacc86\" data-element_type=\"column\" data-e-type=\"column\" data-settings=\"{&quot;background_background&quot;:&quot;classic&quot;}\">\n\t\t\t<div class=\"elementor-widget-wrap elementor-element-populated\">\n\t\t\t\t\t\t<div class=\"elementor-element elementor-element-91cae8c elementor-widget elementor-widget-heading\" data-id=\"91cae8c\" data-element_type=\"widget\" data-e-type=\"widget\" data-widget_type=\"heading.default\">\n\t\t\t\t<div class=\"elementor-widget-container\">\n\t\t\t\t\t<h2 class=\"elementor-heading-title elementor-size-default\">Summit Solidaria<\/h2>\t\t\t\t<\/div>\n\t\t\t\t<\/div>\n\t\t\t\t<div class=\"elementor-element elementor-element-8605cff elementor-align-center cat-boton elementor-widget elementor-widget-button\" data-id=\"8605cff\" data-element_type=\"widget\" data-e-type=\"widget\" data-widget_type=\"button.default\">\n\t\t\t\t<div class=\"elementor-widget-container\">\n\t\t\t\t\t\t\t\t\t<div class=\"elementor-button-wrapper\">\n\t\t\t\t\t<a class=\"elementor-button elementor-button-link elementor-size-sm\" href=\"https:\/\/summit-agro.com\/ar\/es\/summit-solidaria\/\">\n\t\t\t\t\t\t<span class=\"elementor-button-content-wrapper\">\n\t\t\t\t\t\t\t\t\t<span class=\"elementor-button-text\">Ver m\u00e1s<\/span>\n\t\t\t\t\t<\/span>\n\t\t\t\t\t<\/a>\n\t\t\t\t<\/div>\n\t\t\t\t\t\t\t\t<\/div>\n\t\t\t\t<\/div>\n\t\t\t\t\t<\/div>\n\t\t<\/div>\n\t\t\t\t\t<\/div>\n\t\t<\/section>\n\t\t\t\t\t<\/div>\n\t\t<\/div>\n\t\t\t\t\t<\/div>\n\t\t<\/section>\n\t\t\t\t<\/div>\n\t\t","protected":false},"excerpt":{"rendered":"<p>RSE \u00a0 Asumiendo el compromiso corporativo de contribuir a un desarrollo sostenible, en Summit Agro construimos una fuerte Responsabilidad Social Empresaria. Es en este marco, es que trabajamos peri\u00f3dicamente para impulsar los siguientes pilares:\u00a0 Be Green Ver m\u00e1s Nuestros Valores Ver m\u00e1s Summit Solidaria Ver m\u00e1s<\/p>\n","protected":false},"author":1,"featured_media":0,"parent":0,"menu_order":0,"comment_status":"closed","ping_status":"closed","template":"elementor_canvas","meta":{"site-sidebar-layout":"default","site-content-layout":"","ast-site-content-layout":"default","site-content-style":"default","site-sidebar-style":"default","ast-global-header-display":"","ast-banner-title-visibility":"","ast-main-header-display":"","ast-hfb-above-header-display":"","ast-hfb-below-header-display":"","ast-hfb-mobile-header-display":"","site-post-title":"","ast-breadcrumbs-content":"","ast-featured-img":"","footer-sml-layout":"","ast-disable-related-posts":"","theme-transparent-header-meta":"","adv-header-id-meta":"","stick-header-meta":"","header-above-stick-meta":"","header-main-stick-meta":"","header-below-stick-meta":"","astra-migrate-meta-layouts":"set","ast-page-background-enabled":"default","ast-page-background-meta":{"desktop":{"background-color":"var(--ast-global-color-4)","background-image":"","background-repeat":"repeat","background-position":"center center","background-size":"auto","background-attachment":"scroll","background-type":"","background-media":"","overlay-type":"","overlay-color":"","overlay-opacity":"","overlay-gradient":""},"tablet":{"background-color":"","background-image":"","background-repeat":"repeat","background-position":"center center","background-size":"auto","background-attachment":"scroll","background-type":"","background-media":"","overlay-type":"","overlay-color":"","overlay-opacity":"","overlay-gradient":""},"mobile":{"background-color":"","background-image":"","background-repeat":"repeat","background-position":"center center","background-size":"auto","background-attachment":"scroll","background-type":"","background-media":"","overlay-type":"","overlay-color":"","overlay-opacity":"","overlay-gradient":""}},"ast-content-background-meta":{"desktop":{"background-color":"var(--ast-global-color-5)","background-image":"","background-repeat":"repeat","background-position":"center center","background-size":"auto","background-attachment":"scroll","background-type":"","background-media":"","overlay-type":"","overlay-color":"","overlay-opacity":"","overlay-gradient":""},"tablet":{"background-color":"var(--ast-global-color-5)","background-image":"","background-repeat":"repeat","background-position":"center center","background-size":"auto","background-attachment":"scroll","background-type":"","background-media":"","overlay-type":"","overlay-color":"","overlay-opacity":"","overlay-gradient":""},"mobile":{"background-color":"var(--ast-global-color-5)","background-image":"","background-repeat":"repeat","background-position":"center center","background-size":"auto","background-attachment":"scroll","background-type":"","background-media":"","overlay-type":"","overlay-color":"","overlay-opacity":"","overlay-gradient":""}},"footnotes":""},"class_list":["post-5099","page","type-page","status-publish","hentry"],"yoast_head":"<!-- This site is optimized with the Yoast SEO plugin v27.5 - https:\/\/yoast.com\/product\/yoast-seo-wordpress\/ -->\n<title>Summit Agro - Argentina - RSE<\/title>\n<meta name=\"description\" content=\"Conozca nuestra gama de productos para la prevenci\u00f3n y la protecci\u00f3n de los cultivos frente a diferentes pat\u00f3genos y estreses ambientales.\" \/>\n<meta name=\"robots\" content=\"index, follow, max-snippet:-1, max-image-preview:large, max-video-preview:-1\" \/>\n<link rel=\"canonical\" href=\"https:\/\/summit-agro.com\/ar\/es\/rse\/\" \/>\n<meta property=\"og:locale\" content=\"es_ES\" \/>\n<meta property=\"og:type\" content=\"article\" \/>\n<meta property=\"og:title\" content=\"Summit Agro - Argentina - RSE\" \/>\n<meta property=\"og:description\" content=\"Conozca nuestra gama de productos para la prevenci\u00f3n y la protecci\u00f3n de los cultivos frente a diferentes pat\u00f3genos y estreses ambientales.\" \/>\n<meta property=\"og:url\" content=\"https:\/\/summit-agro.com\/ar\/es\/rse\/\" \/>\n<meta property=\"og:site_name\" content=\"Summit Agro - Argentina\" \/>\n<meta property=\"article:modified_time\" content=\"2024-11-25T03:35:04+00:00\" \/>\n<meta name=\"twitter:card\" content=\"summary_large_image\" \/>\n<meta name=\"twitter:label1\" content=\"Tiempo de lectura\" \/>\n\t<meta name=\"twitter:data1\" content=\"1 minuto\" \/>\n<script type=\"application\/ld+json\" class=\"yoast-schema-graph\">{\"@context\":\"https:\\\/\\\/schema.org\",\"@graph\":[{\"@type\":\"WebPage\",\"@id\":\"https:\\\/\\\/summit-agro.com\\\/ar\\\/es\\\/rse\\\/\",\"url\":\"https:\\\/\\\/summit-agro.com\\\/ar\\\/es\\\/rse\\\/\",\"name\":\"Summit Agro - Argentina - RSE\",\"isPartOf\":{\"@id\":\"https:\\\/\\\/summit-agro.com\\\/ar\\\/es\\\/#website\"},\"datePublished\":\"2023-11-06T17:07:41+00:00\",\"dateModified\":\"2024-11-25T03:35:04+00:00\",\"description\":\"Conozca nuestra gama de productos para la prevenci\u00f3n y la protecci\u00f3n de los cultivos frente a diferentes pat\u00f3genos y estreses ambientales.\",\"breadcrumb\":{\"@id\":\"https:\\\/\\\/summit-agro.com\\\/ar\\\/es\\\/rse\\\/#breadcrumb\"},\"inLanguage\":\"es-AR\",\"potentialAction\":[{\"@type\":\"ReadAction\",\"target\":[\"https:\\\/\\\/summit-agro.com\\\/ar\\\/es\\\/rse\\\/\"]}]},{\"@type\":\"BreadcrumbList\",\"@id\":\"https:\\\/\\\/summit-agro.com\\\/ar\\\/es\\\/rse\\\/#breadcrumb\",\"itemListElement\":[{\"@type\":\"ListItem\",\"position\":1,\"name\":\"Portada\",\"item\":\"https:\\\/\\\/summit-agro.com\\\/ar\\\/es\\\/\"},{\"@type\":\"ListItem\",\"position\":2,\"name\":\"RSE\"}]},{\"@type\":\"WebSite\",\"@id\":\"https:\\\/\\\/summit-agro.com\\\/ar\\\/es\\\/#website\",\"url\":\"https:\\\/\\\/summit-agro.com\\\/ar\\\/es\\\/\",\"name\":\"Summit Agro - Argentina\",\"description\":\"\",\"publisher\":{\"@id\":\"https:\\\/\\\/summit-agro.com\\\/ar\\\/es\\\/#organization\"},\"potentialAction\":[{\"@type\":\"SearchAction\",\"target\":{\"@type\":\"EntryPoint\",\"urlTemplate\":\"https:\\\/\\\/summit-agro.com\\\/ar\\\/es\\\/?s={search_term_string}\"},\"query-input\":{\"@type\":\"PropertyValueSpecification\",\"valueRequired\":true,\"valueName\":\"search_term_string\"}}],\"inLanguage\":\"es-AR\"},{\"@type\":\"Organization\",\"@id\":\"https:\\\/\\\/summit-agro.com\\\/ar\\\/es\\\/#organization\",\"name\":\"Summit Agro - Argentina\",\"url\":\"https:\\\/\\\/summit-agro.com\\\/ar\\\/es\\\/\",\"logo\":{\"@type\":\"ImageObject\",\"inLanguage\":\"es-AR\",\"@id\":\"https:\\\/\\\/summit-agro.com\\\/ar\\\/es\\\/#\\\/schema\\\/logo\\\/image\\\/\",\"url\":\"https:\\\/\\\/summit-agro.com\\\/ar\\\/es\\\/wp-content\\\/uploads\\\/2021\\\/12\\\/summitlogo.png\",\"contentUrl\":\"https:\\\/\\\/summit-agro.com\\\/ar\\\/es\\\/wp-content\\\/uploads\\\/2021\\\/12\\\/summitlogo.png\",\"width\":192,\"height\":76,\"caption\":\"Summit Agro - Argentina\"},\"image\":{\"@id\":\"https:\\\/\\\/summit-agro.com\\\/ar\\\/es\\\/#\\\/schema\\\/logo\\\/image\\\/\"}}]}<\/script>\n<!-- \/ Yoast SEO plugin. -->","yoast_head_json":{"title":"Summit Agro - Argentina - RSE","description":"Conozca nuestra gama de productos para la prevenci\u00f3n y la protecci\u00f3n de los cultivos frente a diferentes pat\u00f3genos y estreses ambientales.","robots":{"index":"index","follow":"follow","max-snippet":"max-snippet:-1","max-image-preview":"max-image-preview:large","max-video-preview":"max-video-preview:-1"},"canonical":"https:\/\/summit-agro.com\/ar\/es\/rse\/","og_locale":"es_ES","og_type":"article","og_title":"Summit Agro - Argentina - RSE","og_description":"Conozca nuestra gama de productos para la prevenci\u00f3n y la protecci\u00f3n de los cultivos frente a diferentes pat\u00f3genos y estreses ambientales.","og_url":"https:\/\/summit-agro.com\/ar\/es\/rse\/","og_site_name":"Summit Agro - Argentina","article_modified_time":"2024-11-25T03:35:04+00:00","twitter_card":"summary_large_image","twitter_misc":{"Tiempo de lectura":"1 minuto"},"schema":{"@context":"https:\/\/schema.org","@graph":[{"@type":"WebPage","@id":"https:\/\/summit-agro.com\/ar\/es\/rse\/","url":"https:\/\/summit-agro.com\/ar\/es\/rse\/","name":"Summit Agro - Argentina - RSE","isPartOf":{"@id":"https:\/\/summit-agro.com\/ar\/es\/#website"},"datePublished":"2023-11-06T17:07:41+00:00","dateModified":"2024-11-25T03:35:04+00:00","description":"Conozca nuestra gama de productos para la prevenci\u00f3n y la protecci\u00f3n de los cultivos frente a diferentes pat\u00f3genos y estreses ambientales.","breadcrumb":{"@id":"https:\/\/summit-agro.com\/ar\/es\/rse\/#breadcrumb"},"inLanguage":"es-AR","potentialAction":[{"@type":"ReadAction","target":["https:\/\/summit-agro.com\/ar\/es\/rse\/"]}]},{"@type":"BreadcrumbList","@id":"https:\/\/summit-agro.com\/ar\/es\/rse\/#breadcrumb","itemListElement":[{"@type":"ListItem","position":1,"name":"Portada","item":"https:\/\/summit-agro.com\/ar\/es\/"},{"@type":"ListItem","position":2,"name":"RSE"}]},{"@type":"WebSite","@id":"https:\/\/summit-agro.com\/ar\/es\/#website","url":"https:\/\/summit-agro.com\/ar\/es\/","name":"Summit Agro - Argentina","description":"","publisher":{"@id":"https:\/\/summit-agro.com\/ar\/es\/#organization"},"potentialAction":[{"@type":"SearchAction","target":{"@type":"EntryPoint","urlTemplate":"https:\/\/summit-agro.com\/ar\/es\/?s={search_term_string}"},"query-input":{"@type":"PropertyValueSpecification","valueRequired":true,"valueName":"search_term_string"}}],"inLanguage":"es-AR"},{"@type":"Organization","@id":"https:\/\/summit-agro.com\/ar\/es\/#organization","name":"Summit Agro - Argentina","url":"https:\/\/summit-agro.com\/ar\/es\/","logo":{"@type":"ImageObject","inLanguage":"es-AR","@id":"https:\/\/summit-agro.com\/ar\/es\/#\/schema\/logo\/image\/","url":"https:\/\/summit-agro.com\/ar\/es\/wp-content\/uploads\/2021\/12\/summitlogo.png","contentUrl":"https:\/\/summit-agro.com\/ar\/es\/wp-content\/uploads\/2021\/12\/summitlogo.png","width":192,"height":76,"caption":"Summit Agro - Argentina"},"image":{"@id":"https:\/\/summit-agro.com\/ar\/es\/#\/schema\/logo\/image\/"}}]}},"_links":{"self":[{"href":"https:\/\/summit-agro.com\/ar\/es\/wp-json\/wp\/v2\/pages\/5099","targetHints":{"allow":["GET"]}}],"collection":[{"href":"https:\/\/summit-agro.com\/ar\/es\/wp-json\/wp\/v2\/pages"}],"about":[{"href":"https:\/\/summit-agro.com\/ar\/es\/wp-json\/wp\/v2\/types\/page"}],"author":[{"embeddable":true,"href":"https:\/\/summit-agro.com\/ar\/es\/wp-json\/wp\/v2\/users\/1"}],"replies":[{"embeddable":true,"href":"https:\/\/summit-agro.com\/ar\/es\/wp-json\/wp\/v2\/comments?post=5099"}],"version-history":[{"count":30,"href":"https:\/\/summit-agro.com\/ar\/es\/wp-json\/wp\/v2\/pages\/5099\/revisions"}],"predecessor-version":[{"id":6664,"href":"https:\/\/summit-agro.com\/ar\/es\/wp-json\/wp\/v2\/pages\/5099\/revisions\/6664"}],"wp:attachment":[{"href":"https:\/\/summit-agro.com\/ar\/es\/wp-json\/wp\/v2\/media?parent=5099"}],"curies":[{"name":"wp","href":"https:\/\/api.w.org\/{rel}","templated":true}]}}