{"id":277,"date":"2020-10-16T00:19:34","date_gmt":"2020-10-16T03:19:34","guid":{"rendered":"https:\/\/summit-agro.com\/ar\/es\/?page_id=277"},"modified":"2025-11-07T13:08:26","modified_gmt":"2025-11-07T16:08:26","slug":"summit-solidaria","status":"publish","type":"page","link":"https:\/\/summit-agro.com\/ar\/es\/summit-solidaria\/","title":{"rendered":"Summit Solidaria"},"content":{"rendered":"\t\t<div data-elementor-type=\"wp-page\" data-elementor-id=\"277\" class=\"elementor elementor-277\">\n\t\t\t\t\t\t<section class=\"elementor-section elementor-top-section elementor-element elementor-element-6c90e4b elementor-section-boxed elementor-section-height-default elementor-section-height-default\" data-id=\"6c90e4b\" data-element_type=\"section\" data-e-type=\"section\" data-settings=\"{&quot;background_background&quot;:&quot;classic&quot;}\">\n\t\t\t\t\t\t\t<div class=\"elementor-background-overlay\"><\/div>\n\t\t\t\t\t\t\t<div class=\"elementor-container elementor-column-gap-default\">\n\t\t\t\t\t<div class=\"elementor-column elementor-col-100 elementor-top-column elementor-element elementor-element-66bfdac\" data-id=\"66bfdac\" data-element_type=\"column\" data-e-type=\"column\">\n\t\t\t<div class=\"elementor-widget-wrap elementor-element-populated\">\n\t\t\t\t\t\t<div class=\"elementor-element elementor-element-f14f6c9 elementor-widget elementor-widget-image\" data-id=\"f14f6c9\" data-element_type=\"widget\" data-e-type=\"widget\" data-widget_type=\"image.default\">\n\t\t\t\t<div class=\"elementor-widget-container\">\n\t\t\t\t\t\t\t\t\t\t\t\t\t\t\t<img decoding=\"async\" width=\"328\" height=\"96\" src=\"https:\/\/summit-agro.com\/ar\/es\/wp-content\/uploads\/2024\/11\/logo_s_solidaria.png\" class=\"attachment-large size-large wp-image-6647\" alt=\"\" srcset=\"https:\/\/summit-agro.com\/ar\/es\/wp-content\/uploads\/2024\/11\/logo_s_solidaria.png 328w, https:\/\/summit-agro.com\/ar\/es\/wp-content\/uploads\/2024\/11\/logo_s_solidaria-300x88.png 300w\" sizes=\"(max-width: 328px) 100vw, 328px\" \/>\t\t\t\t\t\t\t\t\t\t\t\t\t\t\t<\/div>\n\t\t\t\t<\/div>\n\t\t\t\t\t<\/div>\n\t\t<\/div>\n\t\t\t\t\t<\/div>\n\t\t<\/section>\n\t\t\t\t<section class=\"elementor-section elementor-top-section elementor-element elementor-element-7074d41 elementor-section-boxed elementor-section-height-default elementor-section-height-default\" data-id=\"7074d41\" data-element_type=\"section\" data-e-type=\"section\" data-settings=\"{&quot;background_background&quot;:&quot;classic&quot;}\">\n\t\t\t\t\t\t<div class=\"elementor-container elementor-column-gap-default\">\n\t\t\t\t\t<div class=\"elementor-column elementor-col-100 elementor-top-column elementor-element elementor-element-ce8993f\" data-id=\"ce8993f\" data-element_type=\"column\" data-e-type=\"column\">\n\t\t\t<div class=\"elementor-widget-wrap elementor-element-populated\">\n\t\t\t\t\t\t<div class=\"elementor-element elementor-element-0747a37 elementor-widget elementor-widget-text-editor\" data-id=\"0747a37\" data-element_type=\"widget\" data-e-type=\"widget\" data-widget_type=\"text-editor.default\">\n\t\t\t\t<div class=\"elementor-widget-container\">\n\t\t\t\t\t\t\t\t\t<p><strong>Summit Solidaria<\/strong> naci\u00f3 en el a\u00f1o 2016 como un programa de voluntariado corporativo por la propia iniciativa de los colaboradores de <strong>Summit Agro Argentina. <\/strong>Su objetivo es claro: participar activamente en la comunidad con acciones que contribuyan a mejorar la calidad de vida de sus integrantes.&nbsp;<\/p>\n<p>Identificamos que pod\u00edamos hacer un peque\u00f1o aporte en cada lugar donde desarrollamos nuestras actividades, aprovechando nuestra presencia en todo el pa\u00eds. As\u00ed, comenzamos a solicitar a los asistentes de las charlas t\u00e9cnicas, que nuestros colaboradores brindan en las distintas localidades del pa\u00eds, un alimento no perecedero para ser donado a una instituci\u00f3n previamente elegida. Desde la compa\u00f1\u00eda, tambi\u00e9n sumamos alimentos y productos de limpieza. Ya realizamos m\u00e1s de 50 jornadas bajo esta modalidad, y seguimos trabajando para que esta acci\u00f3n crezca cada a\u00f1o.<\/p>\n<p><strong>PLAN NAVIDAR Y DONACIONES<\/strong><br>A trav\u00e9s del <strong>Plan Navidar<\/strong>, junto a nuestros clientes, donamos juguetes y alimentos para canastas navide\u00f1as. Tambi\u00e9n realizamos la donaci\u00f3n de computadoras a m\u00e1s de 25 escuelas rurales, convencidos de que la educaci\u00f3n es un pilar fundamental para construir un futuro mejor.<\/p>\n<p>En el marco del lanzamiento de la Campa\u00f1a 24-25 de la compa\u00f1\u00eda, organizamos una trivia en la que dos invitados ganaron un voucher para donar a una organizaci\u00f3n o instituci\u00f3n de su zona. Durante la pandemia por Covid-19, colaboramos con <strong>diferentes hospitales del pa\u00eds<\/strong> mediante la compra de nebulizadores y los suministros m\u00e9dicos.<\/p>\n<p>Recientemente, donamos monitores a la Escuela de Educaci\u00f3n Secundaria Orientada PI N\u00b0 2059 &#8220;<strong>Pbro. Jorge R. Rosales<\/strong>&#8221; de la provincia de Santa Fe, que ser\u00e1n utilizados en Inform\u00e1tica para fortalecer las \u00e1reas de tecnolog\u00eda y rob\u00f3tica. Tambi\u00e9n, entregamos un microscopio para el laboratorio de Ciencias Naturales de la Escuela Superior de Comercio de G\u00e1lvez, en Santa Fe junto a Agroinsumos G\u00e1lvez.&nbsp;<\/p>\n<p><strong>VOLUNTARIADO CON TECHO<br><\/strong>Parte del equipo de Summit Agro Argentina particip\u00f3 en la construcci\u00f3n de viviendas emergentes junto a la organizaci\u00f3n <strong>TECHO.<\/strong> En dos jornadas de trabajo intenso y colaborativo, logramos construir y entregar un nuevo hogar a una familia seleccionada por la ONG. Esta experiencia, reafirm\u00f3 nuestro compromiso con el trabajo en equipo y la solidaridad.&nbsp;<\/p>\n<p><strong>ACCI\u00d3N SOLIDARIA CON FUNDACION NORDELTA<br><\/strong><span style=\"font-size: 16px;\">Durante el <\/span><strong style=\"font-size: 16px;\">Company<\/strong><span style=\"font-size: 16px;\">, nuestro encuentro anual que re\u00fane a toda la compa\u00f1\u00eda en un mismo lugar para fortalecer v\u00ednculos y trabajar en equipo, tambi\u00e9n nos dimos un espacio para colaborar con la <\/span><strong style=\"font-size: 16px;\">Fundaci\u00f3n Nordelta<\/strong><span style=\"font-size: 16px;\">. Divididos en equipos, cada grupo asumi\u00f3 la misi\u00f3n de armar, clasificar, envolver, escribir tarjetas y decorar con mo\u00f1os los regalos destinados a los chicos de la fundaci\u00f3n. Fue una jornada llena de energ\u00eda, compromiso y alegr\u00eda, que reflej\u00f3 el esp\u00edritu solidario que nos une como equipo.<\/span><\/p>\n<p><strong>PROGRAMA ACAP<\/strong><br>En 2024 nos sumamos al programa &#8220;<strong>Actividades de Aproximaci\u00f3n al Mundo del Trabajo<\/strong>&#8221; (ACAP) del Gobierno de la Ciudad de Buenos Aires. Durante dos semanas, estudiantes de 5\u00b0 a\u00f1o de secundaria compartieron sus ma\u00f1anas en nuestras oficinas, conociendo de cerca c\u00f3mo trabajamos y explorando sus intereses profesionales. Siempre es una experiencia enriquecedora tanto para ellos como para nuestro equipo.<\/p>\n<p><strong>ACOMPA\u00d1AMIENTO A LA FUNDACI\u00d3N VICTORIA JEAN NAVAJAS&nbsp;<br><\/strong>En 2025, Summit Agro se sum\u00f3 como auspiciante del <strong>60\u00b0 aniversario de la Fundaci\u00f3n Victoria Jean Navajas<\/strong>, una organizaci\u00f3n con seis d\u00e9cadas de compromiso con la educaci\u00f3n y el desarrollo regional. El evento reuni\u00f3 a la comunidad educativa con la participaci\u00f3n de la Orquesta Sinf\u00f3nica de Corrientes y una campa\u00f1a de recaudaci\u00f3n de fondos para garantizar conectividad de calidad en todas las aulas. Nos enorgullece haber contribuido a este hito que impulsa la igualdad de oportunidades educativas.<\/p>\n<p><strong>MENTOR\u00cdAS CON FUNDACI\u00d3N EMPUJAR<\/strong><br>La <strong>Fundaci\u00f3n EMPUJAR<\/strong> es una organizaci\u00f3n que promueve e incentiva el empleo en j\u00f3venes que atraviesan un contexto socioecon\u00f3mico vulnerable. Desde el sector de Recursos Humanos, acompa\u00f1amos y guiamos a un grupo de j\u00f3venes, cuyo objetivo es pensar en conjunto cu\u00e1les van a ser los pr\u00f3ximos pasos concretos para su inserci\u00f3n laboral. Es un orgullo para Summit Agro acompa\u00f1arlos para que puedan conozcan, comprendan y se adentren en el mercado laboral.<\/p>\n<p><b>\u00a1Seguimos creciendo juntos!<br><\/b>Cada d\u00eda exploramos nuevas formas de colaborar, aprendiendo de cada experiencia y fortaleciendo nuestro compromiso con las comunidades. <span style=\"font-size: 16px;\">Creemos que el cambio positivo se construye en equipo, con acciones concretas, cercan\u00eda y empat\u00eda.. <\/span><strong style=\"font-size: 16px;\">\u00a1Summit Solidaria somos todos!<\/strong><\/p>\t\t\t\t\t\t\t\t<\/div>\n\t\t\t\t<\/div>\n\t\t\t\t\t<\/div>\n\t\t<\/div>\n\t\t\t\t\t<\/div>\n\t\t<\/section>\n\t\t\t\t<section class=\"elementor-section elementor-top-section elementor-element elementor-element-8f4837f elementor-section-boxed elementor-section-height-default elementor-section-height-default\" data-id=\"8f4837f\" data-element_type=\"section\" data-e-type=\"section\">\n\t\t\t\t\t\t<div class=\"elementor-container elementor-column-gap-default\">\n\t\t\t\t\t<div class=\"elementor-column elementor-col-100 elementor-top-column elementor-element elementor-element-5146853\" data-id=\"5146853\" data-element_type=\"column\" data-e-type=\"column\">\n\t\t\t<div class=\"elementor-widget-wrap elementor-element-populated\">\n\t\t\t\t\t\t<div class=\"elementor-element elementor-element-68a11af elementor-arrows-position-inside elementor-pagination-position-outside elementor-widget elementor-widget-image-carousel\" data-id=\"68a11af\" data-element_type=\"widget\" data-e-type=\"widget\" data-settings=\"{&quot;slides_to_show&quot;:&quot;1&quot;,&quot;navigation&quot;:&quot;both&quot;,&quot;autoplay&quot;:&quot;yes&quot;,&quot;pause_on_hover&quot;:&quot;yes&quot;,&quot;pause_on_interaction&quot;:&quot;yes&quot;,&quot;autoplay_speed&quot;:5000,&quot;infinite&quot;:&quot;yes&quot;,&quot;effect&quot;:&quot;slide&quot;,&quot;speed&quot;:500}\" data-widget_type=\"image-carousel.default\">\n\t\t\t\t<div class=\"elementor-widget-container\">\n\t\t\t\t\t            <div class=\"elementor-image-carousel-wrapper swiper\" role=\"region\" aria-roledescription=\"carousel\" aria-label=\"\" dir=\"ltr\">\n                <div class=\"elementor-image-carousel swiper-wrapper\" aria-live=\"off\">\n\t\t\t\t\t\t\t\t\t\t<div class=\"swiper-slide\"><figure class=\"swiper-slide-inner\"><img decoding=\"async\" class=\"swiper-slide-image\" src=\"https:\/\/summit-agro.com\/ar\/es\/wp-content\/uploads\/2025\/11\/RSE-WEB2-1-1024x512.png\" alt=\"RSE WEB2\" \/><\/figure><\/div><div class=\"swiper-slide\"><figure class=\"swiper-slide-inner\"><img decoding=\"async\" class=\"swiper-slide-image\" src=\"https:\/\/summit-agro.com\/ar\/es\/wp-content\/uploads\/2025\/11\/RSE-WEB1-1-1024x512.png\" alt=\"RSE WEB1\" \/><\/figure><\/div>                <\/div>\n\t\t\t\t\t\t\t\t\t                        <div class=\"swiper-pagination\"><\/div>\n\t\t\t\t\t\t\t\t\t\t                        <div class=\"elementor-swiper-button elementor-swiper-button-prev\">\n                            <i class=\"eicon-chevron-left\" aria-hidden=\"true\"><\/i>\n                            <span class=\"elementor-screen-only\">Anterior<\/span>\n                        <\/div>\n                        <div class=\"elementor-swiper-button elementor-swiper-button-next\">\n                            <i class=\"eicon-chevron-right\" aria-hidden=\"true\"><\/i>\n                            <span class=\"elementor-screen-only\">Siguiente<\/span>\n                        <\/div>\n\t\t\t\t\t\t\t\t\t            <\/div>\n\t\t\t\t\t\t\t<\/div>\n\t\t\t\t<\/div>\n\t\t\t\t\t<\/div>\n\t\t<\/div>\n\t\t\t\t\t<\/div>\n\t\t<\/section>\n\t\t\t\t<\/div>\n\t\t","protected":false},"excerpt":{"rendered":"<p>Summit Solidaria naci\u00f3 en el a\u00f1o 2016 como un programa de voluntariado corporativo por la propia iniciativa de los colaboradores de Summit Agro Argentina. Su objetivo es claro: participar activamente en la comunidad con acciones que contribuyan a mejorar la calidad de vida de sus integrantes.&nbsp; Identificamos que pod\u00edamos hacer un peque\u00f1o aporte en cada [&hellip;]<\/p>\n","protected":false},"author":1,"featured_media":0,"parent":0,"menu_order":0,"comment_status":"closed","ping_status":"closed","template":"elementor_canvas","meta":{"site-sidebar-layout":"default","site-content-layout":"","ast-site-content-layout":"default","site-content-style":"default","site-sidebar-style":"default","ast-global-header-display":"","ast-banner-title-visibility":"","ast-main-header-display":"","ast-hfb-above-header-display":"","ast-hfb-below-header-display":"","ast-hfb-mobile-header-display":"","site-post-title":"","ast-breadcrumbs-content":"","ast-featured-img":"","footer-sml-layout":"","ast-disable-related-posts":"","theme-transparent-header-meta":"","adv-header-id-meta":"","stick-header-meta":"","header-above-stick-meta":"","header-main-stick-meta":"","header-below-stick-meta":"","astra-migrate-meta-layouts":"default","ast-page-background-enabled":"default","ast-page-background-meta":{"desktop":{"background-color":"var(--ast-global-color-4)","background-image":"","background-repeat":"repeat","background-position":"center center","background-size":"auto","background-attachment":"scroll","background-type":"","background-media":"","overlay-type":"","overlay-color":"","overlay-opacity":"","overlay-gradient":""},"tablet":{"background-color":"","background-image":"","background-repeat":"repeat","background-position":"center center","background-size":"auto","background-attachment":"scroll","background-type":"","background-media":"","overlay-type":"","overlay-color":"","overlay-opacity":"","overlay-gradient":""},"mobile":{"background-color":"","background-image":"","background-repeat":"repeat","background-position":"center center","background-size":"auto","background-attachment":"scroll","background-type":"","background-media":"","overlay-type":"","overlay-color":"","overlay-opacity":"","overlay-gradient":""}},"ast-content-background-meta":{"desktop":{"background-color":"var(--ast-global-color-5)","background-image":"","background-repeat":"repeat","background-position":"center center","background-size":"auto","background-attachment":"scroll","background-type":"","background-media":"","overlay-type":"","overlay-color":"","overlay-opacity":"","overlay-gradient":""},"tablet":{"background-color":"var(--ast-global-color-5)","background-image":"","background-repeat":"repeat","background-position":"center center","background-size":"auto","background-attachment":"scroll","background-type":"","background-media":"","overlay-type":"","overlay-color":"","overlay-opacity":"","overlay-gradient":""},"mobile":{"background-color":"var(--ast-global-color-5)","background-image":"","background-repeat":"repeat","background-position":"center center","background-size":"auto","background-attachment":"scroll","background-type":"","background-media":"","overlay-type":"","overlay-color":"","overlay-opacity":"","overlay-gradient":""}},"footnotes":""},"class_list":["post-277","page","type-page","status-publish","hentry"],"yoast_head":"<!-- This site is optimized with the Yoast SEO plugin v27.3 - https:\/\/yoast.com\/product\/yoast-seo-wordpress\/ -->\n<title>Summit Agro - Argentina - Summit Solidaria<\/title>\n<meta name=\"description\" content=\"Summit Solidaria naci\u00f3 en 2016 como programa de voluntariado corporativo, surge a partir iniciativa de los colaboradores de Summit Agro Arg.\" \/>\n<meta name=\"robots\" content=\"index, follow, max-snippet:-1, max-image-preview:large, max-video-preview:-1\" \/>\n<link rel=\"canonical\" href=\"https:\/\/summit-agro.com\/ar\/es\/summit-solidaria\/\" \/>\n<meta property=\"og:locale\" content=\"es_ES\" \/>\n<meta property=\"og:type\" content=\"article\" \/>\n<meta property=\"og:title\" content=\"Summit Agro - Argentina - Summit Solidaria\" \/>\n<meta property=\"og:description\" content=\"Summit Solidaria naci\u00f3 en 2016 como programa de voluntariado corporativo, surge a partir iniciativa de los colaboradores de Summit Agro Arg.\" \/>\n<meta property=\"og:url\" content=\"https:\/\/summit-agro.com\/ar\/es\/summit-solidaria\/\" \/>\n<meta property=\"og:site_name\" content=\"Summit Agro - Argentina\" \/>\n<meta property=\"article:modified_time\" content=\"2025-11-07T16:08:26+00:00\" \/>\n<meta property=\"og:image\" content=\"https:\/\/summit-agro.com\/ar\/es\/wp-content\/uploads\/2024\/11\/logo_s_solidaria.png\" \/>\n\t<meta property=\"og:image:width\" content=\"328\" \/>\n\t<meta property=\"og:image:height\" content=\"96\" \/>\n\t<meta property=\"og:image:type\" content=\"image\/png\" \/>\n<meta name=\"twitter:card\" content=\"summary_large_image\" \/>\n<meta name=\"twitter:label1\" content=\"Tiempo de lectura\" \/>\n\t<meta name=\"twitter:data1\" content=\"5 minutos\" \/>\n<script type=\"application\/ld+json\" class=\"yoast-schema-graph\">{\"@context\":\"https:\\\/\\\/schema.org\",\"@graph\":[{\"@type\":\"WebPage\",\"@id\":\"https:\\\/\\\/summit-agro.com\\\/ar\\\/es\\\/summit-solidaria\\\/\",\"url\":\"https:\\\/\\\/summit-agro.com\\\/ar\\\/es\\\/summit-solidaria\\\/\",\"name\":\"Summit Agro - Argentina - Summit Solidaria\",\"isPartOf\":{\"@id\":\"https:\\\/\\\/summit-agro.com\\\/ar\\\/es\\\/#website\"},\"primaryImageOfPage\":{\"@id\":\"https:\\\/\\\/summit-agro.com\\\/ar\\\/es\\\/summit-solidaria\\\/#primaryimage\"},\"image\":{\"@id\":\"https:\\\/\\\/summit-agro.com\\\/ar\\\/es\\\/summit-solidaria\\\/#primaryimage\"},\"thumbnailUrl\":\"https:\\\/\\\/summit-agro.com\\\/ar\\\/es\\\/wp-content\\\/uploads\\\/2024\\\/11\\\/logo_s_solidaria.png\",\"datePublished\":\"2020-10-16T03:19:34+00:00\",\"dateModified\":\"2025-11-07T16:08:26+00:00\",\"description\":\"Summit Solidaria naci\u00f3 en 2016 como programa de voluntariado corporativo, surge a partir iniciativa de los colaboradores de Summit Agro Arg.\",\"breadcrumb\":{\"@id\":\"https:\\\/\\\/summit-agro.com\\\/ar\\\/es\\\/summit-solidaria\\\/#breadcrumb\"},\"inLanguage\":\"es-AR\",\"potentialAction\":[{\"@type\":\"ReadAction\",\"target\":[\"https:\\\/\\\/summit-agro.com\\\/ar\\\/es\\\/summit-solidaria\\\/\"]}]},{\"@type\":\"ImageObject\",\"inLanguage\":\"es-AR\",\"@id\":\"https:\\\/\\\/summit-agro.com\\\/ar\\\/es\\\/summit-solidaria\\\/#primaryimage\",\"url\":\"https:\\\/\\\/summit-agro.com\\\/ar\\\/es\\\/wp-content\\\/uploads\\\/2024\\\/11\\\/logo_s_solidaria.png\",\"contentUrl\":\"https:\\\/\\\/summit-agro.com\\\/ar\\\/es\\\/wp-content\\\/uploads\\\/2024\\\/11\\\/logo_s_solidaria.png\",\"width\":328,\"height\":96},{\"@type\":\"BreadcrumbList\",\"@id\":\"https:\\\/\\\/summit-agro.com\\\/ar\\\/es\\\/summit-solidaria\\\/#breadcrumb\",\"itemListElement\":[{\"@type\":\"ListItem\",\"position\":1,\"name\":\"Portada\",\"item\":\"https:\\\/\\\/summit-agro.com\\\/ar\\\/es\\\/\"},{\"@type\":\"ListItem\",\"position\":2,\"name\":\"Summit Solidaria\"}]},{\"@type\":\"WebSite\",\"@id\":\"https:\\\/\\\/summit-agro.com\\\/ar\\\/es\\\/#website\",\"url\":\"https:\\\/\\\/summit-agro.com\\\/ar\\\/es\\\/\",\"name\":\"Summit Agro - Argentina\",\"description\":\"\",\"publisher\":{\"@id\":\"https:\\\/\\\/summit-agro.com\\\/ar\\\/es\\\/#organization\"},\"potentialAction\":[{\"@type\":\"SearchAction\",\"target\":{\"@type\":\"EntryPoint\",\"urlTemplate\":\"https:\\\/\\\/summit-agro.com\\\/ar\\\/es\\\/?s={search_term_string}\"},\"query-input\":{\"@type\":\"PropertyValueSpecification\",\"valueRequired\":true,\"valueName\":\"search_term_string\"}}],\"inLanguage\":\"es-AR\"},{\"@type\":\"Organization\",\"@id\":\"https:\\\/\\\/summit-agro.com\\\/ar\\\/es\\\/#organization\",\"name\":\"Summit Agro - Argentina\",\"url\":\"https:\\\/\\\/summit-agro.com\\\/ar\\\/es\\\/\",\"logo\":{\"@type\":\"ImageObject\",\"inLanguage\":\"es-AR\",\"@id\":\"https:\\\/\\\/summit-agro.com\\\/ar\\\/es\\\/#\\\/schema\\\/logo\\\/image\\\/\",\"url\":\"https:\\\/\\\/summit-agro.com\\\/ar\\\/es\\\/wp-content\\\/uploads\\\/2021\\\/12\\\/summitlogo.png\",\"contentUrl\":\"https:\\\/\\\/summit-agro.com\\\/ar\\\/es\\\/wp-content\\\/uploads\\\/2021\\\/12\\\/summitlogo.png\",\"width\":192,\"height\":76,\"caption\":\"Summit Agro - Argentina\"},\"image\":{\"@id\":\"https:\\\/\\\/summit-agro.com\\\/ar\\\/es\\\/#\\\/schema\\\/logo\\\/image\\\/\"}}]}<\/script>\n<!-- \/ Yoast SEO plugin. -->","yoast_head_json":{"title":"Summit Agro - Argentina - Summit Solidaria","description":"Summit Solidaria naci\u00f3 en 2016 como programa de voluntariado corporativo, surge a partir iniciativa de los colaboradores de Summit Agro Arg.","robots":{"index":"index","follow":"follow","max-snippet":"max-snippet:-1","max-image-preview":"max-image-preview:large","max-video-preview":"max-video-preview:-1"},"canonical":"https:\/\/summit-agro.com\/ar\/es\/summit-solidaria\/","og_locale":"es_ES","og_type":"article","og_title":"Summit Agro - Argentina - Summit Solidaria","og_description":"Summit Solidaria naci\u00f3 en 2016 como programa de voluntariado corporativo, surge a partir iniciativa de los colaboradores de Summit Agro Arg.","og_url":"https:\/\/summit-agro.com\/ar\/es\/summit-solidaria\/","og_site_name":"Summit Agro - Argentina","article_modified_time":"2025-11-07T16:08:26+00:00","og_image":[{"width":328,"height":96,"url":"https:\/\/summit-agro.com\/ar\/es\/wp-content\/uploads\/2024\/11\/logo_s_solidaria.png","type":"image\/png"}],"twitter_card":"summary_large_image","twitter_misc":{"Tiempo de lectura":"5 minutos"},"schema":{"@context":"https:\/\/schema.org","@graph":[{"@type":"WebPage","@id":"https:\/\/summit-agro.com\/ar\/es\/summit-solidaria\/","url":"https:\/\/summit-agro.com\/ar\/es\/summit-solidaria\/","name":"Summit Agro - Argentina - Summit Solidaria","isPartOf":{"@id":"https:\/\/summit-agro.com\/ar\/es\/#website"},"primaryImageOfPage":{"@id":"https:\/\/summit-agro.com\/ar\/es\/summit-solidaria\/#primaryimage"},"image":{"@id":"https:\/\/summit-agro.com\/ar\/es\/summit-solidaria\/#primaryimage"},"thumbnailUrl":"https:\/\/summit-agro.com\/ar\/es\/wp-content\/uploads\/2024\/11\/logo_s_solidaria.png","datePublished":"2020-10-16T03:19:34+00:00","dateModified":"2025-11-07T16:08:26+00:00","description":"Summit Solidaria naci\u00f3 en 2016 como programa de voluntariado corporativo, surge a partir iniciativa de los colaboradores de Summit Agro Arg.","breadcrumb":{"@id":"https:\/\/summit-agro.com\/ar\/es\/summit-solidaria\/#breadcrumb"},"inLanguage":"es-AR","potentialAction":[{"@type":"ReadAction","target":["https:\/\/summit-agro.com\/ar\/es\/summit-solidaria\/"]}]},{"@type":"ImageObject","inLanguage":"es-AR","@id":"https:\/\/summit-agro.com\/ar\/es\/summit-solidaria\/#primaryimage","url":"https:\/\/summit-agro.com\/ar\/es\/wp-content\/uploads\/2024\/11\/logo_s_solidaria.png","contentUrl":"https:\/\/summit-agro.com\/ar\/es\/wp-content\/uploads\/2024\/11\/logo_s_solidaria.png","width":328,"height":96},{"@type":"BreadcrumbList","@id":"https:\/\/summit-agro.com\/ar\/es\/summit-solidaria\/#breadcrumb","itemListElement":[{"@type":"ListItem","position":1,"name":"Portada","item":"https:\/\/summit-agro.com\/ar\/es\/"},{"@type":"ListItem","position":2,"name":"Summit Solidaria"}]},{"@type":"WebSite","@id":"https:\/\/summit-agro.com\/ar\/es\/#website","url":"https:\/\/summit-agro.com\/ar\/es\/","name":"Summit Agro - Argentina","description":"","publisher":{"@id":"https:\/\/summit-agro.com\/ar\/es\/#organization"},"potentialAction":[{"@type":"SearchAction","target":{"@type":"EntryPoint","urlTemplate":"https:\/\/summit-agro.com\/ar\/es\/?s={search_term_string}"},"query-input":{"@type":"PropertyValueSpecification","valueRequired":true,"valueName":"search_term_string"}}],"inLanguage":"es-AR"},{"@type":"Organization","@id":"https:\/\/summit-agro.com\/ar\/es\/#organization","name":"Summit Agro - Argentina","url":"https:\/\/summit-agro.com\/ar\/es\/","logo":{"@type":"ImageObject","inLanguage":"es-AR","@id":"https:\/\/summit-agro.com\/ar\/es\/#\/schema\/logo\/image\/","url":"https:\/\/summit-agro.com\/ar\/es\/wp-content\/uploads\/2021\/12\/summitlogo.png","contentUrl":"https:\/\/summit-agro.com\/ar\/es\/wp-content\/uploads\/2021\/12\/summitlogo.png","width":192,"height":76,"caption":"Summit Agro - Argentina"},"image":{"@id":"https:\/\/summit-agro.com\/ar\/es\/#\/schema\/logo\/image\/"}}]}},"_links":{"self":[{"href":"https:\/\/summit-agro.com\/ar\/es\/wp-json\/wp\/v2\/pages\/277","targetHints":{"allow":["GET"]}}],"collection":[{"href":"https:\/\/summit-agro.com\/ar\/es\/wp-json\/wp\/v2\/pages"}],"about":[{"href":"https:\/\/summit-agro.com\/ar\/es\/wp-json\/wp\/v2\/types\/page"}],"author":[{"embeddable":true,"href":"https:\/\/summit-agro.com\/ar\/es\/wp-json\/wp\/v2\/users\/1"}],"replies":[{"embeddable":true,"href":"https:\/\/summit-agro.com\/ar\/es\/wp-json\/wp\/v2\/comments?post=277"}],"version-history":[{"count":53,"href":"https:\/\/summit-agro.com\/ar\/es\/wp-json\/wp\/v2\/pages\/277\/revisions"}],"predecessor-version":[{"id":7635,"href":"https:\/\/summit-agro.com\/ar\/es\/wp-json\/wp\/v2\/pages\/277\/revisions\/7635"}],"wp:attachment":[{"href":"https:\/\/summit-agro.com\/ar\/es\/wp-json\/wp\/v2\/media?parent=277"}],"curies":[{"name":"wp","href":"https:\/\/api.w.org\/{rel}","templated":true}]}}